{"id":19,"date":"2014-09-17T14:56:56","date_gmt":"2014-09-17T14:56:56","guid":{"rendered":"http:\/\/agora.xtec.cat\/ies-ramonbarbat-vilaseca\/?page_id=19"},"modified":"2021-12-20T12:54:32","modified_gmt":"2021-12-20T11:54:32","slug":"linstitut","status":"publish","type":"page","link":"https:\/\/agora.xtec.cat\/ies-ramonbarbat-vilaseca\/linstitut\/","title":{"rendered":"L&#8217;institut"},"content":{"rendered":"<p><a href=\"http:\/\/agora.xtec.cat\/ies-ramonbarbat-vilaseca\/wp-content\/uploads\/usu1174\/2014\/09\/Lletres_pati_1000x220.jpg\"><img loading=\"lazy\" decoding=\"async\" class=\"alignnone size-full wp-image-523\" src=\"http:\/\/agora.xtec.cat\/ies-ramonbarbat-vilaseca\/wp-content\/uploads\/usu1174\/2014\/09\/Lletres_pati_1000x220.jpg\" alt=\"Lletres_pati_1000x220\" width=\"1000\" height=\"220\" srcset=\"https:\/\/agora.xtec.cat\/ies-ramonbarbat-vilaseca\/wp-content\/uploads\/usu1174\/2014\/09\/Lletres_pati_1000x220.jpg 1000w, https:\/\/agora.xtec.cat\/ies-ramonbarbat-vilaseca\/wp-content\/uploads\/usu1174\/2014\/09\/Lletres_pati_1000x220-300x66.jpg 300w\" sizes=\"auto, (max-width: 1000px) 100vw, 1000px\" \/><\/a><\/p>\n<p><span lang=\"ca-ES\">L\u2019institut Ramon Barbat, vol ser un centre de refer\u00e8ncia del m\u00f3n educatiu, pel prestigi dels seus ensenyaments i per la voluntat de potenciar el desenvolupament personal i la contribuci\u00f3 a la compet\u00e8ncia professional dels seus alumnes per tal de donar resposta a les demandes de l\u2019alumnat, les fam\u00edlies, de les empreses en particular i de la societat en general.<\/span><\/p>\n<p><span lang=\"ca-ES\">El nostre institut promou, com a eina b\u00e0sica de millora, la implantaci\u00f3, el manteniment i la millora continuada d\u2019un Sistema de Gesti\u00f3 de la Qualitat \u2013UNE-EN ISO 9001:2015- que canalitza adequadament les necessitats i expectatives de tots els membres de la comunitat educativa i de les empreses col\u00b7laboradores.<\/span><\/p>\n<p><span lang=\"ca-ES\">En aquests darrers cursos l\u2019institut engeg\u00e0 un Pla estrat\u00e8gic que partint de l\u2019an\u00e0lisi i l\u2019estudi de les necessitats del centre permet donar resposta a les necessitats emergents. Un cop revisat aquest Pla estrat\u00e8gic, enguany, amb l\u2019afany de treballar per la millora cont\u00ednua signarem un pla de coresponsabilitat amb els objectius seg\u00fcents:<\/span><\/p>\n<ul>\n<li>Millorar els resultats educatius<\/li>\n<li><span lang=\"ca-ES\">Millorar la cohesi\u00f3 social<\/span><\/li>\n<li>Garantir la confian\u00e7a de l\u2019alumnat, les fam\u00edlies i les empreses<\/li>\n<\/ul>\n<p lang=\"es-ES\" align=\"justify\"><span lang=\"ca-ES\">Des de l\u2019institut no estalviarem esfor\u00e7os per potenciar una estreta col\u00b7laboraci\u00f3 amb les fam\u00edlies.<\/span><\/p>\n<p lang=\"es-ES\" align=\"justify\"><span lang=\"ca-ES\">\u00c9s en aquest sentit que el centre desplega un conjunt d\u2019estrat\u00e8gies per fer de la comunicaci\u00f3 un valor que ens permet apropar-nos i con\u00e8ixer-nos millor. Des d\u2019aquest punt de vista, volem destacar, entre d\u2019altres, la sessi\u00f3 d\u2019acollida a les noves fam\u00edlies, les reunions de fam\u00edlies amb el tutor, les entrevistes personals, el desenvolupament de l\u2019acci\u00f3 d\u2019orientaci\u00f3 o tutoria, la publicaci\u00f3 de la revista AULA 27 i la web del centre.<\/span><\/p>\n<p><span lang=\"ca-ES\">\u00a0<\/span><\/p>\n","protected":false},"excerpt":{"rendered":"<p>L\u2019institut Ramon Barbat, vol ser un centre de refer\u00e8ncia del m\u00f3n educatiu, pel prestigi dels seus ensenyaments i per la voluntat de potenciar el desenvolupament personal i la contribuci\u00f3 a la compet\u00e8ncia professional dels seus alumnes per tal de donar resposta a les demandes de l\u2019alumnat, les fam\u00edlies, de les empreses en particular i de [&hellip;]<\/p>\n","protected":false},"author":1,"featured_media":0,"parent":0,"menu_order":0,"comment_status":"closed","ping_status":"closed","template":"page-templates\/side-menu.php","meta":{"_bbp_topic_count":0,"_bbp_reply_count":0,"_bbp_total_topic_count":0,"_bbp_total_reply_count":0,"_bbp_voice_count":0,"_bbp_anonymous_reply_count":0,"_bbp_topic_count_hidden":0,"_bbp_reply_count_hidden":0,"_bbp_forum_subforum_count":0,"site-sidebar-layout":"default","site-content-layout":"","ast-site-content-layout":"","site-content-style":"default","site-sidebar-style":"default","ast-global-header-display":"","ast-banner-title-visibility":"","ast-main-header-display":"","ast-hfb-above-header-display":"","ast-hfb-below-header-display":"","ast-hfb-mobile-header-display":"","site-post-title":"","ast-breadcrumbs-content":"","ast-featured-img":"","footer-sml-layout":"","theme-transparent-header-meta":"","adv-header-id-meta":"","stick-header-meta":"","header-above-stick-meta":"","header-main-stick-meta":"","header-below-stick-meta":"","astra-migrate-meta-layouts":"default","ast-page-background-enabled":"default","ast-page-background-meta":{"desktop":{"background-color":"var(--ast-global-color-4)","background-image":"","background-repeat":"repeat","background-position":"center center","background-size":"auto","background-attachment":"scroll","background-type":"","background-media":"","overlay-type":"","overlay-color":"","overlay-opacity":"","overlay-gradient":""},"tablet":{"background-color":"","background-image":"","background-repeat":"repeat","background-position":"center center","background-size":"auto","background-attachment":"scroll","background-type":"","background-media":"","overlay-type":"","overlay-color":"","overlay-opacity":"","overlay-gradient":""},"mobile":{"background-color":"","background-image":"","background-repeat":"repeat","background-position":"center center","background-size":"auto","background-attachment":"scroll","background-type":"","background-media":"","overlay-type":"","overlay-color":"","overlay-opacity":"","overlay-gradient":""}},"ast-content-background-meta":{"desktop":{"background-color":"var(--ast-global-color-5)","background-image":"","background-repeat":"repeat","background-position":"center center","background-size":"auto","background-attachment":"scroll","background-type":"","background-media":"","overlay-type":"","overlay-color":"","overlay-opacity":"","overlay-gradient":""},"tablet":{"background-color":"var(--ast-global-color-5)","background-image":"","background-repeat":"repeat","background-position":"center center","background-size":"auto","background-attachment":"scroll","background-type":"","background-media":"","overlay-type":"","overlay-color":"","overlay-opacity":"","overlay-gradient":""},"mobile":{"background-color":"var(--ast-global-color-5)","background-image":"","background-repeat":"repeat","background-position":"center center","background-size":"auto","background-attachment":"scroll","background-type":"","background-media":"","overlay-type":"","overlay-color":"","overlay-opacity":"","overlay-gradient":""}},"footnotes":""},"class_list":["post-19","page","type-page","status-publish","hentry"],"post_mailing_queue_ids":[],"_links":{"self":[{"href":"https:\/\/agora.xtec.cat\/ies-ramonbarbat-vilaseca\/wp-json\/wp\/v2\/pages\/19","targetHints":{"allow":["GET"]}}],"collection":[{"href":"https:\/\/agora.xtec.cat\/ies-ramonbarbat-vilaseca\/wp-json\/wp\/v2\/pages"}],"about":[{"href":"https:\/\/agora.xtec.cat\/ies-ramonbarbat-vilaseca\/wp-json\/wp\/v2\/types\/page"}],"author":[{"embeddable":true,"href":"https:\/\/agora.xtec.cat\/ies-ramonbarbat-vilaseca\/wp-json\/wp\/v2\/users\/1"}],"replies":[{"embeddable":true,"href":"https:\/\/agora.xtec.cat\/ies-ramonbarbat-vilaseca\/wp-json\/wp\/v2\/comments?post=19"}],"version-history":[{"count":4,"href":"https:\/\/agora.xtec.cat\/ies-ramonbarbat-vilaseca\/wp-json\/wp\/v2\/pages\/19\/revisions"}],"predecessor-version":[{"id":9585,"href":"https:\/\/agora.xtec.cat\/ies-ramonbarbat-vilaseca\/wp-json\/wp\/v2\/pages\/19\/revisions\/9585"}],"wp:attachment":[{"href":"https:\/\/agora.xtec.cat\/ies-ramonbarbat-vilaseca\/wp-json\/wp\/v2\/media?parent=19"}],"curies":[{"name":"wp","href":"https:\/\/api.w.org\/{rel}","templated":true}]}}