{"id":16348,"date":"2026-02-20T12:17:55","date_gmt":"2026-02-20T11:17:55","guid":{"rendered":"https:\/\/agora.xtec.cat\/ies-ramonbarbat-vilaseca\/?page_id=16348"},"modified":"2026-02-24T13:31:47","modified_gmt":"2026-02-24T12:31:47","slug":"punt-dinformacio-i-orientacio-pio-del-servei-dacreditacio-de-competencies-professionals","status":"publish","type":"page","link":"https:\/\/agora.xtec.cat\/ies-ramonbarbat-vilaseca\/serveis\/punt-dinformacio-i-orientacio-pio-del-servei-dacreditacio-de-competencies-professionals\/","title":{"rendered":"Punt d\u2019Informaci\u00f3 i Orientaci\u00f3 (PIO) del servei d\u2019acreditaci\u00f3 de compet\u00e8ncies professionals"},"content":{"rendered":"<p><strong>Punt d\u2019Informaci\u00f3 i Orientaci\u00f3 (PIO) del servei d\u2019acreditaci\u00f3 de compet\u00e8ncies professionals<\/strong><br \/>\nSi tens experi\u00e8ncia laboral i\/o formaci\u00f3 sense titulaci\u00f3 oficial, l\u2019acreditaci\u00f3 de compet\u00e8ncies \u00e9s una bona manera d\u2019aconseguir que aquest aprenentatge tingui reconeixement!<br \/>\nParticipar en aquest procediment et permetr\u00e0 demostrar all\u00f2 que saps fer i que has apr\u00e8s al llarg de la teva vida professional i obtenir una acreditaci\u00f3 oficial.<\/p>\n<p><strong>La inscripci\u00f3 \u00e9s gratu\u00efta i est\u00e0 oberta durant tot l\u2019any.<\/strong><\/p>\n<p>Pots consultar tota la informaci\u00f3 oficial sobre el procediment d\u2019acreditaci\u00f3 de compet\u00e8ncies al web: <a href=\"https:\/\/fp.gencat.cat\/ca\/acreditacio\/em-vull-acreditar\/index.html\" target=\"_blank\" rel=\"noopener\">Em vull acreditar de l\u2019Ag\u00e8ncia P\u00fablica de Formaci\u00f3 i Qualificaci\u00f3 Professionals de Catalunya.<\/a><\/p>\n<p>Com a Punt d\u2019Informaci\u00f3 i orientaci\u00f3 del servei d\u2019Acreditaci\u00f3 de compet\u00e8ncies professionals, et podem explicar els requisits i les fases del proc\u00e9s, aix\u00ed com oferir-te suport en la inscripci\u00f3 telem\u00e0tica.<br \/>\nPots contactar amb nosaltres ho pots fer enviant un correu electr\u00f2nic a <strong>e3005972@xtec.cat\u00a0<\/strong><\/p>\n","protected":false},"excerpt":{"rendered":"<p>Punt d\u2019Informaci\u00f3 i Orientaci\u00f3 (PIO) del servei d\u2019acreditaci\u00f3 de compet\u00e8ncies professionals Si tens experi\u00e8ncia laboral i\/o formaci\u00f3 sense titulaci\u00f3 oficial, l\u2019acreditaci\u00f3 de compet\u00e8ncies \u00e9s una bona manera d\u2019aconseguir que aquest aprenentatge tingui reconeixement! Participar en aquest procediment et permetr\u00e0 demostrar all\u00f2 que saps fer i que has apr\u00e8s al llarg de la teva vida professional [&hellip;]<\/p>\n","protected":false},"author":204,"featured_media":0,"parent":63,"menu_order":1,"comment_status":"closed","ping_status":"closed","template":"","meta":{"_bbp_topic_count":0,"_bbp_reply_count":0,"_bbp_total_topic_count":0,"_bbp_total_reply_count":0,"_bbp_voice_count":0,"_bbp_anonymous_reply_count":0,"_bbp_topic_count_hidden":0,"_bbp_reply_count_hidden":0,"_bbp_forum_subforum_count":0,"site-sidebar-layout":"default","site-content-layout":"","ast-site-content-layout":"default","site-content-style":"default","site-sidebar-style":"default","ast-global-header-display":"","ast-banner-title-visibility":"","ast-main-header-display":"","ast-hfb-above-header-display":"","ast-hfb-below-header-display":"","ast-hfb-mobile-header-display":"","site-post-title":"","ast-breadcrumbs-content":"","ast-featured-img":"","footer-sml-layout":"","theme-transparent-header-meta":"default","adv-header-id-meta":"","stick-header-meta":"","header-above-stick-meta":"","header-main-stick-meta":"","header-below-stick-meta":"","astra-migrate-meta-layouts":"set","ast-page-background-enabled":"default","ast-page-background-meta":{"desktop":{"background-color":"var(--ast-global-color-4)","background-image":"","background-repeat":"repeat","background-position":"center center","background-size":"auto","background-attachment":"scroll","background-type":"","background-media":"","overlay-type":"","overlay-color":"","overlay-opacity":"","overlay-gradient":""},"tablet":{"background-color":"","background-image":"","background-repeat":"repeat","background-position":"center center","background-size":"auto","background-attachment":"scroll","background-type":"","background-media":"","overlay-type":"","overlay-color":"","overlay-opacity":"","overlay-gradient":""},"mobile":{"background-color":"","background-image":"","background-repeat":"repeat","background-position":"center center","background-size":"auto","background-attachment":"scroll","background-type":"","background-media":"","overlay-type":"","overlay-color":"","overlay-opacity":"","overlay-gradient":""}},"ast-content-background-meta":{"desktop":{"background-color":"var(--ast-global-color-5)","background-image":"","background-repeat":"repeat","background-position":"center center","background-size":"auto","background-attachment":"scroll","background-type":"","background-media":"","overlay-type":"","overlay-color":"","overlay-opacity":"","overlay-gradient":""},"tablet":{"background-color":"var(--ast-global-color-5)","background-image":"","background-repeat":"repeat","background-position":"center center","background-size":"auto","background-attachment":"scroll","background-type":"","background-media":"","overlay-type":"","overlay-color":"","overlay-opacity":"","overlay-gradient":""},"mobile":{"background-color":"var(--ast-global-color-5)","background-image":"","background-repeat":"repeat","background-position":"center center","background-size":"auto","background-attachment":"scroll","background-type":"","background-media":"","overlay-type":"","overlay-color":"","overlay-opacity":"","overlay-gradient":""}},"footnotes":""},"class_list":["post-16348","page","type-page","status-publish","hentry"],"post_mailing_queue_ids":[],"_links":{"self":[{"href":"https:\/\/agora.xtec.cat\/ies-ramonbarbat-vilaseca\/wp-json\/wp\/v2\/pages\/16348","targetHints":{"allow":["GET"]}}],"collection":[{"href":"https:\/\/agora.xtec.cat\/ies-ramonbarbat-vilaseca\/wp-json\/wp\/v2\/pages"}],"about":[{"href":"https:\/\/agora.xtec.cat\/ies-ramonbarbat-vilaseca\/wp-json\/wp\/v2\/types\/page"}],"author":[{"embeddable":true,"href":"https:\/\/agora.xtec.cat\/ies-ramonbarbat-vilaseca\/wp-json\/wp\/v2\/users\/204"}],"replies":[{"embeddable":true,"href":"https:\/\/agora.xtec.cat\/ies-ramonbarbat-vilaseca\/wp-json\/wp\/v2\/comments?post=16348"}],"version-history":[{"count":3,"href":"https:\/\/agora.xtec.cat\/ies-ramonbarbat-vilaseca\/wp-json\/wp\/v2\/pages\/16348\/revisions"}],"predecessor-version":[{"id":16360,"href":"https:\/\/agora.xtec.cat\/ies-ramonbarbat-vilaseca\/wp-json\/wp\/v2\/pages\/16348\/revisions\/16360"}],"up":[{"embeddable":true,"href":"https:\/\/agora.xtec.cat\/ies-ramonbarbat-vilaseca\/wp-json\/wp\/v2\/pages\/63"}],"wp:attachment":[{"href":"https:\/\/agora.xtec.cat\/ies-ramonbarbat-vilaseca\/wp-json\/wp\/v2\/media?parent=16348"}],"curies":[{"name":"wp","href":"https:\/\/api.w.org\/{rel}","templated":true}]}}