{"id":15878,"date":"2025-10-14T13:49:12","date_gmt":"2025-10-14T11:49:12","guid":{"rendered":"https:\/\/agora.xtec.cat\/ies-ramonbarbat-vilaseca\/?page_id=15878"},"modified":"2025-10-28T13:52:22","modified_gmt":"2025-10-28T12:52:22","slug":"tutories","status":"publish","type":"page","link":"https:\/\/agora.xtec.cat\/ies-ramonbarbat-vilaseca\/linstitut\/tutories\/","title":{"rendered":"Tutories"},"content":{"rendered":"<table style=\"height: 2360px; width: 80.1887%; border-collapse: collapse; background-color: #fafafa;\">\n<tbody>\n<tr style=\"height: 53px;\">\n<td style=\"width: 26.0691%; height: 53px; text-align: center;\"><strong>TUTORS\/ES<\/strong><\/td>\n<td style=\"width: 18.0503%; height: 53px; text-align: center;\"><strong>CURS<\/strong><\/td>\n<td style=\"width: 36.0692%; height: 53px; text-align: center;\"><strong>CORREU<\/strong><\/td>\n<\/tr>\n<tr style=\"height: 53px;\">\n<td style=\"width: 26.0691%; height: 53px;\">Josu\u00e9 Navarro<\/td>\n<td style=\"width: 18.0503%; height: 53px; text-align: center;\">1r ESO A<\/td>\n<td style=\"width: 36.0692%; height: 53px;\">josuenavarro@institutramonbarbat.cat<\/td>\n<\/tr>\n<tr style=\"height: 53px;\">\n<td style=\"width: 26.0691%; height: 53px;\">Antoni P\u00e9rez<\/td>\n<td style=\"width: 18.0503%; height: 53px; text-align: center;\">1r ESO B<\/td>\n<td style=\"width: 36.0692%; height: 53px;\">toniperez@institutramonbarbat.cat<\/td>\n<\/tr>\n<tr style=\"height: 53px;\">\n<td style=\"width: 26.0691%; height: 53px;\">Ane Pujol<\/td>\n<td style=\"width: 18.0503%; height: 53px; text-align: center;\">1r ESO C<\/td>\n<td style=\"width: 36.0692%; height: 53px;\">anepujol@institutramonbarbat.cat<\/td>\n<\/tr>\n<tr style=\"height: 53px;\">\n<td style=\"width: 26.0691%; height: 53px;\">Octavi Aragon\u00e8s<\/td>\n<td style=\"width: 18.0503%; height: 53px; text-align: center;\">1r ESO D<\/td>\n<td style=\"width: 36.0692%; height: 53px;\">octaviaragones<span class=\"atwho-query\">@institutramo<\/span>nbarbat.cat<\/td>\n<\/tr>\n<tr style=\"height: 53px;\">\n<td style=\"width: 26.0691%; height: 53px;\">Iratxe Arteaga<\/td>\n<td style=\"width: 18.0503%; height: 53px; text-align: center;\">1r ESO E<\/td>\n<td style=\"width: 36.0692%; height: 53px;\">iratxearteaga@institutramonbarbat.cat<\/td>\n<\/tr>\n<tr style=\"height: 53px;\">\n<td style=\"width: 26.0691%; height: 53px;\">Isabel Mart\u00ednez<\/td>\n<td style=\"width: 18.0503%; height: 53px; text-align: center;\">1r ESO F<\/td>\n<td style=\"width: 36.0692%; height: 53px;\">isabelmartinez@institutramonbarbat.cat<\/td>\n<\/tr>\n<tr style=\"height: 53px;\">\n<td style=\"width: 26.0691%; height: 53px;\">Juan Francisco Ramos<\/td>\n<td style=\"width: 18.0503%; height: 53px; text-align: center;\">2n ESO A<\/td>\n<td style=\"width: 36.0692%; height: 53px;\">juanramos@institutramonbarbat.cat<\/td>\n<\/tr>\n<tr style=\"height: 53px;\">\n<td style=\"width: 26.0691%; height: 53px;\">Jordi Torras<\/td>\n<td style=\"width: 18.0503%; height: 53px; text-align: center;\">2n ESO B<\/td>\n<td style=\"width: 36.0692%; height: 53px;\">jorditorras@institutramonbarbat.cat<\/td>\n<\/tr>\n<tr style=\"height: 53px;\">\n<td style=\"width: 26.0691%; height: 53px;\">Jordi Sastre<\/td>\n<td style=\"width: 18.0503%; height: 53px; text-align: center;\">2n ESO C<\/td>\n<td style=\"width: 36.0692%; height: 53px;\">jordisastre@institutramonbarbat.cat<\/td>\n<\/tr>\n<tr style=\"height: 53px;\">\n<td style=\"width: 26.0691%; height: 53px;\">Rafael Gonz\u00e1lez<\/td>\n<td style=\"width: 18.0503%; height: 53px; text-align: center;\">2n ESO D<\/td>\n<td style=\"width: 36.0692%; height: 53px;\">rafagonzalez@institutramonbarbat.cat<\/td>\n<\/tr>\n<tr style=\"height: 53px;\">\n<td style=\"width: 26.0691%; height: 53px;\">Orlando Mart\u00ednez<\/td>\n<td style=\"width: 18.0503%; height: 53px; text-align: center;\">2n ESO E<\/td>\n<td style=\"width: 36.0692%; height: 53px;\">orlandomartinez@institutramonbarbat.cat<\/td>\n<\/tr>\n<tr style=\"height: 53px;\">\n<td style=\"width: 26.0691%; height: 53px;\">Araceli L\u00f3pez<\/td>\n<td style=\"width: 18.0503%; height: 53px; text-align: center;\">2n ESO F<\/td>\n<td style=\"width: 36.0692%; height: 53px;\">aracelilopez@institutramonbarbat.cat<\/td>\n<\/tr>\n<tr style=\"height: 53px;\">\n<td style=\"width: 26.0691%; height: 53px;\">Pili Sales<\/td>\n<td style=\"width: 18.0503%; height: 53px; text-align: center;\">3r ESO A<\/td>\n<td style=\"width: 36.0692%; height: 53px;\">pilisales@institutramonbarbat.cat<\/td>\n<\/tr>\n<tr style=\"height: 53px;\">\n<td style=\"width: 26.0691%; height: 53px;\">Ignasi Mart\u00ed<\/td>\n<td style=\"width: 18.0503%; height: 53px; text-align: center;\">3r ESO B<\/td>\n<td style=\"width: 36.0692%; height: 53px;\">ignasimarti@institutramonbarbat.cat<\/td>\n<\/tr>\n<tr style=\"height: 53px;\">\n<td style=\"width: 26.0691%; height: 53px;\">S\u00f2nia Saumell<\/td>\n<td style=\"width: 18.0503%; height: 53px; text-align: center;\">3r ESO C<\/td>\n<td style=\"width: 36.0692%; height: 53px;\">soniasaumell@institutramonbarbat.cat<\/td>\n<\/tr>\n<tr style=\"height: 53px;\">\n<td style=\"width: 26.0691%; height: 53px;\">Gl\u00f2ria Cal\u00e0via<\/td>\n<td style=\"width: 18.0503%; height: 53px; text-align: center;\">3r ESO D<\/td>\n<td style=\"width: 36.0692%; height: 53px;\">gloriacalavia@institutramonbarbat.cat<\/td>\n<\/tr>\n<tr style=\"height: 53px;\">\n<td style=\"width: 26.0691%; height: 53px;\">Ester Casanova<\/td>\n<td style=\"width: 18.0503%; height: 53px; text-align: center;\">3r ESO E<\/td>\n<td style=\"width: 36.0692%; height: 53px;\">estercasanova@institutramonbarbat.cat<\/td>\n<\/tr>\n<tr style=\"height: 53px;\">\n<td style=\"width: 26.0691%; height: 53px;\">Gabriel Vall\u00e8s<\/td>\n<td style=\"width: 18.0503%; height: 53px; text-align: center;\">3r ESO F<\/td>\n<td style=\"width: 36.0692%; height: 53px;\">gabrielvalles@institutramonbarbat.cat<\/td>\n<\/tr>\n<tr style=\"height: 53px;\">\n<td style=\"width: 26.0691%; height: 53px;\">Lu\u00edsfer Turrens<\/td>\n<td style=\"width: 18.0503%; height: 53px; text-align: center;\">1r CFGB<\/td>\n<td style=\"width: 36.0692%; height: 53px;\">luisferturrens@institutramonbarbat.cat<\/td>\n<\/tr>\n<tr style=\"height: 53px;\">\n<td style=\"width: 26.0691%; height: 53px;\">Carla Ramonjoan<\/td>\n<td style=\"width: 18.0503%; height: 53px; text-align: center;\">2n CFGB<\/td>\n<td style=\"width: 36.0692%; height: 53px;\">carlaramonjoan@institutramonbarbat.cat<\/td>\n<\/tr>\n<tr style=\"height: 53px;\">\n<td style=\"width: 26.0691%; height: 53px;\">Sheila Domingo<\/td>\n<td style=\"width: 18.0503%; height: 53px; text-align: center;\">4t ESO A<\/td>\n<td style=\"width: 36.0692%; height: 53px;\">sheiladomingo@institutramonbarbat.cat<\/td>\n<\/tr>\n<tr style=\"height: 53px;\">\n<td style=\"width: 26.0691%; height: 53px;\">Al\u00edcia Estrada<\/td>\n<td style=\"width: 18.0503%; height: 53px; text-align: center;\">4t ESO B<\/td>\n<td style=\"width: 36.0692%; height: 53px;\">aliciaestrada@institutramonbarbat.cat<\/td>\n<\/tr>\n<tr style=\"height: 53px;\">\n<td style=\"width: 26.0691%; height: 53px;\">S\u00edlvia Lleix\u00e0<\/td>\n<td style=\"width: 18.0503%; height: 53px; text-align: center;\">4t ESO C<\/td>\n<td style=\"width: 36.0692%; height: 53px;\">silvialleixa@institutramonbarbat.cat<\/td>\n<\/tr>\n<tr style=\"height: 53px;\">\n<td style=\"width: 26.0691%; height: 53px;\">M\u00aa Jos\u00e9 Ramos<\/td>\n<td style=\"width: 18.0503%; height: 53px; text-align: center;\">4t ESO D<\/td>\n<td style=\"width: 36.0692%; height: 53px;\">mariajoseramos@institutramonbarbat.cat<\/td>\n<\/tr>\n<tr style=\"height: 53px;\">\n<td style=\"width: 26.0691%; height: 53px;\">Carlota Mart\u00ednez<\/td>\n<td style=\"width: 18.0503%; height: 53px; text-align: center;\">4t ESO E<\/td>\n<td style=\"width: 36.0692%; height: 53px;\">carlotamartinez@institutramonbarbat.cat<\/td>\n<\/tr>\n<tr style=\"height: 53px;\">\n<td style=\"width: 26.0691%; height: 53px;\">Cristina March<\/td>\n<td style=\"width: 18.0503%; height: 53px; text-align: center;\">4t ESO F<\/td>\n<td style=\"width: 36.0692%; height: 53px;\">cristinamarch@institutramonbarbat.cat<\/td>\n<\/tr>\n<tr style=\"height: 53px;\">\n<td style=\"width: 26.0691%; height: 53px;\">Joan Benaiges<\/td>\n<td style=\"width: 18.0503%; height: 53px; text-align: center;\">1r BAT A<\/td>\n<td style=\"width: 36.0692%; height: 53px;\">joanbenaiges@institutramonbarbat.cat<\/td>\n<\/tr>\n<tr style=\"height: 53px;\">\n<td style=\"width: 26.0691%; height: 53px;\">Cristina Casado<\/td>\n<td style=\"width: 18.0503%; height: 53px; text-align: center;\">1r BAT B<\/td>\n<td style=\"width: 36.0692%; height: 53px;\">cristicasado@institutramonbarbat.cat<\/td>\n<\/tr>\n<tr>\n<td style=\"width: 26.0691%;\">Andrea P\u00e9rez<\/td>\n<td style=\"width: 18.0503%; text-align: center;\">1r BAT C<\/td>\n<td style=\"width: 36.0692%;\">andreaperez@institutramonbarbat.cat<\/td>\n<\/tr>\n<tr style=\"height: 53px;\">\n<td style=\"width: 26.0691%; height: 53px;\">Bea V\u00e1zquez<\/td>\n<td style=\"width: 18.0503%; height: 53px; text-align: center;\">2n BAT A<\/td>\n<td style=\"width: 36.0692%; height: 53px;\">beavazquez@institutramonbarbat.cat<\/td>\n<\/tr>\n<tr style=\"height: 53px;\">\n<td style=\"width: 26.0691%; height: 53px;\">\u00c1ngeles L\u00f3pez<\/td>\n<td style=\"width: 18.0503%; height: 53px; text-align: center;\">2n BAT B<\/td>\n<td style=\"width: 36.0692%; height: 53px;\">angeleslopez@institutramonbarbat.cat<\/td>\n<\/tr>\n<tr style=\"height: 82px;\">\n<td style=\"width: 26.0691%; height: 82px;\">Llu\u00eds Marinas<\/td>\n<td style=\"width: 18.0503%; height: 82px; text-align: center;\">1r CFPM Comer\u00e7 i M\u00e0rqueting<\/td>\n<td style=\"width: 36.0692%; height: 82px;\">lluismarinas@institutramonbarbat.cat<\/td>\n<\/tr>\n<tr style=\"height: 82px;\">\n<td style=\"width: 26.0691%; height: 82px;\">Maria Asens<\/td>\n<td style=\"width: 18.0503%; height: 82px; text-align: center;\">2n CFPM Comer\u00e7 M\u00e0rqueting<\/td>\n<td style=\"width: 36.0692%; height: 82px;\">mariaasens@institutramonbarbat.cat<\/td>\n<\/tr>\n<tr style=\"height: 82px;\">\n<td style=\"width: 26.0691%; height: 82px;\">Gerard Aguil\u00f3<\/td>\n<td style=\"width: 18.0503%; height: 82px; text-align: center;\">1r CFPS M\u00e0rqueting i Publicitat<\/td>\n<td style=\"width: 36.0692%; height: 82px;\">gerardaguilo@institutramonbarbat.cat<\/td>\n<\/tr>\n<tr style=\"height: 82px;\">\n<td style=\"width: 26.0691%; height: 82px;\">Antonio Javier Aura<\/td>\n<td style=\"width: 18.0503%; height: 82px; text-align: center;\">2n CFPS M\u00e0rqueting i Publicitat<\/td>\n<td style=\"width: 36.0692%; height: 82px;\">antonioaura@institutramonbarbat.cat<\/td>\n<\/tr>\n<tr style=\"height: 112px;\">\n<td style=\"width: 26.0691%; height: 112px;\">Miquel \u00c0ngel Barbero<\/td>\n<td style=\"width: 18.0503%; height: 112px; text-align: center;\">1r CFPM Instal\u00b7lacions Frigor\u00edfiques i de Climatitzaci\u00f3<\/td>\n<td style=\"width: 36.0692%; height: 112px;\">miquelangelbarbero@institutramonbarbat.cat<\/td>\n<\/tr>\n<tr style=\"height: 53px;\">\n<td style=\"width: 26.0691%; height: 53px;\">David Romero<\/td>\n<td style=\"width: 18.0503%; height: 53px; text-align: center;\">2n CFPM Instal\u00b7lacions de producci\u00f3 de calor<\/td>\n<td style=\"width: 36.0692%; height: 53px;\">davidromero@institutramonbarbat.cat<\/td>\n<\/tr>\n<tr style=\"height: 112px;\">\n<td style=\"width: 26.0691%; height: 112px;\">Jaume Baiges<\/td>\n<td style=\"width: 18.0503%; height: 112px; text-align: center;\">1r CFPS Manteniment d&#8217;instal\u00b7lacions t\u00e8rmiques i de fluids<\/td>\n<td style=\"width: 36.0692%; height: 112px;\">jaumebaiges@institutramonbarbat.cat<\/td>\n<\/tr>\n<tr style=\"height: 112px;\">\n<td style=\"width: 26.0691%; height: 112px;\">Jaume Baiges<\/td>\n<td style=\"width: 18.0503%; height: 112px; text-align: center;\">2n CFPS Manteniment d&#8217;instal\u00b7lacions t\u00e8rmiques i de fluids<\/td>\n<td style=\"width: 36.0692%; height: 112px;\">jaumebaiges@institutramonbarbat.cat<\/td>\n<\/tr>\n<\/tbody>\n<\/table>\n","protected":false},"excerpt":{"rendered":"<p>TUTORS\/ES CURS CORREU Josu\u00e9 Navarro 1r ESO A josuenavarro@institutramonbarbat.cat Antoni P\u00e9rez 1r ESO B toniperez@institutramonbarbat.cat Ane Pujol 1r ESO C anepujol@institutramonbarbat.cat Octavi Aragon\u00e8s 1r ESO D octaviaragones@institutramonbarbat.cat Iratxe Arteaga 1r ESO E iratxearteaga@institutramonbarbat.cat Isabel Mart\u00ednez 1r ESO F isabelmartinez@institutramonbarbat.cat Juan Francisco Ramos 2n ESO A juanramos@institutramonbarbat.cat Jordi Torras 2n ESO B jorditorras@institutramonbarbat.cat Jordi Sastre 2n [&hellip;]<\/p>\n","protected":false},"author":204,"featured_media":0,"parent":19,"menu_order":4,"comment_status":"closed","ping_status":"closed","template":"","meta":{"_bbp_topic_count":0,"_bbp_reply_count":0,"_bbp_total_topic_count":0,"_bbp_total_reply_count":0,"_bbp_voice_count":0,"_bbp_anonymous_reply_count":0,"_bbp_topic_count_hidden":0,"_bbp_reply_count_hidden":0,"_bbp_forum_subforum_count":0,"site-sidebar-layout":"default","site-content-layout":"","ast-site-content-layout":"default","site-content-style":"default","site-sidebar-style":"default","ast-global-header-display":"","ast-banner-title-visibility":"","ast-main-header-display":"","ast-hfb-above-header-display":"","ast-hfb-below-header-display":"","ast-hfb-mobile-header-display":"","site-post-title":"","ast-breadcrumbs-content":"","ast-featured-img":"","footer-sml-layout":"","theme-transparent-header-meta":"default","adv-header-id-meta":"","stick-header-meta":"","header-above-stick-meta":"","header-main-stick-meta":"","header-below-stick-meta":"","astra-migrate-meta-layouts":"set","ast-page-background-enabled":"default","ast-page-background-meta":{"desktop":{"background-color":"var(--ast-global-color-4)","background-image":"","background-repeat":"repeat","background-position":"center center","background-size":"auto","background-attachment":"scroll","background-type":"","background-media":"","overlay-type":"","overlay-color":"","overlay-opacity":"","overlay-gradient":""},"tablet":{"background-color":"","background-image":"","background-repeat":"repeat","background-position":"center center","background-size":"auto","background-attachment":"scroll","background-type":"","background-media":"","overlay-type":"","overlay-color":"","overlay-opacity":"","overlay-gradient":""},"mobile":{"background-color":"","background-image":"","background-repeat":"repeat","background-position":"center center","background-size":"auto","background-attachment":"scroll","background-type":"","background-media":"","overlay-type":"","overlay-color":"","overlay-opacity":"","overlay-gradient":""}},"ast-content-background-meta":{"desktop":{"background-color":"var(--ast-global-color-5)","background-image":"","background-repeat":"repeat","background-position":"center center","background-size":"auto","background-attachment":"scroll","background-type":"","background-media":"","overlay-type":"","overlay-color":"","overlay-opacity":"","overlay-gradient":""},"tablet":{"background-color":"var(--ast-global-color-5)","background-image":"","background-repeat":"repeat","background-position":"center center","background-size":"auto","background-attachment":"scroll","background-type":"","background-media":"","overlay-type":"","overlay-color":"","overlay-opacity":"","overlay-gradient":""},"mobile":{"background-color":"var(--ast-global-color-5)","background-image":"","background-repeat":"repeat","background-position":"center center","background-size":"auto","background-attachment":"scroll","background-type":"","background-media":"","overlay-type":"","overlay-color":"","overlay-opacity":"","overlay-gradient":""}},"footnotes":""},"class_list":["post-15878","page","type-page","status-publish","hentry"],"post_mailing_queue_ids":[],"_links":{"self":[{"href":"https:\/\/agora.xtec.cat\/ies-ramonbarbat-vilaseca\/wp-json\/wp\/v2\/pages\/15878","targetHints":{"allow":["GET"]}}],"collection":[{"href":"https:\/\/agora.xtec.cat\/ies-ramonbarbat-vilaseca\/wp-json\/wp\/v2\/pages"}],"about":[{"href":"https:\/\/agora.xtec.cat\/ies-ramonbarbat-vilaseca\/wp-json\/wp\/v2\/types\/page"}],"author":[{"embeddable":true,"href":"https:\/\/agora.xtec.cat\/ies-ramonbarbat-vilaseca\/wp-json\/wp\/v2\/users\/204"}],"replies":[{"embeddable":true,"href":"https:\/\/agora.xtec.cat\/ies-ramonbarbat-vilaseca\/wp-json\/wp\/v2\/comments?post=15878"}],"version-history":[{"count":4,"href":"https:\/\/agora.xtec.cat\/ies-ramonbarbat-vilaseca\/wp-json\/wp\/v2\/pages\/15878\/revisions"}],"predecessor-version":[{"id":15938,"href":"https:\/\/agora.xtec.cat\/ies-ramonbarbat-vilaseca\/wp-json\/wp\/v2\/pages\/15878\/revisions\/15938"}],"up":[{"embeddable":true,"href":"https:\/\/agora.xtec.cat\/ies-ramonbarbat-vilaseca\/wp-json\/wp\/v2\/pages\/19"}],"wp:attachment":[{"href":"https:\/\/agora.xtec.cat\/ies-ramonbarbat-vilaseca\/wp-json\/wp\/v2\/media?parent=15878"}],"curies":[{"name":"wp","href":"https:\/\/api.w.org\/{rel}","templated":true}]}}