{"id":14495,"date":"2025-01-31T14:33:44","date_gmt":"2025-01-31T13:33:44","guid":{"rendered":"https:\/\/agora.xtec.cat\/ies-ramonbarbat-vilaseca\/?page_id=14495"},"modified":"2025-07-16T11:58:05","modified_gmt":"2025-07-16T09:58:05","slug":"cobe","status":"publish","type":"page","link":"https:\/\/agora.xtec.cat\/ies-ramonbarbat-vilaseca\/area-alumnes\/cobe\/","title":{"rendered":"COBE"},"content":{"rendered":"<div>\n<div>\n<p dir=\"ltr\"><a href=\"https:\/\/agora.xtec.cat\/ies-ramonbarbat-vilaseca\/area-alumnes\/cobe\/attachment\/cobe-2\/\" rel=\"attachment wp-att-14790\"><img loading=\"lazy\" decoding=\"async\" class=\"alignright wp-image-14790\" src=\"https:\/\/agora.xtec.cat\/ies-ramonbarbat-vilaseca\/wp-content\/uploads\/usu1174\/2025\/02\/cobe-724x1024.png\" alt=\"\" width=\"500\" height=\"707\" srcset=\"https:\/\/agora.xtec.cat\/ies-ramonbarbat-vilaseca\/wp-content\/uploads\/usu1174\/2025\/02\/cobe-724x1024.png 724w, https:\/\/agora.xtec.cat\/ies-ramonbarbat-vilaseca\/wp-content\/uploads\/usu1174\/2025\/02\/cobe-212x300.png 212w, https:\/\/agora.xtec.cat\/ies-ramonbarbat-vilaseca\/wp-content\/uploads\/usu1174\/2025\/02\/cobe-768x1086.png 768w, https:\/\/agora.xtec.cat\/ies-ramonbarbat-vilaseca\/wp-content\/uploads\/usu1174\/2025\/02\/cobe-1086x1536.png 1086w, https:\/\/agora.xtec.cat\/ies-ramonbarbat-vilaseca\/wp-content\/uploads\/usu1174\/2025\/02\/cobe-1448x2048.png 1448w, https:\/\/agora.xtec.cat\/ies-ramonbarbat-vilaseca\/wp-content\/uploads\/usu1174\/2025\/02\/cobe.png 1587w\" sizes=\"auto, (max-width: 500px) 100vw, 500px\" \/><\/a><\/p>\n<p dir=\"ltr\"><a href=\"https:\/\/agora.xtec.cat\/ies-ramonbarbat-vilaseca\/area-alumnes\/cobe\/attachment\/cobe-4\/\" rel=\"attachment wp-att-15734\"><img loading=\"lazy\" decoding=\"async\" class=\"alignnone size-full wp-image-15734\" src=\"https:\/\/agora.xtec.cat\/ies-ramonbarbat-vilaseca\/wp-content\/uploads\/usu1174\/2025\/07\/cobe-1.png\" alt=\"\" width=\"360\" height=\"176\" srcset=\"https:\/\/agora.xtec.cat\/ies-ramonbarbat-vilaseca\/wp-content\/uploads\/usu1174\/2025\/07\/cobe-1.png 360w, https:\/\/agora.xtec.cat\/ies-ramonbarbat-vilaseca\/wp-content\/uploads\/usu1174\/2025\/07\/cobe-1-300x147.png 300w\" sizes=\"auto, (max-width: 360px) 100vw, 360px\" \/><\/a><\/p>\n<p dir=\"ltr\">La <em><strong>Comissi\u00f3 de\u00a0Coeducaci\u00f3 i Benestar Emocional<\/strong><\/em> t\u00e9 com a objectiu vetllar per la coeducaci\u00f3 i el benestar emocional de tot l\u2019alumnat i ser les persones referents per a l\u2019alumnat i el professorat del centre.<\/p>\n<p dir=\"ltr\">Entre les\u00a0nostres funcions destaquem:<\/p>\n<ul>\n<li dir=\"ltr\">\n<p dir=\"ltr\" role=\"presentation\">Vetllar perqu\u00e8 el projecte educatiu del centre incorpori els<strong> vectors de benestar<\/strong> emocional, coeducaci\u00f3, ciutadania democr\u00e0tica i consci\u00e8ncia global.<\/p>\n<\/li>\n<li dir=\"ltr\">\n<p dir=\"ltr\" role=\"presentation\">Garantir el <strong>respecte<\/strong> de tot l\u2019alumnat.<\/p>\n<\/li>\n<li dir=\"ltr\">\n<p dir=\"ltr\" role=\"presentation\">Promoure estrat\u00e8gies per <strong>identificar possibles situacions de risc<\/strong> i <strong>impulsar les mesures d\u2019intervenci\u00f3.<\/strong><\/p>\n<\/li>\n<li dir=\"ltr\">\n<p dir=\"ltr\" role=\"presentation\"><strong>Donar a con\u00e8ixer i proposar activitats<\/strong> <strong>formatives<\/strong> adre\u00e7ades a la comunitat educativa sobre aquest \u00e0mbit.<\/p>\n<\/li>\n<\/ul>\n<p>Si vols saber m\u00e9s sobre qu\u00e8 fem o hi vols formar part escriu-nos un correu a <strong><span style=\"color: #000000; font-family: Roboto;\"><span class=\"gmail_default\"><a href=\"mailto:cobe@institutramonbarbat.cat\" target=\"_blank\" rel=\"noopener\">cobe@institutramonbarbat.cat<\/a><\/span><\/span><\/strong><\/p>\n<p>Si has viscut personalment o has vist alguna situaci\u00f3 d&#8217;agressi\u00f3 sexual, masclista, LGTBQ+, racista, entre d&#8217;altres, posa&#8217;t en contacte amb nosaltres omplint aquest<strong><span style=\"text-decoration: underline;\"><a href=\"https:\/\/docs.google.com\/forms\/d\/e\/1FAIpQLSfIR9YjooOynuAokwbHJJueShCkHCq4BkdJMoZtQaGgho_ikg\/viewform\" target=\"_blank\" rel=\"noopener\"> formulari<\/a>.<\/span><\/strong><\/p>\n<\/div>\n<\/div>\n<p>&nbsp;<\/p>\n","protected":false},"excerpt":{"rendered":"<p>La Comissi\u00f3 de\u00a0Coeducaci\u00f3 i Benestar Emocional t\u00e9 com a objectiu vetllar per la coeducaci\u00f3 i el benestar emocional de tot l\u2019alumnat i ser les persones referents per a l\u2019alumnat i el professorat del centre. Entre les\u00a0nostres funcions destaquem: Vetllar perqu\u00e8 el projecte educatiu del centre incorpori els vectors de benestar emocional, coeducaci\u00f3, ciutadania democr\u00e0tica i [&hellip;]<\/p>\n","protected":false},"author":204,"featured_media":0,"parent":476,"menu_order":0,"comment_status":"closed","ping_status":"closed","template":"","meta":{"_bbp_topic_count":0,"_bbp_reply_count":0,"_bbp_total_topic_count":0,"_bbp_total_reply_count":0,"_bbp_voice_count":0,"_bbp_anonymous_reply_count":0,"_bbp_topic_count_hidden":0,"_bbp_reply_count_hidden":0,"_bbp_forum_subforum_count":0,"site-sidebar-layout":"default","site-content-layout":"","ast-site-content-layout":"default","site-content-style":"default","site-sidebar-style":"default","ast-global-header-display":"","ast-banner-title-visibility":"","ast-main-header-display":"","ast-hfb-above-header-display":"","ast-hfb-below-header-display":"","ast-hfb-mobile-header-display":"","site-post-title":"","ast-breadcrumbs-content":"","ast-featured-img":"","footer-sml-layout":"","theme-transparent-header-meta":"default","adv-header-id-meta":"","stick-header-meta":"","header-above-stick-meta":"","header-main-stick-meta":"","header-below-stick-meta":"","astra-migrate-meta-layouts":"set","ast-page-background-enabled":"default","ast-page-background-meta":{"desktop":{"background-color":"var(--ast-global-color-4)","background-image":"","background-repeat":"repeat","background-position":"center center","background-size":"auto","background-attachment":"scroll","background-type":"","background-media":"","overlay-type":"","overlay-color":"","overlay-opacity":"","overlay-gradient":""},"tablet":{"background-color":"","background-image":"","background-repeat":"repeat","background-position":"center center","background-size":"auto","background-attachment":"scroll","background-type":"","background-media":"","overlay-type":"","overlay-color":"","overlay-opacity":"","overlay-gradient":""},"mobile":{"background-color":"","background-image":"","background-repeat":"repeat","background-position":"center center","background-size":"auto","background-attachment":"scroll","background-type":"","background-media":"","overlay-type":"","overlay-color":"","overlay-opacity":"","overlay-gradient":""}},"ast-content-background-meta":{"desktop":{"background-color":"var(--ast-global-color-5)","background-image":"","background-repeat":"repeat","background-position":"center center","background-size":"auto","background-attachment":"scroll","background-type":"","background-media":"","overlay-type":"","overlay-color":"","overlay-opacity":"","overlay-gradient":""},"tablet":{"background-color":"var(--ast-global-color-5)","background-image":"","background-repeat":"repeat","background-position":"center center","background-size":"auto","background-attachment":"scroll","background-type":"","background-media":"","overlay-type":"","overlay-color":"","overlay-opacity":"","overlay-gradient":""},"mobile":{"background-color":"var(--ast-global-color-5)","background-image":"","background-repeat":"repeat","background-position":"center center","background-size":"auto","background-attachment":"scroll","background-type":"","background-media":"","overlay-type":"","overlay-color":"","overlay-opacity":"","overlay-gradient":""}},"footnotes":""},"class_list":["post-14495","page","type-page","status-publish","hentry"],"post_mailing_queue_ids":[],"_links":{"self":[{"href":"https:\/\/agora.xtec.cat\/ies-ramonbarbat-vilaseca\/wp-json\/wp\/v2\/pages\/14495","targetHints":{"allow":["GET"]}}],"collection":[{"href":"https:\/\/agora.xtec.cat\/ies-ramonbarbat-vilaseca\/wp-json\/wp\/v2\/pages"}],"about":[{"href":"https:\/\/agora.xtec.cat\/ies-ramonbarbat-vilaseca\/wp-json\/wp\/v2\/types\/page"}],"author":[{"embeddable":true,"href":"https:\/\/agora.xtec.cat\/ies-ramonbarbat-vilaseca\/wp-json\/wp\/v2\/users\/204"}],"replies":[{"embeddable":true,"href":"https:\/\/agora.xtec.cat\/ies-ramonbarbat-vilaseca\/wp-json\/wp\/v2\/comments?post=14495"}],"version-history":[{"count":6,"href":"https:\/\/agora.xtec.cat\/ies-ramonbarbat-vilaseca\/wp-json\/wp\/v2\/pages\/14495\/revisions"}],"predecessor-version":[{"id":15735,"href":"https:\/\/agora.xtec.cat\/ies-ramonbarbat-vilaseca\/wp-json\/wp\/v2\/pages\/14495\/revisions\/15735"}],"up":[{"embeddable":true,"href":"https:\/\/agora.xtec.cat\/ies-ramonbarbat-vilaseca\/wp-json\/wp\/v2\/pages\/476"}],"wp:attachment":[{"href":"https:\/\/agora.xtec.cat\/ies-ramonbarbat-vilaseca\/wp-json\/wp\/v2\/media?parent=14495"}],"curies":[{"name":"wp","href":"https:\/\/api.w.org\/{rel}","templated":true}]}}