{"id":12763,"date":"2023-11-27T12:29:49","date_gmt":"2023-11-27T11:29:49","guid":{"rendered":"https:\/\/agora.xtec.cat\/ies-ramonbarbat-vilaseca\/?page_id=12763"},"modified":"2025-03-11T12:00:02","modified_gmt":"2025-03-11T11:00:02","slug":"cfgm-im30-installacions-frigorifiques-i-de-climatitzacio","status":"publish","type":"page","link":"https:\/\/agora.xtec.cat\/ies-ramonbarbat-vilaseca\/estudis\/cicles\/cfgm-im30-installacions-frigorifiques-i-de-climatitzacio\/","title":{"rendered":"CFPM (IM30) Instal\u00b7lacions frigor\u00edfiques i de climatitzaci\u00f3"},"content":{"rendered":"<p><strong>Descripci\u00f3<\/strong><br \/>\nAquests estudis postobligatoris capaciten per muntar i mantenir instal\u00b7lacions frigor\u00edfiques, de climatitzaci\u00f3 i de<br \/>\nventilaci\u00f3 aplicant la normativa vigent, protocols de qualitat, de seguretat i prevenci\u00f3 de riscos laborals establerts,<br \/>\nassegurant la seva funcionalitat i respecte al medi ambient. Tenen una durada de 2.000 hores distribu\u00efdes en dos<br \/>\ncursos acad\u00e8mics.<\/p>\n<p><strong>Continguts<\/strong><br \/>\n\u2022 M\u00e0quines i Equips T\u00e8rmics<br \/>\n\u2022 T\u00e8cniques de Muntatge d&#8217;Instal\u00b7lacions<br \/>\n\u2022 Instal\u00b7lacions El\u00e8ctriques i Automatismes<br \/>\n\u2022 Configuraci\u00f3 d&#8217;Instal\u00b7lacions de Fred i Climatitzaci\u00f3<br \/>\n\u2022 Muntatge i Manteniment d&#8217;Equips de Refrigeraci\u00f3 Comercial<br \/>\n\u2022 Muntatge i Manteniment d&#8217;Instal\u00b7lacions Frigor\u00edfiques Industrials<br \/>\n\u2022 Muntatge i Manteniment d&#8217;Instal\u00b7lacions de Climatitzaci\u00f3,<br \/>\n\u2022 Ventilaci\u00f3 i Extracci\u00f3<br \/>\n\u2022 Formaci\u00f3 i Orientaci\u00f3 Laboral<br \/>\n\u2022 Empresa i Iniciativa Emprenedora<br \/>\n\u2022 Angl\u00e8s T\u00e8cnic<br \/>\n\u2022 S\u00edntesi<br \/>\n\u2022 Formaci\u00f3 en Centres de Treball<\/p>\n<p><strong>Acc\u00e9s<\/strong><br \/>\nTenen acc\u00e9s directe al cicle les persones que compleixen algun dels requisits seg\u00fcents:<br \/>\ntenir el t\u00edtol de graduat en educaci\u00f3 secund\u00e0ria<br \/>\nobligat\u00f2ria,<br \/>\n\u2022 haver superat el curs espec\u00edfic per a l&#8217;acc\u00e9s als cicles de grau mitj\u00e0,<br \/>\n\u2022 tenir el t\u00edtol de t\u00e8cnic o de t\u00e8cnic auxiliar,<br \/>\n\u2022 haver superat el segon curs del batxillerat unificat i polivalent (BUP),<br \/>\n\u2022 tenir altres estudis equivalents a efectes acad\u00e8mics, haver superat la prova d&#8217;acc\u00e9s a la universitat per a m\u00e9s<br \/>\ngrans de 25 anys o de 45 anys, o haver accedit a la universitat per haver acreditat experi\u00e8ncia laboral o professional tenint complerts 40 anys d&#8217;edat,<br \/>\n\u2022 haver superat els m\u00f2duls obligatoris d&#8217;un programa de qualificaci\u00f3 professional inicial (PQPI),<br \/>\n\u2022 tenir un t\u00edtol per accedir a un cicle formatiu de grau superior.<\/p>\n<p>Les persones que no compleixen cap dels requisits esmentats han de superar una prova d&#8217;acc\u00e9s. Per presentar-s&#8217;hi cal tenir com a m\u00ednim 17 anys l&#8217;any en qu\u00e8 es fa la prova.<\/p>\n<p><strong>Tr\u00e0mits<\/strong><br \/>\nPer cursar el cicle cal formalitzar una sol\u00b7licitud d&#8217;admissi\u00f3 i presentar-la al centre i per a l&#8217;ensenyament demanat en primer lloc.<br \/>\nPer a l&#8217;assignaci\u00f3 de les places s&#8217;ordenen les sol\u00b7licituds segons la qualificaci\u00f3 mitjana de l&#8217;ESO o dels estudis<br \/>\nequivalents; les sol\u00b7licituds que tenen la mateixa puntuaci\u00f3 s&#8217;ordenen a partir d&#8217;un n\u00famero de desempat que s&#8217;obt\u00e9 per sorteig.<br \/>\nHi ha un 10 % de places reservades per als alumnes que accedeixen a un cicle mitjan\u00e7ant la prova d&#8217;acc\u00e9s o el curs espec\u00edfic d&#8217;acc\u00e9s; les sol\u00b7licituds d&#8217;aquests alumnes s&#8217;ordenen segons la qualificaci\u00f3 obtinguda a la prova o al curs.<br \/>\nAquest estudi \u00e9s gratu\u00eft en els centres dependents del Departament d&#8217;Educaci\u00f3. Per a la resta de centres, consulteu l&#8217;import en el centre corresponent.<br \/>\nTrobareu m\u00e9s informaci\u00f3 al web preinscripcio.gencat.cat.<\/p>\n<p><strong>Continu\u00eftat<\/strong><br \/>\n<strong>Sortides acad\u00e8miques<\/strong><br \/>\nAmb aquests estudis s&#8217;obt\u00e9 el t\u00edtol de t\u00e8cnic o t\u00e8cnica, que permet accedir:<br \/>\n\u2022 al batxillerat,<br \/>\n\u2022 a un cicle de grau superior de formaci\u00f3 professional<\/p>\n<p><strong>Sortides professionals<\/strong><br \/>\nLa superaci\u00f3 d&#8217;aquest cicle formatiu permet accedir al m\u00f3n laboral com a:<br \/>\n\u2022 Instal\u00b7lador\/a frigorista en instal\u00b7lacions comercials<br \/>\n\u2022 Mantenidor\/a frigorista en instal\u00b7lacions comercials<br \/>\n\u2022 Instal\u00b7lador\/a frigorista en processos industrials<br \/>\n\u2022 Mantenidor\/a frigorista en processos industrials<br \/>\nInstal\u00b7lador\/a i muntador d&#8217;equips de climatitzaci\u00f3, ventilaci\u00f3 i extracci\u00f3, xarxes de distribuci\u00f3 i equips terminals<br \/>\n\u2022 Mantenidor\/a i reparador\/a d&#8217;equips de climatitzaci\u00f3, ventilaci\u00f3 i extracci\u00f3, xarxes de distribuci\u00f3 i equips terminals<\/p>\n<p>Si es cursa conjuntament amb el cicle d&#8217;instal\u00b7lacions de producci\u00f3 de calor, s&#8217;obt\u00e9 directament el carnet professional d&#8217;instal\u00b7lacions t\u00e8rmiques en els edificis (ITE).<br \/>\nAmb aquesta titulaci\u00f3 tamb\u00e9 s&#8217;obt\u00e9 de forma directa el certificat acreditatiu per a la manipulaci\u00f3 d&#8217;equips amb<br \/>\nsistemes frigor\u00edfics de qualsevol c\u00e0rrega de refrigerants de gasos fluorats.<\/p>\n<p><strong>Normativa<\/strong><br \/>\nDecret 200\/2015, de 15 de setembre, pel qual s&#8217;estableix el curr\u00edculum del cicle formatiu de grau mitj\u00e0 d&#8217;instal\u00b7lacions frigor\u00edfiques i de climatitzaci\u00f3 (DOGC n\u00fam.<br \/>\n6958, 17.9.2015)<\/p>\n<p><b>Distribuci\u00f3 dels continguts del cicle IM30 en\u00a0 m\u00f2duls. (2025-2026)<\/b><\/p>\n<table>\n<thead>\n<tr>\n<th><span style=\"font-weight: 400;\">M\u00f2duls Professionals<\/span><\/th>\n<th><span style=\"font-weight: 400;\">Hores centre\u00a0<\/span><\/th>\n<th><span style=\"font-weight: 400;\">Hores empresa<\/span><\/th>\n<th><span style=\"font-weight: 400;\">Hores totals<\/span><\/th>\n<\/tr>\n<\/thead>\n<tbody>\n<tr>\n<td><span style=\"font-weight: 400;\">0036. M\u00e0quines i equips t\u00e8rmics.<\/span><\/td>\n<td><span style=\"font-weight: 400;\">132<\/span><\/td>\n<td><span style=\"font-weight: 400;\">&#8211;<\/span><\/td>\n<td><span style=\"font-weight: 400;\">132<\/span><\/td>\n<\/tr>\n<tr>\n<td><span style=\"font-weight: 400;\">0037. T\u00e8cniques de muntatge d&#8217;instal\u00b7lacions.<\/span><\/td>\n<td><span style=\"font-weight: 400;\">165<\/span><\/td>\n<td><span style=\"font-weight: 400;\">132<\/span><\/td>\n<td><span style=\"font-weight: 400;\">297<\/span><\/td>\n<\/tr>\n<tr>\n<td><span style=\"font-weight: 400;\">0038. Instal\u00b7lacions el\u00e8ctriques i automatismes.<\/span><\/td>\n<td><span style=\"font-weight: 400;\">198<\/span><\/td>\n<td><span style=\"font-weight: 400;\">132<\/span><\/td>\n<td><span style=\"font-weight: 400;\">330<\/span><\/td>\n<\/tr>\n<tr>\n<td><span style=\"font-weight: 400;\">0039. Configuraci\u00f3 d\u2019instal\u00b7lacions de fred i climatitzaci\u00f3<\/span><\/td>\n<td><span style=\"font-weight: 400;\">99<\/span><\/td>\n<td><span style=\"font-weight: 400;\">&#8211;<\/span><\/td>\n<td><span style=\"font-weight: 400;\">99<\/span><\/td>\n<\/tr>\n<tr>\n<td><span style=\"font-weight: 400;\">0040. Muntatge i manteniment d&#8217;equips de refrigeraci\u00f3 comercial<\/span><\/td>\n<td><span style=\"font-weight: 400;\">66<\/span><\/td>\n<td><span style=\"font-weight: 400;\">53<\/span><\/td>\n<td><span style=\"font-weight: 400;\">119<\/span><\/td>\n<\/tr>\n<tr>\n<td><span style=\"font-weight: 400;\">0041. Muntatge i manteniment d&#8217;instal\u00b7lacions frigor\u00edfiques industrials<\/span><\/td>\n<td><span style=\"font-weight: 400;\">132<\/span><\/td>\n<td><span style=\"font-weight: 400;\">132<\/span><\/td>\n<td><span style=\"font-weight: 400;\">264<\/span><\/td>\n<\/tr>\n<tr>\n<td><span style=\"font-weight: 400;\">0042. Muntatge i manteniment d&#8217;instal\u00b7lacions de climatitzaci\u00f3, ventilaci\u00f3 i extracci\u00f3<\/span><\/td>\n<td><span style=\"font-weight: 400;\">99<\/span><\/td>\n<td><span style=\"font-weight: 400;\">66<\/span><\/td>\n<td><span style=\"font-weight: 400;\">165<\/span><\/td>\n<\/tr>\n<tr>\n<td><span style=\"font-weight: 400;\">0156. Angl\u00e8s professional.<\/span><\/td>\n<td><span style=\"font-weight: 400;\">66<\/span><\/td>\n<td><\/td>\n<td><span style=\"font-weight: 400;\">66<\/span><\/td>\n<\/tr>\n<tr>\n<td><span style=\"font-weight: 400;\">1664. Digitalitzaci\u00f3 aplicada als sectors productius.<\/span><\/td>\n<td><span style=\"font-weight: 400;\">33<\/span><\/td>\n<td><\/td>\n<td><span style=\"font-weight: 400;\">33<\/span><\/td>\n<\/tr>\n<tr>\n<td><span style=\"font-weight: 400;\">1708. Sostenibilitat aplicada al sistema productiu.<\/span><\/td>\n<td><span style=\"font-weight: 400;\">33<\/span><\/td>\n<td><\/td>\n<td><span style=\"font-weight: 400;\">33<\/span><\/td>\n<\/tr>\n<tr>\n<td><span style=\"font-weight: 400;\">1709. Itinerari personal per a l&#8217;ocupabilitat I.<\/span><\/td>\n<td><span style=\"font-weight: 400;\">99<\/span><\/td>\n<td><\/td>\n<td><span style=\"font-weight: 400;\">99<\/span><\/td>\n<\/tr>\n<tr>\n<td><span style=\"font-weight: 400;\">1710. Itinerari personal per a l&#8217;ocupabilitat II.<\/span><\/td>\n<td><span style=\"font-weight: 400;\">66<\/span><\/td>\n<td><\/td>\n<td><span style=\"font-weight: 400;\">66<\/span><\/td>\n<\/tr>\n<tr>\n<td><span style=\"font-weight: 400;\">1713. Projecte intermodular.<\/span><\/td>\n<td><span style=\"font-weight: 400;\">198<\/span><\/td>\n<td><\/td>\n<td><span style=\"font-weight: 400;\">198<\/span><\/td>\n<\/tr>\n<tr>\n<td><span style=\"font-weight: 400;\">M\u00f2dul professional optatiu.<\/span><\/td>\n<td><span style=\"font-weight: 400;\">99<\/span><\/td>\n<td><\/td>\n<td><span style=\"font-weight: 400;\">99<\/span><\/td>\n<\/tr>\n<\/tbody>\n<\/table>\n<p>&nbsp;<\/p>\n<p><a href=\"https:\/\/drive.google.com\/file\/d\/14O8KQHl0P2GNP7zyzzYTnvS6PCXAAKaH\/view?usp=sharing\" target=\"_blank\" rel=\"noopener\">Clica a l\u2019enlla\u00e7 per a descarregar la informaci\u00f3<\/a><\/p>\n","protected":false},"excerpt":{"rendered":"<p>Descripci\u00f3 Aquests estudis postobligatoris capaciten per muntar i mantenir instal\u00b7lacions frigor\u00edfiques, de climatitzaci\u00f3 i de ventilaci\u00f3 aplicant la normativa vigent, protocols de qualitat, de seguretat i prevenci\u00f3 de riscos laborals establerts, assegurant la seva funcionalitat i respecte al medi ambient. Tenen una durada de 2.000 hores distribu\u00efdes en dos cursos acad\u00e8mics. Continguts \u2022 M\u00e0quines i [&hellip;]<\/p>\n","protected":false},"author":204,"featured_media":0,"parent":336,"menu_order":4,"comment_status":"closed","ping_status":"closed","template":"page-templates\/side-menu.php","meta":{"_bbp_topic_count":0,"_bbp_reply_count":0,"_bbp_total_topic_count":0,"_bbp_total_reply_count":0,"_bbp_voice_count":0,"_bbp_anonymous_reply_count":0,"_bbp_topic_count_hidden":0,"_bbp_reply_count_hidden":0,"_bbp_forum_subforum_count":0,"site-sidebar-layout":"default","site-content-layout":"","ast-site-content-layout":"","site-content-style":"default","site-sidebar-style":"default","ast-global-header-display":"","ast-banner-title-visibility":"","ast-main-header-display":"","ast-hfb-above-header-display":"","ast-hfb-below-header-display":"","ast-hfb-mobile-header-display":"","site-post-title":"","ast-breadcrumbs-content":"","ast-featured-img":"","footer-sml-layout":"","theme-transparent-header-meta":"","adv-header-id-meta":"","stick-header-meta":"","header-above-stick-meta":"","header-main-stick-meta":"","header-below-stick-meta":"","astra-migrate-meta-layouts":"default","ast-page-background-enabled":"default","ast-page-background-meta":{"desktop":{"background-color":"var(--ast-global-color-4)","background-image":"","background-repeat":"repeat","background-position":"center center","background-size":"auto","background-attachment":"scroll","background-type":"","background-media":"","overlay-type":"","overlay-color":"","overlay-opacity":"","overlay-gradient":""},"tablet":{"background-color":"","background-image":"","background-repeat":"repeat","background-position":"center center","background-size":"auto","background-attachment":"scroll","background-type":"","background-media":"","overlay-type":"","overlay-color":"","overlay-opacity":"","overlay-gradient":""},"mobile":{"background-color":"","background-image":"","background-repeat":"repeat","background-position":"center center","background-size":"auto","background-attachment":"scroll","background-type":"","background-media":"","overlay-type":"","overlay-color":"","overlay-opacity":"","overlay-gradient":""}},"ast-content-background-meta":{"desktop":{"background-color":"var(--ast-global-color-5)","background-image":"","background-repeat":"repeat","background-position":"center center","background-size":"auto","background-attachment":"scroll","background-type":"","background-media":"","overlay-type":"","overlay-color":"","overlay-opacity":"","overlay-gradient":""},"tablet":{"background-color":"var(--ast-global-color-5)","background-image":"","background-repeat":"repeat","background-position":"center center","background-size":"auto","background-attachment":"scroll","background-type":"","background-media":"","overlay-type":"","overlay-color":"","overlay-opacity":"","overlay-gradient":""},"mobile":{"background-color":"var(--ast-global-color-5)","background-image":"","background-repeat":"repeat","background-position":"center center","background-size":"auto","background-attachment":"scroll","background-type":"","background-media":"","overlay-type":"","overlay-color":"","overlay-opacity":"","overlay-gradient":""}},"footnotes":""},"class_list":["post-12763","page","type-page","status-publish","hentry"],"post_mailing_queue_ids":[],"_links":{"self":[{"href":"https:\/\/agora.xtec.cat\/ies-ramonbarbat-vilaseca\/wp-json\/wp\/v2\/pages\/12763","targetHints":{"allow":["GET"]}}],"collection":[{"href":"https:\/\/agora.xtec.cat\/ies-ramonbarbat-vilaseca\/wp-json\/wp\/v2\/pages"}],"about":[{"href":"https:\/\/agora.xtec.cat\/ies-ramonbarbat-vilaseca\/wp-json\/wp\/v2\/types\/page"}],"author":[{"embeddable":true,"href":"https:\/\/agora.xtec.cat\/ies-ramonbarbat-vilaseca\/wp-json\/wp\/v2\/users\/204"}],"replies":[{"embeddable":true,"href":"https:\/\/agora.xtec.cat\/ies-ramonbarbat-vilaseca\/wp-json\/wp\/v2\/comments?post=12763"}],"version-history":[{"count":6,"href":"https:\/\/agora.xtec.cat\/ies-ramonbarbat-vilaseca\/wp-json\/wp\/v2\/pages\/12763\/revisions"}],"predecessor-version":[{"id":14877,"href":"https:\/\/agora.xtec.cat\/ies-ramonbarbat-vilaseca\/wp-json\/wp\/v2\/pages\/12763\/revisions\/14877"}],"up":[{"embeddable":true,"href":"https:\/\/agora.xtec.cat\/ies-ramonbarbat-vilaseca\/wp-json\/wp\/v2\/pages\/336"}],"wp:attachment":[{"href":"https:\/\/agora.xtec.cat\/ies-ramonbarbat-vilaseca\/wp-json\/wp\/v2\/media?parent=12763"}],"curies":[{"name":"wp","href":"https:\/\/api.w.org\/{rel}","templated":true}]}}