{"id":12565,"date":"2023-11-06T11:29:56","date_gmt":"2023-11-06T10:29:56","guid":{"rendered":"https:\/\/agora.xtec.cat\/ies-ramonbarbat-vilaseca\/?page_id=12565"},"modified":"2024-03-12T13:13:11","modified_gmt":"2024-03-12T12:13:11","slug":"projecte-dinnovacio-pedagogica","status":"publish","type":"page","link":"https:\/\/agora.xtec.cat\/ies-ramonbarbat-vilaseca\/projecte-educatiu\/projectes-i-activitats\/projecte-dinnovacio-pedagogica\/","title":{"rendered":"Projecte d&#8217;innovaci\u00f3 SENSEI"},"content":{"rendered":"<h5><b>PROGRAMA DE RESID\u00c8NCIA INICIAL DOCENT DE CATALUNYA<\/b><\/h5>\n<h5><b>Descripci\u00f3<\/b><\/h5>\n<p><span style=\"font-weight: 400;\">Aquest programa consisteix en l\u2019acompanyament de professors novells que tenen un m\u00e0xim de 3 mesos d\u2019experi\u00e8ncia docent. Se\u2019ls guia mitjan\u00e7ant preguntes indagadores sobre els dubtes que els puguin sorgir en la seva pr\u00e0ctica docent. Aix\u00ed mateix, el mentor t\u00e9 funci\u00f3 de coach i permet que els docents novells arribin per si mateixos a les possibles solucions. Finalment, es fa observaci\u00f3 de la seva pr\u00e0ctica docent a l\u2019aula i tamb\u00e9 tenen l\u2019oportunitat d\u2019observar altres classes, no nom\u00e9s de la mat\u00e8ria que imparteixen, sin\u00f3 d\u2019altres especialitats.<\/span><\/p>\n<h5><b>Objectius<\/b><\/h5>\n<ol>\n<li style=\"font-weight: 400;\" aria-level=\"1\"><span style=\"font-weight: 400;\">Guiar el docent novell per tal que trobi solucions per si mateix.<\/span><\/li>\n<li style=\"font-weight: 400;\" aria-level=\"1\"><span style=\"font-weight: 400;\">Acompanyar mitjan\u00e7ant l\u2019escolta activa i sense jutjar.<\/span><\/li>\n<li style=\"font-weight: 400;\" aria-level=\"1\"><span style=\"font-weight: 400;\">Promoure la recerca cient\u00edfica basada en l\u2019evid\u00e8ncia per tal que els docents novells puguin millorar la seva pr\u00e0ctica.<\/span><\/li>\n<\/ol>\n<h5><b>\u00c0mbits curriculars, \u00e0rees i\/o mat\u00e8ries<\/b><\/h5>\n<p><span style=\"font-weight: 400;\">Ling\u00fc\u00edstic-human\u00edstic<\/span><\/p>\n","protected":false},"excerpt":{"rendered":"<p>PROGRAMA DE RESID\u00c8NCIA INICIAL DOCENT DE CATALUNYA Descripci\u00f3 Aquest programa consisteix en l\u2019acompanyament de professors novells que tenen un m\u00e0xim de 3 mesos d\u2019experi\u00e8ncia docent. Se\u2019ls guia mitjan\u00e7ant preguntes indagadores sobre els dubtes que els puguin sorgir en la seva pr\u00e0ctica docent. Aix\u00ed mateix, el mentor t\u00e9 funci\u00f3 de coach i permet que els docents [&hellip;]<\/p>\n","protected":false},"author":204,"featured_media":0,"parent":2522,"menu_order":0,"comment_status":"closed","ping_status":"closed","template":"","meta":{"_bbp_topic_count":0,"_bbp_reply_count":0,"_bbp_total_topic_count":0,"_bbp_total_reply_count":0,"_bbp_voice_count":0,"_bbp_anonymous_reply_count":0,"_bbp_topic_count_hidden":0,"_bbp_reply_count_hidden":0,"_bbp_forum_subforum_count":0,"site-sidebar-layout":"default","site-content-layout":"","ast-site-content-layout":"","site-content-style":"default","site-sidebar-style":"default","ast-global-header-display":"","ast-banner-title-visibility":"","ast-main-header-display":"","ast-hfb-above-header-display":"","ast-hfb-below-header-display":"","ast-hfb-mobile-header-display":"","site-post-title":"","ast-breadcrumbs-content":"","ast-featured-img":"","footer-sml-layout":"","theme-transparent-header-meta":"","adv-header-id-meta":"","stick-header-meta":"","header-above-stick-meta":"","header-main-stick-meta":"","header-below-stick-meta":"","astra-migrate-meta-layouts":"default","ast-page-background-enabled":"default","ast-page-background-meta":{"desktop":{"background-color":"var(--ast-global-color-4)","background-image":"","background-repeat":"repeat","background-position":"center center","background-size":"auto","background-attachment":"scroll","background-type":"","background-media":"","overlay-type":"","overlay-color":"","overlay-opacity":"","overlay-gradient":""},"tablet":{"background-color":"","background-image":"","background-repeat":"repeat","background-position":"center center","background-size":"auto","background-attachment":"scroll","background-type":"","background-media":"","overlay-type":"","overlay-color":"","overlay-opacity":"","overlay-gradient":""},"mobile":{"background-color":"","background-image":"","background-repeat":"repeat","background-position":"center center","background-size":"auto","background-attachment":"scroll","background-type":"","background-media":"","overlay-type":"","overlay-color":"","overlay-opacity":"","overlay-gradient":""}},"ast-content-background-meta":{"desktop":{"background-color":"var(--ast-global-color-5)","background-image":"","background-repeat":"repeat","background-position":"center center","background-size":"auto","background-attachment":"scroll","background-type":"","background-media":"","overlay-type":"","overlay-color":"","overlay-opacity":"","overlay-gradient":""},"tablet":{"background-color":"var(--ast-global-color-5)","background-image":"","background-repeat":"repeat","background-position":"center center","background-size":"auto","background-attachment":"scroll","background-type":"","background-media":"","overlay-type":"","overlay-color":"","overlay-opacity":"","overlay-gradient":""},"mobile":{"background-color":"var(--ast-global-color-5)","background-image":"","background-repeat":"repeat","background-position":"center center","background-size":"auto","background-attachment":"scroll","background-type":"","background-media":"","overlay-type":"","overlay-color":"","overlay-opacity":"","overlay-gradient":""}},"footnotes":""},"class_list":["post-12565","page","type-page","status-publish","hentry"],"post_mailing_queue_ids":[],"_links":{"self":[{"href":"https:\/\/agora.xtec.cat\/ies-ramonbarbat-vilaseca\/wp-json\/wp\/v2\/pages\/12565","targetHints":{"allow":["GET"]}}],"collection":[{"href":"https:\/\/agora.xtec.cat\/ies-ramonbarbat-vilaseca\/wp-json\/wp\/v2\/pages"}],"about":[{"href":"https:\/\/agora.xtec.cat\/ies-ramonbarbat-vilaseca\/wp-json\/wp\/v2\/types\/page"}],"author":[{"embeddable":true,"href":"https:\/\/agora.xtec.cat\/ies-ramonbarbat-vilaseca\/wp-json\/wp\/v2\/users\/204"}],"replies":[{"embeddable":true,"href":"https:\/\/agora.xtec.cat\/ies-ramonbarbat-vilaseca\/wp-json\/wp\/v2\/comments?post=12565"}],"version-history":[{"count":4,"href":"https:\/\/agora.xtec.cat\/ies-ramonbarbat-vilaseca\/wp-json\/wp\/v2\/pages\/12565\/revisions"}],"predecessor-version":[{"id":12569,"href":"https:\/\/agora.xtec.cat\/ies-ramonbarbat-vilaseca\/wp-json\/wp\/v2\/pages\/12565\/revisions\/12569"}],"up":[{"embeddable":true,"href":"https:\/\/agora.xtec.cat\/ies-ramonbarbat-vilaseca\/wp-json\/wp\/v2\/pages\/2522"}],"wp:attachment":[{"href":"https:\/\/agora.xtec.cat\/ies-ramonbarbat-vilaseca\/wp-json\/wp\/v2\/media?parent=12565"}],"curies":[{"name":"wp","href":"https:\/\/api.w.org\/{rel}","templated":true}]}}