{"id":12562,"date":"2023-11-06T11:25:22","date_gmt":"2023-11-06T10:25:22","guid":{"rendered":"https:\/\/agora.xtec.cat\/ies-ramonbarbat-vilaseca\/?page_id=12562"},"modified":"2024-03-12T13:12:43","modified_gmt":"2024-03-12T12:12:43","slug":"projecte-araart","status":"publish","type":"page","link":"https:\/\/agora.xtec.cat\/ies-ramonbarbat-vilaseca\/projecte-educatiu\/projectes-i-activitats\/projecte-araart\/","title":{"rendered":"Projecte AraArt"},"content":{"rendered":"<h6><b>Descripci\u00f3<\/b><\/h6>\n<p><span style=\"font-weight: 400;\">L\u2019Institut Ramon Barbat va incorporar-se al Programa d\u2019innovaci\u00f3 pedag\u00f2gica araArt en el curs 2022-23, aix\u00ed que\u00a0 en la tot just acaba d\u2019encetar la segona fase del programa. La finalitat \u00e9s fomentar i posar en valor projectes art\u00edstics que es porten a terme en el centre en col\u00b7laboraci\u00f3 d\u2019un agent art\u00edstic extern, que en el nostre cas \u00e9s el Conservatori Municipal de M\u00fasica de Vila-seca.<\/span><\/p>\n<h5><b>Objectius<\/b><\/h5>\n<p><span style=\"font-weight: 400;\">Un dels objectius inicials era aconseguir que els productes finals de les optatives d\u2019arts esc\u00e8niques de 4t d\u2019ESO i de 1r de BAT tinguessin tota la m\u00fasica en directe, tant la m\u00fasica instrumental com la vocal. L\u2019altre objectiu era el treball de les emocions per mitj\u00e0 de la musicoter\u00e0pia amb l\u2019alumnat SIEI. En el primer cas comptem amb un dels docents del conservatori que ens visita quinzenalment i en el cas de la musicoter\u00e0pia s\u00f3n els nostres alumnes que es desplacen al Conservatori at\u00e8s que all\u00ed es disposa de molt de material per dur a terme les sessions.\u00a0<\/span><\/p>\n<p><span style=\"font-weight: 400;\">No obstant aquests primers objectius de la primera fase, n\u2019hi ha d\u2019altres que s\u2019aniran implementant progressivament com ara els de con\u00e8ixer i distingir sonorament i visualment els diferents instruments musicals en un entorn real com s\u00f3n les audicions de les orquestres, grups i conjunts a l\u2019Auditori Josep Carreras.<\/span><\/p>\n<p><span style=\"font-weight: 400;\">Tamb\u00e9 hi ha la voluntat enfortir les relacions entre el centre de secund\u00e0ria i el Conservatori Professional de m\u00fasica, alhora que es puguin donar a con\u00e8ixer els or\u00edgens i el perqu\u00e8 de la pres\u00e8ncia de la m\u00fasica en el municipi a tota la comunitat educativa.<\/span><\/p>\n<h5><b>\u00c0mbits curriculars, \u00e0rees i\/o mat\u00e8ries<\/b><\/h5>\n<p><span style=\"font-weight: 400;\">Les \u00e0rees directament relacionades s\u00f3n les arts esc\u00e8niques i la m\u00fasica. Tot i aix\u00ed, des del moment en qu\u00e8 aquest programa pret\u00e9n fer arribar l\u2019art a l\u2019alumnat m\u00e9s vulnerable, les activitats proposades s\u00f3n de car\u00e0cter transversal i hi intervenen tamb\u00e9 la resta de mat\u00e8ries.<\/span><\/p>\n<p><span style=\"font-weight: 400;\">De la mateixa manera, la idea que la m\u00fasica sigui cada cop m\u00e9s present en la vida di\u00e0ria del centre, far\u00e0 que hi intervinguin cada cop m\u00e9s mat\u00e8ries, les tutories a nivell de grup en la presa de decisions aix\u00ed com interrelaci\u00f3 amb altres projectes que es duen a terme al Centre.<\/span><\/p>\n","protected":false},"excerpt":{"rendered":"<p>Descripci\u00f3 L\u2019Institut Ramon Barbat va incorporar-se al Programa d\u2019innovaci\u00f3 pedag\u00f2gica araArt en el curs 2022-23, aix\u00ed que\u00a0 en la tot just acaba d\u2019encetar la segona fase del programa. La finalitat \u00e9s fomentar i posar en valor projectes art\u00edstics que es porten a terme en el centre en col\u00b7laboraci\u00f3 d\u2019un agent art\u00edstic extern, que en el [&hellip;]<\/p>\n","protected":false},"author":204,"featured_media":0,"parent":2522,"menu_order":0,"comment_status":"closed","ping_status":"closed","template":"","meta":{"_bbp_topic_count":0,"_bbp_reply_count":0,"_bbp_total_topic_count":0,"_bbp_total_reply_count":0,"_bbp_voice_count":0,"_bbp_anonymous_reply_count":0,"_bbp_topic_count_hidden":0,"_bbp_reply_count_hidden":0,"_bbp_forum_subforum_count":0,"site-sidebar-layout":"default","site-content-layout":"","ast-site-content-layout":"","site-content-style":"default","site-sidebar-style":"default","ast-global-header-display":"","ast-banner-title-visibility":"","ast-main-header-display":"","ast-hfb-above-header-display":"","ast-hfb-below-header-display":"","ast-hfb-mobile-header-display":"","site-post-title":"","ast-breadcrumbs-content":"","ast-featured-img":"","footer-sml-layout":"","theme-transparent-header-meta":"","adv-header-id-meta":"","stick-header-meta":"","header-above-stick-meta":"","header-main-stick-meta":"","header-below-stick-meta":"","astra-migrate-meta-layouts":"default","ast-page-background-enabled":"default","ast-page-background-meta":{"desktop":{"background-color":"var(--ast-global-color-4)","background-image":"","background-repeat":"repeat","background-position":"center center","background-size":"auto","background-attachment":"scroll","background-type":"","background-media":"","overlay-type":"","overlay-color":"","overlay-opacity":"","overlay-gradient":""},"tablet":{"background-color":"","background-image":"","background-repeat":"repeat","background-position":"center center","background-size":"auto","background-attachment":"scroll","background-type":"","background-media":"","overlay-type":"","overlay-color":"","overlay-opacity":"","overlay-gradient":""},"mobile":{"background-color":"","background-image":"","background-repeat":"repeat","background-position":"center center","background-size":"auto","background-attachment":"scroll","background-type":"","background-media":"","overlay-type":"","overlay-color":"","overlay-opacity":"","overlay-gradient":""}},"ast-content-background-meta":{"desktop":{"background-color":"var(--ast-global-color-5)","background-image":"","background-repeat":"repeat","background-position":"center center","background-size":"auto","background-attachment":"scroll","background-type":"","background-media":"","overlay-type":"","overlay-color":"","overlay-opacity":"","overlay-gradient":""},"tablet":{"background-color":"var(--ast-global-color-5)","background-image":"","background-repeat":"repeat","background-position":"center center","background-size":"auto","background-attachment":"scroll","background-type":"","background-media":"","overlay-type":"","overlay-color":"","overlay-opacity":"","overlay-gradient":""},"mobile":{"background-color":"var(--ast-global-color-5)","background-image":"","background-repeat":"repeat","background-position":"center center","background-size":"auto","background-attachment":"scroll","background-type":"","background-media":"","overlay-type":"","overlay-color":"","overlay-opacity":"","overlay-gradient":""}},"footnotes":""},"class_list":["post-12562","page","type-page","status-publish","hentry"],"post_mailing_queue_ids":[],"_links":{"self":[{"href":"https:\/\/agora.xtec.cat\/ies-ramonbarbat-vilaseca\/wp-json\/wp\/v2\/pages\/12562","targetHints":{"allow":["GET"]}}],"collection":[{"href":"https:\/\/agora.xtec.cat\/ies-ramonbarbat-vilaseca\/wp-json\/wp\/v2\/pages"}],"about":[{"href":"https:\/\/agora.xtec.cat\/ies-ramonbarbat-vilaseca\/wp-json\/wp\/v2\/types\/page"}],"author":[{"embeddable":true,"href":"https:\/\/agora.xtec.cat\/ies-ramonbarbat-vilaseca\/wp-json\/wp\/v2\/users\/204"}],"replies":[{"embeddable":true,"href":"https:\/\/agora.xtec.cat\/ies-ramonbarbat-vilaseca\/wp-json\/wp\/v2\/comments?post=12562"}],"version-history":[{"count":2,"href":"https:\/\/agora.xtec.cat\/ies-ramonbarbat-vilaseca\/wp-json\/wp\/v2\/pages\/12562\/revisions"}],"predecessor-version":[{"id":12564,"href":"https:\/\/agora.xtec.cat\/ies-ramonbarbat-vilaseca\/wp-json\/wp\/v2\/pages\/12562\/revisions\/12564"}],"up":[{"embeddable":true,"href":"https:\/\/agora.xtec.cat\/ies-ramonbarbat-vilaseca\/wp-json\/wp\/v2\/pages\/2522"}],"wp:attachment":[{"href":"https:\/\/agora.xtec.cat\/ies-ramonbarbat-vilaseca\/wp-json\/wp\/v2\/media?parent=12562"}],"curies":[{"name":"wp","href":"https:\/\/api.w.org\/{rel}","templated":true}]}}