{"id":906,"date":"2021-02-13T22:37:34","date_gmt":"2021-02-13T21:37:34","guid":{"rendered":"https:\/\/agora.xtec.cat\/ies-pompeu-fabra-martorell\/?page_id=906"},"modified":"2021-03-30T22:56:00","modified_gmt":"2021-03-30T20:56:00","slug":"departament-de-biologia-i-geologia","status":"publish","type":"page","link":"https:\/\/agora.xtec.cat\/ies-pompeu-fabra-martorell\/categoria-dd\/departament-de-biologia-i-geologia\/","title":{"rendered":"Departament de Biologia i Geologia"},"content":{"rendered":"<ul>\n<li><\/li>\n<\/ul>\n<ul>\n<li>Fem maquetes de c\u00e8l\u00b7lules.<\/li>\n<\/ul>\n<div id='gallery-1' class='gallery galleryid-906 gallery-columns-3 gallery-size-thumbnail'><figure class='gallery-item'>\n\t\t\t<div class='gallery-icon landscape'>\n\t\t\t\t<a href='https:\/\/agora.xtec.cat\/ies-pompeu-fabra-martorell\/categoria-dd\/departament-de-biologia-i-geologia\/attachment\/20190306_105733\/'><img loading=\"lazy\" decoding=\"async\" width=\"150\" height=\"150\" src=\"https:\/\/agora.xtec.cat\/ies-pompeu-fabra-martorell\/wp-content\/uploads\/usu2046\/2021\/02\/20190306_105733-150x150.jpg\" class=\"attachment-thumbnail size-thumbnail\" alt=\"\" \/><\/a>\n\t\t\t<\/div><\/figure><figure class='gallery-item'>\n\t\t\t<div class='gallery-icon landscape'>\n\t\t\t\t<a href='https:\/\/agora.xtec.cat\/ies-pompeu-fabra-martorell\/categoria-dd\/departament-de-biologia-i-geologia\/attachment\/20190306_105742\/'><img loading=\"lazy\" decoding=\"async\" width=\"150\" height=\"150\" src=\"https:\/\/agora.xtec.cat\/ies-pompeu-fabra-martorell\/wp-content\/uploads\/usu2046\/2021\/02\/20190306_105742-150x150.jpg\" class=\"attachment-thumbnail size-thumbnail\" alt=\"\" \/><\/a>\n\t\t\t<\/div><\/figure><figure class='gallery-item'>\n\t\t\t<div class='gallery-icon landscape'>\n\t\t\t\t<a href='https:\/\/agora.xtec.cat\/ies-pompeu-fabra-martorell\/categoria-dd\/departament-de-biologia-i-geologia\/attachment\/20190306_105756\/'><img loading=\"lazy\" decoding=\"async\" width=\"150\" height=\"150\" src=\"https:\/\/agora.xtec.cat\/ies-pompeu-fabra-martorell\/wp-content\/uploads\/usu2046\/2021\/02\/20190306_105756-150x150.jpg\" class=\"attachment-thumbnail size-thumbnail\" alt=\"\" \/><\/a>\n\t\t\t<\/div><\/figure><figure class='gallery-item'>\n\t\t\t<div class='gallery-icon landscape'>\n\t\t\t\t<a href='https:\/\/agora.xtec.cat\/ies-pompeu-fabra-martorell\/categoria-dd\/departament-de-biologia-i-geologia\/attachment\/20190306_105811\/'><img loading=\"lazy\" decoding=\"async\" width=\"150\" height=\"150\" src=\"https:\/\/agora.xtec.cat\/ies-pompeu-fabra-martorell\/wp-content\/uploads\/usu2046\/2021\/02\/20190306_105811-150x150.jpg\" class=\"attachment-thumbnail size-thumbnail\" alt=\"\" \/><\/a>\n\t\t\t<\/div><\/figure><figure class='gallery-item'>\n\t\t\t<div class='gallery-icon landscape'>\n\t\t\t\t<a href='https:\/\/agora.xtec.cat\/ies-pompeu-fabra-martorell\/categoria-dd\/departament-de-biologia-i-geologia\/attachment\/20190306_105826\/'><img loading=\"lazy\" decoding=\"async\" width=\"150\" height=\"150\" src=\"https:\/\/agora.xtec.cat\/ies-pompeu-fabra-martorell\/wp-content\/uploads\/usu2046\/2021\/02\/20190306_105826-150x150.jpg\" class=\"attachment-thumbnail size-thumbnail\" alt=\"\" \/><\/a>\n\t\t\t<\/div><\/figure><figure class='gallery-item'>\n\t\t\t<div class='gallery-icon landscape'>\n\t\t\t\t<a href='https:\/\/agora.xtec.cat\/ies-pompeu-fabra-martorell\/categoria-dd\/departament-de-biologia-i-geologia\/attachment\/20190306_105910\/'><img loading=\"lazy\" decoding=\"async\" width=\"150\" height=\"150\" src=\"https:\/\/agora.xtec.cat\/ies-pompeu-fabra-martorell\/wp-content\/uploads\/usu2046\/2021\/02\/20190306_105910-150x150.jpg\" class=\"attachment-thumbnail size-thumbnail\" alt=\"\" \/><\/a>\n\t\t\t<\/div><\/figure><figure class='gallery-item'>\n\t\t\t<div class='gallery-icon landscape'>\n\t\t\t\t<a href='https:\/\/agora.xtec.cat\/ies-pompeu-fabra-martorell\/categoria-dd\/departament-de-biologia-i-geologia\/attachment\/20190312_104718\/'><img loading=\"lazy\" decoding=\"async\" width=\"150\" height=\"150\" src=\"https:\/\/agora.xtec.cat\/ies-pompeu-fabra-martorell\/wp-content\/uploads\/usu2046\/2021\/02\/20190312_104718-150x150.jpg\" class=\"attachment-thumbnail size-thumbnail\" alt=\"\" \/><\/a>\n\t\t\t<\/div><\/figure><figure class='gallery-item'>\n\t\t\t<div class='gallery-icon landscape'>\n\t\t\t\t<a href='https:\/\/agora.xtec.cat\/ies-pompeu-fabra-martorell\/categoria-dd\/departament-de-biologia-i-geologia\/attachment\/20190312_111138\/'><img loading=\"lazy\" decoding=\"async\" width=\"150\" height=\"150\" src=\"https:\/\/agora.xtec.cat\/ies-pompeu-fabra-martorell\/wp-content\/uploads\/usu2046\/2021\/02\/20190312_111138-150x150.jpg\" class=\"attachment-thumbnail size-thumbnail\" alt=\"\" \/><\/a>\n\t\t\t<\/div><\/figure>\n\t\t<\/div>\n\n<ul>\n<li>Estudiem els invertebrats. Dissecci\u00f3 d&#8217;un escamarl\u00e0.<\/li>\n<\/ul>\n<div id='gallery-2' class='gallery galleryid-906 gallery-columns-3 gallery-size-thumbnail'><figure class='gallery-item'>\n\t\t\t<div class='gallery-icon landscape'>\n\t\t\t\t<a href='https:\/\/agora.xtec.cat\/ies-pompeu-fabra-martorell\/categoria-dd\/departament-de-biologia-i-geologia\/attachment\/20190528_105234\/'><img loading=\"lazy\" decoding=\"async\" width=\"150\" height=\"150\" src=\"https:\/\/agora.xtec.cat\/ies-pompeu-fabra-martorell\/wp-content\/uploads\/usu2046\/2021\/02\/20190528_105234-150x150.jpg\" class=\"attachment-thumbnail size-thumbnail\" alt=\"\" \/><\/a>\n\t\t\t<\/div><\/figure><figure class='gallery-item'>\n\t\t\t<div class='gallery-icon landscape'>\n\t\t\t\t<a href='https:\/\/agora.xtec.cat\/ies-pompeu-fabra-martorell\/categoria-dd\/departament-de-biologia-i-geologia\/attachment\/20190528_105840\/'><img loading=\"lazy\" decoding=\"async\" width=\"150\" height=\"150\" src=\"https:\/\/agora.xtec.cat\/ies-pompeu-fabra-martorell\/wp-content\/uploads\/usu2046\/2021\/02\/20190528_105840-150x150.jpg\" class=\"attachment-thumbnail size-thumbnail\" alt=\"\" \/><\/a>\n\t\t\t<\/div><\/figure><figure class='gallery-item'>\n\t\t\t<div class='gallery-icon landscape'>\n\t\t\t\t<a href='https:\/\/agora.xtec.cat\/ies-pompeu-fabra-martorell\/categoria-dd\/departament-de-biologia-i-geologia\/attachment\/20190528_105913\/'><img loading=\"lazy\" decoding=\"async\" width=\"150\" height=\"150\" src=\"https:\/\/agora.xtec.cat\/ies-pompeu-fabra-martorell\/wp-content\/uploads\/usu2046\/2021\/02\/20190528_105913-150x150.jpg\" class=\"attachment-thumbnail size-thumbnail\" alt=\"\" \/><\/a>\n\t\t\t<\/div><\/figure><figure class='gallery-item'>\n\t\t\t<div class='gallery-icon landscape'>\n\t\t\t\t<a href='https:\/\/agora.xtec.cat\/ies-pompeu-fabra-martorell\/categoria-dd\/departament-de-biologia-i-geologia\/attachment\/20190528_105958\/'><img loading=\"lazy\" decoding=\"async\" width=\"150\" height=\"150\" src=\"https:\/\/agora.xtec.cat\/ies-pompeu-fabra-martorell\/wp-content\/uploads\/usu2046\/2021\/02\/20190528_105958-150x150.jpg\" class=\"attachment-thumbnail size-thumbnail\" alt=\"\" \/><\/a>\n\t\t\t<\/div><\/figure><figure class='gallery-item'>\n\t\t\t<div class='gallery-icon landscape'>\n\t\t\t\t<a href='https:\/\/agora.xtec.cat\/ies-pompeu-fabra-martorell\/categoria-dd\/departament-de-biologia-i-geologia\/attachment\/20190528_122504\/'><img loading=\"lazy\" decoding=\"async\" width=\"150\" height=\"150\" src=\"https:\/\/agora.xtec.cat\/ies-pompeu-fabra-martorell\/wp-content\/uploads\/usu2046\/2021\/02\/20190528_122504-150x150.jpg\" class=\"attachment-thumbnail size-thumbnail\" alt=\"\" \/><\/a>\n\t\t\t<\/div><\/figure><figure class='gallery-item'>\n\t\t\t<div class='gallery-icon landscape'>\n\t\t\t\t<a href='https:\/\/agora.xtec.cat\/ies-pompeu-fabra-martorell\/categoria-dd\/departament-de-biologia-i-geologia\/attachment\/20190528_122814\/'><img loading=\"lazy\" decoding=\"async\" width=\"150\" height=\"150\" src=\"https:\/\/agora.xtec.cat\/ies-pompeu-fabra-martorell\/wp-content\/uploads\/usu2046\/2021\/02\/20190528_122814-150x150.jpg\" class=\"attachment-thumbnail size-thumbnail\" alt=\"\" \/><\/a>\n\t\t\t<\/div><\/figure><figure class='gallery-item'>\n\t\t\t<div class='gallery-icon landscape'>\n\t\t\t\t<a href='https:\/\/agora.xtec.cat\/ies-pompeu-fabra-martorell\/categoria-dd\/departament-de-biologia-i-geologia\/attachment\/20190528_131552\/'><img loading=\"lazy\" decoding=\"async\" width=\"150\" height=\"150\" src=\"https:\/\/agora.xtec.cat\/ies-pompeu-fabra-martorell\/wp-content\/uploads\/usu2046\/2021\/02\/20190528_131552-150x150.jpg\" class=\"attachment-thumbnail size-thumbnail\" alt=\"\" \/><\/a>\n\t\t\t<\/div><\/figure><figure class='gallery-item'>\n\t\t\t<div class='gallery-icon landscape'>\n\t\t\t\t<a href='https:\/\/agora.xtec.cat\/ies-pompeu-fabra-martorell\/categoria-dd\/departament-de-biologia-i-geologia\/attachment\/20190528_133032\/'><img loading=\"lazy\" decoding=\"async\" width=\"150\" height=\"150\" src=\"https:\/\/agora.xtec.cat\/ies-pompeu-fabra-martorell\/wp-content\/uploads\/usu2046\/2021\/02\/20190528_133032-150x150.jpg\" class=\"attachment-thumbnail size-thumbnail\" alt=\"\" \/><\/a>\n\t\t\t<\/div><\/figure>\n\t\t<\/div>\n\n<p>3r ESO:<\/p>\n<ul>\n<li>Dissecci\u00f3 pulmons<\/li>\n<li>Dissecci\u00f3 cor i rony\u00f3<\/li>\n<\/ul>\n","protected":false},"excerpt":{"rendered":"<p>Fem maquetes de c\u00e8l\u00b7lules. Estudiem els invertebrats. Dissecci\u00f3 d&#8217;un escamarl\u00e0. 3r ESO: Dissecci\u00f3 pulmons Dissecci\u00f3 cor i rony\u00f3<\/p>\n","protected":false},"author":1,"featured_media":0,"parent":1121,"menu_order":0,"comment_status":"closed","ping_status":"closed","template":"","meta":{"_bbp_topic_count":0,"_bbp_reply_count":0,"_bbp_total_topic_count":0,"_bbp_total_reply_count":0,"_bbp_voice_count":0,"_bbp_anonymous_reply_count":0,"_bbp_topic_count_hidden":0,"_bbp_reply_count_hidden":0,"_bbp_forum_subforum_count":0,"site-sidebar-layout":"default","site-content-layout":"","ast-site-content-layout":"","site-content-style":"default","site-sidebar-style":"default","ast-global-header-display":"","ast-banner-title-visibility":"","ast-main-header-display":"","ast-hfb-above-header-display":"","ast-hfb-below-header-display":"","ast-hfb-mobile-header-display":"","site-post-title":"","ast-breadcrumbs-content":"","ast-featured-img":"","footer-sml-layout":"","theme-transparent-header-meta":"","adv-header-id-meta":"","stick-header-meta":"","header-above-stick-meta":"","header-main-stick-meta":"","header-below-stick-meta":"","astra-migrate-meta-layouts":"default","ast-page-background-enabled":"default","ast-page-background-meta":{"desktop":{"background-color":"var(--ast-global-color-4)","background-image":"","background-repeat":"repeat","background-position":"center center","background-size":"auto","background-attachment":"scroll","background-type":"","background-media":"","overlay-type":"","overlay-color":"","overlay-opacity":"","overlay-gradient":""},"tablet":{"background-color":"","background-image":"","background-repeat":"repeat","background-position":"center center","background-size":"auto","background-attachment":"scroll","background-type":"","background-media":"","overlay-type":"","overlay-color":"","overlay-opacity":"","overlay-gradient":""},"mobile":{"background-color":"","background-image":"","background-repeat":"repeat","background-position":"center center","background-size":"auto","background-attachment":"scroll","background-type":"","background-media":"","overlay-type":"","overlay-color":"","overlay-opacity":"","overlay-gradient":""}},"ast-content-background-meta":{"desktop":{"background-color":"var(--ast-global-color-5)","background-image":"","background-repeat":"repeat","background-position":"center center","background-size":"auto","background-attachment":"scroll","background-type":"","background-media":"","overlay-type":"","overlay-color":"","overlay-opacity":"","overlay-gradient":""},"tablet":{"background-color":"var(--ast-global-color-5)","background-image":"","background-repeat":"repeat","background-position":"center center","background-size":"auto","background-attachment":"scroll","background-type":"","background-media":"","overlay-type":"","overlay-color":"","overlay-opacity":"","overlay-gradient":""},"mobile":{"background-color":"var(--ast-global-color-5)","background-image":"","background-repeat":"repeat","background-position":"center center","background-size":"auto","background-attachment":"scroll","background-type":"","background-media":"","overlay-type":"","overlay-color":"","overlay-opacity":"","overlay-gradient":""}},"footnotes":""},"class_list":["post-906","page","type-page","status-publish","hentry"],"post_mailing_queue_ids":[],"_links":{"self":[{"href":"https:\/\/agora.xtec.cat\/ies-pompeu-fabra-martorell\/wp-json\/wp\/v2\/pages\/906","targetHints":{"allow":["GET"]}}],"collection":[{"href":"https:\/\/agora.xtec.cat\/ies-pompeu-fabra-martorell\/wp-json\/wp\/v2\/pages"}],"about":[{"href":"https:\/\/agora.xtec.cat\/ies-pompeu-fabra-martorell\/wp-json\/wp\/v2\/types\/page"}],"author":[{"embeddable":true,"href":"https:\/\/agora.xtec.cat\/ies-pompeu-fabra-martorell\/wp-json\/wp\/v2\/users\/1"}],"replies":[{"embeddable":true,"href":"https:\/\/agora.xtec.cat\/ies-pompeu-fabra-martorell\/wp-json\/wp\/v2\/comments?post=906"}],"version-history":[{"count":3,"href":"https:\/\/agora.xtec.cat\/ies-pompeu-fabra-martorell\/wp-json\/wp\/v2\/pages\/906\/revisions"}],"predecessor-version":[{"id":1401,"href":"https:\/\/agora.xtec.cat\/ies-pompeu-fabra-martorell\/wp-json\/wp\/v2\/pages\/906\/revisions\/1401"}],"up":[{"embeddable":true,"href":"https:\/\/agora.xtec.cat\/ies-pompeu-fabra-martorell\/wp-json\/wp\/v2\/pages\/1121"}],"wp:attachment":[{"href":"https:\/\/agora.xtec.cat\/ies-pompeu-fabra-martorell\/wp-json\/wp\/v2\/media?parent=906"}],"curies":[{"name":"wp","href":"https:\/\/api.w.org\/{rel}","templated":true}]}}