{"id":868,"date":"2021-01-30T19:06:36","date_gmt":"2021-01-30T18:06:36","guid":{"rendered":"https:\/\/agora.xtec.cat\/ies-pompeu-fabra-martorell\/?page_id=868"},"modified":"2026-01-26T08:59:17","modified_gmt":"2026-01-26T07:59:17","slug":"batxillerat-nocturn","status":"publish","type":"page","link":"https:\/\/agora.xtec.cat\/ies-pompeu-fabra-martorell\/estudis\/batxillerat-nocturn\/","title":{"rendered":"Batxillerat nocturn"},"content":{"rendered":"<p>El curs 2025 \u2013 2026 estant ja vigent el Decret 171\/2022, de 20 de setembre, d\u2019ordenaci\u00f3 dels ensenyaments de batxillerat. El batxillerat nocturn presenta dues modalitats:<\/p>\n<ul>\n<li>Modalitat human\u00edstica social<\/li>\n<li>Modalitat cient\u00edfica<\/li>\n<\/ul>\n<p><strong>Marc horari:<\/strong> L\u2019alumnat comen\u00e7a les classes a les <strong>16:00 h i finalitza a les 21:20 h<\/strong>. La durada de les classes \u00e9s de 50 min amb un pati de 20 min compr\u00e8s de les 19:20 h a les 19:40 h.<\/p>\n<p><strong>Condicions d\u2019inscripci\u00f3 del batxillerat en r\u00e8gim nocturn\u00a0<\/strong><\/p>\n<p>L\u2019ensenyament nocturn de batxillerat s\u2019adre\u00e7a fonamentalment a persones que per causa de l\u2019activitat laboral o per altres circumst\u00e0ncies encaixen millor en una oferta hor\u00e0ria diferent de la del r\u00e8gim di\u00fcrn.<\/p>\n<p><strong>Requisits<\/strong><\/p>\n<ul>\n<li>Tenir 18 anys o m\u00e9s, o b\u00e9<\/li>\n<li>Tenir una edat compresa entre els 16 i els 18 anys i acreditar, per motius laborals o altres que a criteri del Consell Escolar ho justifiquin, la impossibilitat de seguir estudis en r\u00e8gim di\u00fcrn.<\/li>\n<\/ul>\n<p>Les mat\u00e8ries que han de cursar els alumnes s\u00f3n les mateixes que per al r\u00e8gim presencial di\u00fcrn, llevat de l\u2019educaci\u00f3 f\u00edsica.<br \/>\nLes mat\u00e8ries s\u2019organitzen en tres blocs que els alumnes, de forma general, han de cursar al llarg de tres cursos.<br \/>\nEn ensenyaments de batxillerat nocturn no regeixen les normes de pas de curs del r\u00e8gim di\u00fcrn: nom\u00e9s cal repetir les mat\u00e8ries no superades.<br \/>\nEls alumnes poden estar matriculats de batxillerat un m\u00e0xim de sis cursos acad\u00e8mics. Per a aquest c\u00f2mput, cal tenir en compte els cursos en qu\u00e8 han estat matriculats de batxillerat en r\u00e8gim di\u00fcrn.<br \/>\nLa matr\u00edcula romandr\u00e0 oberta fins a ocupar totes les places.<\/p>\n<p><a href=\"https:\/\/agora.xtec.cat\/ies-pompeu-fabra-martorell\/wp-content\/uploads\/usu2046\/2025\/09\/nocturn.jpg\"><img loading=\"lazy\" decoding=\"async\" class=\"aligncenter size-large wp-image-6364\" src=\"https:\/\/agora.xtec.cat\/ies-pompeu-fabra-martorell\/wp-content\/uploads\/usu2046\/2025\/09\/nocturn-642x1024.jpg\" alt=\"\" width=\"642\" height=\"1024\" srcset=\"https:\/\/agora.xtec.cat\/ies-pompeu-fabra-martorell\/wp-content\/uploads\/usu2046\/2025\/09\/nocturn-642x1024.jpg 642w, https:\/\/agora.xtec.cat\/ies-pompeu-fabra-martorell\/wp-content\/uploads\/usu2046\/2025\/09\/nocturn-188x300.jpg 188w, https:\/\/agora.xtec.cat\/ies-pompeu-fabra-martorell\/wp-content\/uploads\/usu2046\/2025\/09\/nocturn-768x1226.jpg 768w, https:\/\/agora.xtec.cat\/ies-pompeu-fabra-martorell\/wp-content\/uploads\/usu2046\/2025\/09\/nocturn-963x1536.jpg 963w, https:\/\/agora.xtec.cat\/ies-pompeu-fabra-martorell\/wp-content\/uploads\/usu2046\/2025\/09\/nocturn-1283x2048.jpg 1283w, https:\/\/agora.xtec.cat\/ies-pompeu-fabra-martorell\/wp-content\/uploads\/usu2046\/2025\/09\/nocturn.jpg 1410w\" sizes=\"auto, (max-width: 642px) 100vw, 642px\" \/><\/a><\/p>\n<p>Per a m\u00e9s informaci\u00f3 o sol\u00b7licitar pla\u00e7a consulteu aquesta p\u00e0gina: <a href=\"https:\/\/agora.xtec.cat\/ies-pompeu-fabra-martorell\/secretaria\/preinscripcio-i-matricula\/preinscripcio-i-matricula-batxillerat\/\">Preinscripci\u00f3 i matr\u00edcula<\/a><\/p>\n","protected":false},"excerpt":{"rendered":"<p>El curs 2025 \u2013 2026 estant ja vigent el Decret 171\/2022, de 20 de setembre, d\u2019ordenaci\u00f3 dels ensenyaments de batxillerat. El batxillerat nocturn presenta dues modalitats: Modalitat human\u00edstica social Modalitat cient\u00edfica Marc horari: L\u2019alumnat comen\u00e7a les classes a les 16:00 h i finalitza a les 21:20 h. La durada de les classes \u00e9s de 50 [&hellip;]<\/p>\n","protected":false},"author":1,"featured_media":0,"parent":195,"menu_order":0,"comment_status":"closed","ping_status":"closed","template":"","meta":{"_bbp_topic_count":0,"_bbp_reply_count":0,"_bbp_total_topic_count":0,"_bbp_total_reply_count":0,"_bbp_voice_count":0,"_bbp_anonymous_reply_count":0,"_bbp_topic_count_hidden":0,"_bbp_reply_count_hidden":0,"_bbp_forum_subforum_count":0,"site-sidebar-layout":"default","site-content-layout":"","ast-site-content-layout":"default","site-content-style":"default","site-sidebar-style":"default","ast-global-header-display":"","ast-banner-title-visibility":"","ast-main-header-display":"","ast-hfb-above-header-display":"","ast-hfb-below-header-display":"","ast-hfb-mobile-header-display":"","site-post-title":"","ast-breadcrumbs-content":"","ast-featured-img":"","footer-sml-layout":"","theme-transparent-header-meta":"default","adv-header-id-meta":"","stick-header-meta":"","header-above-stick-meta":"","header-main-stick-meta":"","header-below-stick-meta":"","astra-migrate-meta-layouts":"set","ast-page-background-enabled":"default","ast-page-background-meta":{"desktop":{"background-color":"var(--ast-global-color-4)","background-image":"","background-repeat":"repeat","background-position":"center center","background-size":"auto","background-attachment":"scroll","background-type":"","background-media":"","overlay-type":"","overlay-color":"","overlay-opacity":"","overlay-gradient":""},"tablet":{"background-color":"","background-image":"","background-repeat":"repeat","background-position":"center center","background-size":"auto","background-attachment":"scroll","background-type":"","background-media":"","overlay-type":"","overlay-color":"","overlay-opacity":"","overlay-gradient":""},"mobile":{"background-color":"","background-image":"","background-repeat":"repeat","background-position":"center center","background-size":"auto","background-attachment":"scroll","background-type":"","background-media":"","overlay-type":"","overlay-color":"","overlay-opacity":"","overlay-gradient":""}},"ast-content-background-meta":{"desktop":{"background-color":"var(--ast-global-color-5)","background-image":"","background-repeat":"repeat","background-position":"center center","background-size":"auto","background-attachment":"scroll","background-type":"","background-media":"","overlay-type":"","overlay-color":"","overlay-opacity":"","overlay-gradient":""},"tablet":{"background-color":"var(--ast-global-color-5)","background-image":"","background-repeat":"repeat","background-position":"center center","background-size":"auto","background-attachment":"scroll","background-type":"","background-media":"","overlay-type":"","overlay-color":"","overlay-opacity":"","overlay-gradient":""},"mobile":{"background-color":"var(--ast-global-color-5)","background-image":"","background-repeat":"repeat","background-position":"center center","background-size":"auto","background-attachment":"scroll","background-type":"","background-media":"","overlay-type":"","overlay-color":"","overlay-opacity":"","overlay-gradient":""}},"footnotes":""},"class_list":["post-868","page","type-page","status-publish","hentry"],"post_mailing_queue_ids":[],"_links":{"self":[{"href":"https:\/\/agora.xtec.cat\/ies-pompeu-fabra-martorell\/wp-json\/wp\/v2\/pages\/868","targetHints":{"allow":["GET"]}}],"collection":[{"href":"https:\/\/agora.xtec.cat\/ies-pompeu-fabra-martorell\/wp-json\/wp\/v2\/pages"}],"about":[{"href":"https:\/\/agora.xtec.cat\/ies-pompeu-fabra-martorell\/wp-json\/wp\/v2\/types\/page"}],"author":[{"embeddable":true,"href":"https:\/\/agora.xtec.cat\/ies-pompeu-fabra-martorell\/wp-json\/wp\/v2\/users\/1"}],"replies":[{"embeddable":true,"href":"https:\/\/agora.xtec.cat\/ies-pompeu-fabra-martorell\/wp-json\/wp\/v2\/comments?post=868"}],"version-history":[{"count":6,"href":"https:\/\/agora.xtec.cat\/ies-pompeu-fabra-martorell\/wp-json\/wp\/v2\/pages\/868\/revisions"}],"predecessor-version":[{"id":6652,"href":"https:\/\/agora.xtec.cat\/ies-pompeu-fabra-martorell\/wp-json\/wp\/v2\/pages\/868\/revisions\/6652"}],"up":[{"embeddable":true,"href":"https:\/\/agora.xtec.cat\/ies-pompeu-fabra-martorell\/wp-json\/wp\/v2\/pages\/195"}],"wp:attachment":[{"href":"https:\/\/agora.xtec.cat\/ies-pompeu-fabra-martorell\/wp-json\/wp\/v2\/media?parent=868"}],"curies":[{"name":"wp","href":"https:\/\/api.w.org\/{rel}","templated":true}]}}