{"id":860,"date":"2021-01-30T18:40:06","date_gmt":"2021-01-30T17:40:06","guid":{"rendered":"https:\/\/agora.xtec.cat\/ies-pompeu-fabra-martorell\/?page_id=860"},"modified":"2023-02-04T12:17:17","modified_gmt":"2023-02-04T11:17:17","slug":"educacio-secundaria-obligatoria","status":"publish","type":"page","link":"https:\/\/agora.xtec.cat\/ies-pompeu-fabra-martorell\/estudis\/educacio-secundaria-obligatoria\/","title":{"rendered":"Educaci\u00f3 Secund\u00e0ria Obligat\u00f2ria"},"content":{"rendered":"<p align=\"justify\">L&#8217;etapa de l&#8217;educaci\u00f3 secund\u00e0ria obligat\u00f2ria (ESO) t\u00e9 car\u00e0cter obligatori i gratu\u00eft. Compr\u00e8n 4 cursos acad\u00e8mics que s&#8217;inicien, generalment, l&#8217;any natural en qu\u00e8 es compleixen els 12 anys i que s&#8217;acaben, normalment, als 16; amb car\u00e0cter general els alumnes tenen dret a romandre en el centre amb r\u00e8gim ordinari fins als 18 anys.<\/p>\n<p>L&#8217;ESO s&#8217;organitza en diferents mat\u00e8ries. El 4t curs t\u00e9 complement\u00e0riament car\u00e0cter orientador, tant per als estudis posteriors, com per a la integraci\u00f3 a la vida laboral.<\/p>\n<p align=\"justify\">La\u00a0<b>finalitat de l&#8217;ESO<\/b>\u00a0\u00e9s proporcionar a tots els alumnes una educaci\u00f3 que els permeti assegurar un desenvolupament personal s\u00f2lid, adquirir les habilitats i les compet\u00e8ncies culturals i socials relatives a l&#8217;expressi\u00f3 i comprensi\u00f3 oral, a l&#8217;escriptura, al c\u00e0lcul, a la resoluci\u00f3 de problemes de la vida quotidiana, al rebuig de tot tipus de comportaments discriminatoris per ra\u00f3 de sexe, la igualtat de drets i oportunitats entre dones i homes, l&#8217;autonomia personal, la corresponsabilitat i la interdepend\u00e8ncia personal i la comprensi\u00f3 dels elements b\u00e0sics del m\u00f3n en els aspectes cient\u00edfic, social i cultural, en particular aquells elements que permetin un coneixement i arrelament a Catalunya. Aix\u00ed mateix, ha de contribuir a desenvolupar les habilitats socials de treball i d&#8217;estudi amb autonomia i esperit cr\u00edtic, la sensibilitat art\u00edstica, la creativitat i l&#8217;afectivitat de tots els nois i les noies.<\/p>\n<p align=\"justify\">\n","protected":false},"excerpt":{"rendered":"<p>L&#8217;etapa de l&#8217;educaci\u00f3 secund\u00e0ria obligat\u00f2ria (ESO) t\u00e9 car\u00e0cter obligatori i gratu\u00eft. Compr\u00e8n 4 cursos acad\u00e8mics que s&#8217;inicien, generalment, l&#8217;any natural en qu\u00e8 es compleixen els 12 anys i que s&#8217;acaben, normalment, als 16; amb car\u00e0cter general els alumnes tenen dret a romandre en el centre amb r\u00e8gim ordinari fins als 18 anys. L&#8217;ESO s&#8217;organitza en [&hellip;]<\/p>\n","protected":false},"author":1,"featured_media":0,"parent":195,"menu_order":0,"comment_status":"closed","ping_status":"closed","template":"page-templates\/side-menu.php","meta":{"_bbp_topic_count":0,"_bbp_reply_count":0,"_bbp_total_topic_count":0,"_bbp_total_reply_count":0,"_bbp_voice_count":0,"_bbp_anonymous_reply_count":0,"_bbp_topic_count_hidden":0,"_bbp_reply_count_hidden":0,"_bbp_forum_subforum_count":0,"site-sidebar-layout":"default","site-content-layout":"","ast-site-content-layout":"","site-content-style":"default","site-sidebar-style":"default","ast-global-header-display":"","ast-banner-title-visibility":"","ast-main-header-display":"","ast-hfb-above-header-display":"","ast-hfb-below-header-display":"","ast-hfb-mobile-header-display":"","site-post-title":"","ast-breadcrumbs-content":"","ast-featured-img":"","footer-sml-layout":"","theme-transparent-header-meta":"","adv-header-id-meta":"","stick-header-meta":"","header-above-stick-meta":"","header-main-stick-meta":"","header-below-stick-meta":"","astra-migrate-meta-layouts":"default","ast-page-background-enabled":"default","ast-page-background-meta":{"desktop":{"background-color":"var(--ast-global-color-4)","background-image":"","background-repeat":"repeat","background-position":"center center","background-size":"auto","background-attachment":"scroll","background-type":"","background-media":"","overlay-type":"","overlay-color":"","overlay-opacity":"","overlay-gradient":""},"tablet":{"background-color":"","background-image":"","background-repeat":"repeat","background-position":"center center","background-size":"auto","background-attachment":"scroll","background-type":"","background-media":"","overlay-type":"","overlay-color":"","overlay-opacity":"","overlay-gradient":""},"mobile":{"background-color":"","background-image":"","background-repeat":"repeat","background-position":"center center","background-size":"auto","background-attachment":"scroll","background-type":"","background-media":"","overlay-type":"","overlay-color":"","overlay-opacity":"","overlay-gradient":""}},"ast-content-background-meta":{"desktop":{"background-color":"var(--ast-global-color-5)","background-image":"","background-repeat":"repeat","background-position":"center center","background-size":"auto","background-attachment":"scroll","background-type":"","background-media":"","overlay-type":"","overlay-color":"","overlay-opacity":"","overlay-gradient":""},"tablet":{"background-color":"var(--ast-global-color-5)","background-image":"","background-repeat":"repeat","background-position":"center center","background-size":"auto","background-attachment":"scroll","background-type":"","background-media":"","overlay-type":"","overlay-color":"","overlay-opacity":"","overlay-gradient":""},"mobile":{"background-color":"var(--ast-global-color-5)","background-image":"","background-repeat":"repeat","background-position":"center center","background-size":"auto","background-attachment":"scroll","background-type":"","background-media":"","overlay-type":"","overlay-color":"","overlay-opacity":"","overlay-gradient":""}},"footnotes":""},"class_list":["post-860","page","type-page","status-publish","hentry"],"post_mailing_queue_ids":[],"_links":{"self":[{"href":"https:\/\/agora.xtec.cat\/ies-pompeu-fabra-martorell\/wp-json\/wp\/v2\/pages\/860","targetHints":{"allow":["GET"]}}],"collection":[{"href":"https:\/\/agora.xtec.cat\/ies-pompeu-fabra-martorell\/wp-json\/wp\/v2\/pages"}],"about":[{"href":"https:\/\/agora.xtec.cat\/ies-pompeu-fabra-martorell\/wp-json\/wp\/v2\/types\/page"}],"author":[{"embeddable":true,"href":"https:\/\/agora.xtec.cat\/ies-pompeu-fabra-martorell\/wp-json\/wp\/v2\/users\/1"}],"replies":[{"embeddable":true,"href":"https:\/\/agora.xtec.cat\/ies-pompeu-fabra-martorell\/wp-json\/wp\/v2\/comments?post=860"}],"version-history":[{"count":3,"href":"https:\/\/agora.xtec.cat\/ies-pompeu-fabra-martorell\/wp-json\/wp\/v2\/pages\/860\/revisions"}],"predecessor-version":[{"id":2325,"href":"https:\/\/agora.xtec.cat\/ies-pompeu-fabra-martorell\/wp-json\/wp\/v2\/pages\/860\/revisions\/2325"}],"up":[{"embeddable":true,"href":"https:\/\/agora.xtec.cat\/ies-pompeu-fabra-martorell\/wp-json\/wp\/v2\/pages\/195"}],"wp:attachment":[{"href":"https:\/\/agora.xtec.cat\/ies-pompeu-fabra-martorell\/wp-json\/wp\/v2\/media?parent=860"}],"curies":[{"name":"wp","href":"https:\/\/api.w.org\/{rel}","templated":true}]}}