{"id":852,"date":"2021-01-30T13:09:33","date_gmt":"2021-01-30T12:09:33","guid":{"rendered":"https:\/\/agora.xtec.cat\/ies-pompeu-fabra-martorell\/?page_id=852"},"modified":"2021-02-27T23:03:05","modified_gmt":"2021-02-27T22:03:05","slug":"campus-itaca","status":"publish","type":"page","link":"https:\/\/agora.xtec.cat\/ies-pompeu-fabra-martorell\/projectes-de-centre\/campus-itaca\/","title":{"rendered":"Campus \u00cdtaca"},"content":{"rendered":"<p style=\"text-align: justify;\">El campus \u00cdtaca \u00e9s un programa socioeducatiu de la Universitat Aut\u00f2noma de Barcelona dirigit a estudiants de secund\u00e0ria. Consisteix en una est\u00e0ncia al campus durant els mesos de Juny i Juliol, organitzada en torn de set dies cada un. L&#8217;alumnat realitza una s\u00e8rie d&#8217;activitats pedag\u00f2giques i l\u00fadiques que tenen com a objectiu incentivar els alumnes a continuar amb la seva formaci\u00f3 un cop acabada l&#8217;etapa obligat\u00f2ria. El campus tamb\u00e9 t\u00e9 com a objectiu ser un espai de conviv\u00e8ncia entre alumnat de diferents entorns socials diversos.<\/p>\n<p style=\"text-align: justify;\">Els objectius del programa s\u00f3n:<\/p>\n<ul>\n<li style=\"text-align: justify;\">Donar continu\u00eftat als estudis post obligatoris un cop finalitzada la etapa obligat\u00f2ria.<\/li>\n<li style=\"text-align: justify;\">Convertir-se en un espai de conviv\u00e8ncia entre els nois i noies participants.<\/li>\n<li style=\"text-align: justify;\">Garantir la igualtat d&#8217;oportunitat i l&#8217;acc\u00e9s a tots els participants del Campus \u00cdtaca.<\/li>\n<\/ul>\n<p style=\"text-align: justify;\">El Campus \u00cdtaca va n\u00e9ixer el 2004 quant Llu\u00eds ferrer i Caubet (en aquell moment rector de la UAB), va decidir implementar un projecte amb l&#8217;objectiu de reduir l&#8217;abandonament escolar prematur i acostar els alumnes a la universitat.<\/p>\n<p>Cada estiu alumnes del Pompeu Fabra participen en aquest campus.<\/p>\n","protected":false},"excerpt":{"rendered":"<p>El campus \u00cdtaca \u00e9s un programa socioeducatiu de la Universitat Aut\u00f2noma de Barcelona dirigit a estudiants de secund\u00e0ria. Consisteix en una est\u00e0ncia al campus durant els mesos de Juny i Juliol, organitzada en torn de set dies cada un. L&#8217;alumnat realitza una s\u00e8rie d&#8217;activitats pedag\u00f2giques i l\u00fadiques que tenen com a objectiu incentivar els alumnes [&hellip;]<\/p>\n","protected":false},"author":1,"featured_media":0,"parent":714,"menu_order":0,"comment_status":"closed","ping_status":"closed","template":"","meta":{"_bbp_topic_count":0,"_bbp_reply_count":0,"_bbp_total_topic_count":0,"_bbp_total_reply_count":0,"_bbp_voice_count":0,"_bbp_anonymous_reply_count":0,"_bbp_topic_count_hidden":0,"_bbp_reply_count_hidden":0,"_bbp_forum_subforum_count":0,"site-sidebar-layout":"default","site-content-layout":"","ast-site-content-layout":"","site-content-style":"default","site-sidebar-style":"default","ast-global-header-display":"","ast-banner-title-visibility":"","ast-main-header-display":"","ast-hfb-above-header-display":"","ast-hfb-below-header-display":"","ast-hfb-mobile-header-display":"","site-post-title":"","ast-breadcrumbs-content":"","ast-featured-img":"","footer-sml-layout":"","theme-transparent-header-meta":"","adv-header-id-meta":"","stick-header-meta":"","header-above-stick-meta":"","header-main-stick-meta":"","header-below-stick-meta":"","astra-migrate-meta-layouts":"default","ast-page-background-enabled":"default","ast-page-background-meta":{"desktop":{"background-color":"var(--ast-global-color-4)","background-image":"","background-repeat":"repeat","background-position":"center center","background-size":"auto","background-attachment":"scroll","background-type":"","background-media":"","overlay-type":"","overlay-color":"","overlay-opacity":"","overlay-gradient":""},"tablet":{"background-color":"","background-image":"","background-repeat":"repeat","background-position":"center center","background-size":"auto","background-attachment":"scroll","background-type":"","background-media":"","overlay-type":"","overlay-color":"","overlay-opacity":"","overlay-gradient":""},"mobile":{"background-color":"","background-image":"","background-repeat":"repeat","background-position":"center center","background-size":"auto","background-attachment":"scroll","background-type":"","background-media":"","overlay-type":"","overlay-color":"","overlay-opacity":"","overlay-gradient":""}},"ast-content-background-meta":{"desktop":{"background-color":"var(--ast-global-color-5)","background-image":"","background-repeat":"repeat","background-position":"center center","background-size":"auto","background-attachment":"scroll","background-type":"","background-media":"","overlay-type":"","overlay-color":"","overlay-opacity":"","overlay-gradient":""},"tablet":{"background-color":"var(--ast-global-color-5)","background-image":"","background-repeat":"repeat","background-position":"center center","background-size":"auto","background-attachment":"scroll","background-type":"","background-media":"","overlay-type":"","overlay-color":"","overlay-opacity":"","overlay-gradient":""},"mobile":{"background-color":"var(--ast-global-color-5)","background-image":"","background-repeat":"repeat","background-position":"center center","background-size":"auto","background-attachment":"scroll","background-type":"","background-media":"","overlay-type":"","overlay-color":"","overlay-opacity":"","overlay-gradient":""}},"footnotes":""},"class_list":["post-852","page","type-page","status-publish","hentry"],"post_mailing_queue_ids":[],"_links":{"self":[{"href":"https:\/\/agora.xtec.cat\/ies-pompeu-fabra-martorell\/wp-json\/wp\/v2\/pages\/852","targetHints":{"allow":["GET"]}}],"collection":[{"href":"https:\/\/agora.xtec.cat\/ies-pompeu-fabra-martorell\/wp-json\/wp\/v2\/pages"}],"about":[{"href":"https:\/\/agora.xtec.cat\/ies-pompeu-fabra-martorell\/wp-json\/wp\/v2\/types\/page"}],"author":[{"embeddable":true,"href":"https:\/\/agora.xtec.cat\/ies-pompeu-fabra-martorell\/wp-json\/wp\/v2\/users\/1"}],"replies":[{"embeddable":true,"href":"https:\/\/agora.xtec.cat\/ies-pompeu-fabra-martorell\/wp-json\/wp\/v2\/comments?post=852"}],"version-history":[{"count":2,"href":"https:\/\/agora.xtec.cat\/ies-pompeu-fabra-martorell\/wp-json\/wp\/v2\/pages\/852\/revisions"}],"predecessor-version":[{"id":854,"href":"https:\/\/agora.xtec.cat\/ies-pompeu-fabra-martorell\/wp-json\/wp\/v2\/pages\/852\/revisions\/854"}],"up":[{"embeddable":true,"href":"https:\/\/agora.xtec.cat\/ies-pompeu-fabra-martorell\/wp-json\/wp\/v2\/pages\/714"}],"wp:attachment":[{"href":"https:\/\/agora.xtec.cat\/ies-pompeu-fabra-martorell\/wp-json\/wp\/v2\/media?parent=852"}],"curies":[{"name":"wp","href":"https:\/\/api.w.org\/{rel}","templated":true}]}}