{"id":714,"date":"2021-01-23T18:44:56","date_gmt":"2021-01-23T17:44:56","guid":{"rendered":"https:\/\/agora.xtec.cat\/ies-pompeu-fabra-martorell\/?page_id=714"},"modified":"2026-01-18T19:18:49","modified_gmt":"2026-01-18T18:18:49","slug":"projectes-de-centre","status":"publish","type":"page","link":"https:\/\/agora.xtec.cat\/ies-pompeu-fabra-martorell\/projectes-de-centre\/","title":{"rendered":"Projectes de Centre"},"content":{"rendered":"<header class=\"entry-header\">L\u2019institut Pompeu Fabra \u00e9s un centre actiu, viu i plural.\u00a0 Un dels principals objectius \u00e9s fonamentar entre l\u2019alumnat una actitud curiosa, cr\u00edtica i investigadora mitjan\u00e7ant la comunicaci\u00f3 i el treball, tan individual, en grup, en parelles\u2026 per un bon sistema d\u2019adquisici\u00f3 dels aprenentatges i la seva formaci\u00f3. L\u2019objectiu \u00e9s aconseguir que l\u2019alumnat sigui l\u2019aut\u00e8ntic protagonista del seu aprenentatge sempre estimulat i orientat pels docents.<\/header>\n<div class=\"entry-content\">L\u2019Institut ofereix en una gran varietat de projectes per tal d\u2019arribar a tots els interessos del nostre alumnat.<\/div>\n<div><\/div>\n<div><\/div>\n<h6>PROJECTES<\/h6>\n<div class=\"entry-content\">\n<ul>\n<li>Erasmus +<\/li>\n<li>La nostra Bibliteca<\/li>\n<li>SIEI.<\/li>\n<li>Florence<\/li>\n<li><a href=\"https:\/\/agora.xtec.cat\/ies-pompeu-fabra-martorell\/categoria\/projectes\/hort\/\" target=\"_blank\" rel=\"noopener\">Projecte Hort<\/a><\/li>\n<li><a href=\"https:\/\/agora.xtec.cat\/ies-pompeu-fabra-martorell\/categoria\/projectes\/rius\/\" target=\"_blank\" rel=\"noopener\">Projecte Rius<\/a><\/li>\n<li>Revista<\/li>\n<li>Cr\u00e8dit de S\u00edntesi<\/li>\n<li>Teatre<\/li>\n<li>Campus \u00edtaca<\/li>\n<\/ul>\n<p>&nbsp;<\/p>\n<h4><\/h4>\n<h4><\/h4>\n<h4><\/h4>\n<h4><\/h4>\n<h4><\/h4>\n<\/div>\n<h4><\/h4>\n<p>&nbsp;<\/p>\n<p>&nbsp;<\/p>\n<p><a href=\"http:\/\/https:\/\/agora.xtec.cat\/ies-pompeu-fabra-martorell\/categoria\/projectes\/erasmus\/\" target=\"_blank\" rel=\"noopener\"><img loading=\"lazy\" decoding=\"async\" class=\"alignleft wp-image-3114\" src=\"https:\/\/agora.xtec.cat\/ies-pompeu-fabra-martorell\/wp-content\/uploads\/usu2046\/2023\/02\/erasmus2019-1024x605.jpg\" alt=\"\" width=\"450\" height=\"266\" srcset=\"https:\/\/agora.xtec.cat\/ies-pompeu-fabra-martorell\/wp-content\/uploads\/usu2046\/2023\/02\/erasmus2019-1024x605.jpg 1024w, https:\/\/agora.xtec.cat\/ies-pompeu-fabra-martorell\/wp-content\/uploads\/usu2046\/2023\/02\/erasmus2019-300x177.jpg 300w, https:\/\/agora.xtec.cat\/ies-pompeu-fabra-martorell\/wp-content\/uploads\/usu2046\/2023\/02\/erasmus2019-768x453.jpg 768w, https:\/\/agora.xtec.cat\/ies-pompeu-fabra-martorell\/wp-content\/uploads\/usu2046\/2023\/02\/erasmus2019.jpg 1140w\" sizes=\"auto, (max-width: 450px) 100vw, 450px\" \/><\/a><\/p>\n<p>&nbsp;<\/p>\n<p>&nbsp;<\/p>\n<p>&nbsp;<\/p>\n<p>&nbsp;<\/p>\n<p>&nbsp;<\/p>\n<h4><\/h4>\n<p>&nbsp;<\/p>\n","protected":false},"excerpt":{"rendered":"<p>L\u2019institut Pompeu Fabra \u00e9s un centre actiu, viu i plural.\u00a0 Un dels principals objectius \u00e9s fonamentar entre l\u2019alumnat una actitud curiosa, cr\u00edtica i investigadora mitjan\u00e7ant la comunicaci\u00f3 i el treball, tan individual, en grup, en parelles\u2026 per un bon sistema d\u2019adquisici\u00f3 dels aprenentatges i la seva formaci\u00f3. L\u2019objectiu \u00e9s aconseguir que l\u2019alumnat sigui l\u2019aut\u00e8ntic protagonista [&hellip;]<\/p>\n","protected":false},"author":1,"featured_media":0,"parent":0,"menu_order":0,"comment_status":"closed","ping_status":"closed","template":"","meta":{"_bbp_topic_count":0,"_bbp_reply_count":0,"_bbp_total_topic_count":0,"_bbp_total_reply_count":0,"_bbp_voice_count":0,"_bbp_anonymous_reply_count":0,"_bbp_topic_count_hidden":0,"_bbp_reply_count_hidden":0,"_bbp_forum_subforum_count":0,"site-sidebar-layout":"default","site-content-layout":"","ast-site-content-layout":"default","site-content-style":"default","site-sidebar-style":"default","ast-global-header-display":"","ast-banner-title-visibility":"","ast-main-header-display":"","ast-hfb-above-header-display":"","ast-hfb-below-header-display":"","ast-hfb-mobile-header-display":"","site-post-title":"","ast-breadcrumbs-content":"","ast-featured-img":"","footer-sml-layout":"","theme-transparent-header-meta":"default","adv-header-id-meta":"","stick-header-meta":"","header-above-stick-meta":"","header-main-stick-meta":"","header-below-stick-meta":"","astra-migrate-meta-layouts":"set","ast-page-background-enabled":"default","ast-page-background-meta":{"desktop":{"background-color":"var(--ast-global-color-4)","background-image":"","background-repeat":"repeat","background-position":"center center","background-size":"auto","background-attachment":"scroll","background-type":"","background-media":"","overlay-type":"","overlay-color":"","overlay-opacity":"","overlay-gradient":""},"tablet":{"background-color":"","background-image":"","background-repeat":"repeat","background-position":"center center","background-size":"auto","background-attachment":"scroll","background-type":"","background-media":"","overlay-type":"","overlay-color":"","overlay-opacity":"","overlay-gradient":""},"mobile":{"background-color":"","background-image":"","background-repeat":"repeat","background-position":"center center","background-size":"auto","background-attachment":"scroll","background-type":"","background-media":"","overlay-type":"","overlay-color":"","overlay-opacity":"","overlay-gradient":""}},"ast-content-background-meta":{"desktop":{"background-color":"var(--ast-global-color-5)","background-image":"","background-repeat":"repeat","background-position":"center center","background-size":"auto","background-attachment":"scroll","background-type":"","background-media":"","overlay-type":"","overlay-color":"","overlay-opacity":"","overlay-gradient":""},"tablet":{"background-color":"var(--ast-global-color-5)","background-image":"","background-repeat":"repeat","background-position":"center center","background-size":"auto","background-attachment":"scroll","background-type":"","background-media":"","overlay-type":"","overlay-color":"","overlay-opacity":"","overlay-gradient":""},"mobile":{"background-color":"var(--ast-global-color-5)","background-image":"","background-repeat":"repeat","background-position":"center center","background-size":"auto","background-attachment":"scroll","background-type":"","background-media":"","overlay-type":"","overlay-color":"","overlay-opacity":"","overlay-gradient":""}},"footnotes":""},"class_list":["post-714","page","type-page","status-publish","hentry"],"post_mailing_queue_ids":[],"_links":{"self":[{"href":"https:\/\/agora.xtec.cat\/ies-pompeu-fabra-martorell\/wp-json\/wp\/v2\/pages\/714","targetHints":{"allow":["GET"]}}],"collection":[{"href":"https:\/\/agora.xtec.cat\/ies-pompeu-fabra-martorell\/wp-json\/wp\/v2\/pages"}],"about":[{"href":"https:\/\/agora.xtec.cat\/ies-pompeu-fabra-martorell\/wp-json\/wp\/v2\/types\/page"}],"author":[{"embeddable":true,"href":"https:\/\/agora.xtec.cat\/ies-pompeu-fabra-martorell\/wp-json\/wp\/v2\/users\/1"}],"replies":[{"embeddable":true,"href":"https:\/\/agora.xtec.cat\/ies-pompeu-fabra-martorell\/wp-json\/wp\/v2\/comments?post=714"}],"version-history":[{"count":6,"href":"https:\/\/agora.xtec.cat\/ies-pompeu-fabra-martorell\/wp-json\/wp\/v2\/pages\/714\/revisions"}],"predecessor-version":[{"id":6639,"href":"https:\/\/agora.xtec.cat\/ies-pompeu-fabra-martorell\/wp-json\/wp\/v2\/pages\/714\/revisions\/6639"}],"wp:attachment":[{"href":"https:\/\/agora.xtec.cat\/ies-pompeu-fabra-martorell\/wp-json\/wp\/v2\/media?parent=714"}],"curies":[{"name":"wp","href":"https:\/\/api.w.org\/{rel}","templated":true}]}}