{"id":687,"date":"2021-01-23T17:05:32","date_gmt":"2021-01-23T16:05:32","guid":{"rendered":"https:\/\/agora.xtec.cat\/ies-pompeu-fabra-martorell\/?page_id=687"},"modified":"2021-04-09T10:39:11","modified_gmt":"2021-04-09T08:39:11","slug":"preinscripcio","status":"publish","type":"page","link":"https:\/\/agora.xtec.cat\/ies-pompeu-fabra-martorell\/preinscripcio\/","title":{"rendered":"Preinscripci\u00f3"},"content":{"rendered":"<h3>INFORMACI\u00d3 DEL DEPARTAMENT<\/h3>\n<p>Avui posem en marxa el nou web\u00a0<strong><a href=\"https:\/\/preinscripcio.gencat.cat\/ca\/inici\/\" target=\"_blank\" rel=\"noopener noreferrer\" data-saferedirecturl=\"https:\/\/www.google.com\/url?q=https:\/\/preinscripcio.gencat.cat\/ca\/inici\/&amp;source=gmail&amp;ust=1613814591415000&amp;usg=AFQjCNGEAYmRoNRqHOLeutYRntOcdm30oA\">preinscripcio.gencat.cat<\/a><\/strong>, que neix de la voluntat d\u2019acompanyar millor les fam\u00edlies durant el proc\u00e9s de preinscripci\u00f3 2021-2022 als ensenyaments obligatoris. Aquest nou portal tem\u00e0tic veu la llum en el context de pand\u00e8mia per la covid-19 i permetr\u00e0 donar suport en la tramitaci\u00f3 telem\u00e0tica de la preinscripci\u00f3.<\/p>\n<p>El nou web \u00e9s responsiu i, per tant, es pot consultar des de qualsevol dispositiu m\u00f2bil. Aquest portal presenta els continguts redactats en un llenguatge planer i inclou un ampli centre de suport per a cadascun dels estudis. En aquest espai es poden trobar podcasts, v\u00eddeos, un glossari i tamb\u00e9 un ampli apartat de preguntes m\u00e9s freq\u00fcents, on es dona resposta als dubtes que es plantegen les fam\u00edlies m\u00e9s sovint a l\u2019hora de formalitzar la preinscripci\u00f3 dels seus fills i filles.<\/p>\n<p>A m\u00e9s, incorpora al men\u00fa superior un bot\u00f3 de traducci\u00f3 autom\u00e0tica, que permet navegar per tot el web en catal\u00e0, castell\u00e0, occit\u00e0-aran\u00e8s, angl\u00e8s, franc\u00e8s, itali\u00e0, portugu\u00e8s i alemany.<\/p>\n<p>Fins ara tota aquesta informaci\u00f3 estava integrada en el web\u00a0<a href=\"http:\/\/queestudiar.gencat.cat\/\" target=\"_blank\" rel=\"noopener noreferrer\" data-saferedirecturl=\"https:\/\/www.google.com\/url?q=http:\/\/queestudiar.gencat.cat\/&amp;source=gmail&amp;ust=1613814591415000&amp;usg=AFQjCNEG8nGLGaWOOxQRD_XhUEY5a6kZoQ\">Estudiar a Catalunya<\/a>, que est\u00e0 en proc\u00e9s de redisseny i reconceptualitzaci\u00f3 total per al primer trimestre de 2022.<\/p>\n<p>Continuem treballant per poder oferir serveis de qualitat, accessibles,\u00a0i que ajudin les fam\u00edlies i alumnes en l\u2019elecci\u00f3 dels centres educatius.<\/p>\n<p>Rebeu una salutaci\u00f3 cordial.<\/p>\n<p>Departament d&#8217;Educaci\u00f3<\/p>\n","protected":false},"excerpt":{"rendered":"<p>INFORMACI\u00d3 DEL DEPARTAMENT Avui posem en marxa el nou web\u00a0preinscripcio.gencat.cat, que neix de la voluntat d\u2019acompanyar millor les fam\u00edlies durant el proc\u00e9s de preinscripci\u00f3 2021-2022 als ensenyaments obligatoris. Aquest nou portal tem\u00e0tic veu la llum en el context de pand\u00e8mia per la covid-19 i permetr\u00e0 donar suport en la tramitaci\u00f3 telem\u00e0tica de la preinscripci\u00f3. El [&hellip;]<\/p>\n","protected":false},"author":1,"featured_media":0,"parent":0,"menu_order":0,"comment_status":"closed","ping_status":"closed","template":"","meta":{"_bbp_topic_count":0,"_bbp_reply_count":0,"_bbp_total_topic_count":0,"_bbp_total_reply_count":0,"_bbp_voice_count":0,"_bbp_anonymous_reply_count":0,"_bbp_topic_count_hidden":0,"_bbp_reply_count_hidden":0,"_bbp_forum_subforum_count":0,"site-sidebar-layout":"default","site-content-layout":"","ast-site-content-layout":"","site-content-style":"default","site-sidebar-style":"default","ast-global-header-display":"","ast-banner-title-visibility":"","ast-main-header-display":"","ast-hfb-above-header-display":"","ast-hfb-below-header-display":"","ast-hfb-mobile-header-display":"","site-post-title":"","ast-breadcrumbs-content":"","ast-featured-img":"","footer-sml-layout":"","theme-transparent-header-meta":"","adv-header-id-meta":"","stick-header-meta":"","header-above-stick-meta":"","header-main-stick-meta":"","header-below-stick-meta":"","astra-migrate-meta-layouts":"default","ast-page-background-enabled":"default","ast-page-background-meta":{"desktop":{"background-color":"var(--ast-global-color-4)","background-image":"","background-repeat":"repeat","background-position":"center center","background-size":"auto","background-attachment":"scroll","background-type":"","background-media":"","overlay-type":"","overlay-color":"","overlay-opacity":"","overlay-gradient":""},"tablet":{"background-color":"","background-image":"","background-repeat":"repeat","background-position":"center center","background-size":"auto","background-attachment":"scroll","background-type":"","background-media":"","overlay-type":"","overlay-color":"","overlay-opacity":"","overlay-gradient":""},"mobile":{"background-color":"","background-image":"","background-repeat":"repeat","background-position":"center center","background-size":"auto","background-attachment":"scroll","background-type":"","background-media":"","overlay-type":"","overlay-color":"","overlay-opacity":"","overlay-gradient":""}},"ast-content-background-meta":{"desktop":{"background-color":"var(--ast-global-color-5)","background-image":"","background-repeat":"repeat","background-position":"center center","background-size":"auto","background-attachment":"scroll","background-type":"","background-media":"","overlay-type":"","overlay-color":"","overlay-opacity":"","overlay-gradient":""},"tablet":{"background-color":"var(--ast-global-color-5)","background-image":"","background-repeat":"repeat","background-position":"center center","background-size":"auto","background-attachment":"scroll","background-type":"","background-media":"","overlay-type":"","overlay-color":"","overlay-opacity":"","overlay-gradient":""},"mobile":{"background-color":"var(--ast-global-color-5)","background-image":"","background-repeat":"repeat","background-position":"center center","background-size":"auto","background-attachment":"scroll","background-type":"","background-media":"","overlay-type":"","overlay-color":"","overlay-opacity":"","overlay-gradient":""}},"footnotes":""},"class_list":["post-687","page","type-page","status-publish","hentry"],"post_mailing_queue_ids":[],"_links":{"self":[{"href":"https:\/\/agora.xtec.cat\/ies-pompeu-fabra-martorell\/wp-json\/wp\/v2\/pages\/687","targetHints":{"allow":["GET"]}}],"collection":[{"href":"https:\/\/agora.xtec.cat\/ies-pompeu-fabra-martorell\/wp-json\/wp\/v2\/pages"}],"about":[{"href":"https:\/\/agora.xtec.cat\/ies-pompeu-fabra-martorell\/wp-json\/wp\/v2\/types\/page"}],"author":[{"embeddable":true,"href":"https:\/\/agora.xtec.cat\/ies-pompeu-fabra-martorell\/wp-json\/wp\/v2\/users\/1"}],"replies":[{"embeddable":true,"href":"https:\/\/agora.xtec.cat\/ies-pompeu-fabra-martorell\/wp-json\/wp\/v2\/comments?post=687"}],"version-history":[{"count":3,"href":"https:\/\/agora.xtec.cat\/ies-pompeu-fabra-martorell\/wp-json\/wp\/v2\/pages\/687\/revisions"}],"predecessor-version":[{"id":1411,"href":"https:\/\/agora.xtec.cat\/ies-pompeu-fabra-martorell\/wp-json\/wp\/v2\/pages\/687\/revisions\/1411"}],"wp:attachment":[{"href":"https:\/\/agora.xtec.cat\/ies-pompeu-fabra-martorell\/wp-json\/wp\/v2\/media?parent=687"}],"curies":[{"name":"wp","href":"https:\/\/api.w.org\/{rel}","templated":true}]}}