{"id":6654,"date":"2026-01-26T09:08:38","date_gmt":"2026-01-26T08:08:38","guid":{"rendered":"https:\/\/agora.xtec.cat\/ies-pompeu-fabra-martorell\/?page_id=6654"},"modified":"2026-02-27T11:39:40","modified_gmt":"2026-02-27T10:39:40","slug":"proves-per-obtenir-el-graduat-en-eso-geso","status":"publish","type":"page","link":"https:\/\/agora.xtec.cat\/ies-pompeu-fabra-martorell\/secretaria\/tramits-2\/proves-per-obtenir-el-graduat-en-eso-geso\/","title":{"rendered":"Proves per obtenir el graduat en ESO (GESO)"},"content":{"rendered":"<div class=\"elementor-element elementor-element-7f35c49 elementor-widget elementor-widget-text-editor\" data-id=\"7f35c49\" data-element_type=\"widget\" data-widget_type=\"text-editor.default\">\n<div class=\"elementor-widget-container\">\n<h2><a href=\"https:\/\/agora.xtec.cat\/ies-pompeu-fabra-martorell\/wp-content\/uploads\/usu2046\/2026\/02\/Calendari-i-llista-dadmesos.pdf\">Calendari i llista d&#8217;admesos<\/a><\/h2>\n<p>&nbsp;<\/p>\n<p>Cada any es convoquen proves per a l\u2019obtenci\u00f3 del t\u00edtol de graduat\/ada en educaci\u00f3 secund\u00e0ria obligat\u00f2ria (GESO), per als alumnes que no l\u2019hagin obtingut en finalitzar l\u2019etapa.<\/p>\n<\/div>\n<\/div>\n<div class=\"elementor-element elementor-element-bb05e2c elementor-widget elementor-widget-text-editor\" data-id=\"bb05e2c\" data-element_type=\"widget\" data-widget_type=\"text-editor.default\">\n<div class=\"elementor-widget-container\">\n<p>Es poden presentar a la prova les persones que compleixen\u00a0<strong>els dos<\/strong>\u00a0requisits seg\u00fcents:<\/p>\n<\/div>\n<\/div>\n<div class=\"elementor-element elementor-element-4d83766 elementor-widget elementor-widget-text-editor\" data-id=\"4d83766\" data-element_type=\"widget\" data-widget_type=\"text-editor.default\">\n<div class=\"elementor-widget-container\">\n<ol>\n<li>Tenir almenys 18 anys o complir-los l\u2019any 2026. L\u2019edat requerida es podr\u00e0 rebaixar fins als setze anys sempre que l\u2019alumne o alumna compleixi alguna de les condicions seg\u00fcents:\n<ul>\n<li>tenir un contracte laboral que els impedeixi d\u2019assistir al centre en r\u00e8gim ordinari,<\/li>\n<li>trobar-se en proc\u00e9s d\u2019obtenir un perm\u00eds de treball,<\/li>\n<li>ser esportista d\u2019alt rendiment (cal presentar una certificaci\u00f3 del Consell Catal\u00e0 de l\u2019Esport que acredita que consta en el programa de tecnificaci\u00f3 (ARC) de la federaci\u00f3 catalana corresponent) o<\/li>\n<li>tenir un expedient d\u2019homologaci\u00f3 obert d\u2019estudis estrangers al t\u00edtol de GESO.<\/li>\n<\/ul>\n<\/li>\n<li>Haver finalitzat l\u2019ESO l\u2019any 2024 o 2025 sense haver obtingut el t\u00edtol o haver finalitzat l\u2019equivalent del quart curs de l\u2019ESO en un sistema educatiu estranger amb mat\u00e8ries amb avaluaci\u00f3 negativa en cursos anteriors.De manera excepcional, tamb\u00e9 s\u2019hi poden acollir alumnes amb informe de reconeixement de necessitats educatives especials, em\u00e8s per l\u2019equip d\u2019assessorament psicopedag\u00f2gic (EAP), per als quals es va elaborar un pla de suport individualitzat durant el per\u00edode compr\u00e8s entre els cursos 2017-2018 i 2022-2023.<\/li>\n<\/ol>\n<\/div>\n<\/div>\n<div class=\"elementor-element elementor-element-bf26c24 elementor-widget elementor-widget-text-editor\" data-id=\"bf26c24\" data-element_type=\"widget\" data-widget_type=\"text-editor.default\">\n<div class=\"elementor-widget-container\">\n<p>Per saber-ne m\u00e9s podeu consultar\u00a0<a href=\"https:\/\/educacio.gencat.cat\/ca\/serveis-tramits\/proves\/proves-lliures-obtencio-titols\/obtencio-titol-eso\/index.html\" target=\"_blank\" rel=\"noopener\">Proves obtenci\u00f3 titol GESO.<\/a><\/p>\n<h2 id=\"h22\">Calendari<\/h2>\n<table width=\"131%\">\n<tbody>\n<tr>\n<td width=\"61%\">Termini de presentaci\u00f3 de sol\u00b7licituds d&#8217;inscripci\u00f3<\/td>\n<td width=\"38%\">Entre el 2\u00a0i el 13\u00a0de febrer de 2026\u200b\u200b<\/td>\n<\/tr>\n<tr>\n<td width=\"61%\"><\/td>\n<td width=\"38%\"><\/td>\n<\/tr>\n<tr>\n<td width=\"61%\">Termini de presentaci\u00f3 de reclamacions a la relaci\u00f3 d\u2019admesos i exclosos.<\/td>\n<td width=\"38%\">Del 3\u00a0al 5\u00a0de mar\u00e7\u00a0de 2026<\/td>\n<\/tr>\n<tr>\n<td width=\"61%\">\u200b\u200bRealitzaci\u00f3 de la prova\u200b\u200b\u200b\u200b\u200b<\/td>\n<td width=\"38%\">\u200bProperament \u200b<\/td>\n<\/tr>\n<tr>\n<td width=\"61%\">\u200bRelaci\u00f3 d\u2019alumnes presentats i de les qualificaci\u200bons obtingudes<\/td>\n<td width=\"38%\">\u200bDeu dies lectius seg\u00fcents a la realitzaci\u00f3 de la prova<\/td>\n<\/tr>\n<tr>\n<td width=\"61%\">\u200bTermini de presentaci\u00f3 de reclamacions a les qualificacions obtingudes<\/td>\n<td width=\"38%\">\u200bDurant els tres dies h\u00e0bils seg\u00fcents a la data d\u2019informaci\u00f3 dels resultats obtinguts<\/td>\n<\/tr>\n<tr>\n<td width=\"61%\">\u200bSi hi ha reclamacions, la direcci\u00f3 del centre convoca una reuni\u00f3 extraordin\u00e0ria de la sessi\u00f3 d\u2019avaluaci\u00f3<\/td>\n<td width=\"38%\">En un termini de 48 hores despr\u00e9s que acabi el termini de presentaci\u00f3 de reclamacions\u200b<\/td>\n<\/tr>\n<\/tbody>\n<\/table>\n<\/div>\n<\/div>\n<p>&nbsp;<\/p>\n","protected":false},"excerpt":{"rendered":"<p>Calendari i llista d&#8217;admesos &nbsp; Cada any es convoquen proves per a l\u2019obtenci\u00f3 del t\u00edtol de graduat\/ada en educaci\u00f3 secund\u00e0ria obligat\u00f2ria (GESO), per als alumnes que no l\u2019hagin obtingut en finalitzar l\u2019etapa. Es poden presentar a la prova les persones que compleixen\u00a0els dos\u00a0requisits seg\u00fcents: Tenir almenys 18 anys o complir-los l\u2019any 2026. L\u2019edat requerida es [&hellip;]<\/p>\n","protected":false},"author":1,"featured_media":0,"parent":4901,"menu_order":0,"comment_status":"closed","ping_status":"closed","template":"","meta":{"_bbp_topic_count":0,"_bbp_reply_count":0,"_bbp_total_topic_count":0,"_bbp_total_reply_count":0,"_bbp_voice_count":0,"_bbp_anonymous_reply_count":0,"_bbp_topic_count_hidden":0,"_bbp_reply_count_hidden":0,"_bbp_forum_subforum_count":0,"site-sidebar-layout":"default","site-content-layout":"","ast-site-content-layout":"default","site-content-style":"default","site-sidebar-style":"default","ast-global-header-display":"","ast-banner-title-visibility":"","ast-main-header-display":"","ast-hfb-above-header-display":"","ast-hfb-below-header-display":"","ast-hfb-mobile-header-display":"","site-post-title":"","ast-breadcrumbs-content":"","ast-featured-img":"","footer-sml-layout":"","theme-transparent-header-meta":"default","adv-header-id-meta":"","stick-header-meta":"","header-above-stick-meta":"","header-main-stick-meta":"","header-below-stick-meta":"","astra-migrate-meta-layouts":"set","ast-page-background-enabled":"default","ast-page-background-meta":{"desktop":{"background-color":"var(--ast-global-color-4)","background-image":"","background-repeat":"repeat","background-position":"center center","background-size":"auto","background-attachment":"scroll","background-type":"","background-media":"","overlay-type":"","overlay-color":"","overlay-opacity":"","overlay-gradient":""},"tablet":{"background-color":"","background-image":"","background-repeat":"repeat","background-position":"center center","background-size":"auto","background-attachment":"scroll","background-type":"","background-media":"","overlay-type":"","overlay-color":"","overlay-opacity":"","overlay-gradient":""},"mobile":{"background-color":"","background-image":"","background-repeat":"repeat","background-position":"center center","background-size":"auto","background-attachment":"scroll","background-type":"","background-media":"","overlay-type":"","overlay-color":"","overlay-opacity":"","overlay-gradient":""}},"ast-content-background-meta":{"desktop":{"background-color":"var(--ast-global-color-5)","background-image":"","background-repeat":"repeat","background-position":"center center","background-size":"auto","background-attachment":"scroll","background-type":"","background-media":"","overlay-type":"","overlay-color":"","overlay-opacity":"","overlay-gradient":""},"tablet":{"background-color":"var(--ast-global-color-5)","background-image":"","background-repeat":"repeat","background-position":"center center","background-size":"auto","background-attachment":"scroll","background-type":"","background-media":"","overlay-type":"","overlay-color":"","overlay-opacity":"","overlay-gradient":""},"mobile":{"background-color":"var(--ast-global-color-5)","background-image":"","background-repeat":"repeat","background-position":"center center","background-size":"auto","background-attachment":"scroll","background-type":"","background-media":"","overlay-type":"","overlay-color":"","overlay-opacity":"","overlay-gradient":""}},"footnotes":""},"class_list":["post-6654","page","type-page","status-publish","hentry"],"post_mailing_queue_ids":[],"_links":{"self":[{"href":"https:\/\/agora.xtec.cat\/ies-pompeu-fabra-martorell\/wp-json\/wp\/v2\/pages\/6654","targetHints":{"allow":["GET"]}}],"collection":[{"href":"https:\/\/agora.xtec.cat\/ies-pompeu-fabra-martorell\/wp-json\/wp\/v2\/pages"}],"about":[{"href":"https:\/\/agora.xtec.cat\/ies-pompeu-fabra-martorell\/wp-json\/wp\/v2\/types\/page"}],"author":[{"embeddable":true,"href":"https:\/\/agora.xtec.cat\/ies-pompeu-fabra-martorell\/wp-json\/wp\/v2\/users\/1"}],"replies":[{"embeddable":true,"href":"https:\/\/agora.xtec.cat\/ies-pompeu-fabra-martorell\/wp-json\/wp\/v2\/comments?post=6654"}],"version-history":[{"count":7,"href":"https:\/\/agora.xtec.cat\/ies-pompeu-fabra-martorell\/wp-json\/wp\/v2\/pages\/6654\/revisions"}],"predecessor-version":[{"id":6942,"href":"https:\/\/agora.xtec.cat\/ies-pompeu-fabra-martorell\/wp-json\/wp\/v2\/pages\/6654\/revisions\/6942"}],"up":[{"embeddable":true,"href":"https:\/\/agora.xtec.cat\/ies-pompeu-fabra-martorell\/wp-json\/wp\/v2\/pages\/4901"}],"wp:attachment":[{"href":"https:\/\/agora.xtec.cat\/ies-pompeu-fabra-martorell\/wp-json\/wp\/v2\/media?parent=6654"}],"curies":[{"name":"wp","href":"https:\/\/api.w.org\/{rel}","templated":true}]}}