{"id":6119,"date":"2025-06-05T21:24:54","date_gmt":"2025-06-05T19:24:54","guid":{"rendered":"https:\/\/agora.xtec.cat\/ies-pompeu-fabra-martorell\/?page_id=6119"},"modified":"2026-02-12T12:00:49","modified_gmt":"2026-02-12T11:00:49","slug":"criteris-davaluacio-1r-deso","status":"publish","type":"page","link":"https:\/\/agora.xtec.cat\/ies-pompeu-fabra-martorell\/documents-de-centre\/criteris-davaluacio\/criteris-davaluacio-1r-deso\/","title":{"rendered":"Criteris d\u2019avaluaci\u00f3 1r d&#8217;ESO"},"content":{"rendered":"<p><b>Mat\u00e8ries:<\/b><\/p>\n<p><a href=\"https:\/\/agora.xtec.cat\/ies-pompeu-fabra-martorell\/wp-content\/uploads\/usu2046\/2026\/02\/PF-2526-1ESO-CA-CASTELLA.pdf\">PF 2526 1ESO CA CASTELL\u00c0<\/a><\/p>\n<p><a href=\"https:\/\/agora.xtec.cat\/ies-pompeu-fabra-martorell\/wp-content\/uploads\/usu2046\/2026\/02\/PF-2526-1ESO-CA-CATALA.pdf\">PF 2526 1ESO CA CATAL\u00c0<\/a><\/p>\n<p><a href=\"https:\/\/agora.xtec.cat\/ies-pompeu-fabra-martorell\/wp-content\/uploads\/usu2046\/2026\/02\/PF-2526-1ESO-CA-Educacio-fisica.pdf\">PF 2526 1ESO CA Educaci\u00f3 f\u00edsica<\/a><\/p>\n<p><a href=\"https:\/\/agora.xtec.cat\/ies-pompeu-fabra-martorell\/wp-content\/uploads\/usu2046\/2026\/02\/PF-2526-1ESO-CA-FRANCES.pdf\">PF 2526 1ESO CA FRANC\u00c8S<\/a><\/p>\n<p><a href=\"https:\/\/agora.xtec.cat\/ies-pompeu-fabra-martorell\/wp-content\/uploads\/usu2046\/2026\/02\/PF-2526-1ESO-CA-MAT.pdf\">PF 2526 1ESO CA MAT<\/a><\/p>\n<p><a href=\"https:\/\/agora.xtec.cat\/ies-pompeu-fabra-martorell\/wp-content\/uploads\/usu2046\/2026\/02\/PF-2526-1ESO-CA-MUSICA.pdf\">PF 2526 1ESO CA M\u00daSICA<\/a><\/p>\n<p><a href=\"https:\/\/agora.xtec.cat\/ies-pompeu-fabra-martorell\/wp-content\/uploads\/usu2046\/2026\/02\/PF-2526-1ESO-CA-OPTATIVA.Adopta-un-monstre.pdf\">PF 2526 1ESO CA OPTATIVA.Adopta un monstre<\/a><\/p>\n<p><a href=\"https:\/\/agora.xtec.cat\/ies-pompeu-fabra-martorell\/wp-content\/uploads\/usu2046\/2026\/02\/PF-2526-1ESO-CA-SOCIALS.pdf\">PF 2526 1ESO CA SOCIALS<\/a><\/p>\n<p><a href=\"https:\/\/agora.xtec.cat\/ies-pompeu-fabra-martorell\/wp-content\/uploads\/usu2046\/2026\/02\/PF-2526-1ESO-CA-TECNO.pdf\">PF 2526 1ESO CA TECNO<\/a><\/p>\n<p><a href=\"https:\/\/agora.xtec.cat\/ies-pompeu-fabra-martorell\/wp-content\/uploads\/usu2046\/2026\/02\/PF-2526-1ESO-CA-VIP.pdf\">PF 2526 1ESO CA VIP<\/a><\/p>\n<p><a href=\"https:\/\/agora.xtec.cat\/ies-pompeu-fabra-martorell\/wp-content\/uploads\/usu2046\/2026\/02\/PF-2526-1ESO-CA-ALEMANY.pdf\">PF 2526 1ESO CA ALEMANY<\/a><\/p>\n<p><a href=\"https:\/\/agora.xtec.cat\/ies-pompeu-fabra-martorell\/wp-content\/uploads\/usu2046\/2026\/02\/PF-2526-1ESO-CA-ANGLES.pdf\">PF 2526 1ESO CA ANGL\u00c8S<\/a><\/p>\n<p><a href=\"https:\/\/agora.xtec.cat\/ies-pompeu-fabra-martorell\/wp-content\/uploads\/usu2046\/2026\/02\/PF-2526-1ESO-CA-BIO.pdf\">PF 2526 1ESO CA BIO<\/a><\/p>\n","protected":false},"excerpt":{"rendered":"<p>Mat\u00e8ries: PF 2526 1ESO CA CASTELL\u00c0 PF 2526 1ESO CA CATAL\u00c0 PF 2526 1ESO CA Educaci\u00f3 f\u00edsica PF 2526 1ESO CA FRANC\u00c8S PF 2526 1ESO CA MAT PF 2526 1ESO CA M\u00daSICA PF 2526 1ESO CA OPTATIVA.Adopta un monstre PF 2526 1ESO CA SOCIALS PF 2526 1ESO CA TECNO PF 2526 1ESO CA VIP PF [&hellip;]<\/p>\n","protected":false},"author":1,"featured_media":0,"parent":6078,"menu_order":0,"comment_status":"closed","ping_status":"closed","template":"","meta":{"_bbp_topic_count":0,"_bbp_reply_count":0,"_bbp_total_topic_count":0,"_bbp_total_reply_count":0,"_bbp_voice_count":0,"_bbp_anonymous_reply_count":0,"_bbp_topic_count_hidden":0,"_bbp_reply_count_hidden":0,"_bbp_forum_subforum_count":0,"site-sidebar-layout":"default","site-content-layout":"","ast-site-content-layout":"default","site-content-style":"default","site-sidebar-style":"default","ast-global-header-display":"","ast-banner-title-visibility":"","ast-main-header-display":"","ast-hfb-above-header-display":"","ast-hfb-below-header-display":"","ast-hfb-mobile-header-display":"","site-post-title":"","ast-breadcrumbs-content":"","ast-featured-img":"","footer-sml-layout":"","theme-transparent-header-meta":"default","adv-header-id-meta":"","stick-header-meta":"","header-above-stick-meta":"","header-main-stick-meta":"","header-below-stick-meta":"","astra-migrate-meta-layouts":"set","ast-page-background-enabled":"default","ast-page-background-meta":{"desktop":{"background-color":"var(--ast-global-color-4)","background-image":"","background-repeat":"repeat","background-position":"center center","background-size":"auto","background-attachment":"scroll","background-type":"","background-media":"","overlay-type":"","overlay-color":"","overlay-opacity":"","overlay-gradient":""},"tablet":{"background-color":"","background-image":"","background-repeat":"repeat","background-position":"center center","background-size":"auto","background-attachment":"scroll","background-type":"","background-media":"","overlay-type":"","overlay-color":"","overlay-opacity":"","overlay-gradient":""},"mobile":{"background-color":"","background-image":"","background-repeat":"repeat","background-position":"center center","background-size":"auto","background-attachment":"scroll","background-type":"","background-media":"","overlay-type":"","overlay-color":"","overlay-opacity":"","overlay-gradient":""}},"ast-content-background-meta":{"desktop":{"background-color":"var(--ast-global-color-5)","background-image":"","background-repeat":"repeat","background-position":"center center","background-size":"auto","background-attachment":"scroll","background-type":"","background-media":"","overlay-type":"","overlay-color":"","overlay-opacity":"","overlay-gradient":""},"tablet":{"background-color":"var(--ast-global-color-5)","background-image":"","background-repeat":"repeat","background-position":"center center","background-size":"auto","background-attachment":"scroll","background-type":"","background-media":"","overlay-type":"","overlay-color":"","overlay-opacity":"","overlay-gradient":""},"mobile":{"background-color":"var(--ast-global-color-5)","background-image":"","background-repeat":"repeat","background-position":"center center","background-size":"auto","background-attachment":"scroll","background-type":"","background-media":"","overlay-type":"","overlay-color":"","overlay-opacity":"","overlay-gradient":""}},"footnotes":""},"class_list":["post-6119","page","type-page","status-publish","hentry"],"post_mailing_queue_ids":[],"_links":{"self":[{"href":"https:\/\/agora.xtec.cat\/ies-pompeu-fabra-martorell\/wp-json\/wp\/v2\/pages\/6119","targetHints":{"allow":["GET"]}}],"collection":[{"href":"https:\/\/agora.xtec.cat\/ies-pompeu-fabra-martorell\/wp-json\/wp\/v2\/pages"}],"about":[{"href":"https:\/\/agora.xtec.cat\/ies-pompeu-fabra-martorell\/wp-json\/wp\/v2\/types\/page"}],"author":[{"embeddable":true,"href":"https:\/\/agora.xtec.cat\/ies-pompeu-fabra-martorell\/wp-json\/wp\/v2\/users\/1"}],"replies":[{"embeddable":true,"href":"https:\/\/agora.xtec.cat\/ies-pompeu-fabra-martorell\/wp-json\/wp\/v2\/comments?post=6119"}],"version-history":[{"count":4,"href":"https:\/\/agora.xtec.cat\/ies-pompeu-fabra-martorell\/wp-json\/wp\/v2\/pages\/6119\/revisions"}],"predecessor-version":[{"id":6840,"href":"https:\/\/agora.xtec.cat\/ies-pompeu-fabra-martorell\/wp-json\/wp\/v2\/pages\/6119\/revisions\/6840"}],"up":[{"embeddable":true,"href":"https:\/\/agora.xtec.cat\/ies-pompeu-fabra-martorell\/wp-json\/wp\/v2\/pages\/6078"}],"wp:attachment":[{"href":"https:\/\/agora.xtec.cat\/ies-pompeu-fabra-martorell\/wp-json\/wp\/v2\/media?parent=6119"}],"curies":[{"name":"wp","href":"https:\/\/api.w.org\/{rel}","templated":true}]}}