{"id":6090,"date":"2025-06-05T21:02:39","date_gmt":"2025-06-05T19:02:39","guid":{"rendered":"https:\/\/agora.xtec.cat\/ies-pompeu-fabra-martorell\/?page_id=6090"},"modified":"2026-02-12T11:37:44","modified_gmt":"2026-02-12T10:37:44","slug":"criteris-davaluacio-1r-de-batxillerat","status":"publish","type":"page","link":"https:\/\/agora.xtec.cat\/ies-pompeu-fabra-martorell\/documents-de-centre\/criteris-davaluacio\/criteris-davaluacio-1r-de-batxillerat\/","title":{"rendered":"Criteris d&#8217;avaluaci\u00f3 1r de Batxillerat"},"content":{"rendered":"<p><b>Mat\u00e8ries:<\/b><\/p>\n<p><a href=\"https:\/\/agora.xtec.cat\/ies-pompeu-fabra-martorell\/wp-content\/uploads\/usu2046\/2026\/02\/PF-2526-1BATX-CA-OPTATIVA.-Literatura-Universal.pdf\" target=\"_blank\" rel=\"noopener\">PF 2526 1BATX CA OPTATIVA. Literatura Universal<\/a><\/p>\n<p><a href=\"https:\/\/agora.xtec.cat\/ies-pompeu-fabra-martorell\/wp-content\/uploads\/usu2046\/2026\/02\/PF-2526-1BATX-CA-Problematiques-Socials.pdf\">PF 2526 1BATX CA Problem\u00e0tiques Socials<\/a><\/p>\n<p><a href=\"https:\/\/agora.xtec.cat\/ies-pompeu-fabra-martorell\/wp-content\/uploads\/usu2046\/2026\/02\/PF-2526-1BATX-CA-PROGRAMACIO.pdf\">PF 2526 1BATX CA PROGRAMACI\u00d3<\/a><\/p>\n<p><a href=\"https:\/\/agora.xtec.cat\/ies-pompeu-fabra-martorell\/wp-content\/uploads\/usu2046\/2026\/02\/PF-2526-1BATX-CA-PROJECTES-Artistics.pdf\">PF 2526 1BATX CA PROJECTES Art\u00edstics<\/a><\/p>\n<p><a href=\"https:\/\/agora.xtec.cat\/ies-pompeu-fabra-martorell\/wp-content\/uploads\/usu2046\/2026\/02\/PF-2526-1BATX-CA-PSICOLOGIA.pdf\">PF 2526 1BATX CA PSICOLOGIA<\/a><\/p>\n<p><a href=\"https:\/\/agora.xtec.cat\/ies-pompeu-fabra-martorell\/wp-content\/uploads\/usu2046\/2026\/02\/PF-2526-1BATX-CA-PUBLICITAT.pdf\">PF 2526 1BATX CA PUBLICITAT<\/a><\/p>\n<p><a href=\"https:\/\/agora.xtec.cat\/ies-pompeu-fabra-martorell\/wp-content\/uploads\/usu2046\/2026\/02\/PF-2526-1BATX-CA-QUIMICA.pdf\">PF 2526 1BATX CA QU\u00cdMICA<\/a><\/p>\n<p><a href=\"https:\/\/agora.xtec.cat\/ies-pompeu-fabra-martorell\/wp-content\/uploads\/usu2046\/2026\/02\/PF-2526-1BATX-CA-REPTESBIO.pdf\">PF 2526 1BATX CA REPTESBIO<\/a><\/p>\n<p><a href=\"https:\/\/agora.xtec.cat\/ies-pompeu-fabra-martorell\/wp-content\/uploads\/usu2046\/2026\/02\/PF-2526-1BATX-CA-ROBOTICA.pdf\">PF 2526 1BATX CA ROB\u00d2TICA<\/a><\/p>\n<p><a href=\"https:\/\/agora.xtec.cat\/ies-pompeu-fabra-martorell\/wp-content\/uploads\/usu2046\/2026\/02\/PF-2526-1BATX-CA-TECNO.pdf\">PF 2526 1BATX CA TECNO<\/a><\/p>\n<p><a href=\"https:\/\/agora.xtec.cat\/ies-pompeu-fabra-martorell\/wp-content\/uploads\/usu2046\/2026\/02\/PF-2526-1BATX-CA-Volum.pdf\">PF 2526 1BATX CA Volum<\/a><\/p>\n<p><a href=\"https:\/\/agora.xtec.cat\/ies-pompeu-fabra-martorell\/wp-content\/uploads\/usu2046\/2026\/02\/PF-2526-BATX-CA-Educacio-fisica.pdf\">PF 2526 BATX CA Educaci\u00f3 f\u00edsica<\/a><\/p>\n<p><a href=\"https:\/\/agora.xtec.cat\/ies-pompeu-fabra-martorell\/wp-content\/uploads\/usu2046\/2026\/02\/PF-2526-1BATX-CA-2D-i-3D.pdf\">PF 2526 1BATX CA 2D i 3D<\/a><\/p>\n<p><a href=\"https:\/\/agora.xtec.cat\/ies-pompeu-fabra-martorell\/wp-content\/uploads\/usu2046\/2026\/02\/PF-2526-1BATX-CA-ALEMANY-Nivell-avancat.pdf\">PF 2526 1BATX CA ALEMANY Nivell avan\u00e7at<\/a><\/p>\n<p><a href=\"https:\/\/agora.xtec.cat\/ies-pompeu-fabra-martorell\/wp-content\/uploads\/usu2046\/2026\/02\/PF-2526-1BATX-CA-ALEMANY-Nivell-inicial.pdf\">PF 2526 1BATX CA ALEMANY Nivell inicial<\/a><\/p>\n<p><a href=\"https:\/\/agora.xtec.cat\/ies-pompeu-fabra-martorell\/wp-content\/uploads\/usu2046\/2026\/02\/PF-2526-1BATX-CA-ANGLES.pdf\">PF 2526 1BATX CA ANGL\u00c8S<\/a><\/p>\n<p><a href=\"https:\/\/agora.xtec.cat\/ies-pompeu-fabra-martorell\/wp-content\/uploads\/usu2046\/2026\/02\/PF-2526-1BATX-CA-Artistic-Dibuix-Tecnic-Artistic-I.pdf\">PF 2526 1BATX CA Art\u00edstic &#8211; Dibuix T\u00e8cnic Art\u00edstic I<\/a><\/p>\n<p><a href=\"https:\/\/agora.xtec.cat\/ies-pompeu-fabra-martorell\/wp-content\/uploads\/usu2046\/2026\/02\/PF-2526-1BATX-CA-BIO.pdf\">PF 2526 1BATX CA BIO<\/a><\/p>\n<p><a href=\"https:\/\/agora.xtec.cat\/ies-pompeu-fabra-martorell\/wp-content\/uploads\/usu2046\/2026\/02\/PF-2526-1BATX-CA-BIOMED.pdf\">PF 2526 1BATX CA BIOMED<\/a><\/p>\n<p><a href=\"https:\/\/agora.xtec.cat\/ies-pompeu-fabra-martorell\/wp-content\/uploads\/usu2046\/2026\/02\/PF-2526-1BATX-CA-CASTELLA.pdf\">PF 2526 1BATX CA CASTELL\u00c0<\/a><\/p>\n<p><a href=\"https:\/\/agora.xtec.cat\/ies-pompeu-fabra-martorell\/wp-content\/uploads\/usu2046\/2026\/02\/PF-2526-1BATX-CA-CATALA.pdf\">PF 2526 1BATX CA CATAL\u00c0<\/a><\/p>\n<p><a href=\"https:\/\/agora.xtec.cat\/ies-pompeu-fabra-martorell\/wp-content\/uploads\/usu2046\/2026\/02\/PF-2526-1BATX-CA-CPD-Diurn.pdf\">PF 2526 1BATX CA CPD Di\u00fcrn<\/a><\/p>\n<p><a href=\"https:\/\/agora.xtec.cat\/ies-pompeu-fabra-martorell\/wp-content\/uploads\/usu2046\/2026\/02\/PF-2526-1BATX-CA-CREACIO-FOTOGRAFIA-i-CINE.pdf\">PF 2526 1BATX CA CREACI\u00d3 FOTOGRAFIA i CINE<\/a><\/p>\n<p><a href=\"https:\/\/agora.xtec.cat\/ies-pompeu-fabra-martorell\/wp-content\/uploads\/usu2046\/2026\/02\/PF-2526-1BATX-CA-Cultura-Audiovisual.pdf\">PF 2526 1BATX CA Cultura Audiovisual<\/a><\/p>\n<p><a href=\"https:\/\/agora.xtec.cat\/ies-pompeu-fabra-martorell\/wp-content\/uploads\/usu2046\/2026\/02\/PF-2526-1BATX-CA-Dibuix-Artistic.pdf\">PF 2526 1BATX CA Dibuix Art\u00edstic<\/a><\/p>\n<p><a href=\"https:\/\/agora.xtec.cat\/ies-pompeu-fabra-martorell\/wp-content\/uploads\/usu2046\/2026\/02\/PF-2526-1BATX-CA-Dibuix-Tecnic-I.pdf\">PF 2526 1BATX CA Dibuix T\u00e8cnic I<\/a><\/p>\n<p><a href=\"https:\/\/agora.xtec.cat\/ies-pompeu-fabra-martorell\/wp-content\/uploads\/usu2046\/2026\/02\/PF-2526-1BATX-CA-DIBUIX.pdf\">PF 2526 1BATX CA DIBUIX<\/a><\/p>\n<p><a href=\"https:\/\/agora.xtec.cat\/ies-pompeu-fabra-martorell\/wp-content\/uploads\/usu2046\/2026\/02\/PF-2526-1BATX-CA-Economia.pdf\">PF 2526 1BATX CA Economia<\/a><\/p>\n<p><a href=\"https:\/\/agora.xtec.cat\/ies-pompeu-fabra-martorell\/wp-content\/uploads\/usu2046\/2026\/02\/PF-2526-1BATX-CA-ELECTROMECANICA.pdf\">PF 2526 1BATX CA ELECTROMEC\u00c0NICA<\/a><\/p>\n<p><a href=\"https:\/\/agora.xtec.cat\/ies-pompeu-fabra-martorell\/wp-content\/uploads\/usu2046\/2026\/02\/PF-2526-1BATX-CA-FILOSOFIA.pdf\">PF 2526 1BATX CA FILOSOFIA<\/a><\/p>\n<p><a href=\"https:\/\/agora.xtec.cat\/ies-pompeu-fabra-martorell\/wp-content\/uploads\/usu2046\/2026\/02\/PF-2526-1BATX-CA-FISICA.pdf\">PF 2526 1BATX CA F\u00cdSICA<\/a><\/p>\n<p><a href=\"https:\/\/agora.xtec.cat\/ies-pompeu-fabra-martorell\/wp-content\/uploads\/usu2046\/2026\/02\/PF-2526-1BATX-CA-FOL.pdf\">PF 2526 1BATX CA FOL<\/a><\/p>\n<p><a href=\"https:\/\/agora.xtec.cat\/ies-pompeu-fabra-martorell\/wp-content\/uploads\/usu2046\/2026\/02\/PF-2526-1BATX-CA-FOPP-Nocturn.pdf\">PF 2526 1BATX CA FOPP Nocturn<\/a><\/p>\n<p><a href=\"https:\/\/agora.xtec.cat\/ies-pompeu-fabra-martorell\/wp-content\/uploads\/usu2046\/2026\/02\/PF-2526-1BATX-CA-FRANCES.pdf\">PF 2526 1BATX CA FRANC\u00c8S<\/a><\/p>\n<p><a href=\"https:\/\/agora.xtec.cat\/ies-pompeu-fabra-martorell\/wp-content\/uploads\/usu2046\/2026\/02\/PF-2526-1BATX-CA-HMC-Diurn.pdf\">PF 2526 1BATX CA HMC Di\u00fcrn<\/a><\/p>\n<p><a href=\"https:\/\/agora.xtec.cat\/ies-pompeu-fabra-martorell\/wp-content\/uploads\/usu2046\/2026\/02\/PF-2526-1BATX-CA-HMC-Nocturn.pdf\">PF 2526 1BATX CA HMC Nocturn<\/a><\/p>\n<p><a href=\"https:\/\/agora.xtec.cat\/ies-pompeu-fabra-martorell\/wp-content\/uploads\/usu2046\/2026\/02\/PF-2526-1BATX-CA-LLAC.pdf\">PF 2526 1BATX CA LLAC<\/a><\/p>\n<p><a href=\"https:\/\/agora.xtec.cat\/ies-pompeu-fabra-martorell\/wp-content\/uploads\/usu2046\/2026\/02\/PF-2526-1BATX-CA-Llengua-i-Cultura-Gregues-I.pdf\">PF 2526 1BATX CA Llengua i Cultura Gregues I<\/a><\/p>\n<p><a href=\"https:\/\/agora.xtec.cat\/ies-pompeu-fabra-martorell\/wp-content\/uploads\/usu2046\/2026\/02\/PF-2526-1BATX-CA-Llengua-i-Cultura-Llatines-I.pdf\">PF 2526 1BATX CA Llengua i Cultura Llatines I<\/a><\/p>\n<p><a href=\"https:\/\/agora.xtec.cat\/ies-pompeu-fabra-martorell\/wp-content\/uploads\/usu2046\/2026\/02\/PF-2526-1BATX-CA-MAT-CCSS.pdf\">PF 2526 1BATX CA MAT CCSS<\/a><\/p>\n<p><a href=\"https:\/\/agora.xtec.cat\/ies-pompeu-fabra-martorell\/wp-content\/uploads\/usu2046\/2026\/02\/PF-2526-1BATX-CA-MAT.pdf\">PF 2526 1BATX CA MAT<\/a><\/p>\n<p><a href=\"https:\/\/agora.xtec.cat\/ies-pompeu-fabra-martorell\/wp-content\/uploads\/usu2046\/2026\/02\/PF-2526-1BATX-CA-ODS2.pdf\">PF 2526 1BATX CA ODS2<\/a><\/p>\n<p><a href=\"https:\/\/agora.xtec.cat\/ies-pompeu-fabra-martorell\/wp-content\/uploads\/usu2046\/2026\/02\/PF-2526-1BATX-CA-OPTAIVA.-Creacio-literaria.pdf\">PF 2526 1BATX CA OPTAIVA. Creaci\u00f3 liter\u00e0ria<\/a><\/p>\n<p><a href=\"https:\/\/agora.xtec.cat\/ies-pompeu-fabra-martorell\/wp-content\/uploads\/usu2046\/2026\/02\/PF-2526-1BATX-CA-OPTATIVA-MAPLI.pdf\">PF 2526 1BATX CA OPTATIVA MAPLI<\/a><\/p>\n<p><a href=\"https:\/\/agora.xtec.cat\/ies-pompeu-fabra-martorell\/wp-content\/uploads\/usu2046\/2026\/02\/PF-2526-1BATX-CA-Optativa-Mon-Classic.pdf\">PF 2526 1BATX CA Optativa M\u00f3n Cl\u00e0ssic<\/a><\/p>\n<p><a href=\"https:\/\/agora.xtec.cat\/ies-pompeu-fabra-martorell\/wp-content\/uploads\/usu2046\/2026\/02\/PF-2526-1BATX-CA-OPTATIVA-MUSICA-I-COMUNICACIO.pdf\">PF 2526 1BATX CA OPTATIVA M\u00daSICA I COMUNICACI\u00d3<\/a><\/p>\n","protected":false},"excerpt":{"rendered":"<p>Mat\u00e8ries: PF 2526 1BATX CA OPTATIVA. Literatura Universal PF 2526 1BATX CA Problem\u00e0tiques Socials PF 2526 1BATX CA PROGRAMACI\u00d3 PF 2526 1BATX CA PROJECTES Art\u00edstics PF 2526 1BATX CA PSICOLOGIA PF 2526 1BATX CA PUBLICITAT PF 2526 1BATX CA QU\u00cdMICA PF 2526 1BATX CA REPTESBIO PF 2526 1BATX CA ROB\u00d2TICA PF 2526 1BATX CA TECNO [&hellip;]<\/p>\n","protected":false},"author":1,"featured_media":0,"parent":6078,"menu_order":0,"comment_status":"closed","ping_status":"closed","template":"","meta":{"_bbp_topic_count":0,"_bbp_reply_count":0,"_bbp_total_topic_count":0,"_bbp_total_reply_count":0,"_bbp_voice_count":0,"_bbp_anonymous_reply_count":0,"_bbp_topic_count_hidden":0,"_bbp_reply_count_hidden":0,"_bbp_forum_subforum_count":0,"site-sidebar-layout":"default","site-content-layout":"","ast-site-content-layout":"default","site-content-style":"default","site-sidebar-style":"default","ast-global-header-display":"","ast-banner-title-visibility":"","ast-main-header-display":"","ast-hfb-above-header-display":"","ast-hfb-below-header-display":"","ast-hfb-mobile-header-display":"","site-post-title":"","ast-breadcrumbs-content":"","ast-featured-img":"","footer-sml-layout":"","theme-transparent-header-meta":"default","adv-header-id-meta":"","stick-header-meta":"","header-above-stick-meta":"","header-main-stick-meta":"","header-below-stick-meta":"","astra-migrate-meta-layouts":"set","ast-page-background-enabled":"default","ast-page-background-meta":{"desktop":{"background-color":"var(--ast-global-color-4)","background-image":"","background-repeat":"repeat","background-position":"center center","background-size":"auto","background-attachment":"scroll","background-type":"","background-media":"","overlay-type":"","overlay-color":"","overlay-opacity":"","overlay-gradient":""},"tablet":{"background-color":"","background-image":"","background-repeat":"repeat","background-position":"center center","background-size":"auto","background-attachment":"scroll","background-type":"","background-media":"","overlay-type":"","overlay-color":"","overlay-opacity":"","overlay-gradient":""},"mobile":{"background-color":"","background-image":"","background-repeat":"repeat","background-position":"center center","background-size":"auto","background-attachment":"scroll","background-type":"","background-media":"","overlay-type":"","overlay-color":"","overlay-opacity":"","overlay-gradient":""}},"ast-content-background-meta":{"desktop":{"background-color":"var(--ast-global-color-5)","background-image":"","background-repeat":"repeat","background-position":"center center","background-size":"auto","background-attachment":"scroll","background-type":"","background-media":"","overlay-type":"","overlay-color":"","overlay-opacity":"","overlay-gradient":""},"tablet":{"background-color":"var(--ast-global-color-5)","background-image":"","background-repeat":"repeat","background-position":"center center","background-size":"auto","background-attachment":"scroll","background-type":"","background-media":"","overlay-type":"","overlay-color":"","overlay-opacity":"","overlay-gradient":""},"mobile":{"background-color":"var(--ast-global-color-5)","background-image":"","background-repeat":"repeat","background-position":"center center","background-size":"auto","background-attachment":"scroll","background-type":"","background-media":"","overlay-type":"","overlay-color":"","overlay-opacity":"","overlay-gradient":""}},"footnotes":""},"class_list":["post-6090","page","type-page","status-publish","hentry"],"post_mailing_queue_ids":[],"_links":{"self":[{"href":"https:\/\/agora.xtec.cat\/ies-pompeu-fabra-martorell\/wp-json\/wp\/v2\/pages\/6090","targetHints":{"allow":["GET"]}}],"collection":[{"href":"https:\/\/agora.xtec.cat\/ies-pompeu-fabra-martorell\/wp-json\/wp\/v2\/pages"}],"about":[{"href":"https:\/\/agora.xtec.cat\/ies-pompeu-fabra-martorell\/wp-json\/wp\/v2\/types\/page"}],"author":[{"embeddable":true,"href":"https:\/\/agora.xtec.cat\/ies-pompeu-fabra-martorell\/wp-json\/wp\/v2\/users\/1"}],"replies":[{"embeddable":true,"href":"https:\/\/agora.xtec.cat\/ies-pompeu-fabra-martorell\/wp-json\/wp\/v2\/comments?post=6090"}],"version-history":[{"count":4,"href":"https:\/\/agora.xtec.cat\/ies-pompeu-fabra-martorell\/wp-json\/wp\/v2\/pages\/6090\/revisions"}],"predecessor-version":[{"id":6799,"href":"https:\/\/agora.xtec.cat\/ies-pompeu-fabra-martorell\/wp-json\/wp\/v2\/pages\/6090\/revisions\/6799"}],"up":[{"embeddable":true,"href":"https:\/\/agora.xtec.cat\/ies-pompeu-fabra-martorell\/wp-json\/wp\/v2\/pages\/6078"}],"wp:attachment":[{"href":"https:\/\/agora.xtec.cat\/ies-pompeu-fabra-martorell\/wp-json\/wp\/v2\/media?parent=6090"}],"curies":[{"name":"wp","href":"https:\/\/api.w.org\/{rel}","templated":true}]}}