{"id":6057,"date":"2025-06-05T20:22:42","date_gmt":"2025-06-05T18:22:42","guid":{"rendered":"https:\/\/agora.xtec.cat\/ies-pompeu-fabra-martorell\/?page_id=6057"},"modified":"2026-02-12T11:57:35","modified_gmt":"2026-02-12T10:57:35","slug":"criteris-davaluacio-2n-de-batxillerat","status":"publish","type":"page","link":"https:\/\/agora.xtec.cat\/ies-pompeu-fabra-martorell\/documents-de-centre\/criteris-davaluacio\/criteris-davaluacio-2n-de-batxillerat\/","title":{"rendered":"Criteris d&#8217;avaluaci\u00f3 2n de Batxillerat"},"content":{"rendered":"<p><b>Mat\u00e8ries:<\/b><\/p>\n<p><a href=\"https:\/\/agora.xtec.cat\/ies-pompeu-fabra-martorell\/wp-content\/uploads\/usu2046\/2026\/02\/PF-2526-2BATX-Artistic-CA-Dibuix-Tecnic-II.pdf\">PF 2526 2BATX Art\u00edstic CA Dibuix T\u00e8cnic II<\/a><\/p>\n<p><a href=\"https:\/\/agora.xtec.cat\/ies-pompeu-fabra-martorell\/wp-content\/uploads\/usu2046\/2026\/02\/PF-2526-2BATX-CA-ANGLES.pdf\">PF 2526 2BATX CA ANGL\u00c8S<\/a><\/p>\n<p><a href=\"https:\/\/agora.xtec.cat\/ies-pompeu-fabra-martorell\/wp-content\/uploads\/usu2046\/2026\/02\/PF-2526-2BATX-CA-BIO.pdf\">PF 2526 2BATX CA BIO<\/a><\/p>\n<p><a href=\"https:\/\/agora.xtec.cat\/ies-pompeu-fabra-martorell\/wp-content\/uploads\/usu2046\/2026\/02\/PF-2526-2BATX-CA-CASTELLA.pdf\">PF 2526 2BATX CA CASTELL\u00c0<\/a><\/p>\n<p><a href=\"https:\/\/agora.xtec.cat\/ies-pompeu-fabra-martorell\/wp-content\/uploads\/usu2046\/2026\/02\/PF-2526-2BATX-CA-CATALA.pdf\">PF 2526 2BATX CA CATAL\u00c0<\/a><\/p>\n<p><a href=\"https:\/\/agora.xtec.cat\/ies-pompeu-fabra-martorell\/wp-content\/uploads\/usu2046\/2026\/02\/PF-2526-2BATX-CA-DIBUIX-II.pdf\">PF 2526 2BATX CA DIBUIX II<\/a><\/p>\n<p><a href=\"https:\/\/agora.xtec.cat\/ies-pompeu-fabra-martorell\/wp-content\/uploads\/usu2046\/2026\/02\/PF-2526-2BATX-CA-DISSENY.pdf\">PF 2526 2BATX CA DISSENY<\/a><\/p>\n<p><a href=\"https:\/\/agora.xtec.cat\/ies-pompeu-fabra-martorell\/wp-content\/uploads\/usu2046\/2026\/02\/PF-2526-2BATX-CA-FEDMN.pdf\">PF 2526 2BATX CA FEDMN<\/a><\/p>\n<p><a href=\"https:\/\/agora.xtec.cat\/ies-pompeu-fabra-martorell\/wp-content\/uploads\/usu2046\/2026\/02\/PF-2526-2BATX-CA-Fonaments-de-les-Arts.pdf\">PF 2526 2BATX CA Fonaments de les Arts<\/a><\/p>\n<p><a href=\"https:\/\/agora.xtec.cat\/ies-pompeu-fabra-martorell\/wp-content\/uploads\/usu2046\/2026\/02\/PF-2526-2BATX-CA-Geografia-Nocturn.pdf\">PF 2526 2BATX CA Geografia Nocturn<\/a><\/p>\n<p><a href=\"https:\/\/agora.xtec.cat\/ies-pompeu-fabra-martorell\/wp-content\/uploads\/usu2046\/2026\/02\/PF-2526-2BATX-CA-Geografia_diurn.pdf\">PF 2526 2BATX CA Geografia_di\u00fcrn<\/a><\/p>\n<p><a href=\"https:\/\/agora.xtec.cat\/ies-pompeu-fabra-martorell\/wp-content\/uploads\/usu2046\/2026\/02\/PF-2526-2BATX-CA-Historia-d_Espanya_diurn.pdf\">PF 2526 2BATX CA Hist\u00f2ria d_Espanya_di\u00fcrn<\/a><\/p>\n<p><a href=\"https:\/\/agora.xtec.cat\/ies-pompeu-fabra-martorell\/wp-content\/uploads\/usu2046\/2026\/02\/PF-2526-2BATX-CA-HISTORIA-FILOSOFIA.pdf\">PF 2526 2BATX CA HISTO\u0300RIA FILOSOFIA<\/a><\/p>\n<p><a href=\"https:\/\/agora.xtec.cat\/ies-pompeu-fabra-martorell\/wp-content\/uploads\/usu2046\/2026\/02\/PF-2526-2BATX-CA-Historia-Nocturn.pdf\">PF 2526 2BATX CA Histo\u0300ria Nocturn<\/a><\/p>\n<p><a href=\"https:\/\/agora.xtec.cat\/ies-pompeu-fabra-martorell\/wp-content\/uploads\/usu2046\/2026\/02\/PF-2526-2BATX-CA-LITERATURA-CASTELLANA.pdf\">PF 2526 2BATX CA LITERATURA CASTELLANA<\/a><\/p>\n<p><a href=\"https:\/\/agora.xtec.cat\/ies-pompeu-fabra-martorell\/wp-content\/uploads\/usu2046\/2026\/02\/PF-2526-2BATX-CA-Llengua-i-Cultura-Gregues-II.pdf\">PF 2526 2BATX CA Llengua i Cultura Gregues II<\/a><\/p>\n<p><a href=\"https:\/\/agora.xtec.cat\/ies-pompeu-fabra-martorell\/wp-content\/uploads\/usu2046\/2026\/02\/PF-2526-2BATX-CA-Llengua-i-Cultura-Llatines-II.pdf\">PF 2526 2BATX CA Llengua i Cultura Llatines II<\/a><\/p>\n<p><a href=\"https:\/\/agora.xtec.cat\/ies-pompeu-fabra-martorell\/wp-content\/uploads\/usu2046\/2026\/02\/PF-2526-2BATX-CA-MAT-CCSS.pdf\">PF 2526 2BATX CA MAT CCSS<\/a><\/p>\n<p><a href=\"https:\/\/agora.xtec.cat\/ies-pompeu-fabra-martorell\/wp-content\/uploads\/usu2046\/2026\/02\/PF-2526-2BATX-CA-MAT.pdf\">PF 2526 2BATX CA MAT<\/a><\/p>\n<p><a href=\"https:\/\/agora.xtec.cat\/ies-pompeu-fabra-martorell\/wp-content\/uploads\/usu2046\/2026\/02\/PF-2526-2BATX-CA-QUIMICA.pdf\">PF 2526 2BATX CA QU\u00cdMICA<\/a><\/p>\n<p><a href=\"https:\/\/agora.xtec.cat\/ies-pompeu-fabra-martorell\/wp-content\/uploads\/usu2046\/2026\/02\/PF-2526-2BATX-CA-SOCIALS-ODS-Nocturn.pdf\">PF 2526 2BATX CA SOCIALS ODS Nocturn<\/a><\/p>\n<p><a href=\"https:\/\/agora.xtec.cat\/ies-pompeu-fabra-martorell\/wp-content\/uploads\/usu2046\/2026\/02\/PF-2526-2BATX-CA-TECNO.pdf\">PF 2526 2BATX CA TECNO<\/a><\/p>\n<p><a href=\"https:\/\/agora.xtec.cat\/ies-pompeu-fabra-martorell\/wp-content\/uploads\/usu2046\/2026\/02\/PF-2526-2BATX-CA-TEGP.pdf\">PF 2526 2BATX CA TEGP<\/a><\/p>\n<p><a href=\"https:\/\/agora.xtec.cat\/ies-pompeu-fabra-martorell\/wp-content\/uploads\/usu2046\/2026\/02\/PF-2526-2BATX-Tecnologic-CA-Dibuix-Tecnic-II.pdf\">PF 2526 2BATX Tecnol\u00f2gic CA Dibuix T\u00e8cnic II<\/a><\/p>\n<p><a href=\"https:\/\/agora.xtec.cat\/ies-pompeu-fabra-martorell\/wp-content\/uploads\/usu2046\/2026\/02\/PF-2526-BATX2-CA-ANGLES-Nocturn.pdf\">PF 2526 BATX2 CA ANGL\u00c8S Nocturn<\/a><\/p>\n","protected":false},"excerpt":{"rendered":"<p>Mat\u00e8ries: PF 2526 2BATX Art\u00edstic CA Dibuix T\u00e8cnic II PF 2526 2BATX CA ANGL\u00c8S PF 2526 2BATX CA BIO PF 2526 2BATX CA CASTELL\u00c0 PF 2526 2BATX CA CATAL\u00c0 PF 2526 2BATX CA DIBUIX II PF 2526 2BATX CA DISSENY PF 2526 2BATX CA FEDMN PF 2526 2BATX CA Fonaments de les Arts PF 2526 [&hellip;]<\/p>\n","protected":false},"author":1,"featured_media":0,"parent":6078,"menu_order":0,"comment_status":"closed","ping_status":"closed","template":"","meta":{"_bbp_topic_count":0,"_bbp_reply_count":0,"_bbp_total_topic_count":0,"_bbp_total_reply_count":0,"_bbp_voice_count":0,"_bbp_anonymous_reply_count":0,"_bbp_topic_count_hidden":0,"_bbp_reply_count_hidden":0,"_bbp_forum_subforum_count":0,"site-sidebar-layout":"default","site-content-layout":"","ast-site-content-layout":"default","site-content-style":"default","site-sidebar-style":"default","ast-global-header-display":"","ast-banner-title-visibility":"","ast-main-header-display":"","ast-hfb-above-header-display":"","ast-hfb-below-header-display":"","ast-hfb-mobile-header-display":"","site-post-title":"","ast-breadcrumbs-content":"","ast-featured-img":"","footer-sml-layout":"","theme-transparent-header-meta":"default","adv-header-id-meta":"","stick-header-meta":"","header-above-stick-meta":"","header-main-stick-meta":"","header-below-stick-meta":"","astra-migrate-meta-layouts":"set","ast-page-background-enabled":"default","ast-page-background-meta":{"desktop":{"background-color":"var(--ast-global-color-4)","background-image":"","background-repeat":"repeat","background-position":"center center","background-size":"auto","background-attachment":"scroll","background-type":"","background-media":"","overlay-type":"","overlay-color":"","overlay-opacity":"","overlay-gradient":""},"tablet":{"background-color":"","background-image":"","background-repeat":"repeat","background-position":"center center","background-size":"auto","background-attachment":"scroll","background-type":"","background-media":"","overlay-type":"","overlay-color":"","overlay-opacity":"","overlay-gradient":""},"mobile":{"background-color":"","background-image":"","background-repeat":"repeat","background-position":"center center","background-size":"auto","background-attachment":"scroll","background-type":"","background-media":"","overlay-type":"","overlay-color":"","overlay-opacity":"","overlay-gradient":""}},"ast-content-background-meta":{"desktop":{"background-color":"var(--ast-global-color-5)","background-image":"","background-repeat":"repeat","background-position":"center center","background-size":"auto","background-attachment":"scroll","background-type":"","background-media":"","overlay-type":"","overlay-color":"","overlay-opacity":"","overlay-gradient":""},"tablet":{"background-color":"var(--ast-global-color-5)","background-image":"","background-repeat":"repeat","background-position":"center center","background-size":"auto","background-attachment":"scroll","background-type":"","background-media":"","overlay-type":"","overlay-color":"","overlay-opacity":"","overlay-gradient":""},"mobile":{"background-color":"var(--ast-global-color-5)","background-image":"","background-repeat":"repeat","background-position":"center center","background-size":"auto","background-attachment":"scroll","background-type":"","background-media":"","overlay-type":"","overlay-color":"","overlay-opacity":"","overlay-gradient":""}},"footnotes":""},"class_list":["post-6057","page","type-page","status-publish","hentry"],"post_mailing_queue_ids":[],"_links":{"self":[{"href":"https:\/\/agora.xtec.cat\/ies-pompeu-fabra-martorell\/wp-json\/wp\/v2\/pages\/6057","targetHints":{"allow":["GET"]}}],"collection":[{"href":"https:\/\/agora.xtec.cat\/ies-pompeu-fabra-martorell\/wp-json\/wp\/v2\/pages"}],"about":[{"href":"https:\/\/agora.xtec.cat\/ies-pompeu-fabra-martorell\/wp-json\/wp\/v2\/types\/page"}],"author":[{"embeddable":true,"href":"https:\/\/agora.xtec.cat\/ies-pompeu-fabra-martorell\/wp-json\/wp\/v2\/users\/1"}],"replies":[{"embeddable":true,"href":"https:\/\/agora.xtec.cat\/ies-pompeu-fabra-martorell\/wp-json\/wp\/v2\/comments?post=6057"}],"version-history":[{"count":5,"href":"https:\/\/agora.xtec.cat\/ies-pompeu-fabra-martorell\/wp-json\/wp\/v2\/pages\/6057\/revisions"}],"predecessor-version":[{"id":6826,"href":"https:\/\/agora.xtec.cat\/ies-pompeu-fabra-martorell\/wp-json\/wp\/v2\/pages\/6057\/revisions\/6826"}],"up":[{"embeddable":true,"href":"https:\/\/agora.xtec.cat\/ies-pompeu-fabra-martorell\/wp-json\/wp\/v2\/pages\/6078"}],"wp:attachment":[{"href":"https:\/\/agora.xtec.cat\/ies-pompeu-fabra-martorell\/wp-json\/wp\/v2\/media?parent=6057"}],"curies":[{"name":"wp","href":"https:\/\/api.w.org\/{rel}","templated":true}]}}