{"id":5635,"date":"2025-01-09T11:13:49","date_gmt":"2025-01-09T10:13:49","guid":{"rendered":"https:\/\/agora.xtec.cat\/ies-pompeu-fabra-martorell\/?page_id=5635"},"modified":"2026-05-07T13:17:46","modified_gmt":"2026-05-07T11:17:46","slug":"titol-batxillerat","status":"publish","type":"page","link":"https:\/\/agora.xtec.cat\/ies-pompeu-fabra-martorell\/secretaria\/tramits-2\/titol-academic-2\/titol-batxillerat\/","title":{"rendered":"T\u00edtol Batxillerat"},"content":{"rendered":"<h4><span style=\"color: #000000;\"><b>Sol\u00b7licitud o Duplicat del T\u00edtol Acad\u00e8mic<\/b><\/span><\/h4>\n<p><span style=\"font-family: arial, sans-serif;\">Des del passat 5 de maig de 2025 la sol\u00b7licitud o duplicat del T\u00edtol de Batxillerat ja no es fa des del centre. Cada alumne\/a que vulgui demanar el seu t\u00edtol de Batxillerat, haur\u00e0 d&#8217;entrar al tr\u00e0mit de la Generalitat: <\/span><a style=\"font-family: arial, sans-serif;\" href=\"https:\/\/educacio.gencat.cat\/ca\/tramits\/tramits-temes\/titols-academics-no-universitaris\" target=\"_blank\" rel=\"noopener\" data-saferedirecturl=\"https:\/\/www.google.com\/url?q=https:\/\/educacio.gencat.cat\/ca\/tramits\/tramits-temes\/titols-academics-no-universitaris&amp;source=gmail&amp;ust=1746689481840000&amp;usg=AOvVaw2lG94Nb8rO13TZF_K_3JpL\">Tramitaci\u00f3 de t\u00edtols acad\u00e8mics i professionals no universitaris<\/a><\/p>\n<p><span style=\"font-family: arial, sans-serif;\"><b>Com s&#8217;hi pot accedir? <\/b>Amb el vostre certificiat digital, o, idcat m\u00f2bil:<a href=\"https:\/\/www.idcatmobil.cat\/\" target=\"_blank\" rel=\"noopener\" data-saferedirecturl=\"https:\/\/www.google.com\/url?q=https:\/\/www.idcatmobil.cat\/&amp;source=gmail&amp;ust=1746689481840000&amp;usg=AOvVaw3bDrkX3ONjGmupkjpCSUL6\">\u00a0https:\/\/www.idcatmobil.<wbr \/>cat\/ <\/a><\/span><\/p>\n<p>Una vegada s&#8217;hagi efectuat i confrontat el pagament i hagueu finalitzat el tr\u00e0mit (48-72 hores despr\u00e9s aprox.) us haureu de presentar a la Secretaria del centre amb el vostre document d&#8217;identitat.<\/p>\n<p>Heu d\u2019adre\u00e7ar-vos al centre:<\/p>\n<ul>\n<li>Si heu finalitzat el batxillerat abans del 2016-2017 i voleu sol\u00b7licitar el<br \/>\nt\u00edtol per primera vegada.<\/li>\n<li>Si el document d\u2019identitat \u00e9s diferent al que ten\u00edeu quan vas finalitzar els<br \/>\nestudis.<\/li>\n<\/ul>\n<p>Si no podeu venir personalment, heu d\u2019omplir\u00a0<a href=\"https:\/\/drive.google.com\/file\/d\/1AULInohVKwp4ha65VZP82azBsAfDCXqG\/view?usp=drive_link\">aquesta autoritzaci\u00f3<\/a>, signar-la i adjuntar fotoc\u00f2pia del vostre DNI\/NIE\/Passaport i el de la persona autoritzada.<\/p>\n<p><span style=\"color: #000000;\"><b>Lliurament de t\u00edtol\u00a0<\/b><\/span><\/p>\n<ul>\n<li aria-level=\"1\"><span style=\"color: #000000;\">Passar personalment per la Secretaria de l\u2019Institut amb el vostre document d\u2019identitat i el resguard del t\u00edtol.<\/span><\/li>\n<li aria-level=\"1\"><span style=\"color: #000000;\">Si no teniu el resguard del t\u00edtol haureu d\u2019omplir\u00a0<a style=\"color: #000000;\" href=\"https:\/\/drive.google.com\/file\/d\/16DpHOJEsVD7Ue2XG6mYH-Bt3A4V9UsXf\/view?usp=drive_link\">aquest full.<\/a><\/span><\/li>\n<li aria-level=\"1\"><span style=\"color: #000000;\">Si no podeu venir personalment, heu d\u2019omplir\u00a0<a style=\"color: #000000;\" href=\"https:\/\/drive.google.com\/file\/d\/1AULInohVKwp4ha65VZP82azBsAfDCXqG\/view?usp=drive_link\">aquesta autoritzaci\u00f3<\/a>, signar-la i adjuntar fotoc\u00f2pia del vostre DNI\/NIE\/Passaport i el de la persona autoritzada.<\/span><\/li>\n<\/ul>\n<p><strong>______________________________________________________________________________________________________________________________________________<\/strong><\/p>\n<h4><span style=\"color: #000000;\">Novetat! A partir del curs 2019-2020, podreu trobar en aquest apartat quins t\u00edtols ja podeu passar a recollir a la Secretaria del centre segons any de finalitzaci\u00f3:<\/span><\/h4>\n<h4><span style=\"color: #000000;\">Del curs 2019-2020 hem rebut de la modalitat Cient\u00edfica-Tecnol\u00f2gica (nom\u00e9s l&#8217;alumnat que el va demanar en finalitzar el curs)<\/span><\/h4>\n","protected":false},"excerpt":{"rendered":"<p>Sol\u00b7licitud o Duplicat del T\u00edtol Acad\u00e8mic Des del passat 5 de maig de 2025 la sol\u00b7licitud o duplicat del T\u00edtol de Batxillerat ja no es fa des del centre. Cada alumne\/a que vulgui demanar el seu t\u00edtol de Batxillerat, haur\u00e0 d&#8217;entrar al tr\u00e0mit de la Generalitat: Tramitaci\u00f3 de t\u00edtols acad\u00e8mics i professionals no universitaris Com [&hellip;]<\/p>\n","protected":false},"author":1,"featured_media":0,"parent":4910,"menu_order":0,"comment_status":"closed","ping_status":"closed","template":"","meta":{"_bbp_topic_count":0,"_bbp_reply_count":0,"_bbp_total_topic_count":0,"_bbp_total_reply_count":0,"_bbp_voice_count":0,"_bbp_anonymous_reply_count":0,"_bbp_topic_count_hidden":0,"_bbp_reply_count_hidden":0,"_bbp_forum_subforum_count":0,"site-sidebar-layout":"default","site-content-layout":"","ast-site-content-layout":"default","site-content-style":"default","site-sidebar-style":"default","ast-global-header-display":"","ast-banner-title-visibility":"","ast-main-header-display":"","ast-hfb-above-header-display":"","ast-hfb-below-header-display":"","ast-hfb-mobile-header-display":"","site-post-title":"","ast-breadcrumbs-content":"","ast-featured-img":"","footer-sml-layout":"","theme-transparent-header-meta":"default","adv-header-id-meta":"","stick-header-meta":"","header-above-stick-meta":"","header-main-stick-meta":"","header-below-stick-meta":"","astra-migrate-meta-layouts":"set","ast-page-background-enabled":"default","ast-page-background-meta":{"desktop":{"background-color":"var(--ast-global-color-4)","background-image":"","background-repeat":"repeat","background-position":"center center","background-size":"auto","background-attachment":"scroll","background-type":"","background-media":"","overlay-type":"","overlay-color":"","overlay-opacity":"","overlay-gradient":""},"tablet":{"background-color":"","background-image":"","background-repeat":"repeat","background-position":"center center","background-size":"auto","background-attachment":"scroll","background-type":"","background-media":"","overlay-type":"","overlay-color":"","overlay-opacity":"","overlay-gradient":""},"mobile":{"background-color":"","background-image":"","background-repeat":"repeat","background-position":"center center","background-size":"auto","background-attachment":"scroll","background-type":"","background-media":"","overlay-type":"","overlay-color":"","overlay-opacity":"","overlay-gradient":""}},"ast-content-background-meta":{"desktop":{"background-color":"var(--ast-global-color-5)","background-image":"","background-repeat":"repeat","background-position":"center center","background-size":"auto","background-attachment":"scroll","background-type":"","background-media":"","overlay-type":"","overlay-color":"","overlay-opacity":"","overlay-gradient":""},"tablet":{"background-color":"var(--ast-global-color-5)","background-image":"","background-repeat":"repeat","background-position":"center center","background-size":"auto","background-attachment":"scroll","background-type":"","background-media":"","overlay-type":"","overlay-color":"","overlay-opacity":"","overlay-gradient":""},"mobile":{"background-color":"var(--ast-global-color-5)","background-image":"","background-repeat":"repeat","background-position":"center center","background-size":"auto","background-attachment":"scroll","background-type":"","background-media":"","overlay-type":"","overlay-color":"","overlay-opacity":"","overlay-gradient":""}},"footnotes":""},"class_list":["post-5635","page","type-page","status-publish","hentry"],"post_mailing_queue_ids":[],"_links":{"self":[{"href":"https:\/\/agora.xtec.cat\/ies-pompeu-fabra-martorell\/wp-json\/wp\/v2\/pages\/5635","targetHints":{"allow":["GET"]}}],"collection":[{"href":"https:\/\/agora.xtec.cat\/ies-pompeu-fabra-martorell\/wp-json\/wp\/v2\/pages"}],"about":[{"href":"https:\/\/agora.xtec.cat\/ies-pompeu-fabra-martorell\/wp-json\/wp\/v2\/types\/page"}],"author":[{"embeddable":true,"href":"https:\/\/agora.xtec.cat\/ies-pompeu-fabra-martorell\/wp-json\/wp\/v2\/users\/1"}],"replies":[{"embeddable":true,"href":"https:\/\/agora.xtec.cat\/ies-pompeu-fabra-martorell\/wp-json\/wp\/v2\/comments?post=5635"}],"version-history":[{"count":7,"href":"https:\/\/agora.xtec.cat\/ies-pompeu-fabra-martorell\/wp-json\/wp\/v2\/pages\/5635\/revisions"}],"predecessor-version":[{"id":7043,"href":"https:\/\/agora.xtec.cat\/ies-pompeu-fabra-martorell\/wp-json\/wp\/v2\/pages\/5635\/revisions\/7043"}],"up":[{"embeddable":true,"href":"https:\/\/agora.xtec.cat\/ies-pompeu-fabra-martorell\/wp-json\/wp\/v2\/pages\/4910"}],"wp:attachment":[{"href":"https:\/\/agora.xtec.cat\/ies-pompeu-fabra-martorell\/wp-json\/wp\/v2\/media?parent=5635"}],"curies":[{"name":"wp","href":"https:\/\/api.w.org\/{rel}","templated":true}]}}