{"id":5632,"date":"2025-01-09T11:11:58","date_gmt":"2025-01-09T10:11:58","guid":{"rendered":"https:\/\/agora.xtec.cat\/ies-pompeu-fabra-martorell\/?page_id=5632"},"modified":"2025-05-06T20:09:58","modified_gmt":"2025-05-06T18:09:58","slug":"titol-eso","status":"publish","type":"page","link":"https:\/\/agora.xtec.cat\/ies-pompeu-fabra-martorell\/secretaria\/tramits-2\/titol-academic-2\/titol-eso\/","title":{"rendered":"T\u00edtol ESO"},"content":{"rendered":"<h4><span style=\"color: #000000;\"><b>Sol\u00b7licitud del T\u00edtol acad\u00e8mic<\/b><\/span><\/h4>\n<p><span style=\"color: #000000;\">Passar per la Secretaria del centre la persona sol\u00b7licitant amb el seu DNI\/NIE\/Passaport<\/span><\/p>\n<p><span style=\"color: #000000;\"><b style=\"font-size: 1.4375em;\">Duplicat del T\u00edtol acad\u00e8mic<\/b><\/span><\/p>\n<p><span style=\"color: #000000;\">Entrar en el seg\u00fcent enlla\u00e7 per sol\u00b7licitar el duplicat del t\u00edtol d&#8217;ESO: <a href=\"https:\/\/educacio.gencat.cat\/ca\/tramits\/tramits-temes\/titols-academics-no-universitaris\">Tramitaci\u00f3 de t\u00edtols acad\u00e8mics i professionals no universitaris<\/a><\/span><\/p>\n<h4><span style=\"color: #000000;\"><b>Lliurament de t\u00edtol<\/b><\/span><\/h4>\n<ul>\n<li style=\"font-weight: 400;\" aria-level=\"1\"><span style=\"font-weight: 400; color: #000000;\">Passar personalment per la Secretaria de l\u2019Institut amb el vostre document d&#8217;identitat i el resguard del t\u00edtol.<\/span><\/li>\n<li style=\"font-weight: 400;\" aria-level=\"1\"><span style=\"color: #000000;\"><span style=\"font-weight: 400;\">Si no teniu el resguard del t\u00edtol haureu d\u2019omplir <\/span><a style=\"color: #000000;\" href=\"https:\/\/drive.google.com\/file\/d\/16DpHOJEsVD7Ue2XG6mYH-Bt3A4V9UsXf\/view?usp=drive_link\"><span style=\"font-weight: 400;\">aquest full.<\/span><\/a><\/span><\/li>\n<li style=\"font-weight: 400;\" aria-level=\"1\"><span style=\"color: #000000;\"><span style=\"font-weight: 400;\">Si no podeu venir personalment, heu d\u2019omplir <\/span><a style=\"color: #000000;\" href=\"https:\/\/drive.google.com\/file\/d\/1AULInohVKwp4ha65VZP82azBsAfDCXqG\/view?usp=drive_link\"><span style=\"font-weight: 400;\">aquesta autoritzaci\u00f3<\/span><\/a><span style=\"font-weight: 400;\">, signar-la i adjuntar fotoc\u00f2pia del vostre DNI\/NIE\/Passaport i el de la persona autoritzada.<\/span><\/span><\/li>\n<\/ul>\n<p><strong>__________________________________________________________________________________________________________________________________<\/strong><\/p>\n<h4><span style=\"color: #000000;\">Novetat! A partir del curs 2019-2020, podreu trobar en aquest apartat quins t\u00edtols ja podeu passar a recollir a la Secretaria del centre segons any de finalitzaci\u00f3:<\/span><br \/>\n<span style=\"color: #000000;\">*Des del curs 2019-2020 no s&#8217;han rebut t\u00edtols.<\/span><\/h4>\n<p>&nbsp;<\/p>\n","protected":false},"excerpt":{"rendered":"<p>Sol\u00b7licitud del T\u00edtol acad\u00e8mic Passar per la Secretaria del centre la persona sol\u00b7licitant amb el seu DNI\/NIE\/Passaport Duplicat del T\u00edtol acad\u00e8mic Entrar en el seg\u00fcent enlla\u00e7 per sol\u00b7licitar el duplicat del t\u00edtol d&#8217;ESO: Tramitaci\u00f3 de t\u00edtols acad\u00e8mics i professionals no universitaris Lliurament de t\u00edtol Passar personalment per la Secretaria de l\u2019Institut amb el vostre document [&hellip;]<\/p>\n","protected":false},"author":1,"featured_media":0,"parent":4910,"menu_order":0,"comment_status":"closed","ping_status":"closed","template":"","meta":{"_bbp_topic_count":0,"_bbp_reply_count":0,"_bbp_total_topic_count":0,"_bbp_total_reply_count":0,"_bbp_voice_count":0,"_bbp_anonymous_reply_count":0,"_bbp_topic_count_hidden":0,"_bbp_reply_count_hidden":0,"_bbp_forum_subforum_count":0,"site-sidebar-layout":"default","site-content-layout":"","ast-site-content-layout":"","site-content-style":"default","site-sidebar-style":"default","ast-global-header-display":"","ast-banner-title-visibility":"","ast-main-header-display":"","ast-hfb-above-header-display":"","ast-hfb-below-header-display":"","ast-hfb-mobile-header-display":"","site-post-title":"","ast-breadcrumbs-content":"","ast-featured-img":"","footer-sml-layout":"","theme-transparent-header-meta":"","adv-header-id-meta":"","stick-header-meta":"","header-above-stick-meta":"","header-main-stick-meta":"","header-below-stick-meta":"","astra-migrate-meta-layouts":"default","ast-page-background-enabled":"default","ast-page-background-meta":{"desktop":{"background-color":"var(--ast-global-color-4)","background-image":"","background-repeat":"repeat","background-position":"center center","background-size":"auto","background-attachment":"scroll","background-type":"","background-media":"","overlay-type":"","overlay-color":"","overlay-opacity":"","overlay-gradient":""},"tablet":{"background-color":"","background-image":"","background-repeat":"repeat","background-position":"center center","background-size":"auto","background-attachment":"scroll","background-type":"","background-media":"","overlay-type":"","overlay-color":"","overlay-opacity":"","overlay-gradient":""},"mobile":{"background-color":"","background-image":"","background-repeat":"repeat","background-position":"center center","background-size":"auto","background-attachment":"scroll","background-type":"","background-media":"","overlay-type":"","overlay-color":"","overlay-opacity":"","overlay-gradient":""}},"ast-content-background-meta":{"desktop":{"background-color":"var(--ast-global-color-5)","background-image":"","background-repeat":"repeat","background-position":"center center","background-size":"auto","background-attachment":"scroll","background-type":"","background-media":"","overlay-type":"","overlay-color":"","overlay-opacity":"","overlay-gradient":""},"tablet":{"background-color":"var(--ast-global-color-5)","background-image":"","background-repeat":"repeat","background-position":"center center","background-size":"auto","background-attachment":"scroll","background-type":"","background-media":"","overlay-type":"","overlay-color":"","overlay-opacity":"","overlay-gradient":""},"mobile":{"background-color":"var(--ast-global-color-5)","background-image":"","background-repeat":"repeat","background-position":"center center","background-size":"auto","background-attachment":"scroll","background-type":"","background-media":"","overlay-type":"","overlay-color":"","overlay-opacity":"","overlay-gradient":""}},"footnotes":""},"class_list":["post-5632","page","type-page","status-publish","hentry"],"post_mailing_queue_ids":[],"_links":{"self":[{"href":"https:\/\/agora.xtec.cat\/ies-pompeu-fabra-martorell\/wp-json\/wp\/v2\/pages\/5632","targetHints":{"allow":["GET"]}}],"collection":[{"href":"https:\/\/agora.xtec.cat\/ies-pompeu-fabra-martorell\/wp-json\/wp\/v2\/pages"}],"about":[{"href":"https:\/\/agora.xtec.cat\/ies-pompeu-fabra-martorell\/wp-json\/wp\/v2\/types\/page"}],"author":[{"embeddable":true,"href":"https:\/\/agora.xtec.cat\/ies-pompeu-fabra-martorell\/wp-json\/wp\/v2\/users\/1"}],"replies":[{"embeddable":true,"href":"https:\/\/agora.xtec.cat\/ies-pompeu-fabra-martorell\/wp-json\/wp\/v2\/comments?post=5632"}],"version-history":[{"count":4,"href":"https:\/\/agora.xtec.cat\/ies-pompeu-fabra-martorell\/wp-json\/wp\/v2\/pages\/5632\/revisions"}],"predecessor-version":[{"id":5979,"href":"https:\/\/agora.xtec.cat\/ies-pompeu-fabra-martorell\/wp-json\/wp\/v2\/pages\/5632\/revisions\/5979"}],"up":[{"embeddable":true,"href":"https:\/\/agora.xtec.cat\/ies-pompeu-fabra-martorell\/wp-json\/wp\/v2\/pages\/4910"}],"wp:attachment":[{"href":"https:\/\/agora.xtec.cat\/ies-pompeu-fabra-martorell\/wp-json\/wp\/v2\/media?parent=5632"}],"curies":[{"name":"wp","href":"https:\/\/api.w.org\/{rel}","templated":true}]}}