{"id":4967,"date":"2024-05-28T16:06:26","date_gmt":"2024-05-28T14:06:26","guid":{"rendered":"https:\/\/agora.xtec.cat\/ies-pompeu-fabra-martorell\/?page_id=4967"},"modified":"2026-04-29T10:54:47","modified_gmt":"2026-04-29T08:54:47","slug":"preinscripcio-i-matricula-eso","status":"publish","type":"page","link":"https:\/\/agora.xtec.cat\/ies-pompeu-fabra-martorell\/secretaria\/preinscripcio-i-matricula\/preinscripcio-i-matricula-eso\/","title":{"rendered":"Preinscripci\u00f3 i matr\u00edcula ESO"},"content":{"rendered":"<p>&nbsp;<\/p>\n<table style=\"width: 99%; height: 456px;\" width=\"99%\" cellspacing=\"0\" cellpadding=\"5\" bgcolor=\"#e5e5e5\">\n<colgroup>\n<col width=\"157*\" \/>\n<col width=\"99*\" \/><\/colgroup>\n<tbody>\n<tr style=\"height: 60px;\">\n<td style=\"height: 60px; width: 100%;\" colspan=\"2\" valign=\"top\" bgcolor=\"#e5e5e5\" width=\"100%\">\n<h4 style=\"text-align: center;\">CALENDARI CURS 2026-2027<\/h4>\n<\/td>\n<\/tr>\n<tr style=\"height: 33px;\" valign=\"bottom\">\n<td style=\"height: 33px; width: 61%;\" bgcolor=\"#ffffff\" width=\"61%\" height=\"14\"><a href=\"https:\/\/agora.xtec.cat\/ies-pompeu-fabra-martorell\/wp-content\/uploads\/usu2046\/2026\/03\/INFORME_OFERTA_OME_INFORME_OFERTA.pdf\" target=\"_blank\" rel=\"noopener\">Publicaci\u00f3 de l\u2019oferta inicial<\/a><\/td>\n<td style=\"height: 33px; width: 39%;\" bgcolor=\"#ffffff\" width=\"39%\">3 de mar\u00e7<\/td>\n<\/tr>\n<tr style=\"height: 33px;\" valign=\"bottom\">\n<td style=\"height: 33px; width: 61%;\" bgcolor=\"#e5e5e5\" width=\"61%\"><a href=\"https:\/\/preinscripcio.gencat.cat\/ca\/estudis\/eso\/preinscriute\/sollicitud\/\" target=\"_blank\" rel=\"noopener\"><b>Presentaci\u00f3 de sol\u00b7licituds<\/b><\/a><\/td>\n<td style=\"height: 33px; width: 39%;\" bgcolor=\"#e5e5e5\" width=\"39%\">6 al 18 de mar\u00e7<\/td>\n<\/tr>\n<tr style=\"height: 33px;\" valign=\"bottom\">\n<td style=\"height: 33px; width: 61%;\" bgcolor=\"#ffffff\" width=\"61%\"><b>Presentaci\u00f3 de documentaci\u00f3<\/b><b><br \/>\n<\/b><\/td>\n<td style=\"height: 33px; width: 39%;\" bgcolor=\"#ffffff\" width=\"39%\">Fins al 19 de mar\u00e7<\/td>\n<\/tr>\n<tr style=\"height: 33px;\" valign=\"bottom\">\n<td style=\"height: 33px; width: 61%;\" bgcolor=\"#e5e5e5\" width=\"61%\"><b><a href=\"https:\/\/agora.xtec.cat\/ies-pompeu-fabra-martorell\/wp-content\/uploads\/usu2046\/2026\/04\/INFORME_BAREM_PROVISIONAL_BAREM.pdf\" target=\"_blank\" rel=\"noopener\">Publicaci\u00f3 de les llistes amb el barem provisional<\/a><br \/>\n<\/b><\/td>\n<td style=\"height: 33px; width: 39%;\" bgcolor=\"#e5e5e5\" width=\"39%\">15 d&#8217;abril<\/td>\n<\/tr>\n<tr style=\"height: 33px;\" valign=\"bottom\">\n<td style=\"height: 33px; width: 61%;\" bgcolor=\"#ffffff\" width=\"61%\"><a href=\"https:\/\/preinscripcio.gencat.cat\/ca\/estudis\/eso\/preinscriute\/seguiment-sollicitud\/llista-sollicituds-puntuacio\/\" target=\"_blank\" rel=\"noopener\">Reclamacions<\/a><\/td>\n<td style=\"height: 33px; width: 39%;\" bgcolor=\"#ffffff\" width=\"39%\">15 al 20 d&#8217;abril<\/td>\n<\/tr>\n<tr style=\"height: 33px;\" valign=\"bottom\">\n<td style=\"height: 33px; width: 61%;\" bgcolor=\"#e5e5e5\" width=\"61%\"><a href=\"https:\/\/agora.xtec.cat\/ies-pompeu-fabra-martorell\/wp-content\/uploads\/usu2046\/2026\/04\/INFORME_BAREM_RESOLTES_BAREM.pdf\" target=\"_blank\" rel=\"noopener\">Publicaci\u00f3 de llistes un cop resoltes les reclamacions<\/a><\/td>\n<td style=\"height: 33px; width: 39%;\" bgcolor=\"#e5e5e5\" width=\"39%\">23 d&#8217;abril<\/td>\n<\/tr>\n<tr style=\"height: 33px;\" valign=\"bottom\">\n<td style=\"height: 33px; width: 61%;\" bgcolor=\"#ffffff\" width=\"61%\">Sorteig del n\u00famero per al desempat (42129)<\/td>\n<td style=\"height: 33px; width: 39%;\" bgcolor=\"#ffffff\" width=\"39%\">28 d&#8217;abril a les 11h<\/td>\n<\/tr>\n<tr style=\"height: 33px;\" valign=\"bottom\">\n<td style=\"height: 33px; width: 61%;\" bgcolor=\"#e5e5e5\" width=\"61%\"><a href=\"https:\/\/agora.xtec.cat\/ies-pompeu-fabra-martorell\/wp-content\/uploads\/usu2046\/2026\/04\/INFORME_BAREM_DEFINITIU_BAREM.pdf\"><strong>Publicaci\u00f3 de les llistes ordenades<\/strong><\/a><\/td>\n<td style=\"height: 33px; width: 39%;\" bgcolor=\"#e5e5e5\" width=\"39%\">29 d&#8217;abril<\/td>\n<\/tr>\n<tr style=\"height: 33px;\" valign=\"bottom\">\n<td style=\"height: 33px; width: 61%;\" bgcolor=\"#ffffff\" width=\"61%\">\n<ul>\n<li>Ampliaci\u00f3 de peticions de preinscripci\u00f3 per a alumnes sense pla\u00e7a assignada a cap centre<\/li>\n<\/ul>\n<\/td>\n<td style=\"height: 33px; width: 39%;\" bgcolor=\"#ffffff\" width=\"39%\">1 al 3 de juny<\/td>\n<\/tr>\n<tr style=\"height: 33px;\" valign=\"bottom\">\n<td style=\"height: 33px; width: 61%;\" bgcolor=\"#e5e5e5\" width=\"61%\">Publicaci\u00f3 de l\u2019oferta final<\/td>\n<td style=\"height: 33px; width: 39%;\" bgcolor=\"#e5e5e5\" width=\"39%\">10 de juny<\/td>\n<\/tr>\n<tr style=\"height: 33px;\" valign=\"bottom\">\n<td style=\"height: 33px; width: 61%;\" bgcolor=\"#ffffff\" width=\"61%\">Publicaci\u00f3 de les llistes d\u2019assignaci\u00f3 i llista d\u2019espera<\/td>\n<td style=\"height: 33px; width: 39%;\" bgcolor=\"#ffffff\" width=\"39%\">10 de juny<\/td>\n<\/tr>\n<tr style=\"height: 33px;\" valign=\"bottom\">\n<td style=\"height: 33px; width: 61%;\" bgcolor=\"#e5e5e5\" width=\"61%\"><b>Matr\u00edcula<\/b><\/td>\n<td style=\"height: 33px; width: 39%;\" bgcolor=\"#e5e5e5\" width=\"39%\"><strong>Del 22 al 30 de juny<\/strong><\/td>\n<\/tr>\n<\/tbody>\n<\/table>\n<p>U\u200bs recomanem no imprimir aquest calendari i consultar-lo en l\u00ednia\u200b per si hi ha \u200b\u200bmodificacions al llarg del procediment.\u200b\u200b<\/p>\n<p align=\"justify\">M\u00e9s informaci\u00f3 a:<\/p>\n<ul>\n<li>\n<p align=\"justify\">Web del Departament d\u2019Educaci\u00f3 \u201c<a href=\"https:\/\/preinscripcio.gencat.cat\/ca\/estudis\/eso\/inici\/\" target=\"_blank\" rel=\"noopener\">Preinscripci\u00f3 2025-2026<\/a>\u201d<\/p>\n<\/li>\n<\/ul>\n<p>_____________________________________________________________________________________________________________<\/p>\n<ul>\n<li style=\"list-style-type: none;\">\n<h3>INCORPORACI\u00d3 AL CENTRE FORA DE TERMINI O AL LLARG DEL CURS ESCOLAR<\/h3>\n<h5>Us informem que per a la presentaci\u00f3 de sol\u00b7licituds d\u2019admissi\u00f3 fora de termini pel curs escolar, cal adre\u00e7ar-se a l&#8217;<a href=\"https:\/\/patronat.martorell.cat\/ensenyament\/ome\/#vb-tab-344a4-dec5\">OME de Martorell.\u00a0<\/a><\/h5>\n<p>Si sou nouvingut o nouvinguda, heu canviat de domicili o necessiteu un canvi de centre al llarg del curs escolar per circumst\u00e0ncies excepcionals i voleu sol\u00b7licitar una pla\u00e7a escolar al nostre municipi, heu de seguir els passos seg\u00fcents:<\/p>\n<ul>\n<li><strong>Realitzar el tr\u00e0mit electr\u00f2nic sol\u00b7licitant pla\u00e7a escolar al municipi.<\/strong>\u00a0A Martorell les peticions al llarg del curs escolar es tramiten en l\u2019espai OME amb el suport de la referent. Garantint que la fam\u00edlia rep tota la informaci\u00f3 necess\u00e0ria del procediment a l\u2019hora de fer el tr\u00e0mit i posteriors notificacions.\u00a0<strong>Cal demanar cita pr\u00e8via. <\/strong><\/li>\n<\/ul>\n<p><strong style=\"font-family: inherit; font-size: 1em;\">Podeu demanar cita pr\u00e8via :<\/strong><\/p>\n<ul>\n<li style=\"list-style-type: none;\">\n<ul>\n<li style=\"list-style-type: none;\">\n<ul>\n<li style=\"list-style-type: none;\">\n<ul style=\"list-style-type: circle;\">\n<li><strong>Presencialment<\/strong>\u00a0al Complex Educatiu del Carrer Josep Tarradellas 11, baixos<br \/>\nDe dilluns a divendres de 9:30 a 13:00 hores<br \/>\nDe dilluns a dijous de 16:30 a 16:00 hores<\/li>\n<li><strong>Per tel\u00e8fon:<\/strong>\u00a0937 752 538<\/li>\n<li><strong>Correu electr\u00f2nic:<\/strong>\u00a0<a href=\"mailto:ome@martorell.cat\">ome<span class=\"\">@martorell.cat\u00a0<\/span><\/a><\/li>\n<li>OME Martorell: <a href=\"https:\/\/patronat.martorell.cat\/ensenyament\/ome\/#vb-tab-344a4-dec5\">https:\/\/patronat.martorell.cat\/ensenyament\/ome\/#vb-tab-344a4-dec5<\/a><\/li>\n<\/ul>\n<\/li>\n<\/ul>\n<\/li>\n<\/ul>\n<\/li>\n<\/ul>\n<\/li>\n<\/ul>\n<p>&nbsp;<\/p>\n","protected":false},"excerpt":{"rendered":"<p>&nbsp; CALENDARI CURS 2026-2027 Publicaci\u00f3 de l\u2019oferta inicial 3 de mar\u00e7 Presentaci\u00f3 de sol\u00b7licituds 6 al 18 de mar\u00e7 Presentaci\u00f3 de documentaci\u00f3 Fins al 19 de mar\u00e7 Publicaci\u00f3 de les llistes amb el barem provisional 15 d&#8217;abril Reclamacions 15 al 20 d&#8217;abril Publicaci\u00f3 de llistes un cop resoltes les reclamacions 23 d&#8217;abril Sorteig del n\u00famero [&hellip;]<\/p>\n","protected":false},"author":1,"featured_media":0,"parent":4957,"menu_order":0,"comment_status":"closed","ping_status":"closed","template":"","meta":{"_bbp_topic_count":0,"_bbp_reply_count":0,"_bbp_total_topic_count":0,"_bbp_total_reply_count":0,"_bbp_voice_count":0,"_bbp_anonymous_reply_count":0,"_bbp_topic_count_hidden":0,"_bbp_reply_count_hidden":0,"_bbp_forum_subforum_count":0,"site-sidebar-layout":"default","site-content-layout":"","ast-site-content-layout":"default","site-content-style":"default","site-sidebar-style":"default","ast-global-header-display":"","ast-banner-title-visibility":"","ast-main-header-display":"","ast-hfb-above-header-display":"","ast-hfb-below-header-display":"","ast-hfb-mobile-header-display":"","site-post-title":"","ast-breadcrumbs-content":"","ast-featured-img":"","footer-sml-layout":"","theme-transparent-header-meta":"default","adv-header-id-meta":"","stick-header-meta":"","header-above-stick-meta":"","header-main-stick-meta":"","header-below-stick-meta":"","astra-migrate-meta-layouts":"set","ast-page-background-enabled":"default","ast-page-background-meta":{"desktop":{"background-color":"var(--ast-global-color-4)","background-image":"","background-repeat":"repeat","background-position":"center center","background-size":"auto","background-attachment":"scroll","background-type":"","background-media":"","overlay-type":"","overlay-color":"","overlay-opacity":"","overlay-gradient":""},"tablet":{"background-color":"","background-image":"","background-repeat":"repeat","background-position":"center center","background-size":"auto","background-attachment":"scroll","background-type":"","background-media":"","overlay-type":"","overlay-color":"","overlay-opacity":"","overlay-gradient":""},"mobile":{"background-color":"","background-image":"","background-repeat":"repeat","background-position":"center center","background-size":"auto","background-attachment":"scroll","background-type":"","background-media":"","overlay-type":"","overlay-color":"","overlay-opacity":"","overlay-gradient":""}},"ast-content-background-meta":{"desktop":{"background-color":"var(--ast-global-color-5)","background-image":"","background-repeat":"repeat","background-position":"center center","background-size":"auto","background-attachment":"scroll","background-type":"","background-media":"","overlay-type":"","overlay-color":"","overlay-opacity":"","overlay-gradient":""},"tablet":{"background-color":"var(--ast-global-color-5)","background-image":"","background-repeat":"repeat","background-position":"center center","background-size":"auto","background-attachment":"scroll","background-type":"","background-media":"","overlay-type":"","overlay-color":"","overlay-opacity":"","overlay-gradient":""},"mobile":{"background-color":"var(--ast-global-color-5)","background-image":"","background-repeat":"repeat","background-position":"center center","background-size":"auto","background-attachment":"scroll","background-type":"","background-media":"","overlay-type":"","overlay-color":"","overlay-opacity":"","overlay-gradient":""}},"footnotes":""},"class_list":["post-4967","page","type-page","status-publish","hentry"],"post_mailing_queue_ids":[],"_links":{"self":[{"href":"https:\/\/agora.xtec.cat\/ies-pompeu-fabra-martorell\/wp-json\/wp\/v2\/pages\/4967","targetHints":{"allow":["GET"]}}],"collection":[{"href":"https:\/\/agora.xtec.cat\/ies-pompeu-fabra-martorell\/wp-json\/wp\/v2\/pages"}],"about":[{"href":"https:\/\/agora.xtec.cat\/ies-pompeu-fabra-martorell\/wp-json\/wp\/v2\/types\/page"}],"author":[{"embeddable":true,"href":"https:\/\/agora.xtec.cat\/ies-pompeu-fabra-martorell\/wp-json\/wp\/v2\/users\/1"}],"replies":[{"embeddable":true,"href":"https:\/\/agora.xtec.cat\/ies-pompeu-fabra-martorell\/wp-json\/wp\/v2\/comments?post=4967"}],"version-history":[{"count":7,"href":"https:\/\/agora.xtec.cat\/ies-pompeu-fabra-martorell\/wp-json\/wp\/v2\/pages\/4967\/revisions"}],"predecessor-version":[{"id":7042,"href":"https:\/\/agora.xtec.cat\/ies-pompeu-fabra-martorell\/wp-json\/wp\/v2\/pages\/4967\/revisions\/7042"}],"up":[{"embeddable":true,"href":"https:\/\/agora.xtec.cat\/ies-pompeu-fabra-martorell\/wp-json\/wp\/v2\/pages\/4957"}],"wp:attachment":[{"href":"https:\/\/agora.xtec.cat\/ies-pompeu-fabra-martorell\/wp-json\/wp\/v2\/media?parent=4967"}],"curies":[{"name":"wp","href":"https:\/\/api.w.org\/{rel}","templated":true}]}}