{"id":4907,"date":"2024-05-27T08:28:53","date_gmt":"2024-05-27T06:28:53","guid":{"rendered":"https:\/\/agora.xtec.cat\/ies-pompeu-fabra-martorell\/?page_id=4907"},"modified":"2026-01-29T12:37:59","modified_gmt":"2026-01-29T11:37:59","slug":"certificat-dacreditacio-de-reconeixement-del-nivell-b2-i-c1-de-catala","status":"publish","type":"page","link":"https:\/\/agora.xtec.cat\/ies-pompeu-fabra-martorell\/secretaria\/tramits-2\/certificat-dacreditacio-de-reconeixement-del-nivell-b2-i-c1-de-catala\/","title":{"rendered":"Certificat d&#8217;acreditaci\u00f3 de reconeixement del nivell B2 i C1 de catal\u00e0"},"content":{"rendered":"<h6><b>Tramitaci\u00f3 de certificats d\u2019acreditaci\u00f3 de reconeixement dels nivells B2 i C1 de catal\u00e0 per escolaritat reglada no universit\u00e0ria<\/b><b><br \/>\n<\/b><b><br \/>\n<\/b><\/h6>\n<p><strong>Com se sol\u00b7licita?<\/strong><\/p>\n<p>Aquest certificat es pot demanar en qualsevol<strong> institut p\u00fablic de Catalunya<\/strong> adjuntant la documentaci\u00f3 corresponent.<\/p>\n<p><strong>NOM\u00c9S PRESENCIALMENT:<\/strong><br \/>\nPortar a la Secretaria del centre la sol\u00b7licitud complimentada (pots descarregar-la\u00a0<a href=\"https:\/\/drive.google.com\/file\/d\/12hpvB2Lbi0z1a9Et7OMdgLnvqCeXr_ba\/view?usp=drive_link\"><strong>aqu\u00ed<\/strong><\/a>) i <span style=\"font-weight: 400;\">la documentaci\u00f3 justificativa dels requisits exigits per a la seva tramitaci\u00f3. <\/span><\/p>\n<p><span style=\"font-family: inherit; font-size: 1em;\">Una vegada elaborat podeu venir :<\/span><\/p>\n<ul>\n<li><span style=\"font-family: inherit; font-size: 1em;\">Personalment a recollir el certificat. Si no podeu venir heu d\u2019omplir una <\/span><a style=\"font-family: inherit; font-size: 1em;\" href=\"https:\/\/drive.google.com\/file\/d\/1bIYja3hHjVC0y1C-WRExhuTRnL7QE1u2\/view?usp=drive_link\">autoritzaci\u00f3<\/a><span style=\"font-family: inherit; font-size: 1em;\">, signar-la i adjuntar fotoc\u00f2pia del vostre DNI\/NIE\/Passaport i la fotoc\u00f2pia del DNI de la persona autoritzada.<\/span><\/li>\n<li>Enviar el certificat amb c\u00f2pia aut\u00e8ntica<\/li>\n<\/ul>\n<h6>*L&#8217;alumnat que ha finalitzat els estudis exigits al nostre centre, no cal que presenti la documentaci\u00f3 del pla d\u2019estudis corresponent.<\/h6>\n<table style=\"width: 100.505%; height: 681px;\">\n<tbody>\n<tr style=\"height: 97px;\">\n<td style=\"height: 21px; width: 15.0314%;\">\n<h6><b>Si tens\u2026<\/b><\/h6>\n<\/td>\n<td style=\"height: 21px; width: 53.988%;\">\n<h6><b>Cal haver cursat<\/b><\/h6>\n<\/td>\n<td style=\"height: 21px; width: 31.0454%;\">\n<h6><b>Documents que cal presentar<br \/>\n<\/b><b>Original i fotoc\u00f2pia<\/b><\/h6>\n<\/td>\n<\/tr>\n<tr style=\"height: 33px;\">\n<td style=\"text-align: center; height: 33px; padding-left: 160px; width: 100.065%;\" colspan=\"3\"><span style=\"color: #000000;\"><b>NIVELL B2<\/b><\/span><\/td>\n<\/tr>\n<tr style=\"height: 124px;\">\n<td style=\"height: 89px; width: 15.0314%;\"><span style=\"font-weight: 400;\">T\u00edtol de Graduat Escolar (EGB)<\/span><\/td>\n<td style=\"height: 89px; width: 53.988%;\"><span style=\"font-weight: 400;\">Totalitat de l\u2019EGB i s\u2019hagi cursat la mat\u00e8ria de llengua catalana en la totalitat dels estudis esmentats a partir del curs 1978-1979.<\/span><\/td>\n<td style=\"height: 89px; width: 31.0454%;\"><span style=\"font-weight: 400;\">&gt;T\u00edtol de graduat escolar (EGB)<br \/>\n<\/span><span style=\"font-weight: 400;\">&gt; DNI<br \/>\n<\/span><span style=\"font-family: inherit; font-size: 1em; color: #222222;\">&gt;<strong> Llibre d&#8217;escolaritat o certificat d&#8217;EGB (1)<\/strong><\/span><\/td>\n<\/tr>\n<tr style=\"height: 147px;\">\n<td style=\"height: 117px; width: 15.0314%;\"><span style=\"font-weight: 400;\">T\u00edtol FP1<\/span><\/td>\n<td style=\"height: 117px; width: 53.988%;\"><span style=\"font-weight: 400;\">Totalitat de l\u2019EGB i FP1 i s\u2019hagi cursat la mat\u00e8ria de llengua catalana en la totalitat dels estudis esmentats a partir del curs 1978-1979.<\/span><\/td>\n<td style=\"height: 117px; width: 31.0454%;\"><span style=\"font-weight: 400;\">&gt;T\u00edtol de graduat escolar (EGB)<br \/>\n<\/span><span style=\"font-weight: 400;\">&gt; DNI<br \/>\n<\/span><span style=\"font-family: inherit; font-size: 1em; color: #222222;\">&gt;T\u00edtol FP1<br \/>\n<\/span><span style=\"font-family: inherit; font-size: 1em; color: #222222;\">&gt; Llibre d&#8217;escolaritat o certificat d&#8217;EGB (1)<br \/>\n&gt;Certificat d&#8217;FP1(1)<\/span><\/td>\n<\/tr>\n<tr style=\"height: 33px;\">\n<td style=\"height: 33px; text-align: center; width: 100.065%;\" colspan=\"3\"><b>NIVELL C1<\/b><\/td>\n<\/tr>\n<tr style=\"height: 147px;\">\n<td style=\"height: 100px; width: 15.0314%;\"><span style=\"font-weight: 400;\">T\u00edtol BUP<\/span><\/td>\n<td style=\"height: 100px; width: 53.988%; text-align: left;\"><span style=\"font-weight: 400;\">Totalitat l\u2019EGB i BUP i s\u2019hagi cursat de manera oficial la mat\u00e8ria de llengua catalana en la totalitat dels estudis esmentats a partir del curs 1978-1979.<\/span><\/td>\n<td style=\"height: 100px; width: 31.0454%;\"><span style=\"font-weight: 400;\">&gt;T\u00edtol BUP<br \/>\n&gt;T\u00edtol d&#8217;EGB<br \/>\n&gt;DNI<br \/>\n<\/span><span style=\"font-weight: 400;\">&gt;Certificat d&#8217;EGB (1)<br \/>\n&gt;Certificat de BUP (1)<\/span><\/td>\n<\/tr>\n<tr style=\"height: 96px;\">\n<td style=\"height: 96px; width: 15.0314%;\"><span style=\"font-weight: 400;\">T\u00edtol FP2<\/span><\/td>\n<td style=\"height: 96px; width: 53.988%;\"><span style=\"font-weight: 400;\">Totalitat l\u2019EGB, FP1 i FP2 a Catalunya i s\u2019hagi cursat de manera oficial la mat\u00e8ria de llengua catalana en la totalitat dels estudis esmentats a partir del curs 1978-1979.<\/span><\/td>\n<td style=\"height: 96px; width: 31.0454%;\"><span style=\"font-weight: 400;\">&gt;T\u00edtol FP1 i FP2<br \/>\n&gt;T\u00edtol d&#8217;EGB<br \/>\n&gt;DNI<br \/>\n&gt;Certificat d&#8217;EGB (1)<br \/>\n&gt;Certificat d&#8217;FP1 i FP2 (1)<\/span><\/td>\n<\/tr>\n<tr style=\"height: 112px;\">\n<td style=\"height: 112px; width: 15.0314%;\"><span style=\"font-weight: 400;\">T\u00edtol BATXILLERAT<\/span><\/td>\n<td style=\"height: 112px; width: 53.988%;\"><span style=\"font-weight: 400;\">Almenys 3 cursos de PRIM\u00c0RIA i 5 entre l&#8217;ESO i el Batxillerat a Catalunya i s&#8217;hagi cursat i aprovat la mat\u00e8ria de llengua catalana en la totalitat dels estudis m\u00ednims esmentats.<\/span><\/td>\n<td style=\"height: 112px; width: 31.0454%;\"><span style=\"font-weight: 400;\">&gt;DNI<br \/>\n&gt;T\u00edtol d&#8217;ESO<br \/>\n&gt;Certificat d&#8217;ESO (1)<br \/>\n&gt;Certificat de Prim\u00e0ria (1)<br \/>\n&gt;T\u00edtol Batxillerat<br \/>\n&gt; Certificat Batxillerat (1)<\/span><\/td>\n<\/tr>\n<tr style=\"height: 80px;\">\n<td style=\"height: 80px; width: 15.0314%;\"><span style=\"font-weight: 400;\">T\u00edtol ESO<\/span><\/td>\n<td style=\"height: 80px; width: 53.988%;\"><span style=\"font-weight: 400;\">Almenys 3 cursos de PRIM\u00c0RIA i tota l&#8217;ESO a Catalunya i s&#8217;hagi cursat i aprovat la mat\u00e8ria de llengua catalana en la totalitat dels estudis m\u00ednims esmentats. El requisit d&#8217;acreditaci\u00f3 d&#8217;haver aprovat la mat\u00e8ria de llengua catalana \u00e9s d&#8217;aplicaci\u00f3 als t\u00edtiols de graduaci\u00f3 en educaci\u00f3 secund\u00e0ria obtinugts a partir del curs 2007\/2008.<\/span><\/td>\n<td style=\"height: 80px; width: 31.0454%;\"><span style=\"font-weight: 400;\">&gt;DNI<br \/>\n&gt;T\u00edtol d&#8217;ESO<br \/>\n&gt;Certificat d&#8217;ESO (1)<br \/>\n&gt;Certificat de Prim\u00e0ria (1)<\/span><\/td>\n<\/tr>\n<\/tbody>\n<\/table>\n<p><span style=\"font-weight: 400;\">(1) <\/span><a href=\"https:\/\/drive.google.com\/file\/d\/1YeTrPjw1KQHM9tKqz7mX_2D7Is_PKAbH\/view?usp=drive_link\"><span style=\"font-weight: 400;\">Certificat del centre<\/span><\/a><span style=\"font-weight: 400;\"> on s\u2019ha estudiat on hi consti que s\u2019ha cursat l\u2019assignatura de catal\u00e0 i est\u00e0 aprovada (si escau) o del llibre d\u2019escolaritat (full de dades personals i cada full on surtin les qualificacions) o l\u2019historial acad\u00e8mic.<br \/>\n<\/span><em><span style=\"font-weight: 400;\">*L&#8217;alumnat que ha finalitzat els estudis exigits al nostre centre, no cal que presenti la documentaci\u00f3 del pla d\u2019estudis corresponent.<\/span><\/em><\/p>\n<p><span style=\"font-weight: 400;\">\u00a0<\/span><\/p>\n<p><strong>Aquelles persones que no acompleixin els requisits anteriors s\u2019han d\u2019adre\u00e7ar a:<\/strong><span style=\"font-weight: 400;\"><br \/>\n<\/span><span style=\"font-weight: 400;\">Departament d\u2019Educaci\u00f3<\/span><span style=\"font-weight: 400;\"><br \/>\n<\/span><span style=\"font-weight: 400;\">Via Augusta, 202-226 | Barcelona<\/span><span style=\"font-weight: 400;\"><br \/>\n<\/span><span style=\"font-weight: 400;\">Tel\u00e8fon: 935 51 69 00<br \/>\n<\/span><a href=\"https:\/\/web.gencat.cat\/ca\/tramits\/tramits-temes\/22046-reconeixement-b2-c1-catala?category=742b7874-a82c-11e3-a972-000c29052e2c\">Informaci\u00f3 del tr\u00e0mit i on es pot sol\u00b7licitar<\/a><\/p>\n<p><span style=\"font-weight: 400;\">Per a m\u00e9s informaci\u00f3, podeu consultar:\u00a0<\/span><a href=\"https:\/\/portaljuridic.gencat.cat\/ca\/document-del-pjur\/?documentId=501140\">ORDRE VCP\/491\/2009, de 12 de novembre, per la qual es refonen i s&#8217;actualitzen els t\u00edtols, diplomes i certificats equivalents als certificats de coneixements de catal\u00e0 de la Secretaria de Pol\u00edtica Ling\u00fc\u00edstica.<\/a><\/p>\n<p class=\"titol-document\"><a href=\"https:\/\/portaljuridic.gencat.cat\/ca\/document-del-pjur\/?documentId=275078\">DECRET 161\/2002, d&#8217;11 de juny, sobre l&#8217;acreditaci\u00f3 del coneixement del catal\u00e0 i l&#8217;aran\u00e8s en els processos de selecci\u00f3 de personal i de provisi\u00f3 de llocs de treball de les administracions p\u00fabliques de Catalunya.<\/a><\/p>\n<p><strong>Termini de resoluci\u00f3: 4 dies<\/strong><\/p>\n<p><span style=\"color: #ff0000;\"><strong>Durant els mesos de maig, juny, juliol i setembre el temps de resoluci\u00f3 de la sol\u00b7licitud pot ser m\u00e9s llarg degut al proc\u00e9s de preinscripci\u00f3 i matr\u00edcula del proper curs.<\/strong><\/span><\/p>\n<h6><\/h6>\n","protected":false},"excerpt":{"rendered":"<p>Tramitaci\u00f3 de certificats d\u2019acreditaci\u00f3 de reconeixement dels nivells B2 i C1 de catal\u00e0 per escolaritat reglada no universit\u00e0ria Com se sol\u00b7licita? Aquest certificat es pot demanar en qualsevol institut p\u00fablic de Catalunya adjuntant la documentaci\u00f3 corresponent. NOM\u00c9S PRESENCIALMENT: Portar a la Secretaria del centre la sol\u00b7licitud complimentada (pots descarregar-la\u00a0aqu\u00ed) i la documentaci\u00f3 justificativa dels requisits [&hellip;]<\/p>\n","protected":false},"author":1,"featured_media":0,"parent":4901,"menu_order":0,"comment_status":"closed","ping_status":"closed","template":"","meta":{"_bbp_topic_count":0,"_bbp_reply_count":0,"_bbp_total_topic_count":0,"_bbp_total_reply_count":0,"_bbp_voice_count":0,"_bbp_anonymous_reply_count":0,"_bbp_topic_count_hidden":0,"_bbp_reply_count_hidden":0,"_bbp_forum_subforum_count":0,"site-sidebar-layout":"default","site-content-layout":"","ast-site-content-layout":"default","site-content-style":"default","site-sidebar-style":"default","ast-global-header-display":"","ast-banner-title-visibility":"","ast-main-header-display":"","ast-hfb-above-header-display":"","ast-hfb-below-header-display":"","ast-hfb-mobile-header-display":"","site-post-title":"","ast-breadcrumbs-content":"","ast-featured-img":"","footer-sml-layout":"","theme-transparent-header-meta":"default","adv-header-id-meta":"","stick-header-meta":"","header-above-stick-meta":"","header-main-stick-meta":"","header-below-stick-meta":"","astra-migrate-meta-layouts":"set","ast-page-background-enabled":"default","ast-page-background-meta":{"desktop":{"background-color":"var(--ast-global-color-4)","background-image":"","background-repeat":"repeat","background-position":"center center","background-size":"auto","background-attachment":"scroll","background-type":"","background-media":"","overlay-type":"","overlay-color":"","overlay-opacity":"","overlay-gradient":""},"tablet":{"background-color":"","background-image":"","background-repeat":"repeat","background-position":"center center","background-size":"auto","background-attachment":"scroll","background-type":"","background-media":"","overlay-type":"","overlay-color":"","overlay-opacity":"","overlay-gradient":""},"mobile":{"background-color":"","background-image":"","background-repeat":"repeat","background-position":"center center","background-size":"auto","background-attachment":"scroll","background-type":"","background-media":"","overlay-type":"","overlay-color":"","overlay-opacity":"","overlay-gradient":""}},"ast-content-background-meta":{"desktop":{"background-color":"var(--ast-global-color-5)","background-image":"","background-repeat":"repeat","background-position":"center center","background-size":"auto","background-attachment":"scroll","background-type":"","background-media":"","overlay-type":"","overlay-color":"","overlay-opacity":"","overlay-gradient":""},"tablet":{"background-color":"var(--ast-global-color-5)","background-image":"","background-repeat":"repeat","background-position":"center center","background-size":"auto","background-attachment":"scroll","background-type":"","background-media":"","overlay-type":"","overlay-color":"","overlay-opacity":"","overlay-gradient":""},"mobile":{"background-color":"var(--ast-global-color-5)","background-image":"","background-repeat":"repeat","background-position":"center center","background-size":"auto","background-attachment":"scroll","background-type":"","background-media":"","overlay-type":"","overlay-color":"","overlay-opacity":"","overlay-gradient":""}},"footnotes":""},"class_list":["post-4907","page","type-page","status-publish","hentry"],"post_mailing_queue_ids":[],"_links":{"self":[{"href":"https:\/\/agora.xtec.cat\/ies-pompeu-fabra-martorell\/wp-json\/wp\/v2\/pages\/4907","targetHints":{"allow":["GET"]}}],"collection":[{"href":"https:\/\/agora.xtec.cat\/ies-pompeu-fabra-martorell\/wp-json\/wp\/v2\/pages"}],"about":[{"href":"https:\/\/agora.xtec.cat\/ies-pompeu-fabra-martorell\/wp-json\/wp\/v2\/types\/page"}],"author":[{"embeddable":true,"href":"https:\/\/agora.xtec.cat\/ies-pompeu-fabra-martorell\/wp-json\/wp\/v2\/users\/1"}],"replies":[{"embeddable":true,"href":"https:\/\/agora.xtec.cat\/ies-pompeu-fabra-martorell\/wp-json\/wp\/v2\/comments?post=4907"}],"version-history":[{"count":6,"href":"https:\/\/agora.xtec.cat\/ies-pompeu-fabra-martorell\/wp-json\/wp\/v2\/pages\/4907\/revisions"}],"predecessor-version":[{"id":6714,"href":"https:\/\/agora.xtec.cat\/ies-pompeu-fabra-martorell\/wp-json\/wp\/v2\/pages\/4907\/revisions\/6714"}],"up":[{"embeddable":true,"href":"https:\/\/agora.xtec.cat\/ies-pompeu-fabra-martorell\/wp-json\/wp\/v2\/pages\/4901"}],"wp:attachment":[{"href":"https:\/\/agora.xtec.cat\/ies-pompeu-fabra-martorell\/wp-json\/wp\/v2\/media?parent=4907"}],"curies":[{"name":"wp","href":"https:\/\/api.w.org\/{rel}","templated":true}]}}