{"id":46,"date":"2014-09-17T16:53:45","date_gmt":"2014-09-17T16:53:45","guid":{"rendered":"http:\/\/agora.xtec.cat\/ies-pompeu-fabra-martorell\/?page_id=46"},"modified":"2026-01-11T22:53:02","modified_gmt":"2026-01-11T21:53:02","slug":"organigrama","status":"publish","type":"page","link":"https:\/\/agora.xtec.cat\/ies-pompeu-fabra-martorell\/linstitut\/organigrama\/","title":{"rendered":"Organigrama"},"content":{"rendered":"<p><a href=\"https:\/\/agora.xtec.cat\/ies-pompeu-fabra-martorell\/wp-content\/uploads\/usu2046\/2025\/12\/Captura-de-pantalla-2025-12-02-122321.png\"><img loading=\"lazy\" decoding=\"async\" class=\"aligncenter size-large wp-image-6475\" src=\"https:\/\/agora.xtec.cat\/ies-pompeu-fabra-martorell\/wp-content\/uploads\/usu2046\/2025\/12\/Captura-de-pantalla-2025-12-02-122321-1024x504.png\" alt=\"\" width=\"1024\" height=\"504\" srcset=\"https:\/\/agora.xtec.cat\/ies-pompeu-fabra-martorell\/wp-content\/uploads\/usu2046\/2025\/12\/Captura-de-pantalla-2025-12-02-122321-1024x504.png 1024w, https:\/\/agora.xtec.cat\/ies-pompeu-fabra-martorell\/wp-content\/uploads\/usu2046\/2025\/12\/Captura-de-pantalla-2025-12-02-122321-300x148.png 300w, https:\/\/agora.xtec.cat\/ies-pompeu-fabra-martorell\/wp-content\/uploads\/usu2046\/2025\/12\/Captura-de-pantalla-2025-12-02-122321-768x378.png 768w, https:\/\/agora.xtec.cat\/ies-pompeu-fabra-martorell\/wp-content\/uploads\/usu2046\/2025\/12\/Captura-de-pantalla-2025-12-02-122321.png 1093w\" sizes=\"auto, (max-width: 1024px) 100vw, 1024px\" \/><\/a><a href=\"https:\/\/agora.xtec.cat\/ies-pompeu-fabra-martorell\/wp-content\/uploads\/usu2046\/2025\/12\/Captura-de-pantalla-2025-12-02-122512.png\"><img loading=\"lazy\" decoding=\"async\" class=\"aligncenter size-large wp-image-6478\" src=\"https:\/\/agora.xtec.cat\/ies-pompeu-fabra-martorell\/wp-content\/uploads\/usu2046\/2025\/12\/Captura-de-pantalla-2025-12-02-122512-1024x648.png\" alt=\"\" width=\"1024\" height=\"648\" srcset=\"https:\/\/agora.xtec.cat\/ies-pompeu-fabra-martorell\/wp-content\/uploads\/usu2046\/2025\/12\/Captura-de-pantalla-2025-12-02-122512-1024x648.png 1024w, https:\/\/agora.xtec.cat\/ies-pompeu-fabra-martorell\/wp-content\/uploads\/usu2046\/2025\/12\/Captura-de-pantalla-2025-12-02-122512-300x190.png 300w, https:\/\/agora.xtec.cat\/ies-pompeu-fabra-martorell\/wp-content\/uploads\/usu2046\/2025\/12\/Captura-de-pantalla-2025-12-02-122512-768x486.png 768w, https:\/\/agora.xtec.cat\/ies-pompeu-fabra-martorell\/wp-content\/uploads\/usu2046\/2025\/12\/Captura-de-pantalla-2025-12-02-122512.png 1122w\" sizes=\"auto, (max-width: 1024px) 100vw, 1024px\" \/><\/a><\/p>\n<p><strong>Tutories 25-26<\/strong><\/p>\n<table style=\"height: 1768px; width: 71.0981%; border-collapse: collapse; border-color: #000000; border-style: solid;\">\n<tbody>\n<tr style=\"border-color: #000000; border-style: solid; background-color: #2ca836;\">\n<td style=\"width: 21.3872%; height: 52px; border-style: solid; border-color: #000000;\"><strong>CLASSE<\/strong><\/td>\n<td style=\"width: 22.447%; height: 52px; border-style: solid; border-color: #000000;\"><strong>TUTOR<\/strong><\/td>\n<td style=\"width: 27.264%; height: 52px; border-style: solid; border-color: #000000;\"><strong>ESPECIALITAT<\/strong><\/td>\n<\/tr>\n<tr style=\"height: 52px;\">\n<td style=\"width: 21.3872%; height: 52px; border-style: solid; border-color: #000000;\"><span style=\"font-size: 16px; font-style: normal; font-weight: 400;\">E1 DELTA<\/span><\/td>\n<td style=\"width: 22.447%; height: 52px; border-style: solid; border-color: #000000;\">ALBERT PALLAR\u00c8S<\/td>\n<td style=\"width: 27.264%; height: 52px; border-style: solid; border-color: #000000;\">EDUCACI\u00d3 F\u00cdSICA<\/td>\n<\/tr>\n<tr style=\"height: 52px;\">\n<td style=\"width: 21.3872%; height: 52px; border-style: solid; border-color: #000000;\"><span style=\"font-size: 16px; font-style: normal; font-weight: 400;\">E1 LAMBDA<\/span><\/td>\n<td style=\"width: 22.447%; height: 52px; border-style: solid; border-color: #000000;\">MARINA DOLS<\/td>\n<td style=\"width: 27.264%; height: 52px; border-style: solid; border-color: #000000;\">TECNOLOGIA<\/td>\n<\/tr>\n<tr style=\"height: 52px;\">\n<td style=\"width: 21.3872%; height: 52px; border-style: solid; border-color: #000000;\"><span style=\"font-size: 16px; font-style: normal; font-weight: 400;\">E1 OMEGA<\/span><\/td>\n<td style=\"width: 22.447%; height: 52px; border-style: solid; border-color: #000000;\">ROBERTO ARTIGAS<\/td>\n<td style=\"width: 27.264%; height: 52px; border-style: solid; border-color: #000000;\">BIOLOGIA I GEOLOGIA<\/td>\n<\/tr>\n<tr style=\"height: 52px;\">\n<td style=\"width: 21.3872%; height: 52px; border-style: solid; border-color: #000000;\"><span style=\"font-size: 16px; font-style: normal; font-weight: 400;\">E1 PI<\/span><\/td>\n<td style=\"width: 22.447%; height: 52px; border-style: solid; border-color: #000000;\">ANA MONTES<\/td>\n<td style=\"width: 27.264%; height: 52px; border-style: solid; border-color: #000000;\">CATAL\u00c0<\/td>\n<\/tr>\n<tr style=\"height: 52px;\">\n<td style=\"width: 21.3872%; height: 52px; border-style: solid; border-color: #000000;\"><span style=\"font-size: 16px; font-style: normal; font-weight: 400;\">E1 SIMGA<\/span><\/td>\n<td style=\"width: 22.447%; height: 52px; border-style: solid; border-color: #000000;\">D\u00c9BORA LLED\u00d3<\/td>\n<td style=\"width: 27.264%; height: 52px; border-style: solid; border-color: #000000;\">VISUAL I PL\u00c0STICA<\/td>\n<\/tr>\n<tr style=\"height: 52px;\">\n<td style=\"width: 21.3872%; height: 52px; border-style: solid; border-color: #000000;\">E2 HELI<\/td>\n<td style=\"width: 22.447%; height: 52px; border-style: solid; border-color: #000000;\">FELIU CORT\u00c9S<\/td>\n<td style=\"width: 27.264%; height: 52px; border-style: solid; border-color: #000000;\">LLENG\u00dcES ESTRANGERES<\/td>\n<\/tr>\n<tr style=\"height: 52px;\">\n<td style=\"width: 21.3872%; height: 52px; border-style: solid; border-color: #000000;\">E2 NE\u00d3<\/td>\n<td style=\"width: 22.447%; height: 52px; border-style: solid; border-color: #000000;\">ALBA CUADRADO<\/td>\n<td style=\"width: 27.264%; height: 52px; border-style: solid; border-color: #000000;\">CASTELL\u00c0<\/td>\n<\/tr>\n<tr style=\"height: 52px;\">\n<td style=\"width: 21.3872%; height: 52px; border-style: solid; border-color: #000000;\">E2 ARG\u00d3<\/td>\n<td style=\"width: 22.447%; height: 52px; border-style: solid; border-color: #000000;\">ROGER AMPOSTA<\/td>\n<td style=\"width: 27.264%; height: 52px; border-style: solid; border-color: #000000;\">SOCIALS<\/td>\n<\/tr>\n<tr style=\"height: 52px;\">\n<td style=\"width: 21.3872%; height: 52px; border-style: solid; border-color: #000000;\">E2 XEN\u00d3<\/td>\n<td style=\"width: 22.447%; height: 52px; border-style: solid; border-color: #000000;\">ELISENDA ANDR\u00c9S<\/td>\n<td style=\"width: 27.264%; height: 52px; border-style: solid; border-color: #000000;\">CATAL\u00c0<\/td>\n<\/tr>\n<tr style=\"height: 52px;\">\n<td style=\"width: 21.3872%; height: 52px; border-style: solid; border-color: #000000;\">E3 FLUVI\u00c0<\/td>\n<td style=\"width: 22.447%; height: 52px; border-style: solid; border-color: #000000;\">SILVIA MOMPART<\/td>\n<td style=\"width: 27.264%; height: 52px; border-style: solid; border-color: #000000;\">BIOLOGIA I GEOLOGIA<\/td>\n<\/tr>\n<tr style=\"height: 52px;\">\n<td style=\"width: 21.3872%; height: 52px; border-style: solid; border-color: #000000;\">E3 GARONA<\/td>\n<td style=\"width: 22.447%; height: 52px; border-style: solid; border-color: #000000;\">PILAR VI\u00d1ALS<\/td>\n<td style=\"width: 27.264%; height: 52px; border-style: solid; border-color: #000000;\">CASTELL\u00c0<\/td>\n<\/tr>\n<tr style=\"height: 52px;\">\n<td style=\"width: 21.3872%; height: 52px; border-style: solid; border-color: #000000;\">E3 LLOBREGAT<\/td>\n<td style=\"width: 22.447%; height: 52px; border-style: solid; border-color: #000000;\">ELENA \u00c0LVAREZ<\/td>\n<td style=\"width: 27.264%; height: 52px; border-style: solid; border-color: #000000;\">MATEM\u00c0TIQUES<\/td>\n<\/tr>\n<tr style=\"height: 52px;\">\n<td style=\"width: 21.3872%; height: 52px; border-style: solid; border-color: #000000;\">E3 SEGRE<\/td>\n<td style=\"width: 22.447%; height: 52px; border-style: solid; border-color: #000000;\">H\u00c9CTOR GODOY<\/td>\n<td style=\"width: 27.264%; height: 52px; border-style: solid; border-color: #000000;\">F\u00cdSICA I QU\u00cdMICA<\/td>\n<\/tr>\n<tr style=\"height: 52px;\">\n<td style=\"width: 21.3872%; height: 52px; border-style: solid; border-color: #000000;\">E3 S\u00c9NIA<\/td>\n<td style=\"width: 22.447%; height: 52px; border-style: solid; border-color: #000000;\">M. ANGEL BARRIOS<\/td>\n<td style=\"width: 27.264%; height: 52px; border-style: solid; border-color: #000000;\">TECNOLOGIA<\/td>\n<\/tr>\n<tr style=\"height: 52px;\">\n<td style=\"width: 21.3872%; height: 52px; border-style: solid; border-color: #000000;\">E3 ANOIA<\/td>\n<td style=\"width: 22.447%; height: 52px; border-style: solid; border-color: #000000;\">ROSA MARIA MA\u00d1AS<\/td>\n<td style=\"width: 27.264%; height: 52px; border-style: solid; border-color: #000000;\">ORIENTACI\u00d3<\/td>\n<\/tr>\n<tr style=\"height: 52px;\">\n<td style=\"width: 21.3872%; height: 52px; border-style: solid; border-color: #000000;\">E4A<\/td>\n<td style=\"width: 22.447%; height: 52px; border-style: solid; border-color: #000000;\">ILSE MADERTHANER<\/td>\n<td style=\"width: 27.264%; height: 52px; border-style: solid; border-color: #000000;\">LLENG\u00dcES ESTRANGERES<\/td>\n<\/tr>\n<tr style=\"height: 52px;\">\n<td style=\"width: 21.3872%; height: 52px; border-style: solid; border-color: #000000;\">E4B<\/td>\n<td style=\"width: 22.447%; height: 52px; border-style: solid; border-color: #000000;\">MARTA PRATS<\/td>\n<td style=\"width: 27.264%; height: 52px; border-style: solid; border-color: #000000;\">BIOLOGIA I GEOLOGIA<\/td>\n<\/tr>\n<tr style=\"height: 52px;\">\n<td style=\"width: 21.3872%; height: 52px; border-style: solid; border-color: #000000;\">E4C<\/td>\n<td style=\"width: 22.447%; height: 52px; border-style: solid; border-color: #000000;\">ANDREA MART\u00cdNEZ<\/td>\n<td style=\"width: 27.264%; height: 52px; border-style: solid; border-color: #000000;\">MATEM\u00c0TIQUES<\/td>\n<\/tr>\n<tr style=\"height: 52px;\">\n<td style=\"width: 21.3872%; height: 52px; border-style: solid; border-color: #000000;\">E4D<\/td>\n<td style=\"width: 22.447%; height: 52px; border-style: solid; border-color: #000000;\">JAVIER VALLEJO<\/td>\n<td style=\"width: 27.264%; height: 52px; border-style: solid; border-color: #000000;\">SOCIALS<\/td>\n<\/tr>\n<tr style=\"height: 52px;\">\n<td style=\"width: 21.3872%; height: 52px; border-style: solid; border-color: #000000;\">E4E<\/td>\n<td style=\"width: 22.447%; height: 52px; border-style: solid; border-color: #000000;\">JOAN PALAU<\/td>\n<td style=\"width: 27.264%; height: 52px; border-style: solid; border-color: #000000;\">EDUCACI\u00d3 F\u00cdSICA<\/td>\n<\/tr>\n<tr style=\"height: 52px;\">\n<td style=\"width: 21.3872%; height: 52px; border-style: solid; border-color: #000000;\">A04<\/td>\n<td style=\"width: 22.447%; height: 52px; border-style: solid; border-color: #000000;\">LOLA CAROD<\/td>\n<td style=\"width: 27.264%; height: 52px; border-style: solid; border-color: #000000;\">ORIENTACI\u00d3<\/td>\n<\/tr>\n<tr style=\"height: 52px;\">\n<td style=\"width: 21.3872%; height: 52px; border-style: solid; border-color: #000000;\"><span style=\"font-size: 16px; font-style: normal; font-weight: 400;\">B1A<\/span><\/td>\n<td style=\"width: 22.447%; height: 52px; border-style: solid; border-color: #000000;\">DAMI\u00c0 VIVES<\/td>\n<td style=\"width: 27.264%; height: 52px; border-style: solid; border-color: #000000;\">VISUAL I PL\u00c0STICA<\/td>\n<\/tr>\n<tr style=\"height: 52px;\">\n<td style=\"width: 21.3872%; height: 52px; border-style: solid; border-color: #000000;\"><span style=\"font-size: 16px; font-style: normal; font-weight: 400;\">B1B<\/span><\/td>\n<td style=\"width: 22.447%; height: 52px; border-style: solid; border-color: #000000;\">CL\u00c0UDIA MIARNAU<\/td>\n<td style=\"width: 27.264%; height: 52px; border-style: solid; border-color: #000000;\">CATAL\u00c0<\/td>\n<\/tr>\n<tr style=\"height: 52px;\">\n<td style=\"width: 21.3872%; height: 52px; border-style: solid; border-color: #000000;\"><span style=\"font-size: 16px; font-style: normal; font-weight: 400;\">B1C<\/span><\/td>\n<td style=\"width: 22.447%; height: 52px; border-style: solid; border-color: #000000;\">LUCIA MASERO<\/td>\n<td style=\"width: 27.264%; height: 52px; border-style: solid; border-color: #000000;\">MATEM\u00c0TIQUES<\/td>\n<\/tr>\n<tr style=\"height: 52px;\">\n<td style=\"width: 21.3872%; height: 52px; border-style: solid; border-color: #000000;\"><span style=\"font-size: 16px; font-style: normal; font-weight: 400;\">B1D<\/span><\/td>\n<td style=\"width: 22.447%; height: 52px; border-style: solid; border-color: #000000;\">ELISABET DELGADO<\/td>\n<td style=\"width: 27.264%; height: 52px; border-style: solid; border-color: #000000;\">CASTELL\u00c0<\/td>\n<\/tr>\n<tr style=\"height: 52px;\">\n<td style=\"width: 21.3872%; height: 52px; border-style: solid; border-color: #000000;\"><span style=\"font-size: 16px; font-style: normal; font-weight: 400;\">B2A<\/span><\/td>\n<td style=\"width: 22.447%; height: 52px; border-style: solid; border-color: #000000;\">ANA B. RODR\u00cdGUEZ<\/td>\n<td style=\"width: 27.264%; height: 52px; border-style: solid; border-color: #000000;\">VISUAL I PL\u00c0STICA<\/td>\n<\/tr>\n<tr style=\"height: 52px;\">\n<td style=\"width: 21.3872%; height: 52px; border-style: solid; border-color: #000000;\"><span style=\"font-size: 16px; font-style: normal; font-weight: 400;\">B2B<\/span><\/td>\n<td style=\"width: 22.447%; height: 52px; border-style: solid; border-color: #000000;\">ESTER CARPIO<\/td>\n<td style=\"width: 27.264%; height: 52px; border-style: solid; border-color: #000000;\">SOCIALS<\/td>\n<\/tr>\n<tr style=\"height: 52px;\">\n<td style=\"width: 21.3872%; height: 52px; border-style: solid; border-color: #000000;\"><span style=\"font-size: 16px; font-style: normal; font-weight: 400;\">B2C<\/span><\/td>\n<td style=\"width: 22.447%; height: 52px; border-style: solid; border-color: #000000;\">ALBERTO HERN\u00c1NDEZ<\/td>\n<td style=\"width: 27.264%; height: 52px; border-style: solid; border-color: #000000;\">MATEM\u00c0TIQUES<\/td>\n<\/tr>\n<tr style=\"height: 52px;\">\n<td style=\"width: 21.3872%; height: 52px; border-style: solid; border-color: #000000;\"><span style=\"font-size: 16px; font-style: normal; font-weight: 400;\">B2D<\/span><\/td>\n<td style=\"width: 22.447%; height: 52px; border-style: solid; border-color: #000000;\">LL\u00daCIA VIVES<\/td>\n<td style=\"width: 27.264%; height: 52px; border-style: solid; border-color: #000000;\">FILOSOFIA<\/td>\n<\/tr>\n<tr style=\"height: 52px;\">\n<td style=\"width: 21.3872%; height: 52px; border-style: solid; border-color: #000000;\"><span style=\"font-size: 16px; font-style: normal; font-weight: 400;\">B2E<\/span><\/td>\n<td style=\"width: 22.447%; height: 52px; border-style: solid; border-color: #000000;\">CARLES MORERA<\/td>\n<td style=\"width: 27.264%; height: 52px; border-style: solid; border-color: #000000;\">F\u00cdSICA I QU\u00cdMICA<\/td>\n<\/tr>\n<tr style=\"height: 52px;\">\n<td style=\"width: 21.3872%; height: 52px; border-style: solid; border-color: #000000;\"><span style=\"font-size: 16px; font-style: normal; font-weight: 400;\">B1N<\/span><\/td>\n<td style=\"width: 22.447%; height: 52px; border-style: solid; border-color: #000000;\">ESTER QUIR\u00d3S<\/td>\n<td style=\"width: 27.264%; height: 52px; border-style: solid; border-color: #000000;\">LLENG\u00dcES ESTRANGERES<\/td>\n<\/tr>\n<tr style=\"height: 52px;\">\n<td style=\"width: 21.3872%; height: 52px; border-style: solid; border-color: #000000;\"><span style=\"font-size: 16px; font-style: normal; font-weight: 400;\">B2N<\/span><\/td>\n<td style=\"width: 22.447%; height: 52px; border-style: solid; border-color: #000000;\">MARTA PA\u00d1ELLA<\/td>\n<td style=\"width: 27.264%; height: 52px; border-style: solid; border-color: #000000;\">SOCIALS<\/td>\n<\/tr>\n<tr style=\"height: 52px;\">\n<td style=\"width: 21.3872%; height: 52px; border-style: solid; border-color: #000000;\"><span style=\"font-size: 16px; font-style: normal; font-weight: 400;\">AULA ACOLLIDA<\/span><\/td>\n<td style=\"width: 22.447%; height: 52px; border-style: solid; border-color: #000000;\">M. JOSE JUPAREZ<\/td>\n<td style=\"width: 27.264%; height: 52px; border-style: solid; border-color: #000000;\">CATAL\u00c0<\/td>\n<\/tr>\n<\/tbody>\n<\/table>\n<p>&nbsp;<\/p>\n<p>&nbsp;<\/p>\n","protected":false},"excerpt":{"rendered":"<p>Tutories 25-26 CLASSE TUTOR ESPECIALITAT E1 DELTA ALBERT PALLAR\u00c8S EDUCACI\u00d3 F\u00cdSICA E1 LAMBDA MARINA DOLS TECNOLOGIA E1 OMEGA ROBERTO ARTIGAS BIOLOGIA I GEOLOGIA E1 PI ANA MONTES CATAL\u00c0 E1 SIMGA D\u00c9BORA LLED\u00d3 VISUAL I PL\u00c0STICA E2 HELI FELIU CORT\u00c9S LLENG\u00dcES ESTRANGERES E2 NE\u00d3 ALBA CUADRADO CASTELL\u00c0 E2 ARG\u00d3 ROGER AMPOSTA SOCIALS E2 XEN\u00d3 ELISENDA ANDR\u00c9S [&hellip;]<\/p>\n","protected":false},"author":1,"featured_media":0,"parent":19,"menu_order":50,"comment_status":"closed","ping_status":"closed","template":"","meta":{"_bbp_topic_count":0,"_bbp_reply_count":0,"_bbp_total_topic_count":0,"_bbp_total_reply_count":0,"_bbp_voice_count":0,"_bbp_anonymous_reply_count":0,"_bbp_topic_count_hidden":0,"_bbp_reply_count_hidden":0,"_bbp_forum_subforum_count":0,"site-sidebar-layout":"default","site-content-layout":"","ast-site-content-layout":"default","site-content-style":"default","site-sidebar-style":"default","ast-global-header-display":"","ast-banner-title-visibility":"","ast-main-header-display":"","ast-hfb-above-header-display":"","ast-hfb-below-header-display":"","ast-hfb-mobile-header-display":"","site-post-title":"","ast-breadcrumbs-content":"","ast-featured-img":"","footer-sml-layout":"","theme-transparent-header-meta":"default","adv-header-id-meta":"","stick-header-meta":"","header-above-stick-meta":"","header-main-stick-meta":"","header-below-stick-meta":"","astra-migrate-meta-layouts":"set","ast-page-background-enabled":"default","ast-page-background-meta":{"desktop":{"background-color":"var(--ast-global-color-4)","background-image":"","background-repeat":"repeat","background-position":"center center","background-size":"auto","background-attachment":"scroll","background-type":"","background-media":"","overlay-type":"","overlay-color":"","overlay-opacity":"","overlay-gradient":""},"tablet":{"background-color":"","background-image":"","background-repeat":"repeat","background-position":"center center","background-size":"auto","background-attachment":"scroll","background-type":"","background-media":"","overlay-type":"","overlay-color":"","overlay-opacity":"","overlay-gradient":""},"mobile":{"background-color":"","background-image":"","background-repeat":"repeat","background-position":"center center","background-size":"auto","background-attachment":"scroll","background-type":"","background-media":"","overlay-type":"","overlay-color":"","overlay-opacity":"","overlay-gradient":""}},"ast-content-background-meta":{"desktop":{"background-color":"var(--ast-global-color-5)","background-image":"","background-repeat":"repeat","background-position":"center center","background-size":"auto","background-attachment":"scroll","background-type":"","background-media":"","overlay-type":"","overlay-color":"","overlay-opacity":"","overlay-gradient":""},"tablet":{"background-color":"var(--ast-global-color-5)","background-image":"","background-repeat":"repeat","background-position":"center center","background-size":"auto","background-attachment":"scroll","background-type":"","background-media":"","overlay-type":"","overlay-color":"","overlay-opacity":"","overlay-gradient":""},"mobile":{"background-color":"var(--ast-global-color-5)","background-image":"","background-repeat":"repeat","background-position":"center center","background-size":"auto","background-attachment":"scroll","background-type":"","background-media":"","overlay-type":"","overlay-color":"","overlay-opacity":"","overlay-gradient":""}},"footnotes":""},"class_list":["post-46","page","type-page","status-publish","hentry"],"post_mailing_queue_ids":[],"_links":{"self":[{"href":"https:\/\/agora.xtec.cat\/ies-pompeu-fabra-martorell\/wp-json\/wp\/v2\/pages\/46","targetHints":{"allow":["GET"]}}],"collection":[{"href":"https:\/\/agora.xtec.cat\/ies-pompeu-fabra-martorell\/wp-json\/wp\/v2\/pages"}],"about":[{"href":"https:\/\/agora.xtec.cat\/ies-pompeu-fabra-martorell\/wp-json\/wp\/v2\/types\/page"}],"author":[{"embeddable":true,"href":"https:\/\/agora.xtec.cat\/ies-pompeu-fabra-martorell\/wp-json\/wp\/v2\/users\/1"}],"replies":[{"embeddable":true,"href":"https:\/\/agora.xtec.cat\/ies-pompeu-fabra-martorell\/wp-json\/wp\/v2\/comments?post=46"}],"version-history":[{"count":6,"href":"https:\/\/agora.xtec.cat\/ies-pompeu-fabra-martorell\/wp-json\/wp\/v2\/pages\/46\/revisions"}],"predecessor-version":[{"id":6576,"href":"https:\/\/agora.xtec.cat\/ies-pompeu-fabra-martorell\/wp-json\/wp\/v2\/pages\/46\/revisions\/6576"}],"up":[{"embeddable":true,"href":"https:\/\/agora.xtec.cat\/ies-pompeu-fabra-martorell\/wp-json\/wp\/v2\/pages\/19"}],"wp:attachment":[{"href":"https:\/\/agora.xtec.cat\/ies-pompeu-fabra-martorell\/wp-json\/wp\/v2\/media?parent=46"}],"curies":[{"name":"wp","href":"https:\/\/api.w.org\/{rel}","templated":true}]}}