{"id":43,"date":"2014-09-17T16:45:07","date_gmt":"2014-09-17T16:45:07","guid":{"rendered":"http:\/\/agora.xtec.cat\/ies-pompeu-fabra-martorell\/?page_id=43"},"modified":"2024-07-06T20:56:56","modified_gmt":"2024-07-06T18:56:56","slug":"consell-escolar","status":"publish","type":"page","link":"https:\/\/agora.xtec.cat\/ies-pompeu-fabra-martorell\/linstitut\/consell-escolar\/","title":{"rendered":"Consell escolar"},"content":{"rendered":"<p><strong>CONSELL ESCOLAR<\/strong><\/p>\n<p><strong>JUNTA DIRECTIVA<\/strong><\/p>\n<ul>\n<li>Susana Navarro Rey (Directora)<\/li>\n<li>Ver\u00f2nica Santamaria (Cap d\u2019estudis)<\/li>\n<li>Jordi Par\u00e9s Esplugas (Secretari)<\/li>\n<\/ul>\n<p><strong>SECTOR PROFESSORS<\/strong><\/p>\n<ul>\n<li>Lidia Luque Gonz\u00e1lez<\/li>\n<li>Florencia Battagliero Bocco<\/li>\n<li>Rub\u00e9n Flecha Lacalle<\/li>\n<li>Valent\u00ed Rodr\u00edguez Vea<\/li>\n<li>Vanesa Barroso Esteve<\/li>\n<li>Rosa Sansano Ant\u00f3n<\/li>\n<li>Francesc Perez Garcia<\/li>\n<li>J\u00f3nathan Bacaicoa Valls<\/li>\n<\/ul>\n<p><strong>SECTOR PARES D\u2019ALUMNES<\/strong><\/p>\n<ul>\n<li>M\u00edriam Morales Parra<\/li>\n<li>Diana Castellanos<\/li>\n<li>Esmeralda Zaragoza (AMPA)<\/li>\n<\/ul>\n<p><strong>REPRESENTANT AJUNTAMENT<\/strong><\/p>\n<ul>\n<li>Soledad Rosende Castillo<\/li>\n<\/ul>\n<p><strong>SECTOR ALUMNES<\/strong><\/p>\n<ul>\n<li>Judit Ellacuria<\/li>\n<li>Alexandra Assi<\/li>\n<li>Anna Domenech<\/li>\n<\/ul>\n<p><strong>REPRESENTANT PAS<\/strong><\/p>\n<ul>\n<li>Lluis Reyn\u00e9s Masferrer<\/li>\n<\/ul>\n<p>&nbsp;<\/p>\n","protected":false},"excerpt":{"rendered":"<p>CONSELL ESCOLAR JUNTA DIRECTIVA Susana Navarro Rey (Directora) Ver\u00f2nica Santamaria (Cap d\u2019estudis) Jordi Par\u00e9s Esplugas (Secretari) SECTOR PROFESSORS Lidia Luque Gonz\u00e1lez Florencia Battagliero Bocco Rub\u00e9n Flecha Lacalle Valent\u00ed Rodr\u00edguez Vea Vanesa Barroso Esteve Rosa Sansano Ant\u00f3n Francesc Perez Garcia J\u00f3nathan Bacaicoa Valls SECTOR PARES D\u2019ALUMNES M\u00edriam Morales Parra Diana Castellanos Esmeralda Zaragoza (AMPA) REPRESENTANT AJUNTAMENT [&hellip;]<\/p>\n","protected":false},"author":1,"featured_media":0,"parent":19,"menu_order":40,"comment_status":"closed","ping_status":"closed","template":"page-templates\/side-menu.php","meta":{"_bbp_topic_count":0,"_bbp_reply_count":0,"_bbp_total_topic_count":0,"_bbp_total_reply_count":0,"_bbp_voice_count":0,"_bbp_anonymous_reply_count":0,"_bbp_topic_count_hidden":0,"_bbp_reply_count_hidden":0,"_bbp_forum_subforum_count":0,"site-sidebar-layout":"default","site-content-layout":"","ast-site-content-layout":"","site-content-style":"default","site-sidebar-style":"default","ast-global-header-display":"","ast-banner-title-visibility":"","ast-main-header-display":"","ast-hfb-above-header-display":"","ast-hfb-below-header-display":"","ast-hfb-mobile-header-display":"","site-post-title":"","ast-breadcrumbs-content":"","ast-featured-img":"","footer-sml-layout":"","theme-transparent-header-meta":"","adv-header-id-meta":"","stick-header-meta":"","header-above-stick-meta":"","header-main-stick-meta":"","header-below-stick-meta":"","astra-migrate-meta-layouts":"default","ast-page-background-enabled":"default","ast-page-background-meta":{"desktop":{"background-color":"var(--ast-global-color-4)","background-image":"","background-repeat":"repeat","background-position":"center center","background-size":"auto","background-attachment":"scroll","background-type":"","background-media":"","overlay-type":"","overlay-color":"","overlay-opacity":"","overlay-gradient":""},"tablet":{"background-color":"","background-image":"","background-repeat":"repeat","background-position":"center center","background-size":"auto","background-attachment":"scroll","background-type":"","background-media":"","overlay-type":"","overlay-color":"","overlay-opacity":"","overlay-gradient":""},"mobile":{"background-color":"","background-image":"","background-repeat":"repeat","background-position":"center center","background-size":"auto","background-attachment":"scroll","background-type":"","background-media":"","overlay-type":"","overlay-color":"","overlay-opacity":"","overlay-gradient":""}},"ast-content-background-meta":{"desktop":{"background-color":"var(--ast-global-color-5)","background-image":"","background-repeat":"repeat","background-position":"center center","background-size":"auto","background-attachment":"scroll","background-type":"","background-media":"","overlay-type":"","overlay-color":"","overlay-opacity":"","overlay-gradient":""},"tablet":{"background-color":"var(--ast-global-color-5)","background-image":"","background-repeat":"repeat","background-position":"center center","background-size":"auto","background-attachment":"scroll","background-type":"","background-media":"","overlay-type":"","overlay-color":"","overlay-opacity":"","overlay-gradient":""},"mobile":{"background-color":"var(--ast-global-color-5)","background-image":"","background-repeat":"repeat","background-position":"center center","background-size":"auto","background-attachment":"scroll","background-type":"","background-media":"","overlay-type":"","overlay-color":"","overlay-opacity":"","overlay-gradient":""}},"footnotes":""},"class_list":["post-43","page","type-page","status-publish","hentry"],"post_mailing_queue_ids":[],"_links":{"self":[{"href":"https:\/\/agora.xtec.cat\/ies-pompeu-fabra-martorell\/wp-json\/wp\/v2\/pages\/43","targetHints":{"allow":["GET"]}}],"collection":[{"href":"https:\/\/agora.xtec.cat\/ies-pompeu-fabra-martorell\/wp-json\/wp\/v2\/pages"}],"about":[{"href":"https:\/\/agora.xtec.cat\/ies-pompeu-fabra-martorell\/wp-json\/wp\/v2\/types\/page"}],"author":[{"embeddable":true,"href":"https:\/\/agora.xtec.cat\/ies-pompeu-fabra-martorell\/wp-json\/wp\/v2\/users\/1"}],"replies":[{"embeddable":true,"href":"https:\/\/agora.xtec.cat\/ies-pompeu-fabra-martorell\/wp-json\/wp\/v2\/comments?post=43"}],"version-history":[{"count":4,"href":"https:\/\/agora.xtec.cat\/ies-pompeu-fabra-martorell\/wp-json\/wp\/v2\/pages\/43\/revisions"}],"predecessor-version":[{"id":5358,"href":"https:\/\/agora.xtec.cat\/ies-pompeu-fabra-martorell\/wp-json\/wp\/v2\/pages\/43\/revisions\/5358"}],"up":[{"embeddable":true,"href":"https:\/\/agora.xtec.cat\/ies-pompeu-fabra-martorell\/wp-json\/wp\/v2\/pages\/19"}],"wp:attachment":[{"href":"https:\/\/agora.xtec.cat\/ies-pompeu-fabra-martorell\/wp-json\/wp\/v2\/media?parent=43"}],"curies":[{"name":"wp","href":"https:\/\/api.w.org\/{rel}","templated":true}]}}