{"id":21,"date":"2014-09-17T16:14:14","date_gmt":"2014-09-17T16:14:14","guid":{"rendered":"http:\/\/agora.xtec.cat\/ies-pompeu-fabra-martorell\/?page_id=21"},"modified":"2021-11-16T16:52:59","modified_gmt":"2021-11-16T15:52:59","slug":"on-som","status":"publish","type":"page","link":"https:\/\/agora.xtec.cat\/ies-pompeu-fabra-martorell\/linstitut\/on-som\/","title":{"rendered":"On som"},"content":{"rendered":"<p style=\"color: #666666;\"><span style=\"color: #333333;\"><strong>Institut Pompeu Fabra<\/strong><\/span><br \/>\n<span style=\"color: #333333;\">Avinguda F\u00e8lix Duran i Ca\u00f1ameras, 3.<\/span><\/p>\n<p><span style=\"color: #333333;\">08760 Martorell<\/span><\/p>\n<p align=\"justify\"><span style=\"color: #333333;\">Tel. 937755916 <\/span><\/p>\n<p align=\"justify\"><span style=\"color: #333333;\">Fax: 937741350 \u00a0<\/span><\/p>\n<p align=\"justify\"><span style=\"color: #333333;\">Correu electr\u00f2nic: <a href=\"mailto:a8020620@xtec.cat\">a8020620@xtec.cat<\/a><\/span><\/p>\n<p align=\"justify\"><\/p>\n<p><iframe loading=\"lazy\" src=\"https:\/\/www.google.com\/maps\/embed?pb=!1m18!1m12!1m3!1d2989.3442327534717!2d1.919459914878825!3d41.47513627925628!2m3!1f0!2f0!3f0!3m2!1i1024!2i768!4f13.1!3m3!1m2!1s0x12a48edaea30a4a7%3A0xf28b24df0c45b187!2sInstitut%20Pompeu%20Fabra!5e0!3m2!1sca!2ses!4v1595235162176!5m2!1sca!2ses\" width=\"600\" height=\"450\" frameborder=\"0\" aria-hidden=\"false\"><\/iframe><\/p>\n<p><span style=\"color: #333333;\"><strong>Com arribar-hi:<br \/>\n<\/strong><\/span><\/p>\n<ul>\n<li><span style=\"color: #333333;\">Per tren: Estaci\u00f3 Renfe Martorell l\u00ednies R4, R8 i Estaci\u00f3 FGC l\u00ednies S4, S8, R5 i R6.<\/span><\/li>\n<li><span style=\"color: #333333;\">Per bus: L\u00ednies L64, L65, L68 (<a style=\"color: #333333;\" href=\"http:\/\/www.solerisauret.com\/\">solerisauret.com<\/a>) i TB\/LL (<a style=\"color: #333333;\" href=\"http:\/\/www.hillsabus.com\/\">hillsabus.com<\/a>)<\/span><\/li>\n<\/ul>\n<p><span style=\"color: #333333;\"><strong>Escoles adscrites a l&#8217;institut:<br \/>\n<\/strong><\/span><\/p>\n<p><span style=\"color: #333333;\">Escola Vicente Aleixandre, Escola Els Convents, Escola Jos\u00e9 Echegaray,\u00a0 Escola Juan Ramon Jim\u00e9nez, Escola Lola Anglada, Escola Merc\u00e8 Rodoreda, Escola La Merc\u00e8.<\/span><\/p>\n","protected":false},"excerpt":{"rendered":"<p>Institut Pompeu Fabra Avinguda F\u00e8lix Duran i Ca\u00f1ameras, 3. 08760 Martorell Tel. 937755916 Fax: 937741350 \u00a0 Correu electr\u00f2nic: a8020620@xtec.cat Com arribar-hi: Per tren: Estaci\u00f3 Renfe Martorell l\u00ednies R4, R8 i Estaci\u00f3 FGC l\u00ednies S4, S8, R5 i R6. Per bus: L\u00ednies L64, L65, L68 (solerisauret.com) i TB\/LL (hillsabus.com) Escoles adscrites a l&#8217;institut: Escola Vicente Aleixandre, [&hellip;]<\/p>\n","protected":false},"author":1,"featured_media":0,"parent":19,"menu_order":10,"comment_status":"closed","ping_status":"closed","template":"page-templates\/side-menu.php","meta":{"_bbp_topic_count":0,"_bbp_reply_count":0,"_bbp_total_topic_count":0,"_bbp_total_reply_count":0,"_bbp_voice_count":0,"_bbp_anonymous_reply_count":0,"_bbp_topic_count_hidden":0,"_bbp_reply_count_hidden":0,"_bbp_forum_subforum_count":0,"site-sidebar-layout":"default","site-content-layout":"","ast-site-content-layout":"","site-content-style":"default","site-sidebar-style":"default","ast-global-header-display":"","ast-banner-title-visibility":"","ast-main-header-display":"","ast-hfb-above-header-display":"","ast-hfb-below-header-display":"","ast-hfb-mobile-header-display":"","site-post-title":"","ast-breadcrumbs-content":"","ast-featured-img":"","footer-sml-layout":"","theme-transparent-header-meta":"","adv-header-id-meta":"","stick-header-meta":"","header-above-stick-meta":"","header-main-stick-meta":"","header-below-stick-meta":"","astra-migrate-meta-layouts":"default","ast-page-background-enabled":"default","ast-page-background-meta":{"desktop":{"background-color":"var(--ast-global-color-4)","background-image":"","background-repeat":"repeat","background-position":"center center","background-size":"auto","background-attachment":"scroll","background-type":"","background-media":"","overlay-type":"","overlay-color":"","overlay-opacity":"","overlay-gradient":""},"tablet":{"background-color":"","background-image":"","background-repeat":"repeat","background-position":"center center","background-size":"auto","background-attachment":"scroll","background-type":"","background-media":"","overlay-type":"","overlay-color":"","overlay-opacity":"","overlay-gradient":""},"mobile":{"background-color":"","background-image":"","background-repeat":"repeat","background-position":"center center","background-size":"auto","background-attachment":"scroll","background-type":"","background-media":"","overlay-type":"","overlay-color":"","overlay-opacity":"","overlay-gradient":""}},"ast-content-background-meta":{"desktop":{"background-color":"var(--ast-global-color-5)","background-image":"","background-repeat":"repeat","background-position":"center center","background-size":"auto","background-attachment":"scroll","background-type":"","background-media":"","overlay-type":"","overlay-color":"","overlay-opacity":"","overlay-gradient":""},"tablet":{"background-color":"var(--ast-global-color-5)","background-image":"","background-repeat":"repeat","background-position":"center center","background-size":"auto","background-attachment":"scroll","background-type":"","background-media":"","overlay-type":"","overlay-color":"","overlay-opacity":"","overlay-gradient":""},"mobile":{"background-color":"var(--ast-global-color-5)","background-image":"","background-repeat":"repeat","background-position":"center center","background-size":"auto","background-attachment":"scroll","background-type":"","background-media":"","overlay-type":"","overlay-color":"","overlay-opacity":"","overlay-gradient":""}},"footnotes":""},"class_list":["post-21","page","type-page","status-publish","hentry"],"post_mailing_queue_ids":[],"_links":{"self":[{"href":"https:\/\/agora.xtec.cat\/ies-pompeu-fabra-martorell\/wp-json\/wp\/v2\/pages\/21","targetHints":{"allow":["GET"]}}],"collection":[{"href":"https:\/\/agora.xtec.cat\/ies-pompeu-fabra-martorell\/wp-json\/wp\/v2\/pages"}],"about":[{"href":"https:\/\/agora.xtec.cat\/ies-pompeu-fabra-martorell\/wp-json\/wp\/v2\/types\/page"}],"author":[{"embeddable":true,"href":"https:\/\/agora.xtec.cat\/ies-pompeu-fabra-martorell\/wp-json\/wp\/v2\/users\/1"}],"replies":[{"embeddable":true,"href":"https:\/\/agora.xtec.cat\/ies-pompeu-fabra-martorell\/wp-json\/wp\/v2\/comments?post=21"}],"version-history":[{"count":4,"href":"https:\/\/agora.xtec.cat\/ies-pompeu-fabra-martorell\/wp-json\/wp\/v2\/pages\/21\/revisions"}],"predecessor-version":[{"id":1971,"href":"https:\/\/agora.xtec.cat\/ies-pompeu-fabra-martorell\/wp-json\/wp\/v2\/pages\/21\/revisions\/1971"}],"up":[{"embeddable":true,"href":"https:\/\/agora.xtec.cat\/ies-pompeu-fabra-martorell\/wp-json\/wp\/v2\/pages\/19"}],"wp:attachment":[{"href":"https:\/\/agora.xtec.cat\/ies-pompeu-fabra-martorell\/wp-json\/wp\/v2\/media?parent=21"}],"curies":[{"name":"wp","href":"https:\/\/api.w.org\/{rel}","templated":true}]}}