{"id":1932,"date":"2021-10-28T12:18:30","date_gmt":"2021-10-28T10:18:30","guid":{"rendered":"https:\/\/agora.xtec.cat\/ies-pompeu-fabra-martorell\/?page_id=1932"},"modified":"2024-06-17T17:19:24","modified_gmt":"2024-06-17T15:19:24","slug":"ieduca","status":"publish","type":"page","link":"https:\/\/agora.xtec.cat\/ies-pompeu-fabra-martorell\/documents-per-les-families\/ieduca\/","title":{"rendered":"iEduca"},"content":{"rendered":"<div><\/div>\n<div><img loading=\"lazy\" decoding=\"async\" class=\"size-large wp-image-2932 alignnone\" src=\"https:\/\/agora.xtec.cat\/ies-pompeu-fabra-martorell\/wp-content\/uploads\/usu2046\/2022\/11\/iEduca-TokApp-410x1024.jpg\" alt=\"\" width=\"410\" height=\"1024\" srcset=\"https:\/\/agora.xtec.cat\/ies-pompeu-fabra-martorell\/wp-content\/uploads\/usu2046\/2022\/11\/iEduca-TokApp-410x1024.jpg 410w, https:\/\/agora.xtec.cat\/ies-pompeu-fabra-martorell\/wp-content\/uploads\/usu2046\/2022\/11\/iEduca-TokApp-120x300.jpg 120w, https:\/\/agora.xtec.cat\/ies-pompeu-fabra-martorell\/wp-content\/uploads\/usu2046\/2022\/11\/iEduca-TokApp-768x1920.jpg 768w, https:\/\/agora.xtec.cat\/ies-pompeu-fabra-martorell\/wp-content\/uploads\/usu2046\/2022\/11\/iEduca-TokApp.jpg 800w\" sizes=\"auto, (max-width: 410px) 100vw, 410px\" \/><\/div>\n<div><\/div>\n<div><\/div>\n<div><b>Com instal\u00b7lar l&#8217;aplicaci\u00f3 iEduca tokapp<\/b><\/div>\n<div><\/div>\n<div><iframe loading=\"lazy\" title=\"YouTube video player\" src=\"https:\/\/www.youtube.com\/embed\/J1A1eLSb450\" width=\"560\" height=\"315\" frameborder=\"0\" allowfullscreen=\"allowfullscreen\"><\/iframe><\/div>\n<div><\/div>\n<p>L&#8217;usuari i la contrasenya que es necessita per activar l&#8217;aplicaci\u00f3 se&#8217;ls ha enviat de forma autom\u00e0tica al <strong>correu electr\u00f2nic que vau facilitar al centre en el moment de matr\u00edcula<\/strong>. Cal buscar un correu amb el remitent no-reply i amb l&#8217;assumpte Dades acc\u00e9s a intranet.<\/p>\n<div><\/div>\n<p><a href=\"https:\/\/agora.xtec.cat\/ies-pompeu-fabra-martorell\/wp-content\/uploads\/usu2046\/2021\/10\/Guia-aplicacio-iEduca-Tokapp-1.pdf\">Guia aplicaci\u00f3 iEduca Tokapp<\/a><\/p>\n<p><a href=\"https:\/\/agora.xtec.cat\/ies-pompeu-fabra-martorell\/wp-content\/uploads\/usu2046\/2021\/10\/Problemes-en-entrega-de-correus-electronics-enviats-diEduca.pdf\">Problemes en entrega de correus electr\u00f2nics enviats d&#8217;iEduca<\/a>.<\/p>\n<p>&nbsp;<\/p>\n","protected":false},"excerpt":{"rendered":"<p>Com instal\u00b7lar l&#8217;aplicaci\u00f3 iEduca tokapp L&#8217;usuari i la contrasenya que es necessita per activar l&#8217;aplicaci\u00f3 se&#8217;ls ha enviat de forma autom\u00e0tica al correu electr\u00f2nic que vau facilitar al centre en el moment de matr\u00edcula. Cal buscar un correu amb el remitent no-reply i amb l&#8217;assumpte Dades acc\u00e9s a intranet. Guia aplicaci\u00f3 iEduca Tokapp Problemes en [&hellip;]<\/p>\n","protected":false},"author":1,"featured_media":0,"parent":1929,"menu_order":0,"comment_status":"closed","ping_status":"closed","template":"page-templates\/side-menu.php","meta":{"_bbp_topic_count":0,"_bbp_reply_count":0,"_bbp_total_topic_count":0,"_bbp_total_reply_count":0,"_bbp_voice_count":0,"_bbp_anonymous_reply_count":0,"_bbp_topic_count_hidden":0,"_bbp_reply_count_hidden":0,"_bbp_forum_subforum_count":0,"site-sidebar-layout":"default","site-content-layout":"","ast-site-content-layout":"","site-content-style":"default","site-sidebar-style":"default","ast-global-header-display":"","ast-banner-title-visibility":"","ast-main-header-display":"","ast-hfb-above-header-display":"","ast-hfb-below-header-display":"","ast-hfb-mobile-header-display":"","site-post-title":"","ast-breadcrumbs-content":"","ast-featured-img":"","footer-sml-layout":"","theme-transparent-header-meta":"","adv-header-id-meta":"","stick-header-meta":"","header-above-stick-meta":"","header-main-stick-meta":"","header-below-stick-meta":"","astra-migrate-meta-layouts":"default","ast-page-background-enabled":"default","ast-page-background-meta":{"desktop":{"background-color":"var(--ast-global-color-4)","background-image":"","background-repeat":"repeat","background-position":"center center","background-size":"auto","background-attachment":"scroll","background-type":"","background-media":"","overlay-type":"","overlay-color":"","overlay-opacity":"","overlay-gradient":""},"tablet":{"background-color":"","background-image":"","background-repeat":"repeat","background-position":"center center","background-size":"auto","background-attachment":"scroll","background-type":"","background-media":"","overlay-type":"","overlay-color":"","overlay-opacity":"","overlay-gradient":""},"mobile":{"background-color":"","background-image":"","background-repeat":"repeat","background-position":"center center","background-size":"auto","background-attachment":"scroll","background-type":"","background-media":"","overlay-type":"","overlay-color":"","overlay-opacity":"","overlay-gradient":""}},"ast-content-background-meta":{"desktop":{"background-color":"var(--ast-global-color-5)","background-image":"","background-repeat":"repeat","background-position":"center center","background-size":"auto","background-attachment":"scroll","background-type":"","background-media":"","overlay-type":"","overlay-color":"","overlay-opacity":"","overlay-gradient":""},"tablet":{"background-color":"var(--ast-global-color-5)","background-image":"","background-repeat":"repeat","background-position":"center center","background-size":"auto","background-attachment":"scroll","background-type":"","background-media":"","overlay-type":"","overlay-color":"","overlay-opacity":"","overlay-gradient":""},"mobile":{"background-color":"var(--ast-global-color-5)","background-image":"","background-repeat":"repeat","background-position":"center center","background-size":"auto","background-attachment":"scroll","background-type":"","background-media":"","overlay-type":"","overlay-color":"","overlay-opacity":"","overlay-gradient":""}},"footnotes":""},"class_list":["post-1932","page","type-page","status-publish","hentry"],"post_mailing_queue_ids":[],"_links":{"self":[{"href":"https:\/\/agora.xtec.cat\/ies-pompeu-fabra-martorell\/wp-json\/wp\/v2\/pages\/1932","targetHints":{"allow":["GET"]}}],"collection":[{"href":"https:\/\/agora.xtec.cat\/ies-pompeu-fabra-martorell\/wp-json\/wp\/v2\/pages"}],"about":[{"href":"https:\/\/agora.xtec.cat\/ies-pompeu-fabra-martorell\/wp-json\/wp\/v2\/types\/page"}],"author":[{"embeddable":true,"href":"https:\/\/agora.xtec.cat\/ies-pompeu-fabra-martorell\/wp-json\/wp\/v2\/users\/1"}],"replies":[{"embeddable":true,"href":"https:\/\/agora.xtec.cat\/ies-pompeu-fabra-martorell\/wp-json\/wp\/v2\/comments?post=1932"}],"version-history":[{"count":3,"href":"https:\/\/agora.xtec.cat\/ies-pompeu-fabra-martorell\/wp-json\/wp\/v2\/pages\/1932\/revisions"}],"predecessor-version":[{"id":2935,"href":"https:\/\/agora.xtec.cat\/ies-pompeu-fabra-martorell\/wp-json\/wp\/v2\/pages\/1932\/revisions\/2935"}],"up":[{"embeddable":true,"href":"https:\/\/agora.xtec.cat\/ies-pompeu-fabra-martorell\/wp-json\/wp\/v2\/pages\/1929"}],"wp:attachment":[{"href":"https:\/\/agora.xtec.cat\/ies-pompeu-fabra-martorell\/wp-json\/wp\/v2\/media?parent=1932"}],"curies":[{"name":"wp","href":"https:\/\/api.w.org\/{rel}","templated":true}]}}