{"id":1929,"date":"2021-10-28T12:13:56","date_gmt":"2021-10-28T10:13:56","guid":{"rendered":"https:\/\/agora.xtec.cat\/ies-pompeu-fabra-martorell\/?page_id=1929"},"modified":"2025-02-25T19:00:38","modified_gmt":"2025-02-25T18:00:38","slug":"documents-per-les-families","status":"publish","type":"page","link":"https:\/\/agora.xtec.cat\/ies-pompeu-fabra-martorell\/documents-per-les-families\/","title":{"rendered":"Documents per les fam\u00edlies"},"content":{"rendered":"<p><strong>CRITERIS D&#8217;AVALUACI\u00d3<\/strong><\/p>\n<p><strong><a href=\"https:\/\/agora.xtec.cat\/ies-pompeu-fabra-martorell\/wp-content\/uploads\/usu2046\/2024\/02\/PF-1r-ESO-Criteris-davaluacio-23-24.pdf\" target=\"_blank\" rel=\"noopener\">Criteris d&#8217;avaluaci\u00f3 1r d&#8217;ESO<\/a> <\/strong><\/p>\n<p><strong><a href=\"https:\/\/agora.xtec.cat\/ies-pompeu-fabra-martorell\/wp-content\/uploads\/usu2046\/2024\/02\/PF-2n-ESO-Criteris-davaluacio-23-24.pdf\" target=\"_blank\" rel=\"noopener\">Criteris d&#8217;avaluaci\u00f3 2n d&#8217;ESO<\/a><\/strong><\/p>\n<p><strong><a style=\"color: #2795b6;\" href=\"https:\/\/agora.xtec.cat\/ies-pompeu-fabra-martorell\/wp-content\/uploads\/usu2046\/2024\/02\/PF-3r-ESO-Criteris-davaluacio-23-24.pdf\" target=\"_blank\" rel=\"noopener\">Criteris d&#8217;avaluaci\u00f3 3r d&#8217;ESO<\/a><\/strong><\/p>\n<p style=\"font-family: 'Helvetica Neue', Helvetica, Helvetica, Arial, sans-serif; font-size: 16px;\"><strong><a href=\"https:\/\/agora.xtec.cat\/ies-pompeu-fabra-martorell\/wp-content\/uploads\/usu2046\/2024\/02\/PF-4t-ESO-Criteris-davaluacio-23-24-.pdf\" target=\"_blank\" rel=\"noopener\">Criteris d&#8217;avaluaci\u00f3 4t d&#8217;ESO<\/a><\/strong><\/p>\n<p><strong>ALTRES INFORMACIONS I DOCUMENTS:<\/strong><\/p>\n<p><a href=\"https:\/\/agora.xtec.cat\/ies-pompeu-fabra-martorell\/documents-per-les-families\/ieduca\/\" target=\"_blank\" rel=\"noopener\">iEDUCA<\/a><\/p>\n<p><a href=\"https:\/\/agora.xtec.cat\/ies-pompeu-fabra-martorell\/wp-content\/uploads\/usu2046\/2021\/10\/Justificant-de-faltes-alumnat.pdf\" target=\"_blank\" rel=\"noopener\">Full de justificaci\u00f3 de faltes.<\/a><\/p>\n<p><a href=\"https:\/\/agora.xtec.cat\/ies-pompeu-fabra-martorell\/wp-content\/uploads\/usu2046\/2024\/06\/Full-de-dades-mediques.pdf\" target=\"_blank\" rel=\"noopener\">Full de dades m\u00e8diques<\/a><\/p>\n","protected":false},"excerpt":{"rendered":"<p>CRITERIS D&#8217;AVALUACI\u00d3 Criteris d&#8217;avaluaci\u00f3 1r d&#8217;ESO Criteris d&#8217;avaluaci\u00f3 2n d&#8217;ESO Criteris d&#8217;avaluaci\u00f3 3r d&#8217;ESO Criteris d&#8217;avaluaci\u00f3 4t d&#8217;ESO ALTRES INFORMACIONS I DOCUMENTS: iEDUCA Full de justificaci\u00f3 de faltes. Full de dades m\u00e8diques<\/p>\n","protected":false},"author":1,"featured_media":0,"parent":0,"menu_order":0,"comment_status":"closed","ping_status":"closed","template":"page-templates\/side-menu.php","meta":{"_bbp_topic_count":0,"_bbp_reply_count":0,"_bbp_total_topic_count":0,"_bbp_total_reply_count":0,"_bbp_voice_count":0,"_bbp_anonymous_reply_count":0,"_bbp_topic_count_hidden":0,"_bbp_reply_count_hidden":0,"_bbp_forum_subforum_count":0,"site-sidebar-layout":"default","site-content-layout":"","ast-site-content-layout":"","site-content-style":"default","site-sidebar-style":"default","ast-global-header-display":"","ast-banner-title-visibility":"","ast-main-header-display":"","ast-hfb-above-header-display":"","ast-hfb-below-header-display":"","ast-hfb-mobile-header-display":"","site-post-title":"","ast-breadcrumbs-content":"","ast-featured-img":"","footer-sml-layout":"","theme-transparent-header-meta":"","adv-header-id-meta":"","stick-header-meta":"","header-above-stick-meta":"","header-main-stick-meta":"","header-below-stick-meta":"","astra-migrate-meta-layouts":"default","ast-page-background-enabled":"default","ast-page-background-meta":{"desktop":{"background-color":"var(--ast-global-color-4)","background-image":"","background-repeat":"repeat","background-position":"center center","background-size":"auto","background-attachment":"scroll","background-type":"","background-media":"","overlay-type":"","overlay-color":"","overlay-opacity":"","overlay-gradient":""},"tablet":{"background-color":"","background-image":"","background-repeat":"repeat","background-position":"center center","background-size":"auto","background-attachment":"scroll","background-type":"","background-media":"","overlay-type":"","overlay-color":"","overlay-opacity":"","overlay-gradient":""},"mobile":{"background-color":"","background-image":"","background-repeat":"repeat","background-position":"center center","background-size":"auto","background-attachment":"scroll","background-type":"","background-media":"","overlay-type":"","overlay-color":"","overlay-opacity":"","overlay-gradient":""}},"ast-content-background-meta":{"desktop":{"background-color":"var(--ast-global-color-5)","background-image":"","background-repeat":"repeat","background-position":"center center","background-size":"auto","background-attachment":"scroll","background-type":"","background-media":"","overlay-type":"","overlay-color":"","overlay-opacity":"","overlay-gradient":""},"tablet":{"background-color":"var(--ast-global-color-5)","background-image":"","background-repeat":"repeat","background-position":"center center","background-size":"auto","background-attachment":"scroll","background-type":"","background-media":"","overlay-type":"","overlay-color":"","overlay-opacity":"","overlay-gradient":""},"mobile":{"background-color":"var(--ast-global-color-5)","background-image":"","background-repeat":"repeat","background-position":"center center","background-size":"auto","background-attachment":"scroll","background-type":"","background-media":"","overlay-type":"","overlay-color":"","overlay-opacity":"","overlay-gradient":""}},"footnotes":""},"class_list":["post-1929","page","type-page","status-publish","hentry"],"post_mailing_queue_ids":[],"_links":{"self":[{"href":"https:\/\/agora.xtec.cat\/ies-pompeu-fabra-martorell\/wp-json\/wp\/v2\/pages\/1929","targetHints":{"allow":["GET"]}}],"collection":[{"href":"https:\/\/agora.xtec.cat\/ies-pompeu-fabra-martorell\/wp-json\/wp\/v2\/pages"}],"about":[{"href":"https:\/\/agora.xtec.cat\/ies-pompeu-fabra-martorell\/wp-json\/wp\/v2\/types\/page"}],"author":[{"embeddable":true,"href":"https:\/\/agora.xtec.cat\/ies-pompeu-fabra-martorell\/wp-json\/wp\/v2\/users\/1"}],"replies":[{"embeddable":true,"href":"https:\/\/agora.xtec.cat\/ies-pompeu-fabra-martorell\/wp-json\/wp\/v2\/comments?post=1929"}],"version-history":[{"count":6,"href":"https:\/\/agora.xtec.cat\/ies-pompeu-fabra-martorell\/wp-json\/wp\/v2\/pages\/1929\/revisions"}],"predecessor-version":[{"id":5781,"href":"https:\/\/agora.xtec.cat\/ies-pompeu-fabra-martorell\/wp-json\/wp\/v2\/pages\/1929\/revisions\/5781"}],"wp:attachment":[{"href":"https:\/\/agora.xtec.cat\/ies-pompeu-fabra-martorell\/wp-json\/wp\/v2\/media?parent=1929"}],"curies":[{"name":"wp","href":"https:\/\/api.w.org\/{rel}","templated":true}]}}