{"id":909,"date":"2019-03-06T09:39:01","date_gmt":"2019-03-06T08:39:01","guid":{"rendered":"http:\/\/agora.xtec.cat\/ies-palleja\/?page_id=909"},"modified":"2025-09-16T15:51:22","modified_gmt":"2025-09-16T13:51:22","slug":"projectes-de-centre","status":"publish","type":"page","link":"https:\/\/agora.xtec.cat\/ies-palleja\/linstitut\/projectes-de-centre\/","title":{"rendered":"Projectes de centre"},"content":{"rendered":"<ul>\n<li><a href=\"http:\/\/agora.xtec.cat\/ies-palleja\/linstitut\/projectes-de-centre\/servei-comunitari\/\" rel=\"noopener\" data-saferedirecturl=\"https:\/\/www.google.com\/url?q=https:\/\/docs.google.com\/document\/d\/10oWTn6tsVpW19NxRV1OlNYjbp-jwuDyJ8Xp0ai5ZsW4\/edit?usp%3Dsharing&amp;source=gmail&amp;ust=1551946883929000&amp;usg=AFQjCNHV3b0kosOw0Jou-D7uMDXuUW8pHA\">Servei comunitari<br \/>\n<\/a><\/li>\n<li><a href=\"http:\/\/agora.xtec.cat\/ies-palleja\/linstitut\/projectes-de-centre\/projecte-curricular-eso\/http:\/\/agora.xtec.cat\/ies-palleja\/linstitut\/projectes-de-centre\/projecte-curricular-eso\/\">Projecte curricular ESO<\/a><\/li>\n<li><a href=\"http:\/\/agora.xtec.cat\/ies-palleja\/linstitut\/projectes-de-centre\/1-2-3-llengues-estrangeres\/\">1, 2, 3 Lleng\u00fces estrangeres<\/a><\/li>\n<li><a href=\"http:\/\/agora.xtec.cat\/ies-palleja\/linstitut\/projectes-de-centre\/programa-salut-i-escola\/\">Programa Salut i Escola<\/a><\/li>\n<li><a href=\"http:\/\/agora.xtec.cat\/ies-palleja\/linstitut\/projectes-de-centre\/tothom-hi-te-un-lloc\/\">A l&#8217;institut tothom hi t\u00e9 un lloc<\/a><\/li>\n<li><a href=\"http:\/\/agora.xtec.cat\/ies-palleja\/linstitut\/projectes-de-centre\/consell-de-delegats\/\">Consell de delegats<\/a><\/li>\n<li><a href=\"http:\/\/agora.xtec.cat\/ies-palleja\/linstitut\/projectes-de-centre\/projecte-al-teu-costat\/\">Al teu costat i continuem al teu costat<\/a><\/li>\n<li><a href=\"http:\/\/agora.xtec.cat\/ies-palleja\/linstitut\/projectes-de-centre\/pati-participatiu\/\">Patis din\u00e0mics<\/a><\/li>\n<li><a href=\"http:\/\/agora.xtec.cat\/ies-palleja\/linstitut\/projectes-de-centre\/sortides-i-activitats\/\">Sortides i activitats<\/a><\/li>\n<li><a href=\"http:\/\/agora.xtec.cat\/ies-palleja\/linstitut\/projectes-de-centre\/centres-formadors-de-practiques-dels-mufps\/\">Centres formadors de pr\u00e0ctiques dels MUFPS<\/a><\/li>\n<li><a href=\"http:\/\/agora.xtec.cat\/ies-palleja\/linstitut\/projectes-de-centre\/aquiproubullying\/\">#aquiproubullying<\/a><\/li>\n<li><a href=\"https:\/\/agora.xtec.cat\/ies-palleja\/linstitut\/projectes-de-centre\/erasmusplus\/\">Erasmus +<\/a><\/li>\n<li><a href=\"https:\/\/sites.google.com\/inspalleja.org\/edc-institut-de-palleja\/inici\" target=\"_blank\" rel=\"noopener\">Estrat\u00e8gia digital de centre<\/a><\/li>\n<li><a href=\"https:\/\/agora.xtec.cat\/ies-palleja\/mediacio\/\">Mediaci\u00f3<\/a><\/li>\n<li><a href=\"https:\/\/agora.xtec.cat\/ies-palleja\/linstitut\/projectes-de-centre\/coeducacio-i-punt-tescolto\/\">Coeducaci\u00f3 i Punt t&#8217;escolto<\/a><\/li>\n<\/ul>\n","protected":false},"excerpt":{"rendered":"<p>Servei comunitari Projecte curricular ESO 1, 2, 3 Lleng\u00fces estrangeres Programa Salut i Escola A l&#8217;institut tothom hi t\u00e9 un lloc Consell de delegats Al teu costat i continuem al teu costat Patis din\u00e0mics Sortides i activitats Centres formadors de pr\u00e0ctiques dels MUFPS #aquiproubullying Erasmus + Estrat\u00e8gia digital de centre Mediaci\u00f3 Coeducaci\u00f3 i Punt t&#8217;escolto<\/p>\n","protected":false},"author":5,"featured_media":0,"parent":19,"menu_order":4,"comment_status":"closed","ping_status":"closed","template":"page-templates\/side-menu.php","meta":{"_bbp_topic_count":0,"_bbp_reply_count":0,"_bbp_total_topic_count":0,"_bbp_total_reply_count":0,"_bbp_voice_count":0,"_bbp_anonymous_reply_count":0,"_bbp_topic_count_hidden":0,"_bbp_reply_count_hidden":0,"_bbp_forum_subforum_count":0,"site-sidebar-layout":"default","site-content-layout":"","ast-site-content-layout":"","site-content-style":"default","site-sidebar-style":"default","ast-global-header-display":"","ast-banner-title-visibility":"","ast-main-header-display":"","ast-hfb-above-header-display":"","ast-hfb-below-header-display":"","ast-hfb-mobile-header-display":"","site-post-title":"","ast-breadcrumbs-content":"","ast-featured-img":"","footer-sml-layout":"","theme-transparent-header-meta":"","adv-header-id-meta":"","stick-header-meta":"","header-above-stick-meta":"","header-main-stick-meta":"","header-below-stick-meta":"","astra-migrate-meta-layouts":"default","ast-page-background-enabled":"default","ast-page-background-meta":{"desktop":{"background-color":"var(--ast-global-color-4)","background-image":"","background-repeat":"repeat","background-position":"center center","background-size":"auto","background-attachment":"scroll","background-type":"","background-media":"","overlay-type":"","overlay-color":"","overlay-opacity":"","overlay-gradient":""},"tablet":{"background-color":"","background-image":"","background-repeat":"repeat","background-position":"center center","background-size":"auto","background-attachment":"scroll","background-type":"","background-media":"","overlay-type":"","overlay-color":"","overlay-opacity":"","overlay-gradient":""},"mobile":{"background-color":"","background-image":"","background-repeat":"repeat","background-position":"center center","background-size":"auto","background-attachment":"scroll","background-type":"","background-media":"","overlay-type":"","overlay-color":"","overlay-opacity":"","overlay-gradient":""}},"ast-content-background-meta":{"desktop":{"background-color":"var(--ast-global-color-5)","background-image":"","background-repeat":"repeat","background-position":"center center","background-size":"auto","background-attachment":"scroll","background-type":"","background-media":"","overlay-type":"","overlay-color":"","overlay-opacity":"","overlay-gradient":""},"tablet":{"background-color":"var(--ast-global-color-5)","background-image":"","background-repeat":"repeat","background-position":"center center","background-size":"auto","background-attachment":"scroll","background-type":"","background-media":"","overlay-type":"","overlay-color":"","overlay-opacity":"","overlay-gradient":""},"mobile":{"background-color":"var(--ast-global-color-5)","background-image":"","background-repeat":"repeat","background-position":"center center","background-size":"auto","background-attachment":"scroll","background-type":"","background-media":"","overlay-type":"","overlay-color":"","overlay-opacity":"","overlay-gradient":""}},"footnotes":""},"class_list":["post-909","page","type-page","status-publish","hentry"],"post_mailing_queue_ids":[],"_links":{"self":[{"href":"https:\/\/agora.xtec.cat\/ies-palleja\/wp-json\/wp\/v2\/pages\/909","targetHints":{"allow":["GET"]}}],"collection":[{"href":"https:\/\/agora.xtec.cat\/ies-palleja\/wp-json\/wp\/v2\/pages"}],"about":[{"href":"https:\/\/agora.xtec.cat\/ies-palleja\/wp-json\/wp\/v2\/types\/page"}],"author":[{"embeddable":true,"href":"https:\/\/agora.xtec.cat\/ies-palleja\/wp-json\/wp\/v2\/users\/5"}],"replies":[{"embeddable":true,"href":"https:\/\/agora.xtec.cat\/ies-palleja\/wp-json\/wp\/v2\/comments?post=909"}],"version-history":[{"count":8,"href":"https:\/\/agora.xtec.cat\/ies-palleja\/wp-json\/wp\/v2\/pages\/909\/revisions"}],"predecessor-version":[{"id":4871,"href":"https:\/\/agora.xtec.cat\/ies-palleja\/wp-json\/wp\/v2\/pages\/909\/revisions\/4871"}],"up":[{"embeddable":true,"href":"https:\/\/agora.xtec.cat\/ies-palleja\/wp-json\/wp\/v2\/pages\/19"}],"wp:attachment":[{"href":"https:\/\/agora.xtec.cat\/ies-palleja\/wp-json\/wp\/v2\/media?parent=909"}],"curies":[{"name":"wp","href":"https:\/\/api.w.org\/{rel}","templated":true}]}}