{"id":780,"date":"2019-02-28T10:32:58","date_gmt":"2019-02-28T09:32:58","guid":{"rendered":"http:\/\/agora.xtec.cat\/ies-palleja\/?page_id=780"},"modified":"2025-09-25T10:46:12","modified_gmt":"2025-09-25T08:46:12","slug":"batxillerat","status":"publish","type":"page","link":"https:\/\/agora.xtec.cat\/ies-palleja\/estudis\/batxillerat\/","title":{"rendered":"Batxillerat"},"content":{"rendered":"<p><strong>PROJECTE CURRICULAR BATXILLERAT<\/strong><\/p>\n<p>El curr\u00edculum de Batxillerat compr\u00e8n dos cursos en tres modalitats, dues de les quals les impartim en el centre:<br \/>\n&#8211; Ci\u00e8ncies i Tecnologia.<br \/>\n&#8211; Humanitats i Ci\u00e8ncies Socials.<\/p>\n<p>Cada curs de Batxillerat compr\u00e8n:<br \/>\n&#8211; Unes mat\u00e8ries comunes, obligat\u00f2ries per tots els alumnes.<br \/>\n&#8211; Unes mat\u00e8ries de modalitat a escollir pels alumnes. A continuaci\u00f3 trobaran una presentaci\u00f3 de l\u2019organitzaci\u00f3 i distribuci\u00f3 hor\u00e0ria de les mat\u00e8ries de 1r i 2n de Batxillerat. Aix\u00ed com una relaci\u00f3 de les mat\u00e8ries que s\u2019ofereixen per cada modalitat.<\/p>\n<p><a href=\"https:\/\/agora.xtec.cat\/ies-palleja\/wp-content\/uploads\/usu889\/2025\/09\/Materies-1r-batx.jpg\"><img loading=\"lazy\" decoding=\"async\" class=\"alignnone size-large wp-image-4894\" src=\"https:\/\/agora.xtec.cat\/ies-palleja\/wp-content\/uploads\/usu889\/2025\/09\/Materies-1r-batx.jpg\" alt=\"\" width=\"836\" height=\"583\" srcset=\"https:\/\/agora.xtec.cat\/ies-palleja\/wp-content\/uploads\/usu889\/2025\/09\/Materies-1r-batx.jpg 836w, https:\/\/agora.xtec.cat\/ies-palleja\/wp-content\/uploads\/usu889\/2025\/09\/Materies-1r-batx-300x209.jpg 300w, https:\/\/agora.xtec.cat\/ies-palleja\/wp-content\/uploads\/usu889\/2025\/09\/Materies-1r-batx-768x536.jpg 768w\" sizes=\"auto, (max-width: 836px) 100vw, 836px\" \/><\/a><\/p>\n<p><a href=\"https:\/\/agora.xtec.cat\/ies-palleja\/wp-content\/uploads\/usu889\/2025\/09\/Materies-2n-batx.jpg\"><img loading=\"lazy\" decoding=\"async\" class=\"alignnone size-full wp-image-4893\" src=\"https:\/\/agora.xtec.cat\/ies-palleja\/wp-content\/uploads\/usu889\/2025\/09\/Materies-2n-batx.jpg\" alt=\"\" width=\"838\" height=\"583\" srcset=\"https:\/\/agora.xtec.cat\/ies-palleja\/wp-content\/uploads\/usu889\/2025\/09\/Materies-2n-batx.jpg 838w, https:\/\/agora.xtec.cat\/ies-palleja\/wp-content\/uploads\/usu889\/2025\/09\/Materies-2n-batx-300x209.jpg 300w, https:\/\/agora.xtec.cat\/ies-palleja\/wp-content\/uploads\/usu889\/2025\/09\/Materies-2n-batx-768x534.jpg 768w\" sizes=\"auto, (max-width: 838px) 100vw, 838px\" \/><\/a><\/p>\n<p><b><br \/>\nTREBALL DE RECERCA<\/b><\/p>\n<p><span style=\"font-weight: 400;\">El <\/span><b>Treball de Recerca<\/b><span style=\"font-weight: 400;\"> \u00e9s una part obligat\u00f2ria del curr\u00edculum dels alumnes de Batxillerat. Consisteix en l\u2019estudi i investigaci\u00f3 de camp d\u2019un tema espec\u00edfic, triat pels alumnes durant el segon trimestre de 1r de Batxillerat. El treball es fa individualment i est\u00e0 tutoritzat per un professor\/a que s\u2019encarrega de guiar l&#8217;alumne\/a en la seva recerca, supervisar els continguts i donar les pautes per elaborar el dossier final i fer-ne la seva presentaci\u00f3 oral.<\/span><\/p>\n<p><span style=\"font-weight: 400;\">L\u2019alumne\/a inicia el treball durant el segon trimestre de 1r de Batxillerat, entregant un primer esborrany el mes de juny, i l\u2019acaba a l\u2019inici del primer trimestre de 2n de Batxillerat, amb la seva entrega definitiva i defensa oral davant d\u2019un tribunal format pel tutor\/a i dos membres del professorat m\u00e9s.<\/span><\/p>\n<p><span style=\"font-weight: 400;\">Com a suport i guia del treball de recerca cada estudiant disposa d\u2019una guia orientativa.<\/span><\/p>\n<p><span style=\"font-weight: 400;\">El Treball de Recerca equival a una c\u00e0rrega lectiva de 70 hores i representa el 10% de la qualificaci\u00f3 final del batxillerat.<\/span><\/p>\n","protected":false},"excerpt":{"rendered":"<p>PROJECTE CURRICULAR BATXILLERAT El curr\u00edculum de Batxillerat compr\u00e8n dos cursos en tres modalitats, dues de les quals les impartim en el centre: &#8211; Ci\u00e8ncies i Tecnologia. &#8211; Humanitats i Ci\u00e8ncies Socials. Cada curs de Batxillerat compr\u00e8n: &#8211; Unes mat\u00e8ries comunes, obligat\u00f2ries per tots els alumnes. &#8211; Unes mat\u00e8ries de modalitat a escollir pels alumnes. A [&hellip;]<\/p>\n","protected":false},"author":5,"featured_media":0,"parent":774,"menu_order":0,"comment_status":"closed","ping_status":"closed","template":"","meta":{"_bbp_topic_count":0,"_bbp_reply_count":0,"_bbp_total_topic_count":0,"_bbp_total_reply_count":0,"_bbp_voice_count":0,"_bbp_anonymous_reply_count":0,"_bbp_topic_count_hidden":0,"_bbp_reply_count_hidden":0,"_bbp_forum_subforum_count":0,"site-sidebar-layout":"default","site-content-layout":"","ast-site-content-layout":"","site-content-style":"default","site-sidebar-style":"default","ast-global-header-display":"","ast-banner-title-visibility":"","ast-main-header-display":"","ast-hfb-above-header-display":"","ast-hfb-below-header-display":"","ast-hfb-mobile-header-display":"","site-post-title":"","ast-breadcrumbs-content":"","ast-featured-img":"","footer-sml-layout":"","theme-transparent-header-meta":"","adv-header-id-meta":"","stick-header-meta":"","header-above-stick-meta":"","header-main-stick-meta":"","header-below-stick-meta":"","astra-migrate-meta-layouts":"default","ast-page-background-enabled":"default","ast-page-background-meta":{"desktop":{"background-color":"var(--ast-global-color-4)","background-image":"","background-repeat":"repeat","background-position":"center center","background-size":"auto","background-attachment":"scroll","background-type":"","background-media":"","overlay-type":"","overlay-color":"","overlay-opacity":"","overlay-gradient":""},"tablet":{"background-color":"","background-image":"","background-repeat":"repeat","background-position":"center center","background-size":"auto","background-attachment":"scroll","background-type":"","background-media":"","overlay-type":"","overlay-color":"","overlay-opacity":"","overlay-gradient":""},"mobile":{"background-color":"","background-image":"","background-repeat":"repeat","background-position":"center center","background-size":"auto","background-attachment":"scroll","background-type":"","background-media":"","overlay-type":"","overlay-color":"","overlay-opacity":"","overlay-gradient":""}},"ast-content-background-meta":{"desktop":{"background-color":"var(--ast-global-color-5)","background-image":"","background-repeat":"repeat","background-position":"center center","background-size":"auto","background-attachment":"scroll","background-type":"","background-media":"","overlay-type":"","overlay-color":"","overlay-opacity":"","overlay-gradient":""},"tablet":{"background-color":"var(--ast-global-color-5)","background-image":"","background-repeat":"repeat","background-position":"center center","background-size":"auto","background-attachment":"scroll","background-type":"","background-media":"","overlay-type":"","overlay-color":"","overlay-opacity":"","overlay-gradient":""},"mobile":{"background-color":"var(--ast-global-color-5)","background-image":"","background-repeat":"repeat","background-position":"center center","background-size":"auto","background-attachment":"scroll","background-type":"","background-media":"","overlay-type":"","overlay-color":"","overlay-opacity":"","overlay-gradient":""}},"footnotes":""},"class_list":["post-780","page","type-page","status-publish","hentry"],"post_mailing_queue_ids":[],"_links":{"self":[{"href":"https:\/\/agora.xtec.cat\/ies-palleja\/wp-json\/wp\/v2\/pages\/780","targetHints":{"allow":["GET"]}}],"collection":[{"href":"https:\/\/agora.xtec.cat\/ies-palleja\/wp-json\/wp\/v2\/pages"}],"about":[{"href":"https:\/\/agora.xtec.cat\/ies-palleja\/wp-json\/wp\/v2\/types\/page"}],"author":[{"embeddable":true,"href":"https:\/\/agora.xtec.cat\/ies-palleja\/wp-json\/wp\/v2\/users\/5"}],"replies":[{"embeddable":true,"href":"https:\/\/agora.xtec.cat\/ies-palleja\/wp-json\/wp\/v2\/comments?post=780"}],"version-history":[{"count":6,"href":"https:\/\/agora.xtec.cat\/ies-palleja\/wp-json\/wp\/v2\/pages\/780\/revisions"}],"predecessor-version":[{"id":4895,"href":"https:\/\/agora.xtec.cat\/ies-palleja\/wp-json\/wp\/v2\/pages\/780\/revisions\/4895"}],"up":[{"embeddable":true,"href":"https:\/\/agora.xtec.cat\/ies-palleja\/wp-json\/wp\/v2\/pages\/774"}],"wp:attachment":[{"href":"https:\/\/agora.xtec.cat\/ies-palleja\/wp-json\/wp\/v2\/media?parent=780"}],"curies":[{"name":"wp","href":"https:\/\/api.w.org\/{rel}","templated":true}]}}