{"id":776,"date":"2019-02-28T10:32:30","date_gmt":"2019-02-28T09:32:30","guid":{"rendered":"http:\/\/agora.xtec.cat\/ies-palleja\/?page_id=776"},"modified":"2026-03-02T22:42:26","modified_gmt":"2026-03-02T21:42:26","slug":"eso","status":"publish","type":"page","link":"https:\/\/agora.xtec.cat\/ies-palleja\/estudis\/eso\/","title":{"rendered":"ESO"},"content":{"rendered":"<p>L&#8217;educaci\u00f3 secund\u00e0ria obligat\u00f2ria (ESO) \u00e9s gratu\u00efta. Compr\u00e8n quatre cursos acad\u00e8mics. Generalment, s&#8217;inicia l&#8217;any natural en qu\u00e8 es compleixen 12 anys i s&#8217;acaba als 16.<\/p>\n<p class=\"western\"><span style=\"color: #9bbb59;\"><span style=\"font-size: medium;\"><b>CURR\u00cdCULUM DE 1r, 2n i 3r d\u2019ESO.\u00a0 \u00a0<\/b><\/span><\/span><img align=\"left\" hspace=\"9\" \/><span style=\"font-family: inherit; font-size: 1em;\">\u00a0<\/span><\/p>\n<p><img loading=\"lazy\" decoding=\"async\" class=\"alignleft size-full wp-image-3901\" style=\"margin: 10px 175px 10px 0px;\" src=\"https:\/\/agora.xtec.cat\/ies-palleja\/wp-content\/uploads\/usu889\/2024\/02\/IMG_0296.jpeg\" alt=\"\" width=\"657\" height=\"561\" srcset=\"https:\/\/agora.xtec.cat\/ies-palleja\/wp-content\/uploads\/usu889\/2024\/02\/IMG_0296.jpeg 657w, https:\/\/agora.xtec.cat\/ies-palleja\/wp-content\/uploads\/usu889\/2024\/02\/IMG_0296-300x256.jpeg 300w\" sizes=\"auto, (max-width: 657px) 100vw, 657px\" \/><\/p>\n<p>&nbsp;<\/p>\n<p>&nbsp;<\/p>\n<p>&nbsp;<\/p>\n<p>&nbsp;<\/p>\n<p>&nbsp;<\/p>\n<p>&nbsp;<\/p>\n<p>&nbsp;<\/p>\n<p>&nbsp;<\/p>\n<p>&nbsp;<\/p>\n<p>&nbsp;<\/p>\n<p>&nbsp;<\/p>\n<p>&nbsp;<\/p>\n<p>&nbsp;<\/p>\n<p style=\"font-weight: 400;\"><b>Mat\u00e8ries optatives de primer, segon i tercer d&#8217;ESO\u00a0<\/b><\/p>\n<p><span style=\"font-weight: 400;\">A 1r ESO les mat\u00e8ries optatives s\u00f3n \u201cSom periodistes\u201d, teatre, rob\u00f2tica i, tamb\u00e9 tenen l\u2019opci\u00f3 d\u2019escollir una segona llengua estrangera\u00a0 entre Franc\u00e8s i Alemany (optativa anual).<\/span><\/p>\n<p><span style=\"font-weight: 400;\">A 2n ESO les mat\u00e8ries optatives s\u00f3n \u201cSom cient\u00edfics\u201d, teatre, rob\u00f2tica i, tamb\u00e9 tenen l\u2019opci\u00f3 d\u2019escollir una segona llengua estrangera\u00a0 entre Franc\u00e8s i Alemany (optativa anual).<\/span><\/p>\n<p><span style=\"font-weight: 400;\">A 3r ESO les mat\u00e8ries optatives s\u00f3n Cultura Cl\u00e0ssica, rob\u00f2tica i emprenedoria. Tamb\u00e9 tenen l\u2019opci\u00f3 d\u2019escollir entre Franc\u00e8s i Alemany com segona llengua estrangera (optativa anual).<\/span><\/p>\n<p style=\"font-weight: 400;\"><span style=\"font-weight: 400;\">Cal tamb\u00e9 tenir present el <\/span><b>treball de s\u00edntesi a 1r, 2n i 3r d\u2019ESO <\/b><span style=\"font-weight: 400;\">\u00a0i a 3r, a m\u00e9s a m\u00e9s,\u00a0 el <\/span><b>Servei Comunitari.<\/b><\/p>\n<p><span style=\"color: #9bbb59;\"><span style=\"font-size: medium;\"><b>CURR\u00cdCULUM DE 4t d\u2019ESO.<\/b><\/span><\/span><\/p>\n<p><img loading=\"lazy\" decoding=\"async\" class=\"size-full wp-image-3910 aligncenter\" style=\"margin: 10px 225px 10px 0px;\" src=\"https:\/\/agora.xtec.cat\/ies-palleja\/wp-content\/uploads\/usu889\/2024\/02\/IMG_0297.jpeg\" alt=\"\" width=\"630\" height=\"663\" srcset=\"https:\/\/agora.xtec.cat\/ies-palleja\/wp-content\/uploads\/usu889\/2024\/02\/IMG_0297.jpeg 630w, https:\/\/agora.xtec.cat\/ies-palleja\/wp-content\/uploads\/usu889\/2024\/02\/IMG_0297-285x300.jpeg 285w\" sizes=\"auto, (max-width: 630px) 100vw, 630px\" \/><\/p>\n<p>&nbsp;<\/p>\n<p style=\"font-weight: 400;\"><span style=\"font-weight: 400;\">Les <\/span><b>mat\u00e8ries optatives<\/b><span style=\"font-weight: 400;\"> s\u00f3n: Franc\u00e8s, Alemany, Filosofia, Biologia i Geologia, Economia B\u00e0sica, F\u00edsica i Qu\u00edmica, Llat\u00ed, Expressi\u00f3 Art\u00edstica i Tecnologia.<\/span><\/p>\n<p style=\"font-weight: 400;\"><span style=\"font-weight: 400;\">El <\/span><b>Projecte de recerca <\/b><span style=\"font-weight: 400;\">el formen un conjunt d\u2019activitats de descoberta i recerca que es fan en grup a 4t d\u2019ESO<\/span><b>.<\/b><\/p>\n<p>&nbsp;<\/p>\n<p>&nbsp;<\/p>\n<p style=\"font-weight: 400;\"><b>Nota: <\/b><span style=\"font-weight: 400;\">A tots els cursos de l\u2019ESO les mat\u00e8ries optatives donen resposta a les necessitats i interessos de l\u2019alumnat.<\/span><\/p>\n","protected":false},"excerpt":{"rendered":"<p>L&#8217;educaci\u00f3 secund\u00e0ria obligat\u00f2ria (ESO) \u00e9s gratu\u00efta. Compr\u00e8n quatre cursos acad\u00e8mics. Generalment, s&#8217;inicia l&#8217;any natural en qu\u00e8 es compleixen 12 anys i s&#8217;acaba als 16. CURR\u00cdCULUM DE 1r, 2n i 3r d\u2019ESO.\u00a0 \u00a0\u00a0 &nbsp; &nbsp; &nbsp; &nbsp; &nbsp; &nbsp; &nbsp; &nbsp; &nbsp; &nbsp; &nbsp; &nbsp; &nbsp; Mat\u00e8ries optatives de primer, segon i tercer d&#8217;ESO\u00a0 A 1r [&hellip;]<\/p>\n","protected":false},"author":5,"featured_media":0,"parent":774,"menu_order":0,"comment_status":"closed","ping_status":"closed","template":"","meta":{"_bbp_topic_count":0,"_bbp_reply_count":0,"_bbp_total_topic_count":0,"_bbp_total_reply_count":0,"_bbp_voice_count":0,"_bbp_anonymous_reply_count":0,"_bbp_topic_count_hidden":0,"_bbp_reply_count_hidden":0,"_bbp_forum_subforum_count":0,"site-sidebar-layout":"default","site-content-layout":"","ast-site-content-layout":"default","site-content-style":"default","site-sidebar-style":"default","ast-global-header-display":"","ast-banner-title-visibility":"","ast-main-header-display":"","ast-hfb-above-header-display":"","ast-hfb-below-header-display":"","ast-hfb-mobile-header-display":"","site-post-title":"","ast-breadcrumbs-content":"","ast-featured-img":"","footer-sml-layout":"","theme-transparent-header-meta":"default","adv-header-id-meta":"","stick-header-meta":"","header-above-stick-meta":"","header-main-stick-meta":"","header-below-stick-meta":"","astra-migrate-meta-layouts":"set","ast-page-background-enabled":"default","ast-page-background-meta":{"desktop":{"background-color":"var(--ast-global-color-4)","background-image":"","background-repeat":"repeat","background-position":"center center","background-size":"auto","background-attachment":"scroll","background-type":"","background-media":"","overlay-type":"","overlay-color":"","overlay-opacity":"","overlay-gradient":""},"tablet":{"background-color":"","background-image":"","background-repeat":"repeat","background-position":"center center","background-size":"auto","background-attachment":"scroll","background-type":"","background-media":"","overlay-type":"","overlay-color":"","overlay-opacity":"","overlay-gradient":""},"mobile":{"background-color":"","background-image":"","background-repeat":"repeat","background-position":"center center","background-size":"auto","background-attachment":"scroll","background-type":"","background-media":"","overlay-type":"","overlay-color":"","overlay-opacity":"","overlay-gradient":""}},"ast-content-background-meta":{"desktop":{"background-color":"var(--ast-global-color-5)","background-image":"","background-repeat":"repeat","background-position":"center center","background-size":"auto","background-attachment":"scroll","background-type":"","background-media":"","overlay-type":"","overlay-color":"","overlay-opacity":"","overlay-gradient":""},"tablet":{"background-color":"var(--ast-global-color-5)","background-image":"","background-repeat":"repeat","background-position":"center center","background-size":"auto","background-attachment":"scroll","background-type":"","background-media":"","overlay-type":"","overlay-color":"","overlay-opacity":"","overlay-gradient":""},"mobile":{"background-color":"var(--ast-global-color-5)","background-image":"","background-repeat":"repeat","background-position":"center center","background-size":"auto","background-attachment":"scroll","background-type":"","background-media":"","overlay-type":"","overlay-color":"","overlay-opacity":"","overlay-gradient":""}},"footnotes":""},"class_list":["post-776","page","type-page","status-publish","hentry"],"post_mailing_queue_ids":[],"_links":{"self":[{"href":"https:\/\/agora.xtec.cat\/ies-palleja\/wp-json\/wp\/v2\/pages\/776","targetHints":{"allow":["GET"]}}],"collection":[{"href":"https:\/\/agora.xtec.cat\/ies-palleja\/wp-json\/wp\/v2\/pages"}],"about":[{"href":"https:\/\/agora.xtec.cat\/ies-palleja\/wp-json\/wp\/v2\/types\/page"}],"author":[{"embeddable":true,"href":"https:\/\/agora.xtec.cat\/ies-palleja\/wp-json\/wp\/v2\/users\/5"}],"replies":[{"embeddable":true,"href":"https:\/\/agora.xtec.cat\/ies-palleja\/wp-json\/wp\/v2\/comments?post=776"}],"version-history":[{"count":7,"href":"https:\/\/agora.xtec.cat\/ies-palleja\/wp-json\/wp\/v2\/pages\/776\/revisions"}],"predecessor-version":[{"id":5156,"href":"https:\/\/agora.xtec.cat\/ies-palleja\/wp-json\/wp\/v2\/pages\/776\/revisions\/5156"}],"up":[{"embeddable":true,"href":"https:\/\/agora.xtec.cat\/ies-palleja\/wp-json\/wp\/v2\/pages\/774"}],"wp:attachment":[{"href":"https:\/\/agora.xtec.cat\/ies-palleja\/wp-json\/wp\/v2\/media?parent=776"}],"curies":[{"name":"wp","href":"https:\/\/api.w.org\/{rel}","templated":true}]}}