{"id":774,"date":"2019-02-28T10:31:43","date_gmt":"2019-02-28T09:31:43","guid":{"rendered":"http:\/\/agora.xtec.cat\/ies-palleja\/?page_id=774"},"modified":"2026-01-29T22:16:49","modified_gmt":"2026-01-29T21:16:49","slug":"estudis","status":"publish","type":"page","link":"https:\/\/agora.xtec.cat\/ies-palleja\/estudis\/","title":{"rendered":"Estudis"},"content":{"rendered":"<p data-start=\"151\" data-end=\"196\">Al nostre centre oferim els estudis seg\u00fcents:<\/p>\n<ul>\n<li data-start=\"198\" data-end=\"560\"><strong data-start=\"198\" data-end=\"239\">Educaci\u00f3 Secund\u00e0ria Obligat\u00f2ria (ESO)<\/strong><br data-start=\"239\" data-end=\"242\" \/>L\u2019ESO \u00e9s una etapa educativa gratu\u00efta que compr\u00e8n quatre cursos acad\u00e8mics. S\u2019inicia habitualment l\u2019any natural en qu\u00e8 l\u2019alumnat compleix 12 anys i finalitza als 16 anys. Durant aquesta etapa es proporciona una formaci\u00f3 integral que afavoreix el desenvolupament personal, acad\u00e8mic i social de l\u2019alumnat.<\/li>\n<\/ul>\n<p>&nbsp;<\/p>\n<ul>\n<li data-start=\"562\" data-end=\"1008\"><strong data-start=\"562\" data-end=\"577\">Batxillerat<\/strong><br data-start=\"577\" data-end=\"580\" \/>El batxillerat forma part de l\u2019educaci\u00f3 secund\u00e0ria postobligat\u00f2ria i s\u2019organitza en dos cursos acad\u00e8mics. Al nostre centre s\u2019ofereixen les modalitats d&#8217;Humanitats\u00a0i Ci\u00e8ncies Socials i Ci\u00e8ncies i Tecnologia.<br data-start=\"803\" data-end=\"806\" \/>Aquesta etapa permet una organitzaci\u00f3 flexible de l\u2019aprenentatge i ofereix una preparaci\u00f3 progressivament m\u00e9s especialitzada, d\u2019acord amb els interessos, capacitats i expectatives de futur de l\u2019alumnat.<\/li>\n<\/ul>\n","protected":false},"excerpt":{"rendered":"<p>Al nostre centre oferim els estudis seg\u00fcents: Educaci\u00f3 Secund\u00e0ria Obligat\u00f2ria (ESO)L\u2019ESO \u00e9s una etapa educativa gratu\u00efta que compr\u00e8n quatre cursos acad\u00e8mics. S\u2019inicia habitualment l\u2019any natural en qu\u00e8 l\u2019alumnat compleix 12 anys i finalitza als 16 anys. Durant aquesta etapa es proporciona una formaci\u00f3 integral que afavoreix el desenvolupament personal, acad\u00e8mic i social de l\u2019alumnat. &nbsp; [&hellip;]<\/p>\n","protected":false},"author":5,"featured_media":0,"parent":0,"menu_order":0,"comment_status":"closed","ping_status":"closed","template":"","meta":{"_bbp_topic_count":0,"_bbp_reply_count":0,"_bbp_total_topic_count":0,"_bbp_total_reply_count":0,"_bbp_voice_count":0,"_bbp_anonymous_reply_count":0,"_bbp_topic_count_hidden":0,"_bbp_reply_count_hidden":0,"_bbp_forum_subforum_count":0,"site-sidebar-layout":"default","site-content-layout":"","ast-site-content-layout":"default","site-content-style":"default","site-sidebar-style":"default","ast-global-header-display":"","ast-banner-title-visibility":"","ast-main-header-display":"","ast-hfb-above-header-display":"","ast-hfb-below-header-display":"","ast-hfb-mobile-header-display":"","site-post-title":"","ast-breadcrumbs-content":"","ast-featured-img":"","footer-sml-layout":"","theme-transparent-header-meta":"default","adv-header-id-meta":"","stick-header-meta":"","header-above-stick-meta":"","header-main-stick-meta":"","header-below-stick-meta":"","astra-migrate-meta-layouts":"set","ast-page-background-enabled":"default","ast-page-background-meta":{"desktop":{"background-color":"var(--ast-global-color-4)","background-image":"","background-repeat":"repeat","background-position":"center center","background-size":"auto","background-attachment":"scroll","background-type":"","background-media":"","overlay-type":"","overlay-color":"","overlay-opacity":"","overlay-gradient":""},"tablet":{"background-color":"","background-image":"","background-repeat":"repeat","background-position":"center center","background-size":"auto","background-attachment":"scroll","background-type":"","background-media":"","overlay-type":"","overlay-color":"","overlay-opacity":"","overlay-gradient":""},"mobile":{"background-color":"","background-image":"","background-repeat":"repeat","background-position":"center center","background-size":"auto","background-attachment":"scroll","background-type":"","background-media":"","overlay-type":"","overlay-color":"","overlay-opacity":"","overlay-gradient":""}},"ast-content-background-meta":{"desktop":{"background-color":"var(--ast-global-color-5)","background-image":"","background-repeat":"repeat","background-position":"center center","background-size":"auto","background-attachment":"scroll","background-type":"","background-media":"","overlay-type":"","overlay-color":"","overlay-opacity":"","overlay-gradient":""},"tablet":{"background-color":"var(--ast-global-color-5)","background-image":"","background-repeat":"repeat","background-position":"center center","background-size":"auto","background-attachment":"scroll","background-type":"","background-media":"","overlay-type":"","overlay-color":"","overlay-opacity":"","overlay-gradient":""},"mobile":{"background-color":"var(--ast-global-color-5)","background-image":"","background-repeat":"repeat","background-position":"center center","background-size":"auto","background-attachment":"scroll","background-type":"","background-media":"","overlay-type":"","overlay-color":"","overlay-opacity":"","overlay-gradient":""}},"footnotes":""},"class_list":["post-774","page","type-page","status-publish","hentry"],"post_mailing_queue_ids":[],"_links":{"self":[{"href":"https:\/\/agora.xtec.cat\/ies-palleja\/wp-json\/wp\/v2\/pages\/774","targetHints":{"allow":["GET"]}}],"collection":[{"href":"https:\/\/agora.xtec.cat\/ies-palleja\/wp-json\/wp\/v2\/pages"}],"about":[{"href":"https:\/\/agora.xtec.cat\/ies-palleja\/wp-json\/wp\/v2\/types\/page"}],"author":[{"embeddable":true,"href":"https:\/\/agora.xtec.cat\/ies-palleja\/wp-json\/wp\/v2\/users\/5"}],"replies":[{"embeddable":true,"href":"https:\/\/agora.xtec.cat\/ies-palleja\/wp-json\/wp\/v2\/comments?post=774"}],"version-history":[{"count":4,"href":"https:\/\/agora.xtec.cat\/ies-palleja\/wp-json\/wp\/v2\/pages\/774\/revisions"}],"predecessor-version":[{"id":5102,"href":"https:\/\/agora.xtec.cat\/ies-palleja\/wp-json\/wp\/v2\/pages\/774\/revisions\/5102"}],"wp:attachment":[{"href":"https:\/\/agora.xtec.cat\/ies-palleja\/wp-json\/wp\/v2\/media?parent=774"}],"curies":[{"name":"wp","href":"https:\/\/api.w.org\/{rel}","templated":true}]}}