{"id":763,"date":"2019-02-28T10:17:36","date_gmt":"2019-02-28T09:17:36","guid":{"rendered":"http:\/\/agora.xtec.cat\/ies-palleja\/?page_id=763"},"modified":"2026-01-29T23:11:29","modified_gmt":"2026-01-29T22:11:29","slug":"eso","status":"publish","type":"page","link":"https:\/\/agora.xtec.cat\/ies-palleja\/jornades-portes-obertes\/eso\/","title":{"rendered":"Portes Obertes ESO"},"content":{"rendered":"<p data-start=\"33\" data-end=\"131\">\ud83d\udcc5 <strong data-start=\"36\" data-end=\"57\">Dilluns 2 de mar\u00e7 de 2026<\/strong><br data-start=\"57\" data-end=\"60\" \/>\u23f0 <strong data-start=\"62\" data-end=\"79\">A les 17.00 h<\/strong><br data-start=\"79\" data-end=\"82\" \/>\ud83d\udccd <strong data-start=\"85\" data-end=\"129\">Jornades de Portes Obertes (presencials)<\/strong><\/p>\n<p data-start=\"133\" data-end=\"405\">La presentaci\u00f3 es dur\u00e0 a terme en <strong data-start=\"167\" data-end=\"197\">un \u00fanic torn a les 17.00 h<\/strong>.<br data-start=\"198\" data-end=\"201\" \/>Us recomanem que les fam\u00edlies assistiu <strong data-start=\"240\" data-end=\"284\">acompanyades dels vostres fills i filles<\/strong>, perqu\u00e8 aix\u00ed tots podreu rebre la informaci\u00f3 necess\u00e0ria i <strong data-start=\"343\" data-end=\"368\" data-is-only-node=\"\">participar activament<\/strong> en aquesta jornada tan especial.<\/p>\n<p data-start=\"133\" data-end=\"405\">Us hi esperem!<\/p>\n<p><a href=\"https:\/\/agora.xtec.cat\/ies-palleja\/wp-content\/uploads\/usu889\/2026\/01\/2-de-marc-17h.png\"><img loading=\"lazy\" decoding=\"async\" class=\"alignnone size-full wp-image-5099\" src=\"https:\/\/agora.xtec.cat\/ies-palleja\/wp-content\/uploads\/usu889\/2026\/01\/2-de-marc-17h.png\" alt=\"\" width=\"1024\" height=\"576\" srcset=\"https:\/\/agora.xtec.cat\/ies-palleja\/wp-content\/uploads\/usu889\/2026\/01\/2-de-marc-17h.png 1024w, https:\/\/agora.xtec.cat\/ies-palleja\/wp-content\/uploads\/usu889\/2026\/01\/2-de-marc-17h-300x169.png 300w, https:\/\/agora.xtec.cat\/ies-palleja\/wp-content\/uploads\/usu889\/2026\/01\/2-de-marc-17h-768x432.png 768w\" sizes=\"auto, (max-width: 1024px) 100vw, 1024px\" \/><\/a><\/p>\n","protected":false},"excerpt":{"rendered":"<p>\ud83d\udcc5 Dilluns 2 de mar\u00e7 de 2026\u23f0 A les 17.00 h\ud83d\udccd Jornades de Portes Obertes (presencials) La presentaci\u00f3 es dur\u00e0 a terme en un \u00fanic torn a les 17.00 h.Us recomanem que les fam\u00edlies assistiu acompanyades dels vostres fills i filles, perqu\u00e8 aix\u00ed tots podreu rebre la informaci\u00f3 necess\u00e0ria i participar activament en aquesta jornada [&hellip;]<\/p>\n","protected":false},"author":5,"featured_media":0,"parent":465,"menu_order":0,"comment_status":"closed","ping_status":"closed","template":"","meta":{"_bbp_topic_count":0,"_bbp_reply_count":0,"_bbp_total_topic_count":0,"_bbp_total_reply_count":0,"_bbp_voice_count":0,"_bbp_anonymous_reply_count":0,"_bbp_topic_count_hidden":0,"_bbp_reply_count_hidden":0,"_bbp_forum_subforum_count":0,"site-sidebar-layout":"default","site-content-layout":"","ast-site-content-layout":"default","site-content-style":"default","site-sidebar-style":"default","ast-global-header-display":"","ast-banner-title-visibility":"","ast-main-header-display":"","ast-hfb-above-header-display":"","ast-hfb-below-header-display":"","ast-hfb-mobile-header-display":"","site-post-title":"","ast-breadcrumbs-content":"","ast-featured-img":"","footer-sml-layout":"","theme-transparent-header-meta":"default","adv-header-id-meta":"","stick-header-meta":"","header-above-stick-meta":"","header-main-stick-meta":"","header-below-stick-meta":"","astra-migrate-meta-layouts":"set","ast-page-background-enabled":"default","ast-page-background-meta":{"desktop":{"background-color":"var(--ast-global-color-4)","background-image":"","background-repeat":"repeat","background-position":"center center","background-size":"auto","background-attachment":"scroll","background-type":"","background-media":"","overlay-type":"","overlay-color":"","overlay-opacity":"","overlay-gradient":""},"tablet":{"background-color":"","background-image":"","background-repeat":"repeat","background-position":"center center","background-size":"auto","background-attachment":"scroll","background-type":"","background-media":"","overlay-type":"","overlay-color":"","overlay-opacity":"","overlay-gradient":""},"mobile":{"background-color":"","background-image":"","background-repeat":"repeat","background-position":"center center","background-size":"auto","background-attachment":"scroll","background-type":"","background-media":"","overlay-type":"","overlay-color":"","overlay-opacity":"","overlay-gradient":""}},"ast-content-background-meta":{"desktop":{"background-color":"var(--ast-global-color-5)","background-image":"","background-repeat":"repeat","background-position":"center center","background-size":"auto","background-attachment":"scroll","background-type":"","background-media":"","overlay-type":"","overlay-color":"","overlay-opacity":"","overlay-gradient":""},"tablet":{"background-color":"var(--ast-global-color-5)","background-image":"","background-repeat":"repeat","background-position":"center center","background-size":"auto","background-attachment":"scroll","background-type":"","background-media":"","overlay-type":"","overlay-color":"","overlay-opacity":"","overlay-gradient":""},"mobile":{"background-color":"var(--ast-global-color-5)","background-image":"","background-repeat":"repeat","background-position":"center center","background-size":"auto","background-attachment":"scroll","background-type":"","background-media":"","overlay-type":"","overlay-color":"","overlay-opacity":"","overlay-gradient":""}},"footnotes":""},"class_list":["post-763","page","type-page","status-publish","hentry"],"post_mailing_queue_ids":[],"_links":{"self":[{"href":"https:\/\/agora.xtec.cat\/ies-palleja\/wp-json\/wp\/v2\/pages\/763","targetHints":{"allow":["GET"]}}],"collection":[{"href":"https:\/\/agora.xtec.cat\/ies-palleja\/wp-json\/wp\/v2\/pages"}],"about":[{"href":"https:\/\/agora.xtec.cat\/ies-palleja\/wp-json\/wp\/v2\/types\/page"}],"author":[{"embeddable":true,"href":"https:\/\/agora.xtec.cat\/ies-palleja\/wp-json\/wp\/v2\/users\/5"}],"replies":[{"embeddable":true,"href":"https:\/\/agora.xtec.cat\/ies-palleja\/wp-json\/wp\/v2\/comments?post=763"}],"version-history":[{"count":7,"href":"https:\/\/agora.xtec.cat\/ies-palleja\/wp-json\/wp\/v2\/pages\/763\/revisions"}],"predecessor-version":[{"id":5114,"href":"https:\/\/agora.xtec.cat\/ies-palleja\/wp-json\/wp\/v2\/pages\/763\/revisions\/5114"}],"up":[{"embeddable":true,"href":"https:\/\/agora.xtec.cat\/ies-palleja\/wp-json\/wp\/v2\/pages\/465"}],"wp:attachment":[{"href":"https:\/\/agora.xtec.cat\/ies-palleja\/wp-json\/wp\/v2\/media?parent=763"}],"curies":[{"name":"wp","href":"https:\/\/api.w.org\/{rel}","templated":true}]}}