{"id":536,"date":"2018-12-13T10:26:43","date_gmt":"2018-12-13T09:26:43","guid":{"rendered":"http:\/\/agora.xtec.cat\/ies-palleja\/?page_id=536"},"modified":"2025-02-24T14:34:23","modified_gmt":"2025-02-24T13:34:23","slug":"enllacos-dinteres","status":"publish","type":"page","link":"https:\/\/agora.xtec.cat\/ies-palleja\/enllacos-dinteres\/","title":{"rendered":"Enlla\u00e7os d&#8217;inter\u00e8s"},"content":{"rendered":"<ul>\n<li><a href=\"http:\/\/ensenyament.gencat.cat\/ca\/inici\">Departament d&#8217;Educaci\u00f3<\/a><\/li>\n<li><a class=\"titol-cap-nou car50\" href=\"http:\/\/xtec.gencat.cat\/ca\/\">XTEC &#8211; Xarxa Telem\u00e0tica Educativa de Catalunya<\/a><\/li>\n<li><a href=\"http:\/\/www.cangur.org\">Proves CANGUR<\/a><\/li>\n<li><a href=\"http:\/\/edu365.cat\">Edu365.cat<\/a><\/li>\n<li><a href=\"http:\/\/familiaiescola.gencat.cat\/ca\/\">Fam\u00edlia i escola<\/a><\/li>\n<li><a href=\"http:\/\/www.palleja.cat\/\">Ajuntament de Pallej\u00e0<\/a><\/li>\n<li><a href=\"https:\/\/educacio.gencat.cat\/ca\/departament\/serveis-territorials\/baix-llobregat\/index.html\" target=\"_blank\" rel=\"noopener\">Serveis Territorials Baix Llobregat<\/a><\/li>\n<li><a href=\"https:\/\/preinscripcio.gencat.cat\/ca\/estudis\/eso\/inici\/\" target=\"_blank\" rel=\"noopener\">Preinscripci\u00f3 de l&#8217;ESO<\/a><\/li>\n<li><a href=\"https:\/\/preinscripcio.gencat.cat\/ca\/estudis\/batxillerat\/inici\/index.html\" target=\"_blank\" rel=\"noopener\">Preinscripci\u00f3 Batxillerat<\/a><\/li>\n<\/ul>\n","protected":false},"excerpt":{"rendered":"<p>Departament d&#8217;Educaci\u00f3 XTEC &#8211; Xarxa Telem\u00e0tica Educativa de Catalunya Proves CANGUR Edu365.cat Fam\u00edlia i escola Ajuntament de Pallej\u00e0 Serveis Territorials Baix Llobregat Preinscripci\u00f3 de l&#8217;ESO Preinscripci\u00f3 Batxillerat<\/p>\n","protected":false},"author":5,"featured_media":0,"parent":0,"menu_order":0,"comment_status":"closed","ping_status":"closed","template":"","meta":{"_bbp_topic_count":0,"_bbp_reply_count":0,"_bbp_total_topic_count":0,"_bbp_total_reply_count":0,"_bbp_voice_count":0,"_bbp_anonymous_reply_count":0,"_bbp_topic_count_hidden":0,"_bbp_reply_count_hidden":0,"_bbp_forum_subforum_count":0,"site-sidebar-layout":"default","site-content-layout":"","ast-site-content-layout":"","site-content-style":"default","site-sidebar-style":"default","ast-global-header-display":"","ast-banner-title-visibility":"","ast-main-header-display":"","ast-hfb-above-header-display":"","ast-hfb-below-header-display":"","ast-hfb-mobile-header-display":"","site-post-title":"","ast-breadcrumbs-content":"","ast-featured-img":"","footer-sml-layout":"","theme-transparent-header-meta":"","adv-header-id-meta":"","stick-header-meta":"","header-above-stick-meta":"","header-main-stick-meta":"","header-below-stick-meta":"","astra-migrate-meta-layouts":"default","ast-page-background-enabled":"default","ast-page-background-meta":{"desktop":{"background-color":"var(--ast-global-color-4)","background-image":"","background-repeat":"repeat","background-position":"center center","background-size":"auto","background-attachment":"scroll","background-type":"","background-media":"","overlay-type":"","overlay-color":"","overlay-opacity":"","overlay-gradient":""},"tablet":{"background-color":"","background-image":"","background-repeat":"repeat","background-position":"center center","background-size":"auto","background-attachment":"scroll","background-type":"","background-media":"","overlay-type":"","overlay-color":"","overlay-opacity":"","overlay-gradient":""},"mobile":{"background-color":"","background-image":"","background-repeat":"repeat","background-position":"center center","background-size":"auto","background-attachment":"scroll","background-type":"","background-media":"","overlay-type":"","overlay-color":"","overlay-opacity":"","overlay-gradient":""}},"ast-content-background-meta":{"desktop":{"background-color":"var(--ast-global-color-5)","background-image":"","background-repeat":"repeat","background-position":"center center","background-size":"auto","background-attachment":"scroll","background-type":"","background-media":"","overlay-type":"","overlay-color":"","overlay-opacity":"","overlay-gradient":""},"tablet":{"background-color":"var(--ast-global-color-5)","background-image":"","background-repeat":"repeat","background-position":"center center","background-size":"auto","background-attachment":"scroll","background-type":"","background-media":"","overlay-type":"","overlay-color":"","overlay-opacity":"","overlay-gradient":""},"mobile":{"background-color":"var(--ast-global-color-5)","background-image":"","background-repeat":"repeat","background-position":"center center","background-size":"auto","background-attachment":"scroll","background-type":"","background-media":"","overlay-type":"","overlay-color":"","overlay-opacity":"","overlay-gradient":""}},"footnotes":""},"class_list":["post-536","page","type-page","status-publish","hentry"],"post_mailing_queue_ids":[],"_links":{"self":[{"href":"https:\/\/agora.xtec.cat\/ies-palleja\/wp-json\/wp\/v2\/pages\/536","targetHints":{"allow":["GET"]}}],"collection":[{"href":"https:\/\/agora.xtec.cat\/ies-palleja\/wp-json\/wp\/v2\/pages"}],"about":[{"href":"https:\/\/agora.xtec.cat\/ies-palleja\/wp-json\/wp\/v2\/types\/page"}],"author":[{"embeddable":true,"href":"https:\/\/agora.xtec.cat\/ies-palleja\/wp-json\/wp\/v2\/users\/5"}],"replies":[{"embeddable":true,"href":"https:\/\/agora.xtec.cat\/ies-palleja\/wp-json\/wp\/v2\/comments?post=536"}],"version-history":[{"count":7,"href":"https:\/\/agora.xtec.cat\/ies-palleja\/wp-json\/wp\/v2\/pages\/536\/revisions"}],"predecessor-version":[{"id":4503,"href":"https:\/\/agora.xtec.cat\/ies-palleja\/wp-json\/wp\/v2\/pages\/536\/revisions\/4503"}],"wp:attachment":[{"href":"https:\/\/agora.xtec.cat\/ies-palleja\/wp-json\/wp\/v2\/media?parent=536"}],"curies":[{"name":"wp","href":"https:\/\/api.w.org\/{rel}","templated":true}]}}