{"id":43,"date":"2014-09-17T16:45:07","date_gmt":"2014-09-17T16:45:07","guid":{"rendered":"http:\/\/agora.xtec.cat\/ies-palleja\/?page_id=43"},"modified":"2020-03-02T15:56:17","modified_gmt":"2020-03-02T14:56:17","slug":"consell-escolar","status":"publish","type":"page","link":"https:\/\/agora.xtec.cat\/ies-palleja\/linstitut\/consell-escolar\/","title":{"rendered":"Consell escolar"},"content":{"rendered":"<p>El Consell Escolar (CEC) \u00e9s el m\u00e0xim \u00f2rgan de participaci\u00f3 en el govern del centre, on s\u00f3n representats tots els sectors de la comunitat educativa. Entre les seves funcions, trobem les seg\u00fcents:<\/p>\n<ul>\n<li>Aprovar el projecte educatiu del centre.<\/li>\n<li>Aprovar la programaci\u00f3 general anual (Pla Anual) i avaluar-ne el seu desenvolupament.<\/li>\n<li>Aprovar les Normes d\u2019Organitzaci\u00f3 i Funcionament del centre (NOFC) i les seves modificacions i\/o actualitzacions.<\/li>\n<li>Aprovar el pressupost anual del centre i el rendiment de comptes.<\/li>\n<li>Participar en el procediment de selecci\u00f3 i proposa de cessament del director o directora del centre.<\/li>\n<li>Aprovar els criteris generals de la programaci\u00f3 d\u2019activitats escolars complement\u00e0ries i extraescolars.<\/li>\n<li>Participar en l\u2019an\u00e0lisi i l\u2019avaluaci\u00f3 del funcionament general del centre.<\/li>\n<li>Altres\u2026<\/li>\n<\/ul>\n<p>La seva composici\u00f3 al nostre Institut \u00e9s la seg\u00fcent:<\/p>\n<table style=\"height: 322px;\" width=\"772\">\n<tbody>\n<tr style=\"height: 31px;\">\n<td style=\"height: 31px; width: 283px;\">La Directora<\/td>\n<td style=\"height: 31px; width: 481px;\">Actua com a presidenta del Consell<\/td>\n<\/tr>\n<tr style=\"height: 31px;\">\n<td style=\"height: 31px; width: 283px;\">El Cap d\u2019Estudis<\/td>\n<td style=\"height: 31px; width: 481px;\">Amb veu i sense vot, forma part de la representaci\u00f3 de l&#8217;equip directiu al Consell<\/td>\n<\/tr>\n<tr style=\"height: 31px;\">\n<td style=\"height: 31px; width: 283px;\">El Secretari<\/td>\n<td style=\"height: 31px; width: 481px;\">Amb veu i sense vot, que actua com a secretari o secret\u00e0ria del Consell<\/td>\n<\/tr>\n<tr style=\"height: 31px;\">\n<td style=\"height: 31px; width: 283px;\">6 representants del Professorat<\/td>\n<td style=\"height: 31px; width: 481px;\">S&#8217;escullen en votaci\u00f3 pel Claustre de professorat<\/td>\n<\/tr>\n<tr style=\"height: 31px;\">\n<td style=\"height: 31px; width: 283px;\">2 representants de les fam\u00edlies<\/td>\n<td style=\"height: 31px; width: 481px;\">S&#8217;escullen en votaci\u00f3 pel conjunt de pares i mares de l\u2019alumnat del centre<\/td>\n<\/tr>\n<tr style=\"height: 31px;\">\n<td style=\"height: 31px; width: 283px;\">1 representant de l\u2019AMPA<\/td>\n<td style=\"height: 31px; width: 481px;\">Escollit per la Junta Directiva de l&#8217;AMPA<\/td>\n<\/tr>\n<tr style=\"height: 31px;\">\n<td style=\"height: 31px; width: 283px;\">3 representants de l\u2019alumnat<\/td>\n<td style=\"height: 31px; width: 481px;\">S&#8217;escullen en votaci\u00f3 pel conjunt de l\u2019alumnat<\/td>\n<\/tr>\n<tr style=\"height: 31px;\">\n<td style=\"height: 31px; width: 283px;\">1 representant del PAS<\/td>\n<td style=\"height: 31px; width: 481px;\">S&#8217;escull en votaci\u00f3 pel conjunt dels membres del PAS de l\u2019Institut<\/td>\n<\/tr>\n<tr style=\"height: 31px;\">\n<td style=\"height: 43px; width: 283px;\">1 representant de l\u2019Ajuntament de Pallej\u00e0<\/td>\n<td style=\"height: 43px; width: 481px;\">Un representant de l&#8217;Ajuntament per afavorir la participaci\u00f3 de l&#8217;Administraci\u00f3 local en la vida del centre.<\/td>\n<\/tr>\n<tr style=\"height: 31px;\">\n<td style=\"height: 31px; width: 283px;\">1 representant del PAE<br \/>\n(Personal d&#8217;atenci\u00f3 educativa)<\/td>\n<td style=\"height: 31px; width: 481px;\">S&#8217;escull en votaci\u00f3 pel conjunt dels membres del PAE de l&#8217;Institut<\/td>\n<\/tr>\n<\/tbody>\n<\/table>\n<p><a href=\"http:\/\/ensenyament.gencat.cat\/ca\/arees-actuacio\/centres-serveis-educatius\/centres\/consells-escolars-centres\/\">M\u00e9s informaci\u00f3<\/a><\/p>\n","protected":false},"excerpt":{"rendered":"<p>El Consell Escolar (CEC) \u00e9s el m\u00e0xim \u00f2rgan de participaci\u00f3 en el govern del centre, on s\u00f3n representats tots els sectors de la comunitat educativa. Entre les seves funcions, trobem les seg\u00fcents: Aprovar el projecte educatiu del centre. Aprovar la programaci\u00f3 general anual (Pla Anual) i avaluar-ne el seu desenvolupament. Aprovar les Normes d\u2019Organitzaci\u00f3 i [&hellip;]<\/p>\n","protected":false},"author":1,"featured_media":0,"parent":19,"menu_order":40,"comment_status":"closed","ping_status":"closed","template":"page-templates\/side-menu.php","meta":{"_bbp_topic_count":0,"_bbp_reply_count":0,"_bbp_total_topic_count":0,"_bbp_total_reply_count":0,"_bbp_voice_count":0,"_bbp_anonymous_reply_count":0,"_bbp_topic_count_hidden":0,"_bbp_reply_count_hidden":0,"_bbp_forum_subforum_count":0,"site-sidebar-layout":"default","site-content-layout":"","ast-site-content-layout":"","site-content-style":"default","site-sidebar-style":"default","ast-global-header-display":"","ast-banner-title-visibility":"","ast-main-header-display":"","ast-hfb-above-header-display":"","ast-hfb-below-header-display":"","ast-hfb-mobile-header-display":"","site-post-title":"","ast-breadcrumbs-content":"","ast-featured-img":"","footer-sml-layout":"","theme-transparent-header-meta":"","adv-header-id-meta":"","stick-header-meta":"","header-above-stick-meta":"","header-main-stick-meta":"","header-below-stick-meta":"","astra-migrate-meta-layouts":"default","ast-page-background-enabled":"default","ast-page-background-meta":{"desktop":{"background-color":"var(--ast-global-color-4)","background-image":"","background-repeat":"repeat","background-position":"center center","background-size":"auto","background-attachment":"scroll","background-type":"","background-media":"","overlay-type":"","overlay-color":"","overlay-opacity":"","overlay-gradient":""},"tablet":{"background-color":"","background-image":"","background-repeat":"repeat","background-position":"center center","background-size":"auto","background-attachment":"scroll","background-type":"","background-media":"","overlay-type":"","overlay-color":"","overlay-opacity":"","overlay-gradient":""},"mobile":{"background-color":"","background-image":"","background-repeat":"repeat","background-position":"center center","background-size":"auto","background-attachment":"scroll","background-type":"","background-media":"","overlay-type":"","overlay-color":"","overlay-opacity":"","overlay-gradient":""}},"ast-content-background-meta":{"desktop":{"background-color":"var(--ast-global-color-5)","background-image":"","background-repeat":"repeat","background-position":"center center","background-size":"auto","background-attachment":"scroll","background-type":"","background-media":"","overlay-type":"","overlay-color":"","overlay-opacity":"","overlay-gradient":""},"tablet":{"background-color":"var(--ast-global-color-5)","background-image":"","background-repeat":"repeat","background-position":"center center","background-size":"auto","background-attachment":"scroll","background-type":"","background-media":"","overlay-type":"","overlay-color":"","overlay-opacity":"","overlay-gradient":""},"mobile":{"background-color":"var(--ast-global-color-5)","background-image":"","background-repeat":"repeat","background-position":"center center","background-size":"auto","background-attachment":"scroll","background-type":"","background-media":"","overlay-type":"","overlay-color":"","overlay-opacity":"","overlay-gradient":""}},"footnotes":""},"class_list":["post-43","page","type-page","status-publish","hentry"],"post_mailing_queue_ids":[],"_links":{"self":[{"href":"https:\/\/agora.xtec.cat\/ies-palleja\/wp-json\/wp\/v2\/pages\/43","targetHints":{"allow":["GET"]}}],"collection":[{"href":"https:\/\/agora.xtec.cat\/ies-palleja\/wp-json\/wp\/v2\/pages"}],"about":[{"href":"https:\/\/agora.xtec.cat\/ies-palleja\/wp-json\/wp\/v2\/types\/page"}],"author":[{"embeddable":true,"href":"https:\/\/agora.xtec.cat\/ies-palleja\/wp-json\/wp\/v2\/users\/1"}],"replies":[{"embeddable":true,"href":"https:\/\/agora.xtec.cat\/ies-palleja\/wp-json\/wp\/v2\/comments?post=43"}],"version-history":[{"count":3,"href":"https:\/\/agora.xtec.cat\/ies-palleja\/wp-json\/wp\/v2\/pages\/43\/revisions"}],"predecessor-version":[{"id":2090,"href":"https:\/\/agora.xtec.cat\/ies-palleja\/wp-json\/wp\/v2\/pages\/43\/revisions\/2090"}],"up":[{"embeddable":true,"href":"https:\/\/agora.xtec.cat\/ies-palleja\/wp-json\/wp\/v2\/pages\/19"}],"wp:attachment":[{"href":"https:\/\/agora.xtec.cat\/ies-palleja\/wp-json\/wp\/v2\/media?parent=43"}],"curies":[{"name":"wp","href":"https:\/\/api.w.org\/{rel}","templated":true}]}}