{"id":400,"date":"2018-10-11T10:45:25","date_gmt":"2018-10-11T08:45:25","guid":{"rendered":"http:\/\/agora.xtec.cat\/ies-palleja\/?page_id=400"},"modified":"2025-09-08T21:11:50","modified_gmt":"2025-09-08T19:11:50","slug":"dpt-llengues-estrangeres","status":"publish","type":"page","link":"https:\/\/agora.xtec.cat\/ies-palleja\/departaments\/dpt-llengues-estrangeres\/","title":{"rendered":"Dept. de Lleng\u00fces Estrangeres"},"content":{"rendered":"<p>El Departament de Lleng\u00fces Estrangeres imparteix Angl\u00e8s a tota l\u2019ESO i Batxillerat, tamb\u00e9 imparteix Franc\u00e8s i Alemany a l\u2019ESO com a mat\u00e8ria optativa.<\/p>\n<p>Al llarg del curs, el Departament d\u2019Idiomes organitza diferents sortides i activitats amb l\u2019objectiu d\u2019aconseguir una millor compet\u00e8ncia ling\u00fc\u00edstica i cultural en aquests idiomes. A 2n de Batxillerat els alumnes han fet una sortida al MACBA, on han fet una visita guiada en angl\u00e8s per fer una exposici\u00f3 oral a classe sobre una obra d\u2019art contempor\u00e0nia. \u00a0A l\u2019ESO aquest trimestre tindran un taller de ball i cultura escocesa.<\/p>\n<p>El Departament t\u00e9 dos projectes ling\u00fc\u00edstics en marxa que s\u00f3n la preparaci\u00f3 de les proves oficials de Franc\u00e8s DELF a 4t d\u2019ESO, i les proves\u00a0orals en Angl\u00e8s (GESE) del Trinity College of London per tota l\u2019ESO.<\/p>\n<p>Totes les activitats que es fan a les classes van dirigides a treballar les dimensions de comunicaci\u00f3 oral, comprensi\u00f3 lectora, expressi\u00f3 escrita, liter\u00e0ria i actitudinal i pluriling\u00fce. \u00a0Es fan activitats de conversa en parelles, role-plays, exposicions orals en grups, utilitzaci\u00f3 de les TIC, can\u00e7ons i pel.l\u00edcules\/s\u00e8ries en versi\u00f3 original.<\/p>\n<p>L\u2019alumnat podr\u00e0 consultar qualsevol dubte a les hores de classe als professors\/es que imparteixen la mat\u00e8ria.<\/p>\n<h5><strong>Professorat<\/strong><\/h5>\n<ul>\n<li>Teresa Mart\u00ednez (cap de departament)<\/li>\n<li>Maggie Garrido<\/li>\n<li>Ana\u00efs Matas<\/li>\n<li>M\u00edriam Gonz\u00e1lez<\/li>\n<li>Pol Castan<\/li>\n<li>Gemma Via<\/li>\n<li>Carles Alonso<\/li>\n<\/ul>\n<p>Per consultar les adreces electr\u00f2niques dels membres del departament,\u00a0<strong><a href=\"https:\/\/agora.xtec.cat\/ies-palleja\/linstitut\/equip-huma\/\">veure secci\u00f3 equip hum\u00e0.<\/a><\/strong><\/p>\n","protected":false},"excerpt":{"rendered":"<p>El Departament de Lleng\u00fces Estrangeres imparteix Angl\u00e8s a tota l\u2019ESO i Batxillerat, tamb\u00e9 imparteix Franc\u00e8s i Alemany a l\u2019ESO com a mat\u00e8ria optativa. Al llarg del curs, el Departament d\u2019Idiomes organitza diferents sortides i activitats amb l\u2019objectiu d\u2019aconseguir una millor compet\u00e8ncia ling\u00fc\u00edstica i cultural en aquests idiomes. A 2n de Batxillerat els alumnes han fet [&hellip;]<\/p>\n","protected":false},"author":5,"featured_media":0,"parent":299,"menu_order":0,"comment_status":"closed","ping_status":"closed","template":"page-templates\/side-menu.php","meta":{"_bbp_topic_count":0,"_bbp_reply_count":0,"_bbp_total_topic_count":0,"_bbp_total_reply_count":0,"_bbp_voice_count":0,"_bbp_anonymous_reply_count":0,"_bbp_topic_count_hidden":0,"_bbp_reply_count_hidden":0,"_bbp_forum_subforum_count":0,"site-sidebar-layout":"default","site-content-layout":"","ast-site-content-layout":"","site-content-style":"default","site-sidebar-style":"default","ast-global-header-display":"","ast-banner-title-visibility":"","ast-main-header-display":"","ast-hfb-above-header-display":"","ast-hfb-below-header-display":"","ast-hfb-mobile-header-display":"","site-post-title":"","ast-breadcrumbs-content":"","ast-featured-img":"","footer-sml-layout":"","theme-transparent-header-meta":"","adv-header-id-meta":"","stick-header-meta":"","header-above-stick-meta":"","header-main-stick-meta":"","header-below-stick-meta":"","astra-migrate-meta-layouts":"default","ast-page-background-enabled":"default","ast-page-background-meta":{"desktop":{"background-color":"var(--ast-global-color-4)","background-image":"","background-repeat":"repeat","background-position":"center center","background-size":"auto","background-attachment":"scroll","background-type":"","background-media":"","overlay-type":"","overlay-color":"","overlay-opacity":"","overlay-gradient":""},"tablet":{"background-color":"","background-image":"","background-repeat":"repeat","background-position":"center center","background-size":"auto","background-attachment":"scroll","background-type":"","background-media":"","overlay-type":"","overlay-color":"","overlay-opacity":"","overlay-gradient":""},"mobile":{"background-color":"","background-image":"","background-repeat":"repeat","background-position":"center center","background-size":"auto","background-attachment":"scroll","background-type":"","background-media":"","overlay-type":"","overlay-color":"","overlay-opacity":"","overlay-gradient":""}},"ast-content-background-meta":{"desktop":{"background-color":"var(--ast-global-color-5)","background-image":"","background-repeat":"repeat","background-position":"center center","background-size":"auto","background-attachment":"scroll","background-type":"","background-media":"","overlay-type":"","overlay-color":"","overlay-opacity":"","overlay-gradient":""},"tablet":{"background-color":"var(--ast-global-color-5)","background-image":"","background-repeat":"repeat","background-position":"center center","background-size":"auto","background-attachment":"scroll","background-type":"","background-media":"","overlay-type":"","overlay-color":"","overlay-opacity":"","overlay-gradient":""},"mobile":{"background-color":"var(--ast-global-color-5)","background-image":"","background-repeat":"repeat","background-position":"center center","background-size":"auto","background-attachment":"scroll","background-type":"","background-media":"","overlay-type":"","overlay-color":"","overlay-opacity":"","overlay-gradient":""}},"footnotes":""},"class_list":["post-400","page","type-page","status-publish","hentry"],"post_mailing_queue_ids":[],"_links":{"self":[{"href":"https:\/\/agora.xtec.cat\/ies-palleja\/wp-json\/wp\/v2\/pages\/400","targetHints":{"allow":["GET"]}}],"collection":[{"href":"https:\/\/agora.xtec.cat\/ies-palleja\/wp-json\/wp\/v2\/pages"}],"about":[{"href":"https:\/\/agora.xtec.cat\/ies-palleja\/wp-json\/wp\/v2\/types\/page"}],"author":[{"embeddable":true,"href":"https:\/\/agora.xtec.cat\/ies-palleja\/wp-json\/wp\/v2\/users\/5"}],"replies":[{"embeddable":true,"href":"https:\/\/agora.xtec.cat\/ies-palleja\/wp-json\/wp\/v2\/comments?post=400"}],"version-history":[{"count":6,"href":"https:\/\/agora.xtec.cat\/ies-palleja\/wp-json\/wp\/v2\/pages\/400\/revisions"}],"predecessor-version":[{"id":4841,"href":"https:\/\/agora.xtec.cat\/ies-palleja\/wp-json\/wp\/v2\/pages\/400\/revisions\/4841"}],"up":[{"embeddable":true,"href":"https:\/\/agora.xtec.cat\/ies-palleja\/wp-json\/wp\/v2\/pages\/299"}],"wp:attachment":[{"href":"https:\/\/agora.xtec.cat\/ies-palleja\/wp-json\/wp\/v2\/media?parent=400"}],"curies":[{"name":"wp","href":"https:\/\/api.w.org\/{rel}","templated":true}]}}