{"id":398,"date":"2018-10-11T10:43:21","date_gmt":"2018-10-11T08:43:21","guid":{"rendered":"http:\/\/agora.xtec.cat\/ies-palleja\/?page_id=398"},"modified":"2025-09-08T21:21:57","modified_gmt":"2025-09-08T19:21:57","slug":"dpt-expressio","status":"publish","type":"page","link":"https:\/\/agora.xtec.cat\/ies-palleja\/departaments\/dpt-expressio\/","title":{"rendered":"Dept. d&#8217;Expressi\u00f3"},"content":{"rendered":"<p>El Departament d&#8217;Expressi\u00f3 imparteix a l\u2019<strong>ESO<\/strong> les mat\u00e8ries d&#8217;<strong>Educaci\u00f3 Pl\u00e0stica, Visual i Audiovisual<\/strong>, <strong>Expressi\u00f3 Art\u00edstica, <\/strong><strong>Educaci\u00f3 F\u00edsica<\/strong> i <strong>M\u00fasica.<\/strong><\/p>\n<ul>\n<li><strong>Educaci\u00f3 Pl\u00e0stica, Visual i Audiovisual<\/strong>\u00a0a 1r i 3r d&#8217;ESO<\/li>\n<li><strong>Expressi\u00f3 Art\u00edstica<\/strong> a 4t d&#8217;ESO com a mat\u00e8ria espec\u00edfica.<\/li>\n<li><strong>Educaci\u00f3 F\u00edsica<\/strong> de 1r d&#8217;ESO a 1r de Batxillerat a ra\u00f3 de dues hores per setmana.<\/li>\n<li><strong>M\u00fasica<\/strong> a 1r i 2n d&#8217;ESO com a mat\u00e8ria obligat\u00f2ria.<\/li>\n<\/ul>\n<p><span style=\"font-family: inherit; font-size: 1em;\">Aquest departament organitza diferents sortides al llarg del curs que fomenten l&#8217;adquisici\u00f3 d&#8217;aprenentatges i el desenvolupament d&#8217;estrat\u00e8gies per assolir les diferents compet\u00e8ncies. \u00a0<\/span><\/p>\n<p>Des de l&#8217;\u00e0mbit de l&#8217;Educaci\u00f3 F\u00edsica cal destacar l&#8217;organitzaci\u00f3 del campionat de <em>korfball<\/em> entre els diferents grups de tots els cursos de l&#8217;ESO i el posterior torneig del guanyador amb els finalistes d&#8217;altres centres.<\/p>\n<p>Enguany s&#8217;ha realitzat tamb\u00e9 un campionat de <em>shotball<\/em> en l&#8217;\u00e0mbit intern durant el primer trimestre i es preveu una Olimp\u00edada i una cursa \u201cla milla\u201d organitzada per 4t d\u2019ESO i enfocada al primer curs de l&#8217;ESO i amb participaci\u00f3 de l\u2019alumnat de 6\u00e8 de prim\u00e0ria.<\/p>\n<p>A l&#8217;ESO s&#8217;organitza una esquiada al segon trimestre i diverses activitats per a quart i 1r de Batxillerat, com una cursa d&#8217;orientaci\u00f3, excursions en bicicleta, taller d&#8217;igl\u00fas i raquetes de neu, de roc\u00f2drom i caminada per Montserrat.<\/p>\n<p>Dins l&#8217;\u00e0mbit art\u00edstic, tamb\u00e9 es preveuen sortides a 1r ESO organitzades pel Teatre del Liceu de Barcelona.<\/p>\n<p>Les orientacions metodol\u00f2giques dels \u00e0mbits que componen el Departament d&#8217;Expressi\u00f3 es fan tenint en compte els recursos materials i d&#8217;equipament dels quals disposa l&#8217;Institut. Per aix\u00f2 comptem amb unes instal\u00b7lacions esportives adequades per portar a terme les diferents activitats proposades, una aula de Dibuix espec\u00edfica i una aula de M\u00fasica equipada amb dos pianos i instrumental Orff. En general s&#8217;utilitzen tots aquests recursos que faciliten l\u2019avaluaci\u00f3 i d\u2019altres m\u00e8todes que permeten el treball per compet\u00e8ncies. Tamb\u00e9 tenim a la nostra disposici\u00f3 les TIC com a eina d&#8217;informaci\u00f3 i d&#8217;aprenentatge. La plantilla d&#8217;aquest Departament est\u00e0 formada per:<\/p>\n<ul>\n<li>Melba de Ponga (M\u00fasica)<\/li>\n<li>Marta Quirante (ViP) (Cap de departament)<\/li>\n<li>David Galindo (ViP)<\/li>\n<li>Andreu Margarit (Educaci\u00f3 F\u00edsica)<\/li>\n<li>Jes\u00fas Gonz\u00e1lez (Educaci\u00f3 F\u00edsica)<\/li>\n<\/ul>\n<p>Per consultar les adreces electr\u00f2niques dels membres del Departament, <a href=\"https:\/\/agora.xtec.cat\/ies-palleja\/linstitut\/equip-huma\/\">veure secci\u00f3 equip hum\u00e0.<\/a><\/p>\n","protected":false},"excerpt":{"rendered":"<p>El Departament d&#8217;Expressi\u00f3 imparteix a l\u2019ESO les mat\u00e8ries d&#8217;Educaci\u00f3 Pl\u00e0stica, Visual i Audiovisual, Expressi\u00f3 Art\u00edstica, Educaci\u00f3 F\u00edsica i M\u00fasica. Educaci\u00f3 Pl\u00e0stica, Visual i Audiovisual\u00a0a 1r i 3r d&#8217;ESO Expressi\u00f3 Art\u00edstica a 4t d&#8217;ESO com a mat\u00e8ria espec\u00edfica. Educaci\u00f3 F\u00edsica de 1r d&#8217;ESO a 1r de Batxillerat a ra\u00f3 de dues hores per setmana. M\u00fasica a [&hellip;]<\/p>\n","protected":false},"author":5,"featured_media":0,"parent":299,"menu_order":0,"comment_status":"closed","ping_status":"closed","template":"page-templates\/side-menu.php","meta":{"_bbp_topic_count":0,"_bbp_reply_count":0,"_bbp_total_topic_count":0,"_bbp_total_reply_count":0,"_bbp_voice_count":0,"_bbp_anonymous_reply_count":0,"_bbp_topic_count_hidden":0,"_bbp_reply_count_hidden":0,"_bbp_forum_subforum_count":0,"site-sidebar-layout":"default","site-content-layout":"","ast-site-content-layout":"","site-content-style":"default","site-sidebar-style":"default","ast-global-header-display":"","ast-banner-title-visibility":"","ast-main-header-display":"","ast-hfb-above-header-display":"","ast-hfb-below-header-display":"","ast-hfb-mobile-header-display":"","site-post-title":"","ast-breadcrumbs-content":"","ast-featured-img":"","footer-sml-layout":"","theme-transparent-header-meta":"","adv-header-id-meta":"","stick-header-meta":"","header-above-stick-meta":"","header-main-stick-meta":"","header-below-stick-meta":"","astra-migrate-meta-layouts":"default","ast-page-background-enabled":"default","ast-page-background-meta":{"desktop":{"background-color":"var(--ast-global-color-4)","background-image":"","background-repeat":"repeat","background-position":"center center","background-size":"auto","background-attachment":"scroll","background-type":"","background-media":"","overlay-type":"","overlay-color":"","overlay-opacity":"","overlay-gradient":""},"tablet":{"background-color":"","background-image":"","background-repeat":"repeat","background-position":"center center","background-size":"auto","background-attachment":"scroll","background-type":"","background-media":"","overlay-type":"","overlay-color":"","overlay-opacity":"","overlay-gradient":""},"mobile":{"background-color":"","background-image":"","background-repeat":"repeat","background-position":"center center","background-size":"auto","background-attachment":"scroll","background-type":"","background-media":"","overlay-type":"","overlay-color":"","overlay-opacity":"","overlay-gradient":""}},"ast-content-background-meta":{"desktop":{"background-color":"var(--ast-global-color-5)","background-image":"","background-repeat":"repeat","background-position":"center center","background-size":"auto","background-attachment":"scroll","background-type":"","background-media":"","overlay-type":"","overlay-color":"","overlay-opacity":"","overlay-gradient":""},"tablet":{"background-color":"var(--ast-global-color-5)","background-image":"","background-repeat":"repeat","background-position":"center center","background-size":"auto","background-attachment":"scroll","background-type":"","background-media":"","overlay-type":"","overlay-color":"","overlay-opacity":"","overlay-gradient":""},"mobile":{"background-color":"var(--ast-global-color-5)","background-image":"","background-repeat":"repeat","background-position":"center center","background-size":"auto","background-attachment":"scroll","background-type":"","background-media":"","overlay-type":"","overlay-color":"","overlay-opacity":"","overlay-gradient":""}},"footnotes":""},"class_list":["post-398","page","type-page","status-publish","hentry"],"post_mailing_queue_ids":[],"_links":{"self":[{"href":"https:\/\/agora.xtec.cat\/ies-palleja\/wp-json\/wp\/v2\/pages\/398","targetHints":{"allow":["GET"]}}],"collection":[{"href":"https:\/\/agora.xtec.cat\/ies-palleja\/wp-json\/wp\/v2\/pages"}],"about":[{"href":"https:\/\/agora.xtec.cat\/ies-palleja\/wp-json\/wp\/v2\/types\/page"}],"author":[{"embeddable":true,"href":"https:\/\/agora.xtec.cat\/ies-palleja\/wp-json\/wp\/v2\/users\/5"}],"replies":[{"embeddable":true,"href":"https:\/\/agora.xtec.cat\/ies-palleja\/wp-json\/wp\/v2\/comments?post=398"}],"version-history":[{"count":7,"href":"https:\/\/agora.xtec.cat\/ies-palleja\/wp-json\/wp\/v2\/pages\/398\/revisions"}],"predecessor-version":[{"id":4848,"href":"https:\/\/agora.xtec.cat\/ies-palleja\/wp-json\/wp\/v2\/pages\/398\/revisions\/4848"}],"up":[{"embeddable":true,"href":"https:\/\/agora.xtec.cat\/ies-palleja\/wp-json\/wp\/v2\/pages\/299"}],"wp:attachment":[{"href":"https:\/\/agora.xtec.cat\/ies-palleja\/wp-json\/wp\/v2\/media?parent=398"}],"curies":[{"name":"wp","href":"https:\/\/api.w.org\/{rel}","templated":true}]}}