{"id":396,"date":"2018-10-11T10:42:24","date_gmt":"2018-10-11T08:42:24","guid":{"rendered":"http:\/\/agora.xtec.cat\/ies-palleja\/?page_id=396"},"modified":"2025-09-08T21:21:07","modified_gmt":"2025-09-08T19:21:07","slug":"dpt-tecnologia","status":"publish","type":"page","link":"https:\/\/agora.xtec.cat\/ies-palleja\/departaments\/dpt-tecnologia\/","title":{"rendered":"Dept. de Tecnologia"},"content":{"rendered":"<p><span style=\"font-family: inherit; font-size: 1em;\">El Departament de Tecnologia imparteix a l\u2019<\/span><strong style=\"font-family: inherit; font-size: 1em;\">ESO<\/strong><span style=\"font-family: inherit; font-size: 1em;\">\u00a0la mat\u00e8ria de Tecnologia (2 hores a la setmana una de les quals \u00e9s a l\u2019aula de tecnologia amb la meitat dels alumnes) i a 4t d\u2019ESO, dins de l\u2019oferta optativa espec\u00edfica, ofereix la mat\u00e8ria de TECNOLOGIA (3 hores a la setmana).<\/span><\/p>\n<p>A l\u2019ESO l\u2019\u00e0rea de tecnologia t\u00e9 com a objectius que l\u2019alumne adquireixi una cultura tecnol\u00f2gica global que li permet comprendre el m\u00f3n artificial que ens rodeja, les seves caracter\u00edstiques, processos\u2026, i la seva repercussi\u00f3 en els aven\u00e7os de la societat.<\/p>\n<p>L\u2019educaci\u00f3 tecnol\u00f2gica requereix una atenci\u00f3 espec\u00edfica a l\u2019adquisici\u00f3 dels coneixements i destreses necess\u00e0ries per prendre decisions sobre l\u2019\u00fas d\u2019objectes i processos tecnol\u00f2gics, resoldre problemes relacionats amb ells i, en definitiva, utilitzar els diferents materials, processos i sistemes tecnol\u00f2gics per augmentar la capacitat d\u2019actuar sobre el medi i millorar la qualitat de vida. L\u2019alumne ha d\u2019endinsar-se en un entorn cada dia m\u00e9s tecnol\u00f2gic des de la visi\u00f3 cr\u00edtica i formada.<\/p>\n<p>A\u00a0<strong>Batxillerat<\/strong>\u00a0s\u2019imparteixen les mat\u00e8ries de:<\/p>\n<p><strong>1r de Batxillerat<\/strong>:<\/p>\n<ul>\n<li>Tecnologia i enginyeria I. (3\u202fh\u00a0a la setmana).<\/li>\n<li>Programaci\u00f3. (3 h a la setmana).<\/li>\n<li>Rob\u00f2tica. (3 h a la setmana).<\/li>\n<\/ul>\n<p><strong>2n de Batxillerat:<\/strong><\/p>\n<ul>\n<li>Tecnologia i enginyeria I. (3\u202fh\u00a0a la setmana).<\/li>\n<\/ul>\n<p><strong>Relaci\u00f3 de professors\/res del departament:<\/strong><\/p>\n<ul>\n<li>Jaume Boronat (Cap de Departament)<\/li>\n<li>Yolanda Garcia<\/li>\n<li>Pen\u00e9lope Jord\u00e1n<\/li>\n<li>Noelia Robles<\/li>\n<\/ul>\n<p>Per consultar les adreces electr\u00f2niques dels membres del departament,\u00a0<strong> <a href=\"https:\/\/app.dinantia.com\/api\/system\/track_link\/OwS85OWOhzrE\/14012191?original_url=https%3A%2F%2Fagora.xtec.cat%2Fies-palleja%2Flinstitut%2Fequip-huma%2F\">veure secci\u00f3 equip hum\u00e0<\/a><\/strong><\/p>\n","protected":false},"excerpt":{"rendered":"<p>El Departament de Tecnologia imparteix a l\u2019ESO\u00a0la mat\u00e8ria de Tecnologia (2 hores a la setmana una de les quals \u00e9s a l\u2019aula de tecnologia amb la meitat dels alumnes) i a 4t d\u2019ESO, dins de l\u2019oferta optativa espec\u00edfica, ofereix la mat\u00e8ria de TECNOLOGIA (3 hores a la setmana). A l\u2019ESO l\u2019\u00e0rea de tecnologia t\u00e9 com [&hellip;]<\/p>\n","protected":false},"author":5,"featured_media":0,"parent":299,"menu_order":0,"comment_status":"closed","ping_status":"closed","template":"page-templates\/side-menu.php","meta":{"_bbp_topic_count":0,"_bbp_reply_count":0,"_bbp_total_topic_count":0,"_bbp_total_reply_count":0,"_bbp_voice_count":0,"_bbp_anonymous_reply_count":0,"_bbp_topic_count_hidden":0,"_bbp_reply_count_hidden":0,"_bbp_forum_subforum_count":0,"site-sidebar-layout":"default","site-content-layout":"","ast-site-content-layout":"","site-content-style":"default","site-sidebar-style":"default","ast-global-header-display":"","ast-banner-title-visibility":"","ast-main-header-display":"","ast-hfb-above-header-display":"","ast-hfb-below-header-display":"","ast-hfb-mobile-header-display":"","site-post-title":"","ast-breadcrumbs-content":"","ast-featured-img":"","footer-sml-layout":"","theme-transparent-header-meta":"","adv-header-id-meta":"","stick-header-meta":"","header-above-stick-meta":"","header-main-stick-meta":"","header-below-stick-meta":"","astra-migrate-meta-layouts":"default","ast-page-background-enabled":"default","ast-page-background-meta":{"desktop":{"background-color":"var(--ast-global-color-4)","background-image":"","background-repeat":"repeat","background-position":"center center","background-size":"auto","background-attachment":"scroll","background-type":"","background-media":"","overlay-type":"","overlay-color":"","overlay-opacity":"","overlay-gradient":""},"tablet":{"background-color":"","background-image":"","background-repeat":"repeat","background-position":"center center","background-size":"auto","background-attachment":"scroll","background-type":"","background-media":"","overlay-type":"","overlay-color":"","overlay-opacity":"","overlay-gradient":""},"mobile":{"background-color":"","background-image":"","background-repeat":"repeat","background-position":"center center","background-size":"auto","background-attachment":"scroll","background-type":"","background-media":"","overlay-type":"","overlay-color":"","overlay-opacity":"","overlay-gradient":""}},"ast-content-background-meta":{"desktop":{"background-color":"var(--ast-global-color-5)","background-image":"","background-repeat":"repeat","background-position":"center center","background-size":"auto","background-attachment":"scroll","background-type":"","background-media":"","overlay-type":"","overlay-color":"","overlay-opacity":"","overlay-gradient":""},"tablet":{"background-color":"var(--ast-global-color-5)","background-image":"","background-repeat":"repeat","background-position":"center center","background-size":"auto","background-attachment":"scroll","background-type":"","background-media":"","overlay-type":"","overlay-color":"","overlay-opacity":"","overlay-gradient":""},"mobile":{"background-color":"var(--ast-global-color-5)","background-image":"","background-repeat":"repeat","background-position":"center center","background-size":"auto","background-attachment":"scroll","background-type":"","background-media":"","overlay-type":"","overlay-color":"","overlay-opacity":"","overlay-gradient":""}},"footnotes":""},"class_list":["post-396","page","type-page","status-publish","hentry"],"post_mailing_queue_ids":[],"_links":{"self":[{"href":"https:\/\/agora.xtec.cat\/ies-palleja\/wp-json\/wp\/v2\/pages\/396","targetHints":{"allow":["GET"]}}],"collection":[{"href":"https:\/\/agora.xtec.cat\/ies-palleja\/wp-json\/wp\/v2\/pages"}],"about":[{"href":"https:\/\/agora.xtec.cat\/ies-palleja\/wp-json\/wp\/v2\/types\/page"}],"author":[{"embeddable":true,"href":"https:\/\/agora.xtec.cat\/ies-palleja\/wp-json\/wp\/v2\/users\/5"}],"replies":[{"embeddable":true,"href":"https:\/\/agora.xtec.cat\/ies-palleja\/wp-json\/wp\/v2\/comments?post=396"}],"version-history":[{"count":5,"href":"https:\/\/agora.xtec.cat\/ies-palleja\/wp-json\/wp\/v2\/pages\/396\/revisions"}],"predecessor-version":[{"id":4309,"href":"https:\/\/agora.xtec.cat\/ies-palleja\/wp-json\/wp\/v2\/pages\/396\/revisions\/4309"}],"up":[{"embeddable":true,"href":"https:\/\/agora.xtec.cat\/ies-palleja\/wp-json\/wp\/v2\/pages\/299"}],"wp:attachment":[{"href":"https:\/\/agora.xtec.cat\/ies-palleja\/wp-json\/wp\/v2\/media?parent=396"}],"curies":[{"name":"wp","href":"https:\/\/api.w.org\/{rel}","templated":true}]}}