{"id":394,"date":"2018-10-11T10:41:38","date_gmt":"2018-10-11T08:41:38","guid":{"rendered":"http:\/\/agora.xtec.cat\/ies-palleja\/?page_id=394"},"modified":"2025-09-08T21:15:47","modified_gmt":"2025-09-08T19:15:47","slug":"dpt-castellana-classiques","status":"publish","type":"page","link":"https:\/\/agora.xtec.cat\/ies-palleja\/departaments\/dpt-castellana-classiques\/","title":{"rendered":"Dept. de Llengua Castellana i Lleng\u00fces Cl\u00e0ssiques"},"content":{"rendered":"<p>El Departament de Llengua Castellana i Lleng\u00fces Cl\u00e0ssiques imparteix als quatre cursos de l\u2019ESO la mat\u00e8ria de Llengua Castellana i Literatura. Cultura Cl\u00e0ssica (3r ESO) i Llat\u00ed (4r ESO). A Batxillerat l\u2019assignatura de Llengua Castellana i Literatura: a 1r, centrada en la Hist\u00f2ria de la Literatura i, a 2n, en la Llengua. Tamb\u00e9 fa la mat\u00e8ria de modalitat del batxillerat social i human\u00edstic Literatura Castellana.<\/p>\n<p>El nostre Departament organitza sortides al teatre per cada nivell tant de l\u2019ESO com de Batxillerat i, conjuntament amb el Departament de Llengua Catalana, organitza el Certamen Literari de Sant Jordi del centre.<\/p>\n<p>Les activitats pedag\u00f2giques s\u00f3n diverses: explicacions, lectures, activitats de comprensi\u00f3 escrita i oral, d\u2019expressi\u00f3 escrita i oral per tal de treballar per compet\u00e8ncies. A m\u00e9s a m\u00e9s, es fan activitats a trav\u00e9s de les TIC per desenvolupar la compet\u00e8ncia digital.<\/p>\n<p>L\u2019alumnat podr\u00e0 consultar qualsevol dubte a les hores de classe a les professores i als professors que imparteixen la mat\u00e8ria o a trav\u00e9s dels seus correus de centre. Per consultar les adreces electr\u00f2niques dels membres del Departament,\u00a0<a href=\"https:\/\/agora.xtec.cat\/ies-palleja\/linstitut\/equip-huma\/\">veure secci\u00f3 equip hum\u00e0<\/a>.<\/p>\n<ul>\n<li>Miguel \u00c1ngel Vicente (Cultura Cl\u00e0ssica i Llat\u00ed)<\/li>\n<li>Ana Maria Barriga (Castell\u00e0)<\/li>\n<li>Mario N\u00fa\u00f1ez (Castell\u00e0)<\/li>\n<li>Montse Alegre (Castell\u00e0) (Cap de departament)<\/li>\n<li>Claudia Comes (Castell\u00e0)<\/li>\n<\/ul>\n","protected":false},"excerpt":{"rendered":"<p>El Departament de Llengua Castellana i Lleng\u00fces Cl\u00e0ssiques imparteix als quatre cursos de l\u2019ESO la mat\u00e8ria de Llengua Castellana i Literatura. Cultura Cl\u00e0ssica (3r ESO) i Llat\u00ed (4r ESO). A Batxillerat l\u2019assignatura de Llengua Castellana i Literatura: a 1r, centrada en la Hist\u00f2ria de la Literatura i, a 2n, en la Llengua. Tamb\u00e9 fa la [&hellip;]<\/p>\n","protected":false},"author":5,"featured_media":0,"parent":299,"menu_order":0,"comment_status":"closed","ping_status":"closed","template":"page-templates\/side-menu.php","meta":{"_bbp_topic_count":0,"_bbp_reply_count":0,"_bbp_total_topic_count":0,"_bbp_total_reply_count":0,"_bbp_voice_count":0,"_bbp_anonymous_reply_count":0,"_bbp_topic_count_hidden":0,"_bbp_reply_count_hidden":0,"_bbp_forum_subforum_count":0,"site-sidebar-layout":"default","site-content-layout":"","ast-site-content-layout":"","site-content-style":"default","site-sidebar-style":"default","ast-global-header-display":"","ast-banner-title-visibility":"","ast-main-header-display":"","ast-hfb-above-header-display":"","ast-hfb-below-header-display":"","ast-hfb-mobile-header-display":"","site-post-title":"","ast-breadcrumbs-content":"","ast-featured-img":"","footer-sml-layout":"","theme-transparent-header-meta":"","adv-header-id-meta":"","stick-header-meta":"","header-above-stick-meta":"","header-main-stick-meta":"","header-below-stick-meta":"","astra-migrate-meta-layouts":"default","ast-page-background-enabled":"default","ast-page-background-meta":{"desktop":{"background-color":"var(--ast-global-color-4)","background-image":"","background-repeat":"repeat","background-position":"center center","background-size":"auto","background-attachment":"scroll","background-type":"","background-media":"","overlay-type":"","overlay-color":"","overlay-opacity":"","overlay-gradient":""},"tablet":{"background-color":"","background-image":"","background-repeat":"repeat","background-position":"center center","background-size":"auto","background-attachment":"scroll","background-type":"","background-media":"","overlay-type":"","overlay-color":"","overlay-opacity":"","overlay-gradient":""},"mobile":{"background-color":"","background-image":"","background-repeat":"repeat","background-position":"center center","background-size":"auto","background-attachment":"scroll","background-type":"","background-media":"","overlay-type":"","overlay-color":"","overlay-opacity":"","overlay-gradient":""}},"ast-content-background-meta":{"desktop":{"background-color":"var(--ast-global-color-5)","background-image":"","background-repeat":"repeat","background-position":"center center","background-size":"auto","background-attachment":"scroll","background-type":"","background-media":"","overlay-type":"","overlay-color":"","overlay-opacity":"","overlay-gradient":""},"tablet":{"background-color":"var(--ast-global-color-5)","background-image":"","background-repeat":"repeat","background-position":"center center","background-size":"auto","background-attachment":"scroll","background-type":"","background-media":"","overlay-type":"","overlay-color":"","overlay-opacity":"","overlay-gradient":""},"mobile":{"background-color":"var(--ast-global-color-5)","background-image":"","background-repeat":"repeat","background-position":"center center","background-size":"auto","background-attachment":"scroll","background-type":"","background-media":"","overlay-type":"","overlay-color":"","overlay-opacity":"","overlay-gradient":""}},"footnotes":""},"class_list":["post-394","page","type-page","status-publish","hentry"],"post_mailing_queue_ids":[],"_links":{"self":[{"href":"https:\/\/agora.xtec.cat\/ies-palleja\/wp-json\/wp\/v2\/pages\/394","targetHints":{"allow":["GET"]}}],"collection":[{"href":"https:\/\/agora.xtec.cat\/ies-palleja\/wp-json\/wp\/v2\/pages"}],"about":[{"href":"https:\/\/agora.xtec.cat\/ies-palleja\/wp-json\/wp\/v2\/types\/page"}],"author":[{"embeddable":true,"href":"https:\/\/agora.xtec.cat\/ies-palleja\/wp-json\/wp\/v2\/users\/5"}],"replies":[{"embeddable":true,"href":"https:\/\/agora.xtec.cat\/ies-palleja\/wp-json\/wp\/v2\/comments?post=394"}],"version-history":[{"count":5,"href":"https:\/\/agora.xtec.cat\/ies-palleja\/wp-json\/wp\/v2\/pages\/394\/revisions"}],"predecessor-version":[{"id":4844,"href":"https:\/\/agora.xtec.cat\/ies-palleja\/wp-json\/wp\/v2\/pages\/394\/revisions\/4844"}],"up":[{"embeddable":true,"href":"https:\/\/agora.xtec.cat\/ies-palleja\/wp-json\/wp\/v2\/pages\/299"}],"wp:attachment":[{"href":"https:\/\/agora.xtec.cat\/ies-palleja\/wp-json\/wp\/v2\/media?parent=394"}],"curies":[{"name":"wp","href":"https:\/\/api.w.org\/{rel}","templated":true}]}}