{"id":386,"date":"2018-10-11T10:39:07","date_gmt":"2018-10-11T08:39:07","guid":{"rendered":"http:\/\/agora.xtec.cat\/ies-palleja\/?page_id=386"},"modified":"2025-09-08T21:12:32","modified_gmt":"2025-09-08T19:12:32","slug":"dpt-de-catala","status":"publish","type":"page","link":"https:\/\/agora.xtec.cat\/ies-palleja\/departaments\/dpt-de-catala\/","title":{"rendered":"Dept. de Llengua Catalana"},"content":{"rendered":"<p>El Departament de Llengua Catalana imparteix a l\u2019ESO la mat\u00e8ria de Llengua Catalana i Literatura. A Batxillerat ensenya Llengua catalana i Literatura: a 1r, centrada en la Hist\u00f2ria de la Literatura i, a 2n, en la Llengua. Tamb\u00e9 fa la mat\u00e8ria de modalitat Literatura Catalana.<\/p>\n<p>El nostre Departament organitza sortides al teatre per cada nivell tant de l\u2019ESO com de Batxillerat i tamb\u00e9 Rutes liter\u00e0ries. \u00a0A m\u00e9s participa en el Certamen de Lectura en veu alta a nivell de tot Catalunya. I \u00e9s part organitzadora del Certamen Literari de Sant Jordi del centre.<\/p>\n<p>Les activitas pedag\u00f2giques s\u00f3n diverses: explicacions, lectures, activitats de comprensi\u00f3 escrita i oral, d\u2019expressi\u00f3 escrita i oral per tal de treballar per compet\u00e8ncies. A m\u00e9s a m\u00e9s, es fan activitats a trav\u00e9s de les TIC per desenvolupar la compet\u00e8ncia digital.<\/p>\n<p>L\u2019alumnat podr\u00e0 consultar qualsevol dubte a les hores de classe a les professores i als professors que imparteixen la mat\u00e8ria o a trav\u00e9s dels seus correus de centre. Per consultar les adreces electr\u00f2niques dels membres del Departament, <a href=\"https:\/\/agora.xtec.cat\/ies-palleja\/linstitut\/equip-huma\/\">veure secci\u00f3 equip hum\u00e0.<\/a><\/p>\n<ul>\n<li>Nat\u00e0lia Blasco (cap de departament)<\/li>\n<li>J\u00falia Barber\u00e0<\/li>\n<li>Marc Clos<\/li>\n<li>Mario Alberola<\/li>\n<\/ul>\n","protected":false},"excerpt":{"rendered":"<p>El Departament de Llengua Catalana imparteix a l\u2019ESO la mat\u00e8ria de Llengua Catalana i Literatura. A Batxillerat ensenya Llengua catalana i Literatura: a 1r, centrada en la Hist\u00f2ria de la Literatura i, a 2n, en la Llengua. Tamb\u00e9 fa la mat\u00e8ria de modalitat Literatura Catalana. El nostre Departament organitza sortides al teatre per cada nivell [&hellip;]<\/p>\n","protected":false},"author":5,"featured_media":0,"parent":299,"menu_order":0,"comment_status":"closed","ping_status":"closed","template":"page-templates\/side-menu.php","meta":{"_bbp_topic_count":0,"_bbp_reply_count":0,"_bbp_total_topic_count":0,"_bbp_total_reply_count":0,"_bbp_voice_count":0,"_bbp_anonymous_reply_count":0,"_bbp_topic_count_hidden":0,"_bbp_reply_count_hidden":0,"_bbp_forum_subforum_count":0,"site-sidebar-layout":"default","site-content-layout":"","ast-site-content-layout":"","site-content-style":"default","site-sidebar-style":"default","ast-global-header-display":"","ast-banner-title-visibility":"","ast-main-header-display":"","ast-hfb-above-header-display":"","ast-hfb-below-header-display":"","ast-hfb-mobile-header-display":"","site-post-title":"","ast-breadcrumbs-content":"","ast-featured-img":"","footer-sml-layout":"","theme-transparent-header-meta":"","adv-header-id-meta":"","stick-header-meta":"","header-above-stick-meta":"","header-main-stick-meta":"","header-below-stick-meta":"","astra-migrate-meta-layouts":"default","ast-page-background-enabled":"default","ast-page-background-meta":{"desktop":{"background-color":"var(--ast-global-color-4)","background-image":"","background-repeat":"repeat","background-position":"center center","background-size":"auto","background-attachment":"scroll","background-type":"","background-media":"","overlay-type":"","overlay-color":"","overlay-opacity":"","overlay-gradient":""},"tablet":{"background-color":"","background-image":"","background-repeat":"repeat","background-position":"center center","background-size":"auto","background-attachment":"scroll","background-type":"","background-media":"","overlay-type":"","overlay-color":"","overlay-opacity":"","overlay-gradient":""},"mobile":{"background-color":"","background-image":"","background-repeat":"repeat","background-position":"center center","background-size":"auto","background-attachment":"scroll","background-type":"","background-media":"","overlay-type":"","overlay-color":"","overlay-opacity":"","overlay-gradient":""}},"ast-content-background-meta":{"desktop":{"background-color":"var(--ast-global-color-5)","background-image":"","background-repeat":"repeat","background-position":"center center","background-size":"auto","background-attachment":"scroll","background-type":"","background-media":"","overlay-type":"","overlay-color":"","overlay-opacity":"","overlay-gradient":""},"tablet":{"background-color":"var(--ast-global-color-5)","background-image":"","background-repeat":"repeat","background-position":"center center","background-size":"auto","background-attachment":"scroll","background-type":"","background-media":"","overlay-type":"","overlay-color":"","overlay-opacity":"","overlay-gradient":""},"mobile":{"background-color":"var(--ast-global-color-5)","background-image":"","background-repeat":"repeat","background-position":"center center","background-size":"auto","background-attachment":"scroll","background-type":"","background-media":"","overlay-type":"","overlay-color":"","overlay-opacity":"","overlay-gradient":""}},"footnotes":""},"class_list":["post-386","page","type-page","status-publish","hentry"],"post_mailing_queue_ids":[],"_links":{"self":[{"href":"https:\/\/agora.xtec.cat\/ies-palleja\/wp-json\/wp\/v2\/pages\/386","targetHints":{"allow":["GET"]}}],"collection":[{"href":"https:\/\/agora.xtec.cat\/ies-palleja\/wp-json\/wp\/v2\/pages"}],"about":[{"href":"https:\/\/agora.xtec.cat\/ies-palleja\/wp-json\/wp\/v2\/types\/page"}],"author":[{"embeddable":true,"href":"https:\/\/agora.xtec.cat\/ies-palleja\/wp-json\/wp\/v2\/users\/5"}],"replies":[{"embeddable":true,"href":"https:\/\/agora.xtec.cat\/ies-palleja\/wp-json\/wp\/v2\/comments?post=386"}],"version-history":[{"count":5,"href":"https:\/\/agora.xtec.cat\/ies-palleja\/wp-json\/wp\/v2\/pages\/386\/revisions"}],"predecessor-version":[{"id":4842,"href":"https:\/\/agora.xtec.cat\/ies-palleja\/wp-json\/wp\/v2\/pages\/386\/revisions\/4842"}],"up":[{"embeddable":true,"href":"https:\/\/agora.xtec.cat\/ies-palleja\/wp-json\/wp\/v2\/pages\/299"}],"wp:attachment":[{"href":"https:\/\/agora.xtec.cat\/ies-palleja\/wp-json\/wp\/v2\/media?parent=386"}],"curies":[{"name":"wp","href":"https:\/\/api.w.org\/{rel}","templated":true}]}}