{"id":383,"date":"2018-10-11T10:37:40","date_gmt":"2018-10-11T08:37:40","guid":{"rendered":"http:\/\/agora.xtec.cat\/ies-palleja\/?page_id=383"},"modified":"2025-09-08T21:20:44","modified_gmt":"2025-09-08T19:20:44","slug":"dpt-ciencies-natura","status":"publish","type":"page","link":"https:\/\/agora.xtec.cat\/ies-palleja\/departaments\/dpt-ciencies-natura\/","title":{"rendered":"Dept. de Ci\u00e8ncies experimentals"},"content":{"rendered":"<p><span class=\"s3\">El departament de Ci\u00e8ncies Naturals imparteix a l\u2019ESO les mat\u00e8ries de F\u00edsica, Qu\u00edmica, Biologia i Geologia<\/span><span class=\"s3\"> i la <\/span><span class=\"s3\">mat\u00e8ria<\/span><span class=\"s3\"> optativa: Som cient\u00edfics.<\/span><\/p>\n<p><span class=\"s3\">Al Batxillerat s\u2019imparteixen les mat\u00e8ries de F\u00edsica, Qu\u00edmica, <\/span><span class=\"s3\">Geologia i Ci\u00e8ncies ambientals<\/span><span class=\"s3\">,<\/span><span class=\"s3\"> Biologia<\/span><span class=\"s3\"> i Biomedicina.<\/span><\/p>\n<p>La seva tasca al llarg d\u2019aquests cursos busca:<\/p>\n<ul>\n<li>Conscienciar a l\u2019alumnat de la import\u00e0ncia d\u2019observar el m\u00f3n que ens envolta mitjan\u00e7ant sortides a la natura.<\/li>\n<li>Estimular la recerca cient\u00edfica dels processos que esdevenen en la vida quotidiana i fomentar l\u2019observaci\u00f3 i la descripci\u00f3 de fen\u00f2mens naturals amb pr\u00e0ctiques al laboratori.<\/li>\n<li>Prendre decisions amb criteris cient\u00edfics que per\u00admetin preveure i evitar o minimitzar l\u2019exposici\u00f3 als riscos naturals.<\/li>\n<li>Adoptar mesures amb criteris cient\u00edfics que evitin o minimitzin els impactes mediambientals derivats de la intervenci\u00f3 humana.<\/li>\n<li>Adoptar mesures de prevenci\u00f3 i h\u00e0bits saludables a nivell individual i social fonamentades en el coneixement de les estrat\u00e8gies de detecci\u00f3 i resposta del cos hum\u00e0.<\/li>\n<li>Aplicar les mesures preventives adequades, utilit\u00adzant el coneixement cient\u00edfic, en relaci\u00f3 amb les conductes de risc i malalties associades al consum de subst\u00e0ncies addictives.<\/li>\n<li>Adoptar h\u00e0bits d\u2019alimentaci\u00f3 variada i equilibrada que promoguin la salut i evitin conductes de risc, trastorns alimentaris i malalties associades.<\/li>\n<li>Donar resposta a les q\u00fcestions sobre sexualitat i reproducci\u00f3 humanes, a partir del coneixement cient\u00edfic, valorant les conseq\u00fc\u00e8ncies de les conductes de risc.<\/li>\n<\/ul>\n<p>L\u2019equip de professores i professors que formen el departament estan a disposici\u00f3 de l\u2019alumnat i les seves fam\u00edlies dins l\u2019horari lectiu i per correu electr\u00f2nic.<\/p>\n<ul>\n<li>Gl\u00f2ria Rodr\u00edguez (cap de departament)<\/li>\n<li>Vicent Alonso<\/li>\n<li>Encarni Pav\u00f3n<\/li>\n<li>Pedro Garc\u00eda<\/li>\n<li>Carla Selva<\/li>\n<li>Pablo Fern\u00e1ndez<\/li>\n<\/ul>\n<p>Per consultar les adreces electr\u00f2niques dels membres del Departament, <a href=\"https:\/\/agora.xtec.cat\/ies-palleja\/linstitut\/equip-huma\/\">veure secci\u00f3 equip hum\u00e0.<\/a><\/p>\n","protected":false},"excerpt":{"rendered":"<p>El departament de Ci\u00e8ncies Naturals imparteix a l\u2019ESO les mat\u00e8ries de F\u00edsica, Qu\u00edmica, Biologia i Geologia i la mat\u00e8ria optativa: Som cient\u00edfics. Al Batxillerat s\u2019imparteixen les mat\u00e8ries de F\u00edsica, Qu\u00edmica, Geologia i Ci\u00e8ncies ambientals, Biologia i Biomedicina. La seva tasca al llarg d\u2019aquests cursos busca: Conscienciar a l\u2019alumnat de la import\u00e0ncia d\u2019observar el m\u00f3n que [&hellip;]<\/p>\n","protected":false},"author":5,"featured_media":0,"parent":299,"menu_order":0,"comment_status":"closed","ping_status":"closed","template":"page-templates\/side-menu.php","meta":{"_bbp_topic_count":0,"_bbp_reply_count":0,"_bbp_total_topic_count":0,"_bbp_total_reply_count":0,"_bbp_voice_count":0,"_bbp_anonymous_reply_count":0,"_bbp_topic_count_hidden":0,"_bbp_reply_count_hidden":0,"_bbp_forum_subforum_count":0,"site-sidebar-layout":"default","site-content-layout":"","ast-site-content-layout":"","site-content-style":"default","site-sidebar-style":"default","ast-global-header-display":"","ast-banner-title-visibility":"","ast-main-header-display":"","ast-hfb-above-header-display":"","ast-hfb-below-header-display":"","ast-hfb-mobile-header-display":"","site-post-title":"","ast-breadcrumbs-content":"","ast-featured-img":"","footer-sml-layout":"","theme-transparent-header-meta":"","adv-header-id-meta":"","stick-header-meta":"","header-above-stick-meta":"","header-main-stick-meta":"","header-below-stick-meta":"","astra-migrate-meta-layouts":"default","ast-page-background-enabled":"default","ast-page-background-meta":{"desktop":{"background-color":"var(--ast-global-color-4)","background-image":"","background-repeat":"repeat","background-position":"center center","background-size":"auto","background-attachment":"scroll","background-type":"","background-media":"","overlay-type":"","overlay-color":"","overlay-opacity":"","overlay-gradient":""},"tablet":{"background-color":"","background-image":"","background-repeat":"repeat","background-position":"center center","background-size":"auto","background-attachment":"scroll","background-type":"","background-media":"","overlay-type":"","overlay-color":"","overlay-opacity":"","overlay-gradient":""},"mobile":{"background-color":"","background-image":"","background-repeat":"repeat","background-position":"center center","background-size":"auto","background-attachment":"scroll","background-type":"","background-media":"","overlay-type":"","overlay-color":"","overlay-opacity":"","overlay-gradient":""}},"ast-content-background-meta":{"desktop":{"background-color":"var(--ast-global-color-5)","background-image":"","background-repeat":"repeat","background-position":"center center","background-size":"auto","background-attachment":"scroll","background-type":"","background-media":"","overlay-type":"","overlay-color":"","overlay-opacity":"","overlay-gradient":""},"tablet":{"background-color":"var(--ast-global-color-5)","background-image":"","background-repeat":"repeat","background-position":"center center","background-size":"auto","background-attachment":"scroll","background-type":"","background-media":"","overlay-type":"","overlay-color":"","overlay-opacity":"","overlay-gradient":""},"mobile":{"background-color":"var(--ast-global-color-5)","background-image":"","background-repeat":"repeat","background-position":"center center","background-size":"auto","background-attachment":"scroll","background-type":"","background-media":"","overlay-type":"","overlay-color":"","overlay-opacity":"","overlay-gradient":""}},"footnotes":""},"class_list":["post-383","page","type-page","status-publish","hentry"],"post_mailing_queue_ids":[],"_links":{"self":[{"href":"https:\/\/agora.xtec.cat\/ies-palleja\/wp-json\/wp\/v2\/pages\/383","targetHints":{"allow":["GET"]}}],"collection":[{"href":"https:\/\/agora.xtec.cat\/ies-palleja\/wp-json\/wp\/v2\/pages"}],"about":[{"href":"https:\/\/agora.xtec.cat\/ies-palleja\/wp-json\/wp\/v2\/types\/page"}],"author":[{"embeddable":true,"href":"https:\/\/agora.xtec.cat\/ies-palleja\/wp-json\/wp\/v2\/users\/5"}],"replies":[{"embeddable":true,"href":"https:\/\/agora.xtec.cat\/ies-palleja\/wp-json\/wp\/v2\/comments?post=383"}],"version-history":[{"count":6,"href":"https:\/\/agora.xtec.cat\/ies-palleja\/wp-json\/wp\/v2\/pages\/383\/revisions"}],"predecessor-version":[{"id":4847,"href":"https:\/\/agora.xtec.cat\/ies-palleja\/wp-json\/wp\/v2\/pages\/383\/revisions\/4847"}],"up":[{"embeddable":true,"href":"https:\/\/agora.xtec.cat\/ies-palleja\/wp-json\/wp\/v2\/pages\/299"}],"wp:attachment":[{"href":"https:\/\/agora.xtec.cat\/ies-palleja\/wp-json\/wp\/v2\/media?parent=383"}],"curies":[{"name":"wp","href":"https:\/\/api.w.org\/{rel}","templated":true}]}}