{"id":381,"date":"2018-10-11T10:37:27","date_gmt":"2018-10-11T08:37:27","guid":{"rendered":"http:\/\/agora.xtec.cat\/ies-palleja\/?page_id=381"},"modified":"2025-09-08T21:16:21","modified_gmt":"2025-09-08T19:16:21","slug":"dpt-matematiques","status":"publish","type":"page","link":"https:\/\/agora.xtec.cat\/ies-palleja\/departaments\/dpt-matematiques\/","title":{"rendered":"Dept. de Matem\u00e0tiques"},"content":{"rendered":"<p><span style=\"font-weight: 400;\">El Departament de Matem\u00e0tiques de l\u2019Institut de Pallej\u00e0 est\u00e0 format pel professorat destinat al centre de les especialitats de Matem\u00e0tiques i Economia.<\/span><\/p>\n<p><span style=\"font-weight: 400;\">Pel present curs els seus membres s\u00f3n:<\/span><\/p>\n<ul>\n<li>Antonio Calv\u00edn (Cap de departament)<\/li>\n<li>Jasmina Arregui<\/li>\n<li>Jose Delgado<\/li>\n<li>Ilde G\u00e1mez<\/li>\n<li>\u00d3scar Sanf\u00e9lix<\/li>\n<li>Pilar Ruiz<\/li>\n<li>Clara Grau (Economia)<\/li>\n<li>Eduard Rey (Economia)<\/li>\n<\/ul>\n<p><span style=\"font-weight: 400;\">Per consultar les adreces electr\u00f2niques dels membres del Departament, <\/span><a href=\"https:\/\/agora.xtec.cat\/ies-palleja\/linstitut\/equip-huma\/\"><span style=\"font-weight: 400;\">veure secci\u00f3 equip hum\u00e0.<\/span><\/a><\/p>\n<p><span style=\"font-weight: 400;\">Les principals funcions del departament s\u00f3n coordinar l\u2019elaboraci\u00f3 de les programacions de les diferents mat\u00e8ries assignades, garantir la coordinaci\u00f3 dels seus membres i promoure actuacions per millorar el rendiment dels nostres alumnes.<\/span><\/p>\n<p><span style=\"font-weight: 400;\">Les mat\u00e8ries que es realitzen des del departament s\u00f3n:<\/span><\/p>\n<ul>\n<li style=\"font-weight: 400;\"><span style=\"font-weight: 400;\">ESO<\/span>\n<ul>\n<li style=\"font-weight: 400;\"><span style=\"font-weight: 400;\">Matem\u00e0tiques 1<\/span><\/li>\n<li style=\"font-weight: 400;\"><span style=\"font-weight: 400;\">Matem\u00e0tiques 2<\/span><\/li>\n<li style=\"font-weight: 400;\"><span style=\"font-weight: 400;\">Matem\u00e0tiques 3<\/span><\/li>\n<li style=\"font-weight: 400;\"><span style=\"font-weight: 400;\">Matem\u00e0tiques 4.<\/span><\/li>\n<li style=\"font-weight: 400;\"><span style=\"font-weight: 400;\">Emprenedoria (3r ESO)<\/span><\/li>\n<\/ul>\n<\/li>\n<\/ul>\n<ul>\n<li style=\"font-weight: 400;\"><span style=\"font-weight: 400;\">Batxillerat<\/span>\n<ul>\n<li style=\"font-weight: 400;\"><span style=\"font-weight: 400;\">Economia de l\u2019Empresa 1<\/span><\/li>\n<li style=\"font-weight: 400;\"><span style=\"font-weight: 400;\">Economia de l\u2019Empresa 2<\/span><\/li>\n<li style=\"font-weight: 400;\"><span style=\"font-weight: 400;\">Matem\u00e0tiques 1<\/span><\/li>\n<li style=\"font-weight: 400;\"><span style=\"font-weight: 400;\">Matem\u00e0tiques 2<\/span><\/li>\n<li style=\"font-weight: 400;\"><span style=\"font-weight: 400;\">Matem\u00e0tiques aplicades a les Ci\u00e8ncies Socials 1<\/span><\/li>\n<li style=\"font-weight: 400;\"><span style=\"font-weight: 400;\">Matem\u00e0tiques aplicades a les Ci\u00e8ncies Socials 2<\/span><\/li>\n<\/ul>\n<\/li>\n<\/ul>\n<p><span style=\"font-weight: 400;\">Tradicionalment, des del departament de matem\u00e0tiques s\u2019organitza la participaci\u00f3 dels alumnes de l&#8217;INS Pallej\u00e0 a les <\/span><i><span style=\"font-weight: 400;\">Proves Cangur<\/span><\/i><span style=\"font-weight: 400;\"> que desenvolupa la Societat Catalana de Matem\u00e0tiques. Des d\u2019Economia, es participa en el concurs d&#8217;Emprenedoria de Molins de Rei amb els alumnes de Batxillerat. <\/span><\/p>\n","protected":false},"excerpt":{"rendered":"<p>El Departament de Matem\u00e0tiques de l\u2019Institut de Pallej\u00e0 est\u00e0 format pel professorat destinat al centre de les especialitats de Matem\u00e0tiques i Economia. Pel present curs els seus membres s\u00f3n: Antonio Calv\u00edn (Cap de departament) Jasmina Arregui Jose Delgado Ilde G\u00e1mez \u00d3scar Sanf\u00e9lix Pilar Ruiz Clara Grau (Economia) Eduard Rey (Economia) Per consultar les adreces electr\u00f2niques [&hellip;]<\/p>\n","protected":false},"author":5,"featured_media":0,"parent":299,"menu_order":0,"comment_status":"closed","ping_status":"closed","template":"page-templates\/side-menu.php","meta":{"_bbp_topic_count":0,"_bbp_reply_count":0,"_bbp_total_topic_count":0,"_bbp_total_reply_count":0,"_bbp_voice_count":0,"_bbp_anonymous_reply_count":0,"_bbp_topic_count_hidden":0,"_bbp_reply_count_hidden":0,"_bbp_forum_subforum_count":0,"site-sidebar-layout":"default","site-content-layout":"","ast-site-content-layout":"","site-content-style":"default","site-sidebar-style":"default","ast-global-header-display":"","ast-banner-title-visibility":"","ast-main-header-display":"","ast-hfb-above-header-display":"","ast-hfb-below-header-display":"","ast-hfb-mobile-header-display":"","site-post-title":"","ast-breadcrumbs-content":"","ast-featured-img":"","footer-sml-layout":"","theme-transparent-header-meta":"","adv-header-id-meta":"","stick-header-meta":"","header-above-stick-meta":"","header-main-stick-meta":"","header-below-stick-meta":"","astra-migrate-meta-layouts":"default","ast-page-background-enabled":"default","ast-page-background-meta":{"desktop":{"background-color":"var(--ast-global-color-4)","background-image":"","background-repeat":"repeat","background-position":"center center","background-size":"auto","background-attachment":"scroll","background-type":"","background-media":"","overlay-type":"","overlay-color":"","overlay-opacity":"","overlay-gradient":""},"tablet":{"background-color":"","background-image":"","background-repeat":"repeat","background-position":"center center","background-size":"auto","background-attachment":"scroll","background-type":"","background-media":"","overlay-type":"","overlay-color":"","overlay-opacity":"","overlay-gradient":""},"mobile":{"background-color":"","background-image":"","background-repeat":"repeat","background-position":"center center","background-size":"auto","background-attachment":"scroll","background-type":"","background-media":"","overlay-type":"","overlay-color":"","overlay-opacity":"","overlay-gradient":""}},"ast-content-background-meta":{"desktop":{"background-color":"var(--ast-global-color-5)","background-image":"","background-repeat":"repeat","background-position":"center center","background-size":"auto","background-attachment":"scroll","background-type":"","background-media":"","overlay-type":"","overlay-color":"","overlay-opacity":"","overlay-gradient":""},"tablet":{"background-color":"var(--ast-global-color-5)","background-image":"","background-repeat":"repeat","background-position":"center center","background-size":"auto","background-attachment":"scroll","background-type":"","background-media":"","overlay-type":"","overlay-color":"","overlay-opacity":"","overlay-gradient":""},"mobile":{"background-color":"var(--ast-global-color-5)","background-image":"","background-repeat":"repeat","background-position":"center center","background-size":"auto","background-attachment":"scroll","background-type":"","background-media":"","overlay-type":"","overlay-color":"","overlay-opacity":"","overlay-gradient":""}},"footnotes":""},"class_list":["post-381","page","type-page","status-publish","hentry"],"post_mailing_queue_ids":[],"_links":{"self":[{"href":"https:\/\/agora.xtec.cat\/ies-palleja\/wp-json\/wp\/v2\/pages\/381","targetHints":{"allow":["GET"]}}],"collection":[{"href":"https:\/\/agora.xtec.cat\/ies-palleja\/wp-json\/wp\/v2\/pages"}],"about":[{"href":"https:\/\/agora.xtec.cat\/ies-palleja\/wp-json\/wp\/v2\/types\/page"}],"author":[{"embeddable":true,"href":"https:\/\/agora.xtec.cat\/ies-palleja\/wp-json\/wp\/v2\/users\/5"}],"replies":[{"embeddable":true,"href":"https:\/\/agora.xtec.cat\/ies-palleja\/wp-json\/wp\/v2\/comments?post=381"}],"version-history":[{"count":6,"href":"https:\/\/agora.xtec.cat\/ies-palleja\/wp-json\/wp\/v2\/pages\/381\/revisions"}],"predecessor-version":[{"id":4845,"href":"https:\/\/agora.xtec.cat\/ies-palleja\/wp-json\/wp\/v2\/pages\/381\/revisions\/4845"}],"up":[{"embeddable":true,"href":"https:\/\/agora.xtec.cat\/ies-palleja\/wp-json\/wp\/v2\/pages\/299"}],"wp:attachment":[{"href":"https:\/\/agora.xtec.cat\/ies-palleja\/wp-json\/wp\/v2\/media?parent=381"}],"curies":[{"name":"wp","href":"https:\/\/api.w.org\/{rel}","templated":true}]}}