{"id":2409,"date":"2020-05-25T12:30:56","date_gmt":"2020-05-25T10:30:56","guid":{"rendered":"http:\/\/agora.xtec.cat\/ies-palleja\/?page_id=2409"},"modified":"2020-07-07T13:28:22","modified_gmt":"2020-07-07T11:28:22","slug":"preinscripcio-batxillerat","status":"publish","type":"page","link":"https:\/\/agora.xtec.cat\/ies-palleja\/preinscripcions\/preinscripcio-batxillerat\/","title":{"rendered":"Preinscripci\u00f3 BATXILLERAT"},"content":{"rendered":"<h4 style=\"text-align: center;\"><span style=\"color: #646464;\"><strong><span style=\"font-size: 32px;\"><em>Informaci\u00f3 sobre la\u00a0<\/em><em>preinscripci\u00f3 al Batxillerat per al curs 2020\/2021<\/em><\/span><\/strong><\/span><\/h4>\n<p style=\"text-align: center;\"><em><span style=\"font-size: 24px; color: #2da8a8;\">Presentaci\u00f3 de sol\u00b7licituds <strong>NOM\u00c9S PER INTERNET<\/strong> (des del curs 2019-20)<\/span><\/em><\/p>\n<p><span style=\"font-size: 24px; color: #2da8a8;\"><em><strong>TERMINI: 27 de maig al 3 juny<\/strong><\/em><\/span><\/p>\n<p><strong><em>La presentaci\u00f3 de sol\u00b7licituds s\u2019ha de fer nom\u00e9s per Internet.<\/em><\/strong><\/p>\n<p><span style=\"color: #40a8a0; font-size: 36px;\"><strong>Informaci\u00f3 sobre el centre<\/strong><\/span><\/p>\n<ul>\n<li>Codi de l\u2019Institut de Pallej\u00e0: 08053297<\/li>\n<li>Correu electr\u00f2nic de l\u2019Institut: <a href=\"mailto:a8053297@xtec.cat\">a8053297@xtec.cat<\/a><\/li>\n<li><a href=\"https:\/\/drive.google.com\/file\/d\/1Ek0K2X3ETtfyugsCNCVHwSEwkGMmSE_t\/view?usp=sharing\">Bases del Projecte educatiu de l\u2019Institut de Pallej\u00e0<\/a><\/li>\n<li><a href=\"http:\/\/portesobertes.inspalleja.org\/\">Presentaci\u00f3 sobre l\u2019Institut<\/a><\/li>\n<li><a href=\"https:\/\/docs.google.com\/document\/d\/1rKVdYvz7BB3JD5Ny0LWmUzfVO4OGzHtaFuMw6Ek7abM\/edit?usp=sharing\">Oferta de mat\u00e8ries pel Batxillerat<\/a><\/li>\n<li><a href=\"https:\/\/agora.xtec.cat\/ies-palleja\/jornades-portes-obertes\/portes-obertes-batxillerat\/\">Jornada de portes obertes telem\u00e0tiques de Batxillerat<\/a><\/li>\n<\/ul>\n<p><span style=\"color: #40a8a0; font-size: 36px;\"><strong>Com fer la preinscripci\u00f3 a Batxillerat<\/strong><\/span><\/p>\n<p><span style=\"font-size: 24px; color: #333333;\"><strong><span style=\"color: #40a8a0;\">Termini<br \/>\n<\/span><\/strong><\/span><strong>Del 27 de maig al 3 de juny<\/strong><\/p>\n<p><strong>Per fer la preinscripci\u00f3 amb la sol\u00b7licitud\u00a0 electr\u00f2nica:<br \/>\n<\/strong>La sol\u00b7licitud s&#8217;ha de presentar al registre electr\u00f2nic de la Generalitat mitjan\u00e7ant el formulari electr\u00f2nic.<\/p>\n<p>Per poder utilitzar el formulari electr\u00f2nic, cal identificar-se amb un certificat digital, com per exemple el DNI electr\u00f2nic, o el sistema alternatiu d&#8217;identificaci\u00f3\u00a0<a href=\"https:\/\/web.gencat.cat\/ca\/tramits\/com-tramitar-en-linia\/identificacio-digital\/id-cat-mobil\/\">idCAT M\u00f2bil<\/a>, i el n\u00famero d&#8217;identificaci\u00f3 de l&#8217;alumne\/a amb el qual consta al Registre d&#8217;Alumnes de Catalunya (RALC) i que es pot obtenir amb la\u00a0<a href=\"http:\/\/ensenyament.gencat.cat\/ca\/tramits\/tramits-temes\/identificador-alumne\">Consulta de l&#8217;identificador de l&#8217;alumne<\/a>. La direcci\u00f3 del centre on s&#8217;han cursat ensenyaments des del curs 2015-2016 tamb\u00e9 pot facilitar el n\u00famero identificador de l&#8217;alumne\/a a les fam\u00edlies i, en casos excepcionals i durant el per\u00edode de preinscripci\u00f3, es pot sol\u00b7licitar aquest identificador a les \u00e0rees territorials del Departament d&#8217;Educaci\u00f3, acreditant-se amb el DNI o document equivalent.<\/p>\n<p>El tr\u00e0mit de presentaci\u00f3 de la sol\u00b7licitud electr\u00f2nica s&#8217;acaba amb l&#8217;enviament del formulari i no s&#8217;ha de presentar cap c\u00f2pia al centre.<\/p>\n<p><a href=\"http:\/\/ensenyament.gencat.cat\/ca\/tramits\/tramits-temes\/9388-batxillerat?moda=1\">ACC\u00c9S A LA SOL.LICITUD ELECTR\u00d2NICA<\/a> (Localitzeu el lloc a on diu\u00a0<a href=\"http:\/\/ensenyament.gencat.cat\/ca\/tramits\/formulari-no-disponible\"><strong>Sol\u00b7licitud electr\u00f2nica<\/strong><\/a> i feu clic a ves-hi)<\/p>\n<p><strong>Si no podeu fer la preinscripci\u00f3 amb sol\u00b7licitud electr\u00f2nica:<br \/>\n<\/strong>Haureu de fer servir Internet igualment, aix\u00ed que, per poc que pugueu feu servir l\u2019opci\u00f3 anterior perqu\u00e8 \u00e9s m\u00e9s f\u00e0cil.<\/p>\n<p>S\u2019ha d\u2019omplir la sol\u00b7licitud:<\/p>\n<p><a href=\"http:\/\/ensenyament.gencat.cat\/ca\/tramits\/tramits-temes\/9388-batxillerat?moda=1\">ACC\u00c9S A LA SOL.LICITUD<\/a> (Localitzeu el lloc a on diu\u00a0 <a href=\"http:\/\/ensenyament.gencat.cat\/ca\/tramits\/formulari-no-disponible\"><strong>Sol\u00b7licitud<\/strong><\/a> i feu clic a ves-hi)<\/p>\n<ol>\n<li>El tr\u00e0mit de presentaci\u00f3 de la sol\u00b7licitud amb suport inform\u00e0tic s&#8217;acaba amb l&#8217;enviament per correu electr\u00f2nic del resguard de preinscripci\u00f3 acompanyat de la documentaci\u00f3 acreditativa corresponent, escanejada o fotografiada per les dues cares, a la b\u00fastia electr\u00f2nica oficial del centre demanat en primera opci\u00f3;\u00a0 <a href=\"mailto:a8053297@xtec.cat\">a8053297@xtec.cat<\/a>, indicant a l\u2019asumpte \u2018Preinscripci\u00f3 1r BATX_ NOM I COGNOMS\u00a0 DE L\u2019ALUMNE\/A\u2019.<\/li>\n<li>En els casos excepcionals en qu\u00e8 no es pugui enviar per correu electr\u00f2nic, truqueu, si us plau al tel\u00e8fon al m\u00f2bil\u00a0 642 226 178 (de 10:00 h \u2013 13:00 h) i demaneu cita pr\u00e8via.<\/li>\n<li>El centre us enviar\u00e0, al m\u00e9s aviat possible,\u00a0<strong>confirmaci\u00f3<\/strong><strong>de recepci\u00f3<\/strong>\u00a0al correu des d\u2019on l\u2019heu enviat. Un cop fet aix\u00f2,\u00a0<strong>la preinscripci\u00f3 ja estar\u00e0 feta<\/strong>.<\/li>\n<\/ol>\n<p>Si no teniu esc\u00e0ner i heu de fotografiar la documentaci\u00f3 us suggerim que feu servir, per exemple, una APP gratu\u00efta com\u00a0<a href=\"https:\/\/play.google.com\/store\/apps\/details?id=com.appxy.tinyscanner&amp;hl=es\">Tiny Scanner<\/a>\u00a0o \u00a0<a href=\"https:\/\/play.google.com\/store\/apps\/details?id=com.intsig.camscanner&amp;hl=es_419\">CamScanner\u00a0<\/a>, ja que millora la qualitat de la c\u00f2pia.<br \/>\n<strong>Cita pr\u00e8via &#8211; Truqueu al m\u00f2bil<\/strong> \u00a0642 226 178 (de 10:00 h \u2013 13:00 h)<\/p>\n<p><span style=\"font-size: 36px; color: #40a8a0;\"><strong>Informaci\u00f3 \u00fatil<\/strong><\/span><\/p>\n<ul>\n<li><a href=\"https:\/\/agora.xtec.cat\/ies-palleja\/wp-content\/uploads\/usu889\/2020\/07\/Llistat-definitiu-BTX.pdf\">Llistes definitives de 1r de Batxillerat amb les sol\u00b7licituds ordenades<\/a><\/li>\n<\/ul>\n","protected":false},"excerpt":{"rendered":"<p>Informaci\u00f3 sobre la\u00a0preinscripci\u00f3 al Batxillerat per al curs 2020\/2021 Presentaci\u00f3 de sol\u00b7licituds NOM\u00c9S PER INTERNET (des del curs 2019-20) TERMINI: 27 de maig al 3 juny La presentaci\u00f3 de sol\u00b7licituds s\u2019ha de fer nom\u00e9s per Internet. Informaci\u00f3 sobre el centre Codi de l\u2019Institut de Pallej\u00e0: 08053297 Correu electr\u00f2nic de l\u2019Institut: a8053297@xtec.cat Bases del Projecte educatiu [&hellip;]<\/p>\n","protected":false},"author":5,"featured_media":0,"parent":2397,"menu_order":1,"comment_status":"closed","ping_status":"closed","template":"page-templates\/side-menu.php","meta":{"_bbp_topic_count":0,"_bbp_reply_count":0,"_bbp_total_topic_count":0,"_bbp_total_reply_count":0,"_bbp_voice_count":0,"_bbp_anonymous_reply_count":0,"_bbp_topic_count_hidden":0,"_bbp_reply_count_hidden":0,"_bbp_forum_subforum_count":0,"site-sidebar-layout":"default","site-content-layout":"","ast-site-content-layout":"","site-content-style":"default","site-sidebar-style":"default","ast-global-header-display":"","ast-banner-title-visibility":"","ast-main-header-display":"","ast-hfb-above-header-display":"","ast-hfb-below-header-display":"","ast-hfb-mobile-header-display":"","site-post-title":"","ast-breadcrumbs-content":"","ast-featured-img":"","footer-sml-layout":"","theme-transparent-header-meta":"","adv-header-id-meta":"","stick-header-meta":"","header-above-stick-meta":"","header-main-stick-meta":"","header-below-stick-meta":"","astra-migrate-meta-layouts":"default","ast-page-background-enabled":"default","ast-page-background-meta":{"desktop":{"background-color":"var(--ast-global-color-4)","background-image":"","background-repeat":"repeat","background-position":"center center","background-size":"auto","background-attachment":"scroll","background-type":"","background-media":"","overlay-type":"","overlay-color":"","overlay-opacity":"","overlay-gradient":""},"tablet":{"background-color":"","background-image":"","background-repeat":"repeat","background-position":"center center","background-size":"auto","background-attachment":"scroll","background-type":"","background-media":"","overlay-type":"","overlay-color":"","overlay-opacity":"","overlay-gradient":""},"mobile":{"background-color":"","background-image":"","background-repeat":"repeat","background-position":"center center","background-size":"auto","background-attachment":"scroll","background-type":"","background-media":"","overlay-type":"","overlay-color":"","overlay-opacity":"","overlay-gradient":""}},"ast-content-background-meta":{"desktop":{"background-color":"var(--ast-global-color-5)","background-image":"","background-repeat":"repeat","background-position":"center center","background-size":"auto","background-attachment":"scroll","background-type":"","background-media":"","overlay-type":"","overlay-color":"","overlay-opacity":"","overlay-gradient":""},"tablet":{"background-color":"var(--ast-global-color-5)","background-image":"","background-repeat":"repeat","background-position":"center center","background-size":"auto","background-attachment":"scroll","background-type":"","background-media":"","overlay-type":"","overlay-color":"","overlay-opacity":"","overlay-gradient":""},"mobile":{"background-color":"var(--ast-global-color-5)","background-image":"","background-repeat":"repeat","background-position":"center center","background-size":"auto","background-attachment":"scroll","background-type":"","background-media":"","overlay-type":"","overlay-color":"","overlay-opacity":"","overlay-gradient":""}},"footnotes":""},"class_list":["post-2409","page","type-page","status-publish","hentry"],"post_mailing_queue_ids":[],"_links":{"self":[{"href":"https:\/\/agora.xtec.cat\/ies-palleja\/wp-json\/wp\/v2\/pages\/2409","targetHints":{"allow":["GET"]}}],"collection":[{"href":"https:\/\/agora.xtec.cat\/ies-palleja\/wp-json\/wp\/v2\/pages"}],"about":[{"href":"https:\/\/agora.xtec.cat\/ies-palleja\/wp-json\/wp\/v2\/types\/page"}],"author":[{"embeddable":true,"href":"https:\/\/agora.xtec.cat\/ies-palleja\/wp-json\/wp\/v2\/users\/5"}],"replies":[{"embeddable":true,"href":"https:\/\/agora.xtec.cat\/ies-palleja\/wp-json\/wp\/v2\/comments?post=2409"}],"version-history":[{"count":4,"href":"https:\/\/agora.xtec.cat\/ies-palleja\/wp-json\/wp\/v2\/pages\/2409\/revisions"}],"predecessor-version":[{"id":2455,"href":"https:\/\/agora.xtec.cat\/ies-palleja\/wp-json\/wp\/v2\/pages\/2409\/revisions\/2455"}],"up":[{"embeddable":true,"href":"https:\/\/agora.xtec.cat\/ies-palleja\/wp-json\/wp\/v2\/pages\/2397"}],"wp:attachment":[{"href":"https:\/\/agora.xtec.cat\/ies-palleja\/wp-json\/wp\/v2\/media?parent=2409"}],"curies":[{"name":"wp","href":"https:\/\/api.w.org\/{rel}","templated":true}]}}