{"id":2036,"date":"2020-02-28T16:14:21","date_gmt":"2020-02-28T15:14:21","guid":{"rendered":"http:\/\/agora.xtec.cat\/ies-palleja\/?page_id=2036"},"modified":"2025-09-17T10:01:36","modified_gmt":"2025-09-17T08:01:36","slug":"projecte-curricular-eso","status":"publish","type":"page","link":"https:\/\/agora.xtec.cat\/ies-palleja\/linstitut\/projectes-de-centre\/projecte-curricular-eso\/","title":{"rendered":"Projecte curricular ESO"},"content":{"rendered":"<p>La distribuci\u00f3 hor\u00e0ria de les mat\u00e8ries de cada curs de l\u2019ESO, al nostre centre, es fa de la seg\u00fcent manera:<\/p>\n<table style=\"width: 586px;\" width=\"529\">\n<tbody>\n<tr>\n<td style=\"width: 242px;\"><\/td>\n<td style=\"width: 83px; text-align: center;\"><strong>1r ESO<\/strong><\/td>\n<td style=\"width: 78px; text-align: center;\"><strong>2n ESO<\/strong><\/td>\n<td style=\"width: 81px; text-align: center;\"><strong>3r ESO<\/strong><\/td>\n<td style=\"width: 88px; text-align: center;\"><strong>4t ESO<\/strong><\/td>\n<\/tr>\n<tr>\n<td style=\"width: 242px;\"><strong>LLENGUA CASTELLANA<\/strong><\/td>\n<td style=\"width: 83px; text-align: center;\">3<\/td>\n<td style=\"width: 78px; text-align: center;\">3<\/td>\n<td style=\"width: 81px; text-align: center;\">3<\/td>\n<td style=\"width: 88px; text-align: center;\">3<\/td>\n<\/tr>\n<tr>\n<td style=\"width: 242px;\"><strong>LLENGUA CATALANA<\/strong><\/td>\n<td style=\"width: 83px; text-align: center;\">3<\/td>\n<td style=\"width: 78px; text-align: center;\">3<\/td>\n<td style=\"width: 81px; text-align: center;\">3<\/td>\n<td style=\"width: 88px; text-align: center;\">3<\/td>\n<\/tr>\n<tr>\n<td style=\"width: 242px;\"><strong>MATEM\u00c0TIQUES<\/strong><\/td>\n<td style=\"width: 83px; text-align: center;\">3<\/td>\n<td style=\"width: 78px; text-align: center;\">4<\/td>\n<td style=\"width: 81px; text-align: center;\">4<\/td>\n<td style=\"width: 88px; text-align: center;\">4<\/td>\n<\/tr>\n<tr>\n<td style=\"width: 242px;\"><strong>LLENGUA ANGL\u00c8S<\/strong><\/td>\n<td style=\"width: 83px; text-align: center;\">3<\/td>\n<td style=\"width: 78px; text-align: center;\">4<\/td>\n<td style=\"width: 81px; text-align: center;\">3<\/td>\n<td style=\"width: 88px; text-align: center;\">4<\/td>\n<\/tr>\n<tr>\n<td style=\"width: 242px;\"><strong>GEOGRAFIA I HIST\u00d2RIA<\/strong><\/td>\n<td style=\"width: 83px; text-align: center;\">3<\/td>\n<td style=\"width: 78px; text-align: center;\">3<\/td>\n<td style=\"width: 81px; text-align: center;\">3<\/td>\n<td style=\"width: 88px; text-align: center;\">3<\/td>\n<\/tr>\n<tr>\n<td style=\"width: 242px;\"><strong>BIOLOGIA I GEOLOGIA<\/strong><\/td>\n<td style=\"width: 83px; text-align: center;\">3<\/td>\n<td style=\"width: 78px; text-align: center;\">&#8211;<\/td>\n<td style=\"width: 81px; text-align: center;\">2<\/td>\n<td style=\"width: 88px; text-align: center;\">&#8211;<\/td>\n<\/tr>\n<tr>\n<td style=\"width: 242px;\"><strong>F\u00cdSICA I QU\u00cdMICA<\/strong><\/td>\n<td style=\"width: 83px; text-align: center;\">&#8211;<\/td>\n<td style=\"width: 78px; text-align: center;\">3<\/td>\n<td style=\"width: 81px; text-align: center;\">2<\/td>\n<td style=\"width: 88px; text-align: center;\">&#8211;<\/td>\n<\/tr>\n<tr>\n<td style=\"width: 242px;\"><strong>TECNOLOGIA<\/strong><\/td>\n<td style=\"width: 83px; text-align: center;\">2<\/td>\n<td style=\"width: 78px; text-align: center;\">2<\/td>\n<td style=\"width: 81px; text-align: center;\">2<\/td>\n<td style=\"width: 88px; text-align: center;\">&#8211;<\/td>\n<\/tr>\n<tr>\n<td style=\"width: 242px;\"><strong>E. F\u00cdSICA<\/strong><\/td>\n<td style=\"width: 83px; text-align: center;\">2<\/td>\n<td style=\"width: 78px; text-align: center;\">2<\/td>\n<td style=\"width: 81px; text-align: center;\">2<\/td>\n<td style=\"width: 88px; text-align: center;\">2<\/td>\n<\/tr>\n<tr>\n<td style=\"width: 242px;\"><strong>VISUAL, PL\u00c0STICA I AUDIOVISUAL<\/strong><\/td>\n<td style=\"width: 83px; text-align: center;\">2<\/td>\n<td style=\"width: 78px; text-align: center;\">&#8211;<\/td>\n<td style=\"width: 81px; text-align: center;\">2<\/td>\n<td style=\"width: 88px; text-align: center;\">&#8211;<\/td>\n<\/tr>\n<tr>\n<td style=\"width: 242px;\"><strong>M\u00daSICA<\/strong><\/td>\n<td style=\"width: 83px; text-align: center;\">2<\/td>\n<td style=\"width: 78px; text-align: center;\">2<\/td>\n<td style=\"width: 81px; text-align: center;\">2<\/td>\n<td style=\"width: 88px; text-align: center;\">&#8211;<\/td>\n<\/tr>\n<tr>\n<td style=\"width: 242px;\"><strong>ACTIVITATS C\u00cdVIQUES I CULTURALS<\/strong><\/td>\n<td style=\"width: 83px; text-align: center;\">1<\/td>\n<td style=\"width: 78px; text-align: center;\">1<\/td>\n<td style=\"width: 81px; text-align: center;\">1<\/td>\n<td style=\"width: 88px; text-align: center;\">1<\/td>\n<\/tr>\n<tr>\n<td style=\"width: 242px;\"><strong>RELIGI\u00d3<\/strong><\/td>\n<td style=\"width: 83px; text-align: center;\">1<\/td>\n<td style=\"width: 78px; text-align: center;\">1<\/td>\n<td style=\"width: 81px; text-align: center;\">1<\/td>\n<td style=\"width: 88px; text-align: center;\">1<\/td>\n<\/tr>\n<tr>\n<td style=\"width: 242px;\"><strong>TUTORIA<\/strong><\/td>\n<td style=\"width: 83px; text-align: center;\">1<\/td>\n<td style=\"width: 78px; text-align: center;\">1<\/td>\n<td style=\"width: 81px; text-align: center;\">1<\/td>\n<td style=\"width: 88px; text-align: center;\">1<\/td>\n<\/tr>\n<tr>\n<td style=\"width: 242px;\"><strong>SERVEI A LA COMUNITAT<\/strong><\/td>\n<td style=\"width: 83px; text-align: center;\">&#8211;<\/td>\n<td style=\"width: 78px; text-align: center;\">&#8211;<\/td>\n<td style=\"width: 81px; text-align: center;\">-1<\/td>\n<td style=\"width: 88px; text-align: center;\">&#8211;<\/td>\n<\/tr>\n<tr>\n<td style=\"width: 242px;\"><strong>TREBALL DE S\u00cdNTESI<\/strong><\/td>\n<td style=\"width: 83px; text-align: center;\">-1<\/td>\n<td style=\"width: 78px; text-align: center;\">-1<\/td>\n<td style=\"width: 81px; text-align: center;\">-1<\/td>\n<td style=\"width: 88px; text-align: center;\">&#8211;<\/td>\n<\/tr>\n<tr>\n<td style=\"width: 242px;\"><strong>PROJECTE DE RECERCA<\/strong><\/td>\n<td style=\"width: 83px; text-align: center;\">&#8211;<\/td>\n<td style=\"width: 78px; text-align: center;\">&#8211;<\/td>\n<td style=\"width: 81px; text-align: center;\">&#8211;<\/td>\n<td style=\"width: 88px; text-align: center;\">-1<\/td>\n<\/tr>\n<tr>\n<td style=\"width: 242px;\"><strong>MAT. OPTATIVES<\/strong><\/td>\n<td style=\"width: 83px; text-align: center;\">2<\/td>\n<td style=\"width: 78px; text-align: center;\">2<\/td>\n<td style=\"width: 81px; text-align: center;\">2<\/td>\n<td style=\"width: 88px; text-align: center;\">9<\/td>\n<\/tr>\n<tr>\n<td style=\"width: 242px;\"><strong>TOTAL<\/strong><\/td>\n<td style=\"width: 83px; text-align: center;\"><strong>30<\/strong><\/td>\n<td style=\"width: 78px; text-align: center;\"><strong>30<\/strong><\/td>\n<td style=\"width: 81px; text-align: center;\"><strong>30<\/strong><\/td>\n<td style=\"width: 88px; text-align: center;\"><strong>30<\/strong><\/td>\n<\/tr>\n<\/tbody>\n<\/table>\n<p><strong>1r ESO<br \/>\n<\/strong>A 1r ESO les\u00a0<strong>mat\u00e8ries optatives<\/strong> s\u00f3n &#8220;Som periodistes&#8221;, teatre, rob\u00f2tica i, tamb\u00e9 tenen l\u2019opci\u00f3 d\u2019escollir una segona llengua estrangera\u00a0 entre\u00a0<strong>Franc\u00e8s<\/strong>\u00a0i\u00a0<strong>Alemany\u00a0<\/strong>(optativa anual).<\/p>\n<p><strong>RELIGI\u00d3 O ACTIVITATS C\u00cdVIQUES I CULTURALS<\/strong><\/p>\n<p>Des de 1r d\u2019ESO els alumnes, conjuntament amb les fam\u00edlies, trien si volen cursar\u00a0<strong>Religi\u00f3<\/strong> o <strong>Activitats c\u00edviques i culturals<\/strong>. Aquesta tria \u00e9s per a tota l\u2019etapa d\u2019ESO. Si algun alumne\/a vol renunciar-hi cal que ho sol\u00b7liciti a Direcci\u00f3 per escrit.<\/p>\n<p>La mat\u00e8ria d&#8217;<strong>Activitats c\u00edviques i culturals <\/strong>pretenen <span style=\"font-weight: 400;\">preparar l\u2019alumnat per conviure en una societat diversa i per a la participaci\u00f3 en un m\u00f3n just i democr\u00e0tic. Paral\u00b7lelament, desenvolupant estrat\u00e8gies d\u2019empatia, escolta activa\u00a0 i assertivitat per millorar la participaci\u00f3 c\u00edvica i pac\u00edfica. <\/span><\/p>\n<p><strong>2n ESO<br \/>\n<\/strong>A 2n ESO les\u00a0<strong>mat\u00e8ries optatives<\/strong> s\u00f3n &#8220;Som cient\u00edfics&#8221;, teatre, rob\u00f2tica i, tamb\u00e9 tenen l\u2019opci\u00f3 d\u2019escollir una segona llengua estrangera\u00a0 entre <strong>Franc\u00e8s<\/strong>\u00a0i\u00a0<strong>Alemany\u00a0<\/strong>(optativa anual).<\/p>\n<p><strong>3r ESO<br \/>\n<\/strong>A 3r ESO les <strong>mat\u00e8ries optatives<\/strong> s\u00f3n Cultura Cl\u00e0ssica, rob\u00f2tica i emprenedoria.<\/p>\n<p>Tamb\u00e9 tenen l\u2019opci\u00f3 d\u2019escollir entre <strong>Franc\u00e8s<\/strong> i <strong>Alemany<\/strong> com segona llengua estrangera (optativa anual).<\/p>\n<p><strong>4t ESO<br \/>\n<\/strong>Els alumnes de 4t ESO trien\u00a0<strong>3 mat\u00e8ries espec\u00edfiques\u00a0<\/strong>entre les seg\u00fcents: Franc\u00e8s, Alemany, Filosofia, Biologia i Geologia, Economia B\u00e0sica, F\u00edsica i Qu\u00edmica, Llat\u00ed, Expressi\u00f3 Art\u00edstica i Tecnologia.<\/p>\n<p><strong>PROJECTE DE RECERCA DE 4t ESO<\/strong><br \/>\nL\u2019alumnat de 4t d\u2019ESO realitza cada curs un Projecte de Recerca.<\/p>\n","protected":false},"excerpt":{"rendered":"<p>La distribuci\u00f3 hor\u00e0ria de les mat\u00e8ries de cada curs de l\u2019ESO, al nostre centre, es fa de la seg\u00fcent manera: 1r ESO 2n ESO 3r ESO 4t ESO LLENGUA CASTELLANA 3 3 3 3 LLENGUA CATALANA 3 3 3 3 MATEM\u00c0TIQUES 3 4 4 4 LLENGUA ANGL\u00c8S 3 4 3 4 GEOGRAFIA I HIST\u00d2RIA 3 [&hellip;]<\/p>\n","protected":false},"author":5,"featured_media":0,"parent":909,"menu_order":0,"comment_status":"closed","ping_status":"closed","template":"page-templates\/side-menu.php","meta":{"_bbp_topic_count":0,"_bbp_reply_count":0,"_bbp_total_topic_count":0,"_bbp_total_reply_count":0,"_bbp_voice_count":0,"_bbp_anonymous_reply_count":0,"_bbp_topic_count_hidden":0,"_bbp_reply_count_hidden":0,"_bbp_forum_subforum_count":0,"site-sidebar-layout":"default","site-content-layout":"","ast-site-content-layout":"","site-content-style":"default","site-sidebar-style":"default","ast-global-header-display":"","ast-banner-title-visibility":"","ast-main-header-display":"","ast-hfb-above-header-display":"","ast-hfb-below-header-display":"","ast-hfb-mobile-header-display":"","site-post-title":"","ast-breadcrumbs-content":"","ast-featured-img":"","footer-sml-layout":"","theme-transparent-header-meta":"","adv-header-id-meta":"","stick-header-meta":"","header-above-stick-meta":"","header-main-stick-meta":"","header-below-stick-meta":"","astra-migrate-meta-layouts":"default","ast-page-background-enabled":"default","ast-page-background-meta":{"desktop":{"background-color":"var(--ast-global-color-4)","background-image":"","background-repeat":"repeat","background-position":"center center","background-size":"auto","background-attachment":"scroll","background-type":"","background-media":"","overlay-type":"","overlay-color":"","overlay-opacity":"","overlay-gradient":""},"tablet":{"background-color":"","background-image":"","background-repeat":"repeat","background-position":"center center","background-size":"auto","background-attachment":"scroll","background-type":"","background-media":"","overlay-type":"","overlay-color":"","overlay-opacity":"","overlay-gradient":""},"mobile":{"background-color":"","background-image":"","background-repeat":"repeat","background-position":"center center","background-size":"auto","background-attachment":"scroll","background-type":"","background-media":"","overlay-type":"","overlay-color":"","overlay-opacity":"","overlay-gradient":""}},"ast-content-background-meta":{"desktop":{"background-color":"var(--ast-global-color-5)","background-image":"","background-repeat":"repeat","background-position":"center center","background-size":"auto","background-attachment":"scroll","background-type":"","background-media":"","overlay-type":"","overlay-color":"","overlay-opacity":"","overlay-gradient":""},"tablet":{"background-color":"var(--ast-global-color-5)","background-image":"","background-repeat":"repeat","background-position":"center center","background-size":"auto","background-attachment":"scroll","background-type":"","background-media":"","overlay-type":"","overlay-color":"","overlay-opacity":"","overlay-gradient":""},"mobile":{"background-color":"var(--ast-global-color-5)","background-image":"","background-repeat":"repeat","background-position":"center center","background-size":"auto","background-attachment":"scroll","background-type":"","background-media":"","overlay-type":"","overlay-color":"","overlay-opacity":"","overlay-gradient":""}},"footnotes":""},"class_list":["post-2036","page","type-page","status-publish","hentry"],"post_mailing_queue_ids":[],"_links":{"self":[{"href":"https:\/\/agora.xtec.cat\/ies-palleja\/wp-json\/wp\/v2\/pages\/2036","targetHints":{"allow":["GET"]}}],"collection":[{"href":"https:\/\/agora.xtec.cat\/ies-palleja\/wp-json\/wp\/v2\/pages"}],"about":[{"href":"https:\/\/agora.xtec.cat\/ies-palleja\/wp-json\/wp\/v2\/types\/page"}],"author":[{"embeddable":true,"href":"https:\/\/agora.xtec.cat\/ies-palleja\/wp-json\/wp\/v2\/users\/5"}],"replies":[{"embeddable":true,"href":"https:\/\/agora.xtec.cat\/ies-palleja\/wp-json\/wp\/v2\/comments?post=2036"}],"version-history":[{"count":6,"href":"https:\/\/agora.xtec.cat\/ies-palleja\/wp-json\/wp\/v2\/pages\/2036\/revisions"}],"predecessor-version":[{"id":4872,"href":"https:\/\/agora.xtec.cat\/ies-palleja\/wp-json\/wp\/v2\/pages\/2036\/revisions\/4872"}],"up":[{"embeddable":true,"href":"https:\/\/agora.xtec.cat\/ies-palleja\/wp-json\/wp\/v2\/pages\/909"}],"wp:attachment":[{"href":"https:\/\/agora.xtec.cat\/ies-palleja\/wp-json\/wp\/v2\/media?parent=2036"}],"curies":[{"name":"wp","href":"https:\/\/api.w.org\/{rel}","templated":true}]}}