{"id":1542,"date":"2019-06-19T14:14:36","date_gmt":"2019-06-19T12:14:36","guid":{"rendered":"http:\/\/agora.xtec.cat\/ies-palleja\/?page_id=1542"},"modified":"2024-04-01T09:56:47","modified_gmt":"2024-04-01T07:56:47","slug":"fotos-2018-2019","status":"publish","type":"page","link":"https:\/\/agora.xtec.cat\/ies-palleja\/fotografies-institut\/fotos-2018-2019\/","title":{"rendered":"Fotos 2018-2019"},"content":{"rendered":"<figure id=\"attachment_1588\" aria-describedby=\"caption-attachment-1588\" style=\"width: 275px\" class=\"wp-caption alignleft\"><a href=\"https:\/\/photos.app.goo.gl\/efcXSmaWFNzXoqu76\" target=\"_blank\" rel=\"noopener noreferrer\"><img loading=\"lazy\" decoding=\"async\" class=\"wp-image-1588\" src=\"https:\/\/agora.xtec.cat\/ies-palleja\/wp-content\/uploads\/usu889\/2019\/06\/diapo_fageda2019-300x291.jpg\" alt=\"\" width=\"275\" height=\"267\" srcset=\"https:\/\/agora.xtec.cat\/ies-palleja\/wp-content\/uploads\/usu889\/2019\/06\/diapo_fageda2019-300x291.jpg 300w, https:\/\/agora.xtec.cat\/ies-palleja\/wp-content\/uploads\/usu889\/2019\/06\/diapo_fageda2019.jpg 440w\" sizes=\"auto, (max-width: 275px) 100vw, 275px\" \/><\/a><figcaption id=\"caption-attachment-1588\" class=\"wp-caption-text\">Sortida a la Fageda 3r ESO i 1r Batx<\/figcaption><\/figure>\n<figure id=\"attachment_1592\" aria-describedby=\"caption-attachment-1592\" style=\"width: 275px\" class=\"wp-caption alignleft\"><a href=\"https:\/\/photos.app.goo.gl\/MCwEesYcx2pREgXPA\" target=\"_blank\" rel=\"noopener noreferrer\"><img loading=\"lazy\" decoding=\"async\" class=\"wp-image-1592 size-full\" src=\"https:\/\/agora.xtec.cat\/ies-palleja\/wp-content\/uploads\/usu889\/2019\/06\/diapo_barcino2019.jpg\" alt=\"\" width=\"275\" height=\"267\" \/><\/a><figcaption id=\"caption-attachment-1592\" class=\"wp-caption-text\">Sortida Barcino 1r ESO<\/figcaption><\/figure>\n<figure id=\"attachment_1596\" aria-describedby=\"caption-attachment-1596\" style=\"width: 275px\" class=\"wp-caption alignleft\"><a href=\"https:\/\/photos.app.goo.gl\/cb8GTQtCSNNoZjLR9\" target=\"_blank\" rel=\"noopener noreferrer\"><img loading=\"lazy\" decoding=\"async\" class=\"wp-image-1596 size-full\" src=\"https:\/\/agora.xtec.cat\/ies-palleja\/wp-content\/uploads\/usu889\/2019\/06\/diapo_cor2019.jpg\" alt=\"\" width=\"275\" height=\"267\" \/><\/a><figcaption id=\"caption-attachment-1596\" class=\"wp-caption-text\">Cor Festa Major Santa Eul\u00e0lia<\/figcaption><\/figure>\n<figure id=\"attachment_1486\" aria-describedby=\"caption-attachment-1486\" style=\"width: 275px\" class=\"wp-caption alignleft\"><a href=\"https:\/\/photos.app.goo.gl\/C1BDawREbDRwHeAW7\" target=\"_blank\" rel=\"noopener noreferrer\"><img loading=\"lazy\" decoding=\"async\" class=\"wp-image-1486\" src=\"https:\/\/agora.xtec.cat\/ies-palleja\/wp-content\/uploads\/usu889\/2019\/06\/diapo_pau-300x291.jpg\" alt=\"\" width=\"275\" height=\"267\" srcset=\"https:\/\/agora.xtec.cat\/ies-palleja\/wp-content\/uploads\/usu889\/2019\/06\/diapo_pau-300x291.jpg 300w, https:\/\/agora.xtec.cat\/ies-palleja\/wp-content\/uploads\/usu889\/2019\/06\/diapo_pau.jpg 440w\" sizes=\"auto, (max-width: 275px) 100vw, 275px\" \/><\/a><figcaption id=\"caption-attachment-1486\" class=\"wp-caption-text\">Les PAU 2019<\/figcaption><\/figure>\n<figure id=\"attachment_1547\" aria-describedby=\"caption-attachment-1547\" style=\"width: 275px\" class=\"wp-caption alignleft\"><a href=\"https:\/\/photos.app.goo.gl\/LNhprHnyaXUi3FxW8\" target=\"_blank\" rel=\"noopener noreferrer\"><img loading=\"lazy\" decoding=\"async\" class=\"wp-image-1547\" src=\"https:\/\/agora.xtec.cat\/ies-palleja\/wp-content\/uploads\/usu889\/2019\/06\/colonies2_2019-300x291.jpg\" alt=\"\" width=\"275\" height=\"267\" srcset=\"https:\/\/agora.xtec.cat\/ies-palleja\/wp-content\/uploads\/usu889\/2019\/06\/colonies2_2019-300x291.jpg 300w, https:\/\/agora.xtec.cat\/ies-palleja\/wp-content\/uploads\/usu889\/2019\/06\/colonies2_2019.jpg 440w\" sizes=\"auto, (max-width: 275px) 100vw, 275px\" \/><\/a><figcaption id=\"caption-attachment-1547\" class=\"wp-caption-text\">Cr\u00e8dit S\u00edntesi Col\u00f2nies 2n ESO 2019<\/figcaption><\/figure>\n","protected":false},"excerpt":{"rendered":"","protected":false},"author":5,"featured_media":0,"parent":1241,"menu_order":15,"comment_status":"closed","ping_status":"closed","template":"page-templates\/side-menu.php","meta":{"_bbp_topic_count":0,"_bbp_reply_count":0,"_bbp_total_topic_count":0,"_bbp_total_reply_count":0,"_bbp_voice_count":0,"_bbp_anonymous_reply_count":0,"_bbp_topic_count_hidden":0,"_bbp_reply_count_hidden":0,"_bbp_forum_subforum_count":0,"site-sidebar-layout":"default","site-content-layout":"","ast-site-content-layout":"","site-content-style":"default","site-sidebar-style":"default","ast-global-header-display":"","ast-banner-title-visibility":"","ast-main-header-display":"","ast-hfb-above-header-display":"","ast-hfb-below-header-display":"","ast-hfb-mobile-header-display":"","site-post-title":"","ast-breadcrumbs-content":"","ast-featured-img":"","footer-sml-layout":"","theme-transparent-header-meta":"","adv-header-id-meta":"","stick-header-meta":"","header-above-stick-meta":"","header-main-stick-meta":"","header-below-stick-meta":"","astra-migrate-meta-layouts":"default","ast-page-background-enabled":"default","ast-page-background-meta":{"desktop":{"background-color":"var(--ast-global-color-4)","background-image":"","background-repeat":"repeat","background-position":"center center","background-size":"auto","background-attachment":"scroll","background-type":"","background-media":"","overlay-type":"","overlay-color":"","overlay-opacity":"","overlay-gradient":""},"tablet":{"background-color":"","background-image":"","background-repeat":"repeat","background-position":"center center","background-size":"auto","background-attachment":"scroll","background-type":"","background-media":"","overlay-type":"","overlay-color":"","overlay-opacity":"","overlay-gradient":""},"mobile":{"background-color":"","background-image":"","background-repeat":"repeat","background-position":"center center","background-size":"auto","background-attachment":"scroll","background-type":"","background-media":"","overlay-type":"","overlay-color":"","overlay-opacity":"","overlay-gradient":""}},"ast-content-background-meta":{"desktop":{"background-color":"var(--ast-global-color-5)","background-image":"","background-repeat":"repeat","background-position":"center center","background-size":"auto","background-attachment":"scroll","background-type":"","background-media":"","overlay-type":"","overlay-color":"","overlay-opacity":"","overlay-gradient":""},"tablet":{"background-color":"var(--ast-global-color-5)","background-image":"","background-repeat":"repeat","background-position":"center center","background-size":"auto","background-attachment":"scroll","background-type":"","background-media":"","overlay-type":"","overlay-color":"","overlay-opacity":"","overlay-gradient":""},"mobile":{"background-color":"var(--ast-global-color-5)","background-image":"","background-repeat":"repeat","background-position":"center center","background-size":"auto","background-attachment":"scroll","background-type":"","background-media":"","overlay-type":"","overlay-color":"","overlay-opacity":"","overlay-gradient":""}},"footnotes":""},"class_list":["post-1542","page","type-page","status-publish","hentry"],"post_mailing_queue_ids":[],"_links":{"self":[{"href":"https:\/\/agora.xtec.cat\/ies-palleja\/wp-json\/wp\/v2\/pages\/1542","targetHints":{"allow":["GET"]}}],"collection":[{"href":"https:\/\/agora.xtec.cat\/ies-palleja\/wp-json\/wp\/v2\/pages"}],"about":[{"href":"https:\/\/agora.xtec.cat\/ies-palleja\/wp-json\/wp\/v2\/types\/page"}],"author":[{"embeddable":true,"href":"https:\/\/agora.xtec.cat\/ies-palleja\/wp-json\/wp\/v2\/users\/5"}],"replies":[{"embeddable":true,"href":"https:\/\/agora.xtec.cat\/ies-palleja\/wp-json\/wp\/v2\/comments?post=1542"}],"version-history":[{"count":3,"href":"https:\/\/agora.xtec.cat\/ies-palleja\/wp-json\/wp\/v2\/pages\/1542\/revisions"}],"predecessor-version":[{"id":1832,"href":"https:\/\/agora.xtec.cat\/ies-palleja\/wp-json\/wp\/v2\/pages\/1542\/revisions\/1832"}],"up":[{"embeddable":true,"href":"https:\/\/agora.xtec.cat\/ies-palleja\/wp-json\/wp\/v2\/pages\/1241"}],"wp:attachment":[{"href":"https:\/\/agora.xtec.cat\/ies-palleja\/wp-json\/wp\/v2\/media?parent=1542"}],"curies":[{"name":"wp","href":"https:\/\/api.w.org\/{rel}","templated":true}]}}