{"id":1286,"date":"2019-04-11T10:41:36","date_gmt":"2019-04-11T08:41:36","guid":{"rendered":"http:\/\/agora.xtec.cat\/ies-palleja\/?page_id=1286"},"modified":"2025-11-05T10:36:34","modified_gmt":"2025-11-05T09:36:34","slug":"sortides-i-activitats","status":"publish","type":"page","link":"https:\/\/agora.xtec.cat\/ies-palleja\/linstitut\/projectes-de-centre\/sortides-i-activitats\/","title":{"rendered":"Sortides i activitats"},"content":{"rendered":"\r\n\t<div class=\"slideshow_container slideshow_container_style-light\" style=\"height: 300px; \" data-slideshow-id=\"5000\" data-style-name=\"style-light\" data-style-version=\"2.3.1\" >\r\n\r\n\t\t\t\t\t<div class=\"slideshow_loading_icon\"><\/div>\r\n\t\t\r\n\t\t<div class=\"slideshow_content\" style=\"display: none;\">\r\n\r\n\t\t\t<div class=\"slideshow_view\">\r\n\t\t\t\t<div class=\"slideshow_slide slideshow_slide_image\">\r\n\t\t\t\t\t\t\t\t\t\t\t<img src=\"https:\/\/agora.xtec.cat\/ies-palleja\/wp-content\/uploads\/usu889\/2025\/10\/unnamed-1.jpg\" alt=\"unnamed (1)\" width=\"2048\" height=\"1536\" \/>\r\n\t\t\t\t\t\t\t\t\t\t<div class=\"slideshow_description_box slideshow_transparent\">\r\n\t\t\t\t\t\t<div class=\"slideshow_title\">unnamed (1)<\/div>\t\t\t\t\t\t\t\t\t\t\t<\/div>\r\n\t\t\t\t<\/div>\r\n\r\n\t\t\t\t\t\t<div style=\"clear: both;\"><\/div><\/div><div class=\"slideshow_view\">\r\n\t\t\t\t<div class=\"slideshow_slide slideshow_slide_image\">\r\n\t\t\t\t\t\t\t\t\t\t\t<img src=\"https:\/\/agora.xtec.cat\/ies-palleja\/wp-content\/uploads\/usu889\/2025\/10\/unnamed-2.jpg\" alt=\"unnamed (2)\" width=\"1536\" height=\"2048\" \/>\r\n\t\t\t\t\t\t\t\t\t\t<div class=\"slideshow_description_box slideshow_transparent\">\r\n\t\t\t\t\t\t<div class=\"slideshow_title\">unnamed (2)<\/div>\t\t\t\t\t\t\t\t\t\t\t<\/div>\r\n\t\t\t\t<\/div>\r\n\r\n\t\t\t\t\t\t<div style=\"clear: both;\"><\/div><\/div><div class=\"slideshow_view\">\r\n\t\t\t\t<div class=\"slideshow_slide slideshow_slide_image\">\r\n\t\t\t\t\t\t\t\t\t\t\t<img src=\"https:\/\/agora.xtec.cat\/ies-palleja\/wp-content\/uploads\/usu889\/2025\/10\/IMG_4444-scaled.jpeg\" alt=\"IMG_4444\" width=\"1920\" height=\"2560\" \/>\r\n\t\t\t\t\t\t\t\t\t\t<div class=\"slideshow_description_box slideshow_transparent\">\r\n\t\t\t\t\t\t<div class=\"slideshow_title\">IMG_4444<\/div>\t\t\t\t\t\t\t\t\t\t\t<\/div>\r\n\t\t\t\t<\/div>\r\n\r\n\t\t\t\t\t\t<div style=\"clear: both;\"><\/div><\/div><div class=\"slideshow_view\">\r\n\t\t\t\t<div class=\"slideshow_slide slideshow_slide_image\">\r\n\t\t\t\t\t\t\t\t\t\t\t<img src=\"https:\/\/agora.xtec.cat\/ies-palleja\/wp-content\/uploads\/usu889\/2025\/10\/1.jpg\" alt=\"1\" width=\"2048\" height=\"1536\" \/>\r\n\t\t\t\t\t\t\t\t\t\t<div class=\"slideshow_description_box slideshow_transparent\">\r\n\t\t\t\t\t\t<div class=\"slideshow_title\">1<\/div>\t\t\t\t\t\t\t\t\t\t\t<\/div>\r\n\t\t\t\t<\/div>\r\n\r\n\t\t\t\t\t\t<div style=\"clear: both;\"><\/div><\/div><div class=\"slideshow_view\">\r\n\t\t\t\t<div class=\"slideshow_slide slideshow_slide_image\">\r\n\t\t\t\t\t\t\t\t\t\t\t<img src=\"https:\/\/agora.xtec.cat\/ies-palleja\/wp-content\/uploads\/usu889\/2025\/10\/345C7A5A-BEF8-409D-9F8A-793CC9CB0593.jpeg\" alt=\"345C7A5A-BEF8-409D-9F8A-793CC9CB0593\" width=\"2048\" height=\"1536\" \/>\r\n\t\t\t\t\t\t\t\t\t\t<div class=\"slideshow_description_box slideshow_transparent\">\r\n\t\t\t\t\t\t<div class=\"slideshow_title\">345C7A5A-BEF8-409D-9F8A-793CC9CB0593<\/div>\t\t\t\t\t\t\t\t\t\t\t<\/div>\r\n\t\t\t\t<\/div>\r\n\r\n\t\t\t\t\t\t<div style=\"clear: both;\"><\/div><\/div>\r\n\t\t<\/div>\r\n\r\n\t\t<div class=\"slideshow_controlPanel slideshow_transparent\" style=\"display: none;\"><ul><li class=\"slideshow_togglePlay\" data-play-text=\"Visualitza\" data-pause-text=\"Pausa\"><\/li><\/ul><\/div>\r\n\r\n\t\t<div class=\"slideshow_button slideshow_previous slideshow_transparent\" role=\"button\" data-previous-text=\"Anterior\" style=\"display: none;\"><\/div>\r\n\t\t<div class=\"slideshow_button slideshow_next slideshow_transparent\" role=\"button\" data-next-text=\"Seg\u00fcent\" style=\"display: none;\"><\/div>\r\n\r\n\t\t<div class=\"slideshow_pagination\" style=\"display: none;\" data-go-to-text=\"V\u00e9s a la diapositiva\"><div class=\"slideshow_pagination_center\"><\/div><\/div>\r\n\r\n\t\t<!-- WordPress Slideshow Version 2.3.1 -->\r\n\r\n\t\t\t<\/div>\r\n\r\n\n<p>A l\u2019institut, des dels diferents departaments did\u00e0ctics i des de la tutoria, es planifiquen tota una s\u00e8rie de sortides i activitats.<\/p>\n<p>Com a petit tast de la diversitat de <strong>sortides i activitats <\/strong>que es fan podem nomenar:<\/p>\n<ul>\n<li>Anellament dels ocells<\/li>\n<li>Itinerari geol\u00f2gic per Pallej\u00e0<\/li>\n<li>Xerrada &#8220;Hi ha alg\u00fa all\u00e0 fora?&#8221;<\/li>\n<li>Visita a la depuradora i a la potabilitzadora.<\/li>\n<li>Taller &#8220;Mira, toca i descobreix els amfibis i r\u00e8ptils&#8221;<\/li>\n<li>Taller &#8220;Macroinvertebrats al riu Llobregat&#8221;<\/li>\n<li>Sortida a l&#8217;Hospital de Martorell.<\/li>\n<li>Taller d&#8217;amfibis i fauna aqu\u00e0tica a la font de les Rovires.<\/li>\n<li>Xerrada sobre Astron\u00e0utica i Astronomia.<\/li>\n<li>Visita a la central nuclear de Vandell\u00f2s.<\/li>\n<li>&#8220;Fem Qu\u00edmica a la UB&#8221;.<\/li>\n<li>Xerrada de l&#8217;Amical Mauthausen.<\/li>\n<li>Sortida a Argel\u00e9s<\/li>\n<li>Sortides des de les diferents tutories per fomentar la cohesi\u00f3 de grup.<\/li>\n<li>Esquiada per a l&#8217;alumnat de 1r i 2n d&#8217;ESO<\/li>\n<li>Torneig de Korfball<\/li>\n<li>Torneig 3&#215;3 de b\u00e0squet<\/li>\n<li>La Milla de Pallej\u00e0<\/li>\n<li>Taller &#8220;Esport adaptat&#8221; impartir per la Federaci\u00f3 Catalana de l&#8217;Esport Adaptat.<\/li>\n<li>Visita a l&#8217;empresa Cacaolat \/ Blanxart.<\/li>\n<li>Visita al temple parroquial de Santa Eul\u00e0lia.<\/li>\n<li>Visita a la seu de C\u00e0ritas Diocessana i a la Casa de l&#8217;Esgl\u00e8sia de Sant Feliu de Llobregat.<\/li>\n<li>Visita a les Germanes Servidores de Jes\u00fas del Cottolengo del Pare Alegre.<\/li>\n<li>Visita a la Sagrada Fam\u00edlia.<\/li>\n<li>Visita a la biblioteca de Pallej\u00e0.<\/li>\n<li>Diferents sortides al teatre.<\/li>\n<li>Visites de diferents autors\/es dels llibres de lectura de llengua catalana i castellana.<\/li>\n<li>Visita dinamitzada a Emp\u00faries.<\/li>\n<li>Viatge a Pompeia.<\/li>\n<li>Col\u00f2nies de 1r a 3r d&#8217;ESO.<\/li>\n<li>Viatge de fi de curs a 4t d&#8217;ESO.<\/li>\n<li>Proves Cangur.<\/li>\n<\/ul>\n<p>Finalment, tamb\u00e9 fomentem tota mena de tallers que ens proporciona la Diputaci\u00f3 a trav\u00e9s de l\u2019Ajuntament, els Mossos d\u2019Esquadra i altres entitats del municipi.<\/p>\n<p>&nbsp;<\/p>\n","protected":false},"excerpt":{"rendered":"<p>A l\u2019institut, des dels diferents departaments did\u00e0ctics i des de la tutoria, es planifiquen tota una s\u00e8rie de sortides i activitats. Com a petit tast de la diversitat de sortides i activitats que es fan podem nomenar: Anellament dels ocells Itinerari geol\u00f2gic per Pallej\u00e0 Xerrada &#8220;Hi ha alg\u00fa all\u00e0 fora?&#8221; Visita a la depuradora i [&hellip;]<\/p>\n","protected":false},"author":5,"featured_media":0,"parent":909,"menu_order":0,"comment_status":"closed","ping_status":"closed","template":"","meta":{"_bbp_topic_count":0,"_bbp_reply_count":0,"_bbp_total_topic_count":0,"_bbp_total_reply_count":0,"_bbp_voice_count":0,"_bbp_anonymous_reply_count":0,"_bbp_topic_count_hidden":0,"_bbp_reply_count_hidden":0,"_bbp_forum_subforum_count":0,"site-sidebar-layout":"default","site-content-layout":"","ast-site-content-layout":"default","site-content-style":"default","site-sidebar-style":"default","ast-global-header-display":"","ast-banner-title-visibility":"","ast-main-header-display":"","ast-hfb-above-header-display":"","ast-hfb-below-header-display":"","ast-hfb-mobile-header-display":"","site-post-title":"","ast-breadcrumbs-content":"","ast-featured-img":"","footer-sml-layout":"","theme-transparent-header-meta":"default","adv-header-id-meta":"","stick-header-meta":"","header-above-stick-meta":"","header-main-stick-meta":"","header-below-stick-meta":"","astra-migrate-meta-layouts":"set","ast-page-background-enabled":"default","ast-page-background-meta":{"desktop":{"background-color":"var(--ast-global-color-4)","background-image":"","background-repeat":"repeat","background-position":"center center","background-size":"auto","background-attachment":"scroll","background-type":"","background-media":"","overlay-type":"","overlay-color":"","overlay-opacity":"","overlay-gradient":""},"tablet":{"background-color":"","background-image":"","background-repeat":"repeat","background-position":"center center","background-size":"auto","background-attachment":"scroll","background-type":"","background-media":"","overlay-type":"","overlay-color":"","overlay-opacity":"","overlay-gradient":""},"mobile":{"background-color":"","background-image":"","background-repeat":"repeat","background-position":"center center","background-size":"auto","background-attachment":"scroll","background-type":"","background-media":"","overlay-type":"","overlay-color":"","overlay-opacity":"","overlay-gradient":""}},"ast-content-background-meta":{"desktop":{"background-color":"var(--ast-global-color-5)","background-image":"","background-repeat":"repeat","background-position":"center center","background-size":"auto","background-attachment":"scroll","background-type":"","background-media":"","overlay-type":"","overlay-color":"","overlay-opacity":"","overlay-gradient":""},"tablet":{"background-color":"var(--ast-global-color-5)","background-image":"","background-repeat":"repeat","background-position":"center center","background-size":"auto","background-attachment":"scroll","background-type":"","background-media":"","overlay-type":"","overlay-color":"","overlay-opacity":"","overlay-gradient":""},"mobile":{"background-color":"var(--ast-global-color-5)","background-image":"","background-repeat":"repeat","background-position":"center center","background-size":"auto","background-attachment":"scroll","background-type":"","background-media":"","overlay-type":"","overlay-color":"","overlay-opacity":"","overlay-gradient":""}},"footnotes":""},"class_list":["post-1286","page","type-page","status-publish","hentry"],"post_mailing_queue_ids":[],"_links":{"self":[{"href":"https:\/\/agora.xtec.cat\/ies-palleja\/wp-json\/wp\/v2\/pages\/1286","targetHints":{"allow":["GET"]}}],"collection":[{"href":"https:\/\/agora.xtec.cat\/ies-palleja\/wp-json\/wp\/v2\/pages"}],"about":[{"href":"https:\/\/agora.xtec.cat\/ies-palleja\/wp-json\/wp\/v2\/types\/page"}],"author":[{"embeddable":true,"href":"https:\/\/agora.xtec.cat\/ies-palleja\/wp-json\/wp\/v2\/users\/5"}],"replies":[{"embeddable":true,"href":"https:\/\/agora.xtec.cat\/ies-palleja\/wp-json\/wp\/v2\/comments?post=1286"}],"version-history":[{"count":5,"href":"https:\/\/agora.xtec.cat\/ies-palleja\/wp-json\/wp\/v2\/pages\/1286\/revisions"}],"predecessor-version":[{"id":5001,"href":"https:\/\/agora.xtec.cat\/ies-palleja\/wp-json\/wp\/v2\/pages\/1286\/revisions\/5001"}],"up":[{"embeddable":true,"href":"https:\/\/agora.xtec.cat\/ies-palleja\/wp-json\/wp\/v2\/pages\/909"}],"wp:attachment":[{"href":"https:\/\/agora.xtec.cat\/ies-palleja\/wp-json\/wp\/v2\/media?parent=1286"}],"curies":[{"name":"wp","href":"https:\/\/api.w.org\/{rel}","templated":true}]}}