{"id":1119,"date":"2019-03-21T11:54:44","date_gmt":"2019-03-21T10:54:44","guid":{"rendered":"http:\/\/agora.xtec.cat\/ies-palleja\/?page_id=1119"},"modified":"2020-03-01T09:06:37","modified_gmt":"2020-03-01T08:06:37","slug":"consell-de-delegats","status":"publish","type":"page","link":"https:\/\/agora.xtec.cat\/ies-palleja\/linstitut\/projectes-de-centre\/consell-de-delegats\/","title":{"rendered":"Consell de delegats"},"content":{"rendered":"<p><a href=\"https:\/\/agora.xtec.cat\/ies-palleja\/wp-content\/uploads\/usu889\/2019\/03\/consell_delegats.png\"><img loading=\"lazy\" decoding=\"async\" class=\" wp-image-1121 alignright\" src=\"https:\/\/agora.xtec.cat\/ies-palleja\/wp-content\/uploads\/usu889\/2019\/03\/consell_delegats.png\" alt=\"consell_delegats\" width=\"439\" height=\"255\" \/><\/a>Cada grup classe t\u00e9 un delegat o delegada que actua com a representant del grup. Aquests es reuneixen peri\u00f2dicament en el consell de delegats a on poden exposar les inquietuds de l\u2019alumnat, proposar activitats i participar de forma activa en la seva gesti\u00f3 creant un clima integrador i col\u00b7laboratiu en el funcionament del centre.<br \/>\nEl consell es reuneix de forma peri\u00f2dica convocat d\u2019ofici o de forma extraordin\u00e0ria quan la majoria dels delegats ho sol\u00b7licitin.<br \/>\nEs reunir\u00e0 al menys un cop per trimestre a les hores del pati.<br \/>\nA les reunions del Consell de Delegats hi assistir\u00e0 el coordinador de nivell, qui moderar\u00e0 la reuni\u00f3 i en prendr\u00e0 acta.<\/p>\n<p>Les principals funcions del consell s\u00f3n:<\/p>\n<ul>\n<li>Donar assessorament i suport als i les representants de l\u2019alumnat del Consell Escolar, a qui faran arribar possibles problem\u00e0tiques de cadascun dels cursos i classes que representen.<\/li>\n<li>Elaborar informes per al Consell Escolar, b\u00e9 a iniciativa pr\u00f2pia o b\u00e9 a requeriment d\u2019aquest \u00f2rgan.<\/li>\n<li>Informar de les decisions preses al Consell i de les activitats a tot l \u2018alumnat del centre.<\/li>\n<li>Participar en l\u2019organitzaci\u00f3, difusi\u00f3 i planificaci\u00f3 de les activitats educatives, culturals, l\u00fadiques i esportives no reglades del centre: viatges d\u2019estudis, celebracions..<\/li>\n<li>Proposar millores per l\u2019institut, debatre-les i arribar a un acord (ex: \u00fas de la biblioteca, manteniment i neteja de les aules, manteniment del pati, etc.).<\/li>\n<li>Informar i debatre sobre propostes que arriben de fora el centre.<\/li>\n<\/ul>\n","protected":false},"excerpt":{"rendered":"<p>Cada grup classe t\u00e9 un delegat o delegada que actua com a representant del grup. Aquests es reuneixen peri\u00f2dicament en el consell de delegats a on poden exposar les inquietuds de l\u2019alumnat, proposar activitats i participar de forma activa en la seva gesti\u00f3 creant un clima integrador i col\u00b7laboratiu en el funcionament del centre. El [&hellip;]<\/p>\n","protected":false},"author":5,"featured_media":0,"parent":909,"menu_order":0,"comment_status":"closed","ping_status":"closed","template":"page-templates\/side-menu.php","meta":{"_bbp_topic_count":0,"_bbp_reply_count":0,"_bbp_total_topic_count":0,"_bbp_total_reply_count":0,"_bbp_voice_count":0,"_bbp_anonymous_reply_count":0,"_bbp_topic_count_hidden":0,"_bbp_reply_count_hidden":0,"_bbp_forum_subforum_count":0,"site-sidebar-layout":"default","site-content-layout":"","ast-site-content-layout":"","site-content-style":"default","site-sidebar-style":"default","ast-global-header-display":"","ast-banner-title-visibility":"","ast-main-header-display":"","ast-hfb-above-header-display":"","ast-hfb-below-header-display":"","ast-hfb-mobile-header-display":"","site-post-title":"","ast-breadcrumbs-content":"","ast-featured-img":"","footer-sml-layout":"","theme-transparent-header-meta":"","adv-header-id-meta":"","stick-header-meta":"","header-above-stick-meta":"","header-main-stick-meta":"","header-below-stick-meta":"","astra-migrate-meta-layouts":"default","ast-page-background-enabled":"default","ast-page-background-meta":{"desktop":{"background-color":"var(--ast-global-color-4)","background-image":"","background-repeat":"repeat","background-position":"center center","background-size":"auto","background-attachment":"scroll","background-type":"","background-media":"","overlay-type":"","overlay-color":"","overlay-opacity":"","overlay-gradient":""},"tablet":{"background-color":"","background-image":"","background-repeat":"repeat","background-position":"center center","background-size":"auto","background-attachment":"scroll","background-type":"","background-media":"","overlay-type":"","overlay-color":"","overlay-opacity":"","overlay-gradient":""},"mobile":{"background-color":"","background-image":"","background-repeat":"repeat","background-position":"center center","background-size":"auto","background-attachment":"scroll","background-type":"","background-media":"","overlay-type":"","overlay-color":"","overlay-opacity":"","overlay-gradient":""}},"ast-content-background-meta":{"desktop":{"background-color":"var(--ast-global-color-5)","background-image":"","background-repeat":"repeat","background-position":"center center","background-size":"auto","background-attachment":"scroll","background-type":"","background-media":"","overlay-type":"","overlay-color":"","overlay-opacity":"","overlay-gradient":""},"tablet":{"background-color":"var(--ast-global-color-5)","background-image":"","background-repeat":"repeat","background-position":"center center","background-size":"auto","background-attachment":"scroll","background-type":"","background-media":"","overlay-type":"","overlay-color":"","overlay-opacity":"","overlay-gradient":""},"mobile":{"background-color":"var(--ast-global-color-5)","background-image":"","background-repeat":"repeat","background-position":"center center","background-size":"auto","background-attachment":"scroll","background-type":"","background-media":"","overlay-type":"","overlay-color":"","overlay-opacity":"","overlay-gradient":""}},"footnotes":""},"class_list":["post-1119","page","type-page","status-publish","hentry"],"post_mailing_queue_ids":[],"_links":{"self":[{"href":"https:\/\/agora.xtec.cat\/ies-palleja\/wp-json\/wp\/v2\/pages\/1119","targetHints":{"allow":["GET"]}}],"collection":[{"href":"https:\/\/agora.xtec.cat\/ies-palleja\/wp-json\/wp\/v2\/pages"}],"about":[{"href":"https:\/\/agora.xtec.cat\/ies-palleja\/wp-json\/wp\/v2\/types\/page"}],"author":[{"embeddable":true,"href":"https:\/\/agora.xtec.cat\/ies-palleja\/wp-json\/wp\/v2\/users\/5"}],"replies":[{"embeddable":true,"href":"https:\/\/agora.xtec.cat\/ies-palleja\/wp-json\/wp\/v2\/comments?post=1119"}],"version-history":[{"count":2,"href":"https:\/\/agora.xtec.cat\/ies-palleja\/wp-json\/wp\/v2\/pages\/1119\/revisions"}],"predecessor-version":[{"id":1122,"href":"https:\/\/agora.xtec.cat\/ies-palleja\/wp-json\/wp\/v2\/pages\/1119\/revisions\/1122"}],"up":[{"embeddable":true,"href":"https:\/\/agora.xtec.cat\/ies-palleja\/wp-json\/wp\/v2\/pages\/909"}],"wp:attachment":[{"href":"https:\/\/agora.xtec.cat\/ies-palleja\/wp-json\/wp\/v2\/media?parent=1119"}],"curies":[{"name":"wp","href":"https:\/\/api.w.org\/{rel}","templated":true}]}}