{"id":1111,"date":"2019-03-21T11:47:39","date_gmt":"2019-03-21T10:47:39","guid":{"rendered":"http:\/\/agora.xtec.cat\/ies-palleja\/?page_id=1111"},"modified":"2025-09-16T12:08:08","modified_gmt":"2025-09-16T10:08:08","slug":"tothom-hi-te-un-lloc","status":"publish","type":"page","link":"https:\/\/agora.xtec.cat\/ies-palleja\/linstitut\/projectes-de-centre\/tothom-hi-te-un-lloc\/","title":{"rendered":"A l&#8217;institut tothom hi t\u00e9 un lloc"},"content":{"rendered":"<p>En l\u2019\u00e0mbit de l\u2019atenci\u00f3 als nostres alumnes, fomentem la realitzaci\u00f3 de projectes que donin resposta a les variades necessitats que es plantegen. Aix\u00ed doncs, les nostres actuacions s\u00f3n:<\/p>\n<h3>Diversificacions curriculars<\/h3>\n<p>El projecte <strong>Fes-te un lloc<\/strong> que portem a la pr\u00e0ctica gr\u00e0cies a un conveni entre la Generalitat i l&#8217;Ajuntament consisteix en\u00a0 que el nostre alumnat de 3r i 4t pugui fer una estada en una empresa o entitat externa (dos dies per setmana). La finalitat d\u2019aquesta estada \u00e9s que l\u2019alumne tingui una experi\u00e8ncia i unes possibilitats d\u2019aprenentatge complement\u00e0ries a les activitats que ofereix l\u2019institut.<\/p>\n<p><strong>SIEI (Suport Intensiu Escolaritzaci\u00f3 Inclusiva)<br \/>\n<\/strong>Els suports intensius per a l\u2019escolaritzaci\u00f3 inclusiva (SIEI) s\u00f3n recursos intensius per atendre els alumnes amb necessitats educatives especials que ho necessitin.<\/p>\n<p>El SIEI \u00e9s un recurs per al centre que s\u2019adre\u00e7a a alumnes amb necessitats derivades de limitacions molt significatives, tant en el funcionament intel\u00b7lectual com en la conducta adaptativa, els quals requereixen al llarg de tota l\u2019escolaritat mesures i suports intensius per poder relacionar-se, participar i aprendre.<\/p>\n","protected":false},"excerpt":{"rendered":"<p>En l\u2019\u00e0mbit de l\u2019atenci\u00f3 als nostres alumnes, fomentem la realitzaci\u00f3 de projectes que donin resposta a les variades necessitats que es plantegen. Aix\u00ed doncs, les nostres actuacions s\u00f3n: Diversificacions curriculars El projecte Fes-te un lloc que portem a la pr\u00e0ctica gr\u00e0cies a un conveni entre la Generalitat i l&#8217;Ajuntament consisteix en\u00a0 que el nostre alumnat [&hellip;]<\/p>\n","protected":false},"author":5,"featured_media":0,"parent":909,"menu_order":0,"comment_status":"closed","ping_status":"closed","template":"page-templates\/side-menu.php","meta":{"_bbp_topic_count":0,"_bbp_reply_count":0,"_bbp_total_topic_count":0,"_bbp_total_reply_count":0,"_bbp_voice_count":0,"_bbp_anonymous_reply_count":0,"_bbp_topic_count_hidden":0,"_bbp_reply_count_hidden":0,"_bbp_forum_subforum_count":0,"site-sidebar-layout":"default","site-content-layout":"","ast-site-content-layout":"","site-content-style":"default","site-sidebar-style":"default","ast-global-header-display":"","ast-banner-title-visibility":"","ast-main-header-display":"","ast-hfb-above-header-display":"","ast-hfb-below-header-display":"","ast-hfb-mobile-header-display":"","site-post-title":"","ast-breadcrumbs-content":"","ast-featured-img":"","footer-sml-layout":"","theme-transparent-header-meta":"","adv-header-id-meta":"","stick-header-meta":"","header-above-stick-meta":"","header-main-stick-meta":"","header-below-stick-meta":"","astra-migrate-meta-layouts":"default","ast-page-background-enabled":"default","ast-page-background-meta":{"desktop":{"background-color":"var(--ast-global-color-4)","background-image":"","background-repeat":"repeat","background-position":"center center","background-size":"auto","background-attachment":"scroll","background-type":"","background-media":"","overlay-type":"","overlay-color":"","overlay-opacity":"","overlay-gradient":""},"tablet":{"background-color":"","background-image":"","background-repeat":"repeat","background-position":"center center","background-size":"auto","background-attachment":"scroll","background-type":"","background-media":"","overlay-type":"","overlay-color":"","overlay-opacity":"","overlay-gradient":""},"mobile":{"background-color":"","background-image":"","background-repeat":"repeat","background-position":"center center","background-size":"auto","background-attachment":"scroll","background-type":"","background-media":"","overlay-type":"","overlay-color":"","overlay-opacity":"","overlay-gradient":""}},"ast-content-background-meta":{"desktop":{"background-color":"var(--ast-global-color-5)","background-image":"","background-repeat":"repeat","background-position":"center center","background-size":"auto","background-attachment":"scroll","background-type":"","background-media":"","overlay-type":"","overlay-color":"","overlay-opacity":"","overlay-gradient":""},"tablet":{"background-color":"var(--ast-global-color-5)","background-image":"","background-repeat":"repeat","background-position":"center center","background-size":"auto","background-attachment":"scroll","background-type":"","background-media":"","overlay-type":"","overlay-color":"","overlay-opacity":"","overlay-gradient":""},"mobile":{"background-color":"var(--ast-global-color-5)","background-image":"","background-repeat":"repeat","background-position":"center center","background-size":"auto","background-attachment":"scroll","background-type":"","background-media":"","overlay-type":"","overlay-color":"","overlay-opacity":"","overlay-gradient":""}},"footnotes":""},"class_list":["post-1111","page","type-page","status-publish","hentry"],"post_mailing_queue_ids":[],"_links":{"self":[{"href":"https:\/\/agora.xtec.cat\/ies-palleja\/wp-json\/wp\/v2\/pages\/1111","targetHints":{"allow":["GET"]}}],"collection":[{"href":"https:\/\/agora.xtec.cat\/ies-palleja\/wp-json\/wp\/v2\/pages"}],"about":[{"href":"https:\/\/agora.xtec.cat\/ies-palleja\/wp-json\/wp\/v2\/types\/page"}],"author":[{"embeddable":true,"href":"https:\/\/agora.xtec.cat\/ies-palleja\/wp-json\/wp\/v2\/users\/5"}],"replies":[{"embeddable":true,"href":"https:\/\/agora.xtec.cat\/ies-palleja\/wp-json\/wp\/v2\/comments?post=1111"}],"version-history":[{"count":4,"href":"https:\/\/agora.xtec.cat\/ies-palleja\/wp-json\/wp\/v2\/pages\/1111\/revisions"}],"predecessor-version":[{"id":4852,"href":"https:\/\/agora.xtec.cat\/ies-palleja\/wp-json\/wp\/v2\/pages\/1111\/revisions\/4852"}],"up":[{"embeddable":true,"href":"https:\/\/agora.xtec.cat\/ies-palleja\/wp-json\/wp\/v2\/pages\/909"}],"wp:attachment":[{"href":"https:\/\/agora.xtec.cat\/ies-palleja\/wp-json\/wp\/v2\/media?parent=1111"}],"curies":[{"name":"wp","href":"https:\/\/api.w.org\/{rel}","templated":true}]}}