{"id":1100,"date":"2019-03-21T10:57:29","date_gmt":"2019-03-21T09:57:29","guid":{"rendered":"http:\/\/agora.xtec.cat\/ies-palleja\/?page_id=1100"},"modified":"2019-03-21T10:57:29","modified_gmt":"2019-03-21T09:57:29","slug":"programa-salut-i-escola","status":"publish","type":"page","link":"https:\/\/agora.xtec.cat\/ies-palleja\/linstitut\/projectes-de-centre\/programa-salut-i-escola\/","title":{"rendered":"Programa salut i escola"},"content":{"rendered":"<p><a href=\"https:\/\/agora.xtec.cat\/ies-palleja\/wp-content\/uploads\/usu889\/2019\/03\/salut_escola.png\"><img loading=\"lazy\" decoding=\"async\" class=\" wp-image-1107 alignright\" src=\"https:\/\/agora.xtec.cat\/ies-palleja\/wp-content\/uploads\/usu889\/2019\/03\/salut_escola.png\" alt=\"salut_escola\" width=\"268\" height=\"266\" srcset=\"https:\/\/agora.xtec.cat\/ies-palleja\/wp-content\/uploads\/usu889\/2019\/03\/salut_escola.png 391w, https:\/\/agora.xtec.cat\/ies-palleja\/wp-content\/uploads\/usu889\/2019\/03\/salut_escola-150x150.png 150w, https:\/\/agora.xtec.cat\/ies-palleja\/wp-content\/uploads\/usu889\/2019\/03\/salut_escola-300x298.png 300w\" sizes=\"auto, (max-width: 268px) 100vw, 268px\" \/><\/a>El programa Salut i Escola (PSiE) impulsat pel Departament d&#8217;Ensenyament i pel Departament de Salut, t\u00e9 la finalitat de millorar la salut dels adolescents mitjan\u00e7ant accions que promocionen h\u00e0bits saludables, prevenen situacions de risc, i ajuden a detectar preco\u00e7ment problemes relacionats amb la salut.<\/p>\n<p>El programa \u201cPSiE\u201d busca afavorir l\u2019accessibilitat dels adolescents a l\u2019atenci\u00f3 sanit\u00e0ria amb garanties de privacitat, confidencialitat i proximitat, a trav\u00e9s de la Consulta Oberta (professional d\u2019infermeria del CAP de Pallej\u00e0 que es despla\u00e7a a l\u2019institut un cop a la setmana).<\/p>\n<p><strong>Objectius<\/strong><\/p>\n<ul>\n<li>Apropar els serveis de salut als centres docents i als adolescents, mitjan\u00e7ant la consulta oberta als centres d&#8217;educaci\u00f3 secund\u00e0ria amb les m\u00e0ximes garanties d&#8217;intimitat.<\/li>\n<li>Facilitar la promoci\u00f3 d&#8217;actituds i h\u00e0bits saludables (factors protectors) amb actuacions d&#8217;educaci\u00f3 per a la salut.<\/li>\n<li>Reduir els comportaments que poden afectar negativament la salut (factors de risc).<\/li>\n<li>Detecci\u00f3 preco\u00e7 dels problemes de salut a fi d&#8217;intervenir al m\u00e9s aviat possible.<span style=\"font-family: inherit; font-size: 1em;\">\u00a0<\/span><\/li>\n<\/ul>\n<p>Els eixos fonamentals d&#8217;actuaci\u00f3 del PSiE s\u00f3n:<\/p>\n<ul>\n<li>La salut mental<\/li>\n<li>La salut afectiva i sexual<\/li>\n<li>Viol\u00e8ncia i maltractaments segons g\u00e8nere<\/li>\n<li>H\u00e0bits de salut ( consum de tabac i altres drogues, altres addiccions, exercici f\u00edsic, dieta, etc&#8230;)<\/li>\n<li>Trastorns de la conducta aliment\u00e0ria<\/li>\n<\/ul>\n","protected":false},"excerpt":{"rendered":"<p>El programa Salut i Escola (PSiE) impulsat pel Departament d&#8217;Ensenyament i pel Departament de Salut, t\u00e9 la finalitat de millorar la salut dels adolescents mitjan\u00e7ant accions que promocionen h\u00e0bits saludables, prevenen situacions de risc, i ajuden a detectar preco\u00e7ment problemes relacionats amb la salut. El programa \u201cPSiE\u201d busca afavorir l\u2019accessibilitat dels adolescents a l\u2019atenci\u00f3 sanit\u00e0ria [&hellip;]<\/p>\n","protected":false},"author":5,"featured_media":0,"parent":909,"menu_order":0,"comment_status":"closed","ping_status":"closed","template":"page-templates\/side-menu.php","meta":{"_bbp_topic_count":0,"_bbp_reply_count":0,"_bbp_total_topic_count":0,"_bbp_total_reply_count":0,"_bbp_voice_count":0,"_bbp_anonymous_reply_count":0,"_bbp_topic_count_hidden":0,"_bbp_reply_count_hidden":0,"_bbp_forum_subforum_count":0,"site-sidebar-layout":"default","site-content-layout":"","ast-site-content-layout":"","site-content-style":"default","site-sidebar-style":"default","ast-global-header-display":"","ast-banner-title-visibility":"","ast-main-header-display":"","ast-hfb-above-header-display":"","ast-hfb-below-header-display":"","ast-hfb-mobile-header-display":"","site-post-title":"","ast-breadcrumbs-content":"","ast-featured-img":"","footer-sml-layout":"","theme-transparent-header-meta":"","adv-header-id-meta":"","stick-header-meta":"","header-above-stick-meta":"","header-main-stick-meta":"","header-below-stick-meta":"","astra-migrate-meta-layouts":"default","ast-page-background-enabled":"default","ast-page-background-meta":{"desktop":{"background-color":"var(--ast-global-color-4)","background-image":"","background-repeat":"repeat","background-position":"center center","background-size":"auto","background-attachment":"scroll","background-type":"","background-media":"","overlay-type":"","overlay-color":"","overlay-opacity":"","overlay-gradient":""},"tablet":{"background-color":"","background-image":"","background-repeat":"repeat","background-position":"center center","background-size":"auto","background-attachment":"scroll","background-type":"","background-media":"","overlay-type":"","overlay-color":"","overlay-opacity":"","overlay-gradient":""},"mobile":{"background-color":"","background-image":"","background-repeat":"repeat","background-position":"center center","background-size":"auto","background-attachment":"scroll","background-type":"","background-media":"","overlay-type":"","overlay-color":"","overlay-opacity":"","overlay-gradient":""}},"ast-content-background-meta":{"desktop":{"background-color":"var(--ast-global-color-5)","background-image":"","background-repeat":"repeat","background-position":"center center","background-size":"auto","background-attachment":"scroll","background-type":"","background-media":"","overlay-type":"","overlay-color":"","overlay-opacity":"","overlay-gradient":""},"tablet":{"background-color":"var(--ast-global-color-5)","background-image":"","background-repeat":"repeat","background-position":"center center","background-size":"auto","background-attachment":"scroll","background-type":"","background-media":"","overlay-type":"","overlay-color":"","overlay-opacity":"","overlay-gradient":""},"mobile":{"background-color":"var(--ast-global-color-5)","background-image":"","background-repeat":"repeat","background-position":"center center","background-size":"auto","background-attachment":"scroll","background-type":"","background-media":"","overlay-type":"","overlay-color":"","overlay-opacity":"","overlay-gradient":""}},"footnotes":""},"class_list":["post-1100","page","type-page","status-publish","hentry"],"post_mailing_queue_ids":[],"_links":{"self":[{"href":"https:\/\/agora.xtec.cat\/ies-palleja\/wp-json\/wp\/v2\/pages\/1100","targetHints":{"allow":["GET"]}}],"collection":[{"href":"https:\/\/agora.xtec.cat\/ies-palleja\/wp-json\/wp\/v2\/pages"}],"about":[{"href":"https:\/\/agora.xtec.cat\/ies-palleja\/wp-json\/wp\/v2\/types\/page"}],"author":[{"embeddable":true,"href":"https:\/\/agora.xtec.cat\/ies-palleja\/wp-json\/wp\/v2\/users\/5"}],"replies":[{"embeddable":true,"href":"https:\/\/agora.xtec.cat\/ies-palleja\/wp-json\/wp\/v2\/comments?post=1100"}],"version-history":[{"count":3,"href":"https:\/\/agora.xtec.cat\/ies-palleja\/wp-json\/wp\/v2\/pages\/1100\/revisions"}],"predecessor-version":[{"id":1108,"href":"https:\/\/agora.xtec.cat\/ies-palleja\/wp-json\/wp\/v2\/pages\/1100\/revisions\/1108"}],"up":[{"embeddable":true,"href":"https:\/\/agora.xtec.cat\/ies-palleja\/wp-json\/wp\/v2\/pages\/909"}],"wp:attachment":[{"href":"https:\/\/agora.xtec.cat\/ies-palleja\/wp-json\/wp\/v2\/media?parent=1100"}],"curies":[{"name":"wp","href":"https:\/\/api.w.org\/{rel}","templated":true}]}}