{"id":883,"date":"2020-06-07T23:27:23","date_gmt":"2020-06-07T21:27:23","guid":{"rendered":"https:\/\/agora.xtec.cat\/ies-olivar-gran\/?page_id=883"},"modified":"2020-06-26T01:15:22","modified_gmt":"2020-06-25T23:15:22","slug":"presentacio","status":"publish","type":"page","link":"https:\/\/agora.xtec.cat\/ies-olivar-gran\/coordinacio-i-departaments\/departament-de-ciencies-socials\/presentacio\/","title":{"rendered":"Presentaci\u00f3"},"content":{"rendered":"<p><img loading=\"lazy\" decoding=\"async\" class=\"aligncenter size-large wp-image-884\" src=\"https:\/\/agora.xtec.cat\/ies-olivar-gran\/wp-content\/uploads\/usu2116\/2020\/06\/PResentaci\u00f3-foto-portada--1024x394.jpg\" alt=\"\" width=\"1024\" height=\"394\" srcset=\"https:\/\/agora.xtec.cat\/ies-olivar-gran\/wp-content\/uploads\/usu2116\/2020\/06\/PResentaci\u00f3-foto-portada--1024x394.jpg 1024w, https:\/\/agora.xtec.cat\/ies-olivar-gran\/wp-content\/uploads\/usu2116\/2020\/06\/PResentaci\u00f3-foto-portada--300x115.jpg 300w, https:\/\/agora.xtec.cat\/ies-olivar-gran\/wp-content\/uploads\/usu2116\/2020\/06\/PResentaci\u00f3-foto-portada--768x295.jpg 768w, https:\/\/agora.xtec.cat\/ies-olivar-gran\/wp-content\/uploads\/usu2116\/2020\/06\/PResentaci\u00f3-foto-portada-.jpg 1180w\" sizes=\"auto, (max-width: 1024px) 100vw, 1024px\" \/><\/p>\n<p style=\"text-align: justify;\"><strong><span style=\"color: #000000;\">Benvinguts\/des al Departament de Ci\u00e8ncies Socials. En aquesta p\u00e0gina podr\u00e0s trobar tota la informaci\u00f3 relacionada amb el nostre departament. <\/span><\/strong><\/p>\n<p style=\"text-align: justify;\"><strong><span style=\"color: #000000;\">Abans de res, intentarem definir una q\u00fcesti\u00f3 cabdal, qu\u00e8 s\u00f3n les ci\u00e8ncies socials?<\/span><\/strong><\/p>\n<p style=\"text-align: justify;\"><strong><span style=\"color: #000000;\">Comprendre als humans no \u00e9s una tasca gens f\u00e0cil. Som \u00e9ssers complexos que interactuen entre ells creant nous fen\u00f2mens. Per tal d\u2019estudiar i entendre el comportament, van n\u00e9ixer les Ci\u00e8ncies Socials. <\/span><\/strong><\/p>\n<p style=\"text-align: justify;\"><strong><span style=\"color: #000000;\">Precisament, per aquesta complexitat, \u00e9s de gran import\u00e0ncia que les societats i els actors que les conformen siguin un objecte d\u2019estudi cient\u00edfic. Analitzar des de diferents enfocaments les causes i els efectes dels fen\u00f2mens socials ens ajuda a comprendre d\u2019una manera m\u00e9s complerta la realitat que ens envolta.<\/span><\/strong><\/p>\n","protected":false},"excerpt":{"rendered":"<p>Benvinguts\/des al Departament de Ci\u00e8ncies Socials. En aquesta p\u00e0gina podr\u00e0s trobar tota la informaci\u00f3 relacionada amb el nostre departament. Abans de res, intentarem definir una q\u00fcesti\u00f3 cabdal, qu\u00e8 s\u00f3n les ci\u00e8ncies socials? Comprendre als humans no \u00e9s una tasca gens f\u00e0cil. Som \u00e9ssers complexos que interactuen entre ells creant nous fen\u00f2mens. Per tal d\u2019estudiar i [&hellip;]<\/p>\n","protected":false},"author":1,"featured_media":0,"parent":858,"menu_order":2,"comment_status":"closed","ping_status":"closed","template":"page-templates\/side-menu.php","meta":{"_bbp_topic_count":0,"_bbp_reply_count":0,"_bbp_total_topic_count":0,"_bbp_total_reply_count":0,"_bbp_voice_count":0,"_bbp_anonymous_reply_count":0,"_bbp_topic_count_hidden":0,"_bbp_reply_count_hidden":0,"_bbp_forum_subforum_count":0,"site-sidebar-layout":"default","site-content-layout":"","ast-site-content-layout":"","site-content-style":"default","site-sidebar-style":"default","ast-global-header-display":"","ast-banner-title-visibility":"","ast-main-header-display":"","ast-hfb-above-header-display":"","ast-hfb-below-header-display":"","ast-hfb-mobile-header-display":"","site-post-title":"","ast-breadcrumbs-content":"","ast-featured-img":"","footer-sml-layout":"","theme-transparent-header-meta":"","adv-header-id-meta":"","stick-header-meta":"","header-above-stick-meta":"","header-main-stick-meta":"","header-below-stick-meta":"","astra-migrate-meta-layouts":"default","ast-page-background-enabled":"default","ast-page-background-meta":{"desktop":{"background-color":"var(--ast-global-color-4)","background-image":"","background-repeat":"repeat","background-position":"center center","background-size":"auto","background-attachment":"scroll","background-type":"","background-media":"","overlay-type":"","overlay-color":"","overlay-opacity":"","overlay-gradient":""},"tablet":{"background-color":"","background-image":"","background-repeat":"repeat","background-position":"center center","background-size":"auto","background-attachment":"scroll","background-type":"","background-media":"","overlay-type":"","overlay-color":"","overlay-opacity":"","overlay-gradient":""},"mobile":{"background-color":"","background-image":"","background-repeat":"repeat","background-position":"center center","background-size":"auto","background-attachment":"scroll","background-type":"","background-media":"","overlay-type":"","overlay-color":"","overlay-opacity":"","overlay-gradient":""}},"ast-content-background-meta":{"desktop":{"background-color":"var(--ast-global-color-5)","background-image":"","background-repeat":"repeat","background-position":"center center","background-size":"auto","background-attachment":"scroll","background-type":"","background-media":"","overlay-type":"","overlay-color":"","overlay-opacity":"","overlay-gradient":""},"tablet":{"background-color":"var(--ast-global-color-5)","background-image":"","background-repeat":"repeat","background-position":"center center","background-size":"auto","background-attachment":"scroll","background-type":"","background-media":"","overlay-type":"","overlay-color":"","overlay-opacity":"","overlay-gradient":""},"mobile":{"background-color":"var(--ast-global-color-5)","background-image":"","background-repeat":"repeat","background-position":"center center","background-size":"auto","background-attachment":"scroll","background-type":"","background-media":"","overlay-type":"","overlay-color":"","overlay-opacity":"","overlay-gradient":""}},"footnotes":""},"class_list":["post-883","page","type-page","status-publish","hentry"],"post_mailing_queue_ids":[],"_links":{"self":[{"href":"https:\/\/agora.xtec.cat\/ies-olivar-gran\/wp-json\/wp\/v2\/pages\/883","targetHints":{"allow":["GET"]}}],"collection":[{"href":"https:\/\/agora.xtec.cat\/ies-olivar-gran\/wp-json\/wp\/v2\/pages"}],"about":[{"href":"https:\/\/agora.xtec.cat\/ies-olivar-gran\/wp-json\/wp\/v2\/types\/page"}],"author":[{"embeddable":true,"href":"https:\/\/agora.xtec.cat\/ies-olivar-gran\/wp-json\/wp\/v2\/users\/1"}],"replies":[{"embeddable":true,"href":"https:\/\/agora.xtec.cat\/ies-olivar-gran\/wp-json\/wp\/v2\/comments?post=883"}],"version-history":[{"count":3,"href":"https:\/\/agora.xtec.cat\/ies-olivar-gran\/wp-json\/wp\/v2\/pages\/883\/revisions"}],"predecessor-version":[{"id":2421,"href":"https:\/\/agora.xtec.cat\/ies-olivar-gran\/wp-json\/wp\/v2\/pages\/883\/revisions\/2421"}],"up":[{"embeddable":true,"href":"https:\/\/agora.xtec.cat\/ies-olivar-gran\/wp-json\/wp\/v2\/pages\/858"}],"wp:attachment":[{"href":"https:\/\/agora.xtec.cat\/ies-olivar-gran\/wp-json\/wp\/v2\/media?parent=883"}],"curies":[{"name":"wp","href":"https:\/\/api.w.org\/{rel}","templated":true}]}}