{"id":8807,"date":"2022-09-29T19:43:13","date_gmt":"2022-09-29T17:43:13","guid":{"rendered":"https:\/\/agora.xtec.cat\/ies-olivar-gran\/?page_id=8807"},"modified":"2022-09-29T19:47:12","modified_gmt":"2022-09-29T17:47:12","slug":"els-museus-de-figueres","status":"publish","type":"page","link":"https:\/\/agora.xtec.cat\/ies-olivar-gran\/els-museus-de-figueres\/","title":{"rendered":"Els museus de Figueres"},"content":{"rendered":"<table style=\"width: 100%; border-collapse: collapse; border-style: double; border-color: #000;\">\n<tbody>\n<tr>\n<td style=\"width: 50%; border-style: double; border-color: #000000;\"><span style=\"font-size: 8pt;\"><img loading=\"lazy\" decoding=\"async\" class=\"aligncenter size-medium wp-image-8808\" src=\"https:\/\/agora.xtec.cat\/ies-olivar-gran\/wp-content\/uploads\/usu2116\/2022\/09\/Museu-Dali-300x169.png\" alt=\"\" width=\"300\" height=\"169\" srcset=\"https:\/\/agora.xtec.cat\/ies-olivar-gran\/wp-content\/uploads\/usu2116\/2022\/09\/Museu-Dali-300x169.png 300w, https:\/\/agora.xtec.cat\/ies-olivar-gran\/wp-content\/uploads\/usu2116\/2022\/09\/Museu-Dali.png 534w\" sizes=\"auto, (max-width: 300px) 100vw, 300px\" \/><\/span><\/p>\n<p style=\"text-align: center;\"><span style=\"font-size: 8pt;\"><a href=\"https:\/\/www.salvador-dali.org\/ca\/museus\/teatre-museu-dali-de-figueres\/\" target=\"_blank\" rel=\"noopener\"><strong>1. TEATRE MUSEU DAL\u00cd<\/strong><\/a><\/span><\/p>\n<\/td>\n<td style=\"width: 50%; border-style: double; border-color: #000000;\"><span style=\"font-size: 8pt;\"><img loading=\"lazy\" decoding=\"async\" class=\"aligncenter size-medium wp-image-8809\" src=\"https:\/\/agora.xtec.cat\/ies-olivar-gran\/wp-content\/uploads\/usu2116\/2022\/09\/Museu-emporda-300x169.png\" alt=\"\" width=\"300\" height=\"169\" srcset=\"https:\/\/agora.xtec.cat\/ies-olivar-gran\/wp-content\/uploads\/usu2116\/2022\/09\/Museu-emporda-300x169.png 300w, https:\/\/agora.xtec.cat\/ies-olivar-gran\/wp-content\/uploads\/usu2116\/2022\/09\/Museu-emporda.png 534w\" sizes=\"auto, (max-width: 300px) 100vw, 300px\" \/><\/span><\/p>\n<p style=\"text-align: center;\"><span style=\"font-size: 8pt;\"><a href=\"https:\/\/www.museuemporda.org\/\" target=\"_blank\" rel=\"noopener\"><strong>2. MUSEU DE L&#8217;EMPORD\u00c0<\/strong><\/a><\/span><\/p>\n<\/td>\n<\/tr>\n<\/tbody>\n<\/table>\n<table style=\"width: 100%; border-collapse: collapse; border-style: double; border-color: #000;\">\n<tbody>\n<tr>\n<td style=\"width: 33.3333%; border-style: double; border-color: #000000;\"><span style=\"font-size: 8pt;\"><img loading=\"lazy\" decoding=\"async\" class=\"aligncenter size-medium wp-image-8810\" src=\"https:\/\/agora.xtec.cat\/ies-olivar-gran\/wp-content\/uploads\/usu2116\/2022\/09\/museu-juguet-300x169.png\" alt=\"\" width=\"300\" height=\"169\" srcset=\"https:\/\/agora.xtec.cat\/ies-olivar-gran\/wp-content\/uploads\/usu2116\/2022\/09\/museu-juguet-300x169.png 300w, https:\/\/agora.xtec.cat\/ies-olivar-gran\/wp-content\/uploads\/usu2116\/2022\/09\/museu-juguet.png 534w\" sizes=\"auto, (max-width: 300px) 100vw, 300px\" \/><\/span><\/p>\n<p style=\"text-align: center;\"><span style=\"font-size: 8pt;\"><a href=\"https:\/\/www.mjc.cat\/\" target=\"_blank\" rel=\"noopener\"><strong>3. MUSEU DEL JOGUET DE CATALUNYA<\/strong><\/a><\/span><\/p>\n<\/td>\n<td style=\"width: 33.3333%; border-style: double; border-color: #000000;\"><span style=\"font-size: 8pt;\"><img loading=\"lazy\" decoding=\"async\" class=\"aligncenter size-medium wp-image-8811\" src=\"https:\/\/agora.xtec.cat\/ies-olivar-gran\/wp-content\/uploads\/usu2116\/2022\/09\/museu-tecnica-300x169.png\" alt=\"\" width=\"300\" height=\"169\" srcset=\"https:\/\/agora.xtec.cat\/ies-olivar-gran\/wp-content\/uploads\/usu2116\/2022\/09\/museu-tecnica-300x169.png 300w, https:\/\/agora.xtec.cat\/ies-olivar-gran\/wp-content\/uploads\/usu2116\/2022\/09\/museu-tecnica.png 534w\" sizes=\"auto, (max-width: 300px) 100vw, 300px\" \/><\/span><\/p>\n<p style=\"text-align: center;\"><span style=\"font-size: 8pt;\"><a href=\"http:\/\/www.mte.cat\/\" target=\"_blank\" rel=\"noopener\"><strong>4. MUSEU DE LA T\u00c8CNICA DE L&#8217;EMPORD\u00c0<\/strong><\/a><\/span><\/p>\n<\/td>\n<td style=\"width: 33.3333%; border-style: double; border-color: #000000;\"><span style=\"font-size: 8pt;\"><img loading=\"lazy\" decoding=\"async\" class=\"aligncenter size-medium wp-image-8812\" src=\"https:\/\/agora.xtec.cat\/ies-olivar-gran\/wp-content\/uploads\/usu2116\/2022\/09\/museu-electricitat-300x169.png\" alt=\"\" width=\"300\" height=\"169\" srcset=\"https:\/\/agora.xtec.cat\/ies-olivar-gran\/wp-content\/uploads\/usu2116\/2022\/09\/museu-electricitat-300x169.png 300w, https:\/\/agora.xtec.cat\/ies-olivar-gran\/wp-content\/uploads\/usu2116\/2022\/09\/museu-electricitat.png 534w\" sizes=\"auto, (max-width: 300px) 100vw, 300px\" \/><\/span><\/p>\n<p style=\"text-align: center;\"><span style=\"font-size: 8pt;\"><a href=\"https:\/\/www.fundacionendesa.org\/es\/educacion\/endesa-educa\/actividades-educativas-visitas-escolares\/endesa-educa-ciclo-inicial\/museo-de-la-electricidad\" target=\"_blank\" rel=\"noopener\"><strong>5. MUSEU DE L&#8217;ELECTRICITAT<\/strong><\/a><\/span><\/p>\n<\/td>\n<\/tr>\n<\/tbody>\n<\/table>\n","protected":false},"excerpt":{"rendered":"<p>1. TEATRE MUSEU DAL\u00cd 2. MUSEU DE L&#8217;EMPORD\u00c0 3. MUSEU DEL JOGUET DE CATALUNYA 4. MUSEU DE LA T\u00c8CNICA DE L&#8217;EMPORD\u00c0 5. MUSEU DE L&#8217;ELECTRICITAT<\/p>\n","protected":false},"author":1,"featured_media":0,"parent":0,"menu_order":0,"comment_status":"closed","ping_status":"closed","template":"","meta":{"_bbp_topic_count":0,"_bbp_reply_count":0,"_bbp_total_topic_count":0,"_bbp_total_reply_count":0,"_bbp_voice_count":0,"_bbp_anonymous_reply_count":0,"_bbp_topic_count_hidden":0,"_bbp_reply_count_hidden":0,"_bbp_forum_subforum_count":0,"site-sidebar-layout":"default","site-content-layout":"","ast-site-content-layout":"","site-content-style":"default","site-sidebar-style":"default","ast-global-header-display":"","ast-banner-title-visibility":"","ast-main-header-display":"","ast-hfb-above-header-display":"","ast-hfb-below-header-display":"","ast-hfb-mobile-header-display":"","site-post-title":"","ast-breadcrumbs-content":"","ast-featured-img":"","footer-sml-layout":"","theme-transparent-header-meta":"","adv-header-id-meta":"","stick-header-meta":"","header-above-stick-meta":"","header-main-stick-meta":"","header-below-stick-meta":"","astra-migrate-meta-layouts":"default","ast-page-background-enabled":"default","ast-page-background-meta":{"desktop":{"background-color":"var(--ast-global-color-4)","background-image":"","background-repeat":"repeat","background-position":"center center","background-size":"auto","background-attachment":"scroll","background-type":"","background-media":"","overlay-type":"","overlay-color":"","overlay-opacity":"","overlay-gradient":""},"tablet":{"background-color":"","background-image":"","background-repeat":"repeat","background-position":"center center","background-size":"auto","background-attachment":"scroll","background-type":"","background-media":"","overlay-type":"","overlay-color":"","overlay-opacity":"","overlay-gradient":""},"mobile":{"background-color":"","background-image":"","background-repeat":"repeat","background-position":"center center","background-size":"auto","background-attachment":"scroll","background-type":"","background-media":"","overlay-type":"","overlay-color":"","overlay-opacity":"","overlay-gradient":""}},"ast-content-background-meta":{"desktop":{"background-color":"var(--ast-global-color-5)","background-image":"","background-repeat":"repeat","background-position":"center center","background-size":"auto","background-attachment":"scroll","background-type":"","background-media":"","overlay-type":"","overlay-color":"","overlay-opacity":"","overlay-gradient":""},"tablet":{"background-color":"var(--ast-global-color-5)","background-image":"","background-repeat":"repeat","background-position":"center center","background-size":"auto","background-attachment":"scroll","background-type":"","background-media":"","overlay-type":"","overlay-color":"","overlay-opacity":"","overlay-gradient":""},"mobile":{"background-color":"var(--ast-global-color-5)","background-image":"","background-repeat":"repeat","background-position":"center center","background-size":"auto","background-attachment":"scroll","background-type":"","background-media":"","overlay-type":"","overlay-color":"","overlay-opacity":"","overlay-gradient":""}},"footnotes":""},"class_list":["post-8807","page","type-page","status-publish","hentry"],"post_mailing_queue_ids":[],"_links":{"self":[{"href":"https:\/\/agora.xtec.cat\/ies-olivar-gran\/wp-json\/wp\/v2\/pages\/8807","targetHints":{"allow":["GET"]}}],"collection":[{"href":"https:\/\/agora.xtec.cat\/ies-olivar-gran\/wp-json\/wp\/v2\/pages"}],"about":[{"href":"https:\/\/agora.xtec.cat\/ies-olivar-gran\/wp-json\/wp\/v2\/types\/page"}],"author":[{"embeddable":true,"href":"https:\/\/agora.xtec.cat\/ies-olivar-gran\/wp-json\/wp\/v2\/users\/1"}],"replies":[{"embeddable":true,"href":"https:\/\/agora.xtec.cat\/ies-olivar-gran\/wp-json\/wp\/v2\/comments?post=8807"}],"version-history":[{"count":3,"href":"https:\/\/agora.xtec.cat\/ies-olivar-gran\/wp-json\/wp\/v2\/pages\/8807\/revisions"}],"predecessor-version":[{"id":8822,"href":"https:\/\/agora.xtec.cat\/ies-olivar-gran\/wp-json\/wp\/v2\/pages\/8807\/revisions\/8822"}],"wp:attachment":[{"href":"https:\/\/agora.xtec.cat\/ies-olivar-gran\/wp-json\/wp\/v2\/media?parent=8807"}],"curies":[{"name":"wp","href":"https:\/\/api.w.org\/{rel}","templated":true}]}}