{"id":8409,"date":"2022-07-05T12:42:50","date_gmt":"2022-07-05T10:42:50","guid":{"rendered":"https:\/\/agora.xtec.cat\/ies-olivar-gran\/?page_id=8409"},"modified":"2025-06-08T00:05:54","modified_gmt":"2025-06-07T22:05:54","slug":"matricula-cicles-formatius-de-grau-mig-2","status":"publish","type":"page","link":"https:\/\/agora.xtec.cat\/ies-olivar-gran\/secretaria\/matricula\/matricula-cicles-formatius-de-grau-mig-2\/","title":{"rendered":"Matr\u00edcula Cicles Formatius de Grau Mitj\u00e0"},"content":{"rendered":"<p><span style=\"text-decoration: underline; color: #000000; font-size: 17pt;\"><strong>MATR\u00cdCULA CFGM CURS 2025-26<\/strong><\/span><\/p>\n<p><span style=\"color: #000000;\"><strong>del 11 al 14 de juliol de 2025 (assignats en 1\u00aa opci\u00f3)<\/strong><\/span><\/p>\n<p><strong>del 21 i 22 de juliol de 2025 (segon proc\u00e9s d&#8217;assignaci\u00f3)<\/strong><\/p>\n<p><strong>de l&#8217;1 al 4 de setembre de 2025 (tercer proc\u00e9s d&#8217;assignaci\u00f3)<\/strong><\/p>\n<p><strong>Places vacants: <a href=\"https:\/\/agora.xtec.cat\/ies-olivar-gran\/wp-content\/uploads\/usu2116\/2025\/05\/Places-ofertades-INICIAL-CUINA-SERVEIS-i-PASTISSERIA-curs-25-26.pdf\" target=\"_blank\" rel=\"noopener\">consulta<\/a><\/strong><\/p>\n<p><span style=\"color: #000000;\"><strong>P\u00e0gina web de pagaments:<\/strong><\/span> <strong><a href=\"https:\/\/tpv.olivargran.cat\/event\" target=\"_blank\" rel=\"noopener\">consulta<\/a><\/strong><\/p>\n<ul>\n<li><strong><span style=\"font-size: 16pt; color: #087eb6;\">CFGM Serveis en Restauraci\u00f3<\/span><\/strong><\/li>\n<\/ul>\n<p><span style=\"color: #000000;\"><strong><u><span style=\"font-size: 14pt;\">DOCUMENTS ADJUNTS:<\/span><\/u><\/strong><\/span><\/p>\n<ul>\n<li style=\"list-style-type: none;\">\n<ul>\n<li><a href=\"https:\/\/docs.google.com\/forms\/d\/e\/1FAIpQLSc8AktifUDCvxOCUYy9xkqKZivIpqPXJ1nK8Jhe8ClI00aueg\/viewform?usp=dialog\" target=\"_blank\" rel=\"noopener\">Full d&#8217;autoritzacions<\/a><\/li>\n<li><a href=\"https:\/\/agora.xtec.cat\/ies-olivar-gran\/wp-content\/uploads\/usu2116\/2025\/06\/1r-CFGM-SERVEIS-RESTAURACIO-25-26.pdf\" target=\"_blank\" rel=\"noopener\">Full de pagament 1r curs<\/a><\/li>\n<\/ul>\n<\/li>\n<\/ul>\n<p>&nbsp;<\/p>\n<ul>\n<li><strong><span style=\"font-size: 16pt; color: #087eb6;\">CFGM en Cuina i Gastronomia<\/span><\/strong><\/li>\n<\/ul>\n<p><span style=\"color: #000000;\"><strong><u><span style=\"font-size: 14pt;\">DOCUMENTS ADJUNTS:<\/span><\/u><\/strong><\/span><\/p>\n<ul>\n<li><a href=\"https:\/\/docs.google.com\/forms\/d\/e\/1FAIpQLSc8AktifUDCvxOCUYy9xkqKZivIpqPXJ1nK8Jhe8ClI00aueg\/viewform?usp=dialog\" target=\"_blank\" rel=\"noopener\">Full d&#8217;autoritzacions<\/a><\/li>\n<li><a href=\"https:\/\/agora.xtec.cat\/ies-olivar-gran\/wp-content\/uploads\/usu2116\/2025\/06\/1r-CFGM-SERVEIS-RESTAURACIO-25-26.pdf\" target=\"_blank\" rel=\"noopener\">Full de pagament 1r curs<\/a><\/li>\n<\/ul>\n<p>&nbsp;<\/p>\n<ul>\n<li><strong><span style=\"font-size: 16pt; color: #087eb6;\">CFGM en Forneria, Confiteria i Pastisseria<\/span><\/strong><\/li>\n<\/ul>\n<p><span style=\"color: #000000;\"><strong><u><span style=\"font-size: 14pt;\">DOCUMENTS ADJUNTS:<\/span><\/u><\/strong><\/span><\/p>\n<ul>\n<li><a href=\"https:\/\/docs.google.com\/forms\/d\/e\/1FAIpQLSc8AktifUDCvxOCUYy9xkqKZivIpqPXJ1nK8Jhe8ClI00aueg\/viewform?usp=dialog\" target=\"_blank\" rel=\"noopener\">Full d&#8217;autoritzacions<\/a><\/li>\n<li><a href=\"https:\/\/agora.xtec.cat\/ies-olivar-gran\/wp-content\/uploads\/usu2116\/2025\/06\/1r-CFGM-CUINA-1r-CFGM-FLECA-25-26.pdf\" target=\"_blank\" rel=\"noopener\">Full de pagament 1r curs<\/a><\/li>\n<\/ul>\n<p>&nbsp;<\/p>\n<ul>\n<li><strong><span style=\"font-size: 16pt; color: #087eb6;\">CFGM en 2n curs<\/span><\/strong><\/li>\n<\/ul>\n<p><strong><span style=\"font-size: 16pt; color: #087eb6;\"><span style=\"color: #000000;\"><u><span style=\"font-size: 14pt;\">DOCUMENTS ADJUNTS:<\/span><\/u><\/span><\/span><\/strong><\/p>\n<ul>\n<li><a href=\"https:\/\/agora.xtec.cat\/ies-olivar-gran\/wp-content\/uploads\/usu2116\/2025\/06\/2n-CFGM-25-26.pdf\" target=\"_blank\" rel=\"noopener\">Full de pagament<\/a><\/li>\n<\/ul>\n","protected":false},"excerpt":{"rendered":"<p>MATR\u00cdCULA CFGM CURS 2025-26 del 11 al 14 de juliol de 2025 (assignats en 1\u00aa opci\u00f3) del 21 i 22 de juliol de 2025 (segon proc\u00e9s d&#8217;assignaci\u00f3) de l&#8217;1 al 4 de setembre de 2025 (tercer proc\u00e9s d&#8217;assignaci\u00f3) Places vacants: consulta P\u00e0gina web de pagaments: consulta CFGM Serveis en Restauraci\u00f3 DOCUMENTS ADJUNTS: Full d&#8217;autoritzacions Full [&hellip;]<\/p>\n","protected":false},"author":1,"featured_media":0,"parent":634,"menu_order":5,"comment_status":"closed","ping_status":"closed","template":"page-templates\/side-menu.php","meta":{"_bbp_topic_count":0,"_bbp_reply_count":0,"_bbp_total_topic_count":0,"_bbp_total_reply_count":0,"_bbp_voice_count":0,"_bbp_anonymous_reply_count":0,"_bbp_topic_count_hidden":0,"_bbp_reply_count_hidden":0,"_bbp_forum_subforum_count":0,"site-sidebar-layout":"default","site-content-layout":"","ast-site-content-layout":"","site-content-style":"default","site-sidebar-style":"default","ast-global-header-display":"","ast-banner-title-visibility":"","ast-main-header-display":"","ast-hfb-above-header-display":"","ast-hfb-below-header-display":"","ast-hfb-mobile-header-display":"","site-post-title":"","ast-breadcrumbs-content":"","ast-featured-img":"","footer-sml-layout":"","theme-transparent-header-meta":"","adv-header-id-meta":"","stick-header-meta":"","header-above-stick-meta":"","header-main-stick-meta":"","header-below-stick-meta":"","astra-migrate-meta-layouts":"default","ast-page-background-enabled":"default","ast-page-background-meta":{"desktop":{"background-color":"var(--ast-global-color-4)","background-image":"","background-repeat":"repeat","background-position":"center center","background-size":"auto","background-attachment":"scroll","background-type":"","background-media":"","overlay-type":"","overlay-color":"","overlay-opacity":"","overlay-gradient":""},"tablet":{"background-color":"","background-image":"","background-repeat":"repeat","background-position":"center center","background-size":"auto","background-attachment":"scroll","background-type":"","background-media":"","overlay-type":"","overlay-color":"","overlay-opacity":"","overlay-gradient":""},"mobile":{"background-color":"","background-image":"","background-repeat":"repeat","background-position":"center center","background-size":"auto","background-attachment":"scroll","background-type":"","background-media":"","overlay-type":"","overlay-color":"","overlay-opacity":"","overlay-gradient":""}},"ast-content-background-meta":{"desktop":{"background-color":"var(--ast-global-color-5)","background-image":"","background-repeat":"repeat","background-position":"center center","background-size":"auto","background-attachment":"scroll","background-type":"","background-media":"","overlay-type":"","overlay-color":"","overlay-opacity":"","overlay-gradient":""},"tablet":{"background-color":"var(--ast-global-color-5)","background-image":"","background-repeat":"repeat","background-position":"center center","background-size":"auto","background-attachment":"scroll","background-type":"","background-media":"","overlay-type":"","overlay-color":"","overlay-opacity":"","overlay-gradient":""},"mobile":{"background-color":"var(--ast-global-color-5)","background-image":"","background-repeat":"repeat","background-position":"center center","background-size":"auto","background-attachment":"scroll","background-type":"","background-media":"","overlay-type":"","overlay-color":"","overlay-opacity":"","overlay-gradient":""}},"footnotes":""},"class_list":["post-8409","page","type-page","status-publish","hentry"],"post_mailing_queue_ids":[],"_links":{"self":[{"href":"https:\/\/agora.xtec.cat\/ies-olivar-gran\/wp-json\/wp\/v2\/pages\/8409","targetHints":{"allow":["GET"]}}],"collection":[{"href":"https:\/\/agora.xtec.cat\/ies-olivar-gran\/wp-json\/wp\/v2\/pages"}],"about":[{"href":"https:\/\/agora.xtec.cat\/ies-olivar-gran\/wp-json\/wp\/v2\/types\/page"}],"author":[{"embeddable":true,"href":"https:\/\/agora.xtec.cat\/ies-olivar-gran\/wp-json\/wp\/v2\/users\/1"}],"replies":[{"embeddable":true,"href":"https:\/\/agora.xtec.cat\/ies-olivar-gran\/wp-json\/wp\/v2\/comments?post=8409"}],"version-history":[{"count":7,"href":"https:\/\/agora.xtec.cat\/ies-olivar-gran\/wp-json\/wp\/v2\/pages\/8409\/revisions"}],"predecessor-version":[{"id":13763,"href":"https:\/\/agora.xtec.cat\/ies-olivar-gran\/wp-json\/wp\/v2\/pages\/8409\/revisions\/13763"}],"up":[{"embeddable":true,"href":"https:\/\/agora.xtec.cat\/ies-olivar-gran\/wp-json\/wp\/v2\/pages\/634"}],"wp:attachment":[{"href":"https:\/\/agora.xtec.cat\/ies-olivar-gran\/wp-json\/wp\/v2\/media?parent=8409"}],"curies":[{"name":"wp","href":"https:\/\/api.w.org\/{rel}","templated":true}]}}